{"id":133112,"date":"2024-02-13T15:27:04","date_gmt":"2024-02-13T13:27:04","guid":{"rendered":"https:\/\/metaltale.com\/produktas\/riidekonks-underground-110-mm-kahes-tukis\/"},"modified":"2024-02-13T15:27:04","modified_gmt":"2024-02-13T13:27:04","slug":"riidekonks-underground-110-mm-kahes-tukis","status":"publish","type":"product","link":"https:\/\/metaltale.com\/et\/toode\/riidekonks-underground-110-mm-kahes-tukis\/","title":{"rendered":"Riidekonks UNDERGROUND 110 mm kahes t\u00fckis"},"content":{"rendered":"<div class=\"prod_data\">\n<p><strong>Mudel<\/strong> 70.336U.AI.110<br \/>\n<strong>EAN.<\/strong>  5905369902697<br \/>\nMaterjal Ketus<br \/>\n\u00dcldine k\u00f5rgus (cm) 11<br \/>\n<strong>Koguprojektsioon (cm)<\/strong> 6,5<br \/>\n<strong>Aluse m\u00f5\u00f5tmed (cm<\/strong> ) 5 x 2,3<br \/>\n<strong>Liik<\/strong> Double<br \/>\n<strong>V\u00e4rv<\/strong> teras<\/p>\n<p>Originaalsed ja vastupidavad m\u00f6\u00f6blitarvikud on n\u00e4iliselt v\u00e4ikesed elemendid, mis lisavad meie interj\u00f6\u00f6ridele palju soojust. Konks on valmistatud <strong>kvaliteetsest malmist<\/strong>, millele on graveeritud plaat, et r\u00f5hutada kogu eseme maal\u00e4hedast p\u00e4ritolu.<\/p>\n<p><strong>See<\/strong> klassikalise topeltakna kujuga <strong>konks<\/strong> sobib ideaalselt interj\u00f6\u00f6ridesse, mille ebatraditsiooniline disain on eriti r\u00f5hutatud.<\/p>\n<p>Kui tellite v\u00e4hemalt 500 tk, saame valmistada sellele mis tahes kiri\/logo.<\/p>\n<p>Sellel on kaks kinnitusauku, kruvid kaasas.<\/p>\n<\/div>\n","protected":false},"excerpt":{"rendered":"<p>Mudel 70.336U.AI.110 EAN. 5905369902697 Materjal Ketus \u00dcldine k\u00f5rgus (cm) 11 Koguprojektsioon (cm) 6,5 Aluse m\u00f5\u00f5tmed (cm ) 5 x 2,3<\/p>\n","protected":false},"featured_media":96849,"comment_status":"open","ping_status":"closed","template":"","meta":{"_acf_changed":false,"pmpro_default_level":""},"product_brand":[],"product_cat":[24176,23836],"product_tag":[],"class_list":{"0":"post-133112","1":"product","2":"type-product","3":"status-publish","4":"has-post-thumbnail","6":"product_cat-ripatsid-ja-konksud","7":"product_cat-moobli-tarvikud","8":"pmpro-has-access","10":"first","11":"instock","12":"shipping-taxable","13":"purchasable","14":"product-type-simple"},"acf":[],"yoast_head":"<!-- This site is optimized with the Yoast SEO plugin v24.9 - https:\/\/yoast.com\/wordpress\/plugins\/seo\/ -->\n<title>Riidekonks UNDERGROUND 110 mm kahes t\u00fckis - MetalTale.com<\/title>\n<meta name=\"robots\" content=\"index, follow, max-snippet:-1, max-image-preview:large, max-video-preview:-1\" \/>\n<link rel=\"canonical\" href=\"https:\/\/metaltale.com\/et\/toode\/riidekonks-underground-110-mm-kahes-tukis\/\" \/>\n<meta property=\"og:locale\" content=\"et_EE\" \/>\n<meta property=\"og:type\" content=\"article\" \/>\n<meta property=\"og:title\" content=\"Riidekonks UNDERGROUND 110 mm kahes t\u00fckis - MetalTale.com\" \/>\n<meta property=\"og:description\" content=\"Mudel 70.336U.AI.110 EAN. 5905369902697 Materjal Ketus \u00dcldine k\u00f5rgus (cm) 11 Koguprojektsioon (cm) 6,5 Aluse m\u00f5\u00f5tmed (cm ) 5 x 2,3\" \/>\n<meta property=\"og:url\" content=\"https:\/\/metaltale.com\/et\/toode\/riidekonks-underground-110-mm-kahes-tukis\/\" \/>\n<meta property=\"og:site_name\" content=\"MetalTale.com\" \/>\n<meta name=\"twitter:card\" content=\"summary_large_image\" \/>\n<script type=\"application\/ld+json\" class=\"yoast-schema-graph\">{\"@context\":\"https:\/\/schema.org\",\"@graph\":[{\"@type\":\"WebPage\",\"@id\":\"https:\/\/metaltale.com\/et\/toode\/riidekonks-underground-110-mm-kahes-tukis\/\",\"url\":\"https:\/\/metaltale.com\/et\/toode\/riidekonks-underground-110-mm-kahes-tukis\/\",\"name\":\"Riidekonks UNDERGROUND 110 mm kahes t\u00fckis - MetalTale.com\",\"isPartOf\":{\"@id\":\"https:\/\/metaltale.com\/et\/#website\"},\"primaryImageOfPage\":{\"@id\":\"https:\/\/metaltale.com\/et\/toode\/riidekonks-underground-110-mm-kahes-tukis\/#primaryimage\"},\"image\":{\"@id\":\"https:\/\/metaltale.com\/et\/toode\/riidekonks-underground-110-mm-kahes-tukis\/#primaryimage\"},\"thumbnailUrl\":\"https:\/\/metaltale.com\/wp-content\/uploads\/2023\/10\/Vandens-x10Diaupai-ir-vox17Etuvai.jpg\",\"datePublished\":\"2024-02-13T13:27:04+00:00\",\"breadcrumb\":{\"@id\":\"https:\/\/metaltale.com\/et\/toode\/riidekonks-underground-110-mm-kahes-tukis\/#breadcrumb\"},\"inLanguage\":\"et\",\"potentialAction\":[{\"@type\":\"ReadAction\",\"target\":[\"https:\/\/metaltale.com\/et\/toode\/riidekonks-underground-110-mm-kahes-tukis\/\"]}]},{\"@type\":\"ImageObject\",\"inLanguage\":\"et\",\"@id\":\"https:\/\/metaltale.com\/et\/toode\/riidekonks-underground-110-mm-kahes-tukis\/#primaryimage\",\"url\":\"https:\/\/metaltale.com\/wp-content\/uploads\/2023\/10\/Vandens-x10Diaupai-ir-vox17Etuvai.jpg\",\"contentUrl\":\"https:\/\/metaltale.com\/wp-content\/uploads\/2023\/10\/Vandens-x10Diaupai-ir-vox17Etuvai.jpg\",\"width\":800,\"height\":800,\"caption\":\"Riidekonks UNDERGROUND 110 mm kahes t\u00fckis\"},{\"@type\":\"BreadcrumbList\",\"@id\":\"https:\/\/metaltale.com\/et\/toode\/riidekonks-underground-110-mm-kahes-tukis\/#breadcrumb\",\"itemListElement\":[{\"@type\":\"ListItem\",\"position\":1,\"name\":\"Home\",\"item\":\"https:\/\/metaltale.com\/et\/kodu\/\"},{\"@type\":\"ListItem\",\"position\":2,\"name\":\"Kauplus\",\"item\":\"https:\/\/metaltale.com\/et\/shop\/\"},{\"@type\":\"ListItem\",\"position\":3,\"name\":\"Riidekonks UNDERGROUND 110 mm kahes t\u00fckis\"}]},{\"@type\":\"WebSite\",\"@id\":\"https:\/\/metaltale.com\/et\/#website\",\"url\":\"https:\/\/metaltale.com\/et\/\",\"name\":\"Metaltale.com\",\"description\":\"\",\"potentialAction\":[{\"@type\":\"SearchAction\",\"target\":{\"@type\":\"EntryPoint\",\"urlTemplate\":\"https:\/\/metaltale.com\/et\/?s={search_term_string}\"},\"query-input\":{\"@type\":\"PropertyValueSpecification\",\"valueRequired\":true,\"valueName\":\"search_term_string\"}}],\"inLanguage\":\"et\"}]}<\/script>\n<!-- \/ Yoast SEO plugin. -->","yoast_head_json":{"title":"Riidekonks UNDERGROUND 110 mm kahes t\u00fckis - MetalTale.com","robots":{"index":"index","follow":"follow","max-snippet":"max-snippet:-1","max-image-preview":"max-image-preview:large","max-video-preview":"max-video-preview:-1"},"canonical":"https:\/\/metaltale.com\/et\/toode\/riidekonks-underground-110-mm-kahes-tukis\/","og_locale":"et_EE","og_type":"article","og_title":"Riidekonks UNDERGROUND 110 mm kahes t\u00fckis - MetalTale.com","og_description":"Mudel 70.336U.AI.110 EAN. 5905369902697 Materjal Ketus \u00dcldine k\u00f5rgus (cm) 11 Koguprojektsioon (cm) 6,5 Aluse m\u00f5\u00f5tmed (cm ) 5 x 2,3","og_url":"https:\/\/metaltale.com\/et\/toode\/riidekonks-underground-110-mm-kahes-tukis\/","og_site_name":"MetalTale.com","twitter_card":"summary_large_image","schema":{"@context":"https:\/\/schema.org","@graph":[{"@type":"WebPage","@id":"https:\/\/metaltale.com\/et\/toode\/riidekonks-underground-110-mm-kahes-tukis\/","url":"https:\/\/metaltale.com\/et\/toode\/riidekonks-underground-110-mm-kahes-tukis\/","name":"Riidekonks UNDERGROUND 110 mm kahes t\u00fckis - MetalTale.com","isPartOf":{"@id":"https:\/\/metaltale.com\/et\/#website"},"primaryImageOfPage":{"@id":"https:\/\/metaltale.com\/et\/toode\/riidekonks-underground-110-mm-kahes-tukis\/#primaryimage"},"image":{"@id":"https:\/\/metaltale.com\/et\/toode\/riidekonks-underground-110-mm-kahes-tukis\/#primaryimage"},"thumbnailUrl":"https:\/\/metaltale.com\/wp-content\/uploads\/2023\/10\/Vandens-x10Diaupai-ir-vox17Etuvai.jpg","datePublished":"2024-02-13T13:27:04+00:00","breadcrumb":{"@id":"https:\/\/metaltale.com\/et\/toode\/riidekonks-underground-110-mm-kahes-tukis\/#breadcrumb"},"inLanguage":"et","potentialAction":[{"@type":"ReadAction","target":["https:\/\/metaltale.com\/et\/toode\/riidekonks-underground-110-mm-kahes-tukis\/"]}]},{"@type":"ImageObject","inLanguage":"et","@id":"https:\/\/metaltale.com\/et\/toode\/riidekonks-underground-110-mm-kahes-tukis\/#primaryimage","url":"https:\/\/metaltale.com\/wp-content\/uploads\/2023\/10\/Vandens-x10Diaupai-ir-vox17Etuvai.jpg","contentUrl":"https:\/\/metaltale.com\/wp-content\/uploads\/2023\/10\/Vandens-x10Diaupai-ir-vox17Etuvai.jpg","width":800,"height":800,"caption":"Riidekonks UNDERGROUND 110 mm kahes t\u00fckis"},{"@type":"BreadcrumbList","@id":"https:\/\/metaltale.com\/et\/toode\/riidekonks-underground-110-mm-kahes-tukis\/#breadcrumb","itemListElement":[{"@type":"ListItem","position":1,"name":"Home","item":"https:\/\/metaltale.com\/et\/kodu\/"},{"@type":"ListItem","position":2,"name":"Kauplus","item":"https:\/\/metaltale.com\/et\/shop\/"},{"@type":"ListItem","position":3,"name":"Riidekonks UNDERGROUND 110 mm kahes t\u00fckis"}]},{"@type":"WebSite","@id":"https:\/\/metaltale.com\/et\/#website","url":"https:\/\/metaltale.com\/et\/","name":"Metaltale.com","description":"","potentialAction":[{"@type":"SearchAction","target":{"@type":"EntryPoint","urlTemplate":"https:\/\/metaltale.com\/et\/?s={search_term_string}"},"query-input":{"@type":"PropertyValueSpecification","valueRequired":true,"valueName":"search_term_string"}}],"inLanguage":"et"}]}},"_links":{"self":[{"href":"https:\/\/metaltale.com\/et\/wp-json\/wp\/v2\/product\/133112","targetHints":{"allow":["GET"]}}],"collection":[{"href":"https:\/\/metaltale.com\/et\/wp-json\/wp\/v2\/product"}],"about":[{"href":"https:\/\/metaltale.com\/et\/wp-json\/wp\/v2\/types\/product"}],"replies":[{"embeddable":true,"href":"https:\/\/metaltale.com\/et\/wp-json\/wp\/v2\/comments?post=133112"}],"version-history":[{"count":0,"href":"https:\/\/metaltale.com\/et\/wp-json\/wp\/v2\/product\/133112\/revisions"}],"wp:featuredmedia":[{"embeddable":true,"href":"https:\/\/metaltale.com\/et\/wp-json\/wp\/v2\/media\/96849"}],"wp:attachment":[{"href":"https:\/\/metaltale.com\/et\/wp-json\/wp\/v2\/media?parent=133112"}],"wp:term":[{"taxonomy":"product_brand","embeddable":true,"href":"https:\/\/metaltale.com\/et\/wp-json\/wp\/v2\/product_brand?post=133112"},{"taxonomy":"product_cat","embeddable":true,"href":"https:\/\/metaltale.com\/et\/wp-json\/wp\/v2\/product_cat?post=133112"},{"taxonomy":"product_tag","embeddable":true,"href":"https:\/\/metaltale.com\/et\/wp-json\/wp\/v2\/product_tag?post=133112"}],"curies":[{"name":"wp","href":"https:\/\/api.w.org\/{rel}","templated":true}]}}