{"id":133109,"date":"2024-02-13T15:27:04","date_gmt":"2024-02-13T13:27:04","guid":{"rendered":"https:\/\/metaltale.com\/produktas\/seinajuhik-uhepoolsetele-klappustele-harmonica-1m\/"},"modified":"2024-02-13T15:27:04","modified_gmt":"2024-02-13T13:27:04","slug":"seinajuhik-uhepoolsetele-klappustele-harmonica-1m","status":"publish","type":"product","link":"https:\/\/metaltale.com\/et\/toode\/seinajuhik-uhepoolsetele-klappustele-harmonica-1m\/","title":{"rendered":"Seinajuhik \u00fchepoolsetele klappustele HARMONICA 1M"},"content":{"rendered":"<div class=\"prod_data\">\n<p><strong>Mudel<\/strong> SE.SPK-306BF-SD<br \/>\n<strong>EAN.<\/strong>  5905369931727<br \/>\n<strong>Materjal<\/strong> teras<br \/>\n<strong> [cm]Kogupikkus<\/strong> 100<strong> <\/strong><br \/>\nSeinale <strong>paigaldamine<\/strong><br \/>\nV\u00e4rv Must<br \/>\n<strong>LISATEAVE<\/strong> Kokkupandav ukses\u00fcsteem ei saa pikendada s\u00f5iduteed.<\/p>\n<p><strong>Komplekti kuuluvad:<\/strong><\/p>\n<p>100 cm metallist r\u00f6\u00f6bas (2&#215;50 cm)<\/p>\n<p>Dekoratiivsed laagrirullid (2 tk)<\/p>\n<p>Vahekaitseh\u00fclsid (3 tk)<\/p>\n<p>Ukse turvalukk (1 tk)<\/p>\n<p>P\u00f5randajuhik (1 tk)<\/p>\n<p>Hinged (3 tk)<\/p>\n<p>Kinnituskomplekt: kruvid, poldid ja seibid<\/p>\n<p><strong>Toote omadused<\/strong><\/p>\n<p>Pakkumine sisaldab \u00fchepoolse klappt\u00f5kke libisev s\u00fcsteem, seinakinnitus<\/p>\n<p>mudel on ette n\u00e4htud puidust l\u00fckanduste jaoks, mille ukselehe laius on 45 cm ja maksimaalne juhtkoormus 100 kg.<\/p>\n<p>Laagriga ratas lihtsaks ja vaikseks liikumiseks<\/p>\n<p>Sisaldab klappukses\u00fcsteemidele paigaldamiseks sobivat alumist r\u00f6\u00f6pa.<\/p>\n<p>Viis kinnituspunkti tagavad stabiilsuse, turvalisuse ja vastupidavuse<\/p>\n<p>Sisaldab kruvisid puit- ja m\u00fc\u00fcrikonstruktsioonidele kinnitamiseks.<\/p>\n<p>s\u00fcsteemi on lihtne ja intuitiivne paigaldada<\/p>\n<p>P\u00f5hjalik l\u00e4hetuskontroll ja kvaliteetne pakend &#8211; rahulolu garantii.<\/p>\n<hr>\n<p>HARMONICA liuguksi iseloomustavad lihtsad jooned, mis r\u00f5hutavad ukse ilu. Kui otsite ebakonventsionaalset lahendust, mis lisab ruumi originaalset iseloomu, on liuguksed \u00f5ige lahendus. Liugukses\u00fcsteemi kasutamine korrastatud interj\u00f6\u00f6ris r\u00f5\u00f5mustab k\u00f5iki meie k\u00fclalisi. Mustad l\u00fckanduksed tuleks valida nii moodsate, loft-taoliste interj\u00f6\u00f6ride kui ka dekoratiivsemate interj\u00f6\u00f6ride jaoks. Elegantne ja peenus on selle mudeli selge eelis. Lisaks tagavad kasutatud laagrirullid sujuva ja vaikse libisemise ning k\u00f5rgeima tootmiskvaliteedi, mis tagab maksimaalse mugavuse. Liuguste uste eelis on see, et nad s\u00e4\u00e4stavad ruumi ja kasutavad paremini \u00e4ra ruumi ukseava \u00fcmber, mis on traditsiooniliste uste puhul keeruline.<\/p>\n<\/div>\n","protected":false},"excerpt":{"rendered":"<p>Mudel SE.SPK-306BF-SD EAN. 5905369931727 Materjal teras [cm]Kogupikkus 100 Seinale paigaldamine V\u00e4rv Must LISATEAVE Kokkupandav ukses\u00fcsteem ei saa pikendada s\u00f5iduteed. Komplekti<\/p>\n","protected":false},"featured_media":96888,"comment_status":"open","ping_status":"closed","template":"","meta":{"_acf_changed":false,"pmpro_default_level":""},"product_brand":[],"product_cat":[24140,24170],"product_tag":[],"class_list":{"0":"post-133109","1":"product","2":"type-product","3":"status-publish","4":"has-post-thumbnail","6":"product_cat-liuguksesusteemid","7":"product_cat-lukanduste-juhikud","8":"pmpro-has-access","10":"first","11":"instock","12":"shipping-taxable","13":"purchasable","14":"product-type-simple"},"acf":[],"yoast_head":"<!-- This site is optimized with the Yoast SEO plugin v24.9 - https:\/\/yoast.com\/wordpress\/plugins\/seo\/ -->\n<title>Seinajuhik \u00fchepoolsetele klappustele HARMONICA 1M - MetalTale.com<\/title>\n<meta name=\"robots\" content=\"index, follow, max-snippet:-1, max-image-preview:large, max-video-preview:-1\" \/>\n<link rel=\"canonical\" href=\"https:\/\/metaltale.com\/et\/toode\/seinajuhik-uhepoolsetele-klappustele-harmonica-1m\/\" \/>\n<meta property=\"og:locale\" content=\"et_EE\" \/>\n<meta property=\"og:type\" content=\"article\" \/>\n<meta property=\"og:title\" content=\"Seinajuhik \u00fchepoolsetele klappustele HARMONICA 1M - MetalTale.com\" \/>\n<meta property=\"og:description\" content=\"Mudel SE.SPK-306BF-SD EAN. 5905369931727 Materjal teras [cm]Kogupikkus 100 Seinale paigaldamine V\u00e4rv Must LISATEAVE Kokkupandav ukses\u00fcsteem ei saa pikendada s\u00f5iduteed. Komplekti\" \/>\n<meta property=\"og:url\" content=\"https:\/\/metaltale.com\/et\/toode\/seinajuhik-uhepoolsetele-klappustele-harmonica-1m\/\" \/>\n<meta property=\"og:site_name\" content=\"MetalTale.com\" \/>\n<meta property=\"og:image\" content=\"https:\/\/metaltale.com\/wp-content\/uploads\/2023\/10\/Stumdomx173-durx173-sistemos-1.jpg\" \/>\n\t<meta property=\"og:image:width\" content=\"800\" \/>\n\t<meta property=\"og:image:height\" content=\"800\" \/>\n\t<meta property=\"og:image:type\" content=\"image\/jpeg\" \/>\n<meta name=\"twitter:card\" content=\"summary_large_image\" \/>\n<meta name=\"twitter:label1\" content=\"Est. reading time\" \/>\n\t<meta name=\"twitter:data1\" content=\"1 minut\" \/>\n<script type=\"application\/ld+json\" class=\"yoast-schema-graph\">{\"@context\":\"https:\/\/schema.org\",\"@graph\":[{\"@type\":\"WebPage\",\"@id\":\"https:\/\/metaltale.com\/et\/toode\/seinajuhik-uhepoolsetele-klappustele-harmonica-1m\/\",\"url\":\"https:\/\/metaltale.com\/et\/toode\/seinajuhik-uhepoolsetele-klappustele-harmonica-1m\/\",\"name\":\"Seinajuhik \u00fchepoolsetele klappustele HARMONICA 1M - MetalTale.com\",\"isPartOf\":{\"@id\":\"https:\/\/metaltale.com\/et\/#website\"},\"primaryImageOfPage\":{\"@id\":\"https:\/\/metaltale.com\/et\/toode\/seinajuhik-uhepoolsetele-klappustele-harmonica-1m\/#primaryimage\"},\"image\":{\"@id\":\"https:\/\/metaltale.com\/et\/toode\/seinajuhik-uhepoolsetele-klappustele-harmonica-1m\/#primaryimage\"},\"thumbnailUrl\":\"https:\/\/metaltale.com\/wp-content\/uploads\/2023\/10\/Stumdomx173-durx173-sistemos-1.jpg\",\"datePublished\":\"2024-02-13T13:27:04+00:00\",\"breadcrumb\":{\"@id\":\"https:\/\/metaltale.com\/et\/toode\/seinajuhik-uhepoolsetele-klappustele-harmonica-1m\/#breadcrumb\"},\"inLanguage\":\"et\",\"potentialAction\":[{\"@type\":\"ReadAction\",\"target\":[\"https:\/\/metaltale.com\/et\/toode\/seinajuhik-uhepoolsetele-klappustele-harmonica-1m\/\"]}]},{\"@type\":\"ImageObject\",\"inLanguage\":\"et\",\"@id\":\"https:\/\/metaltale.com\/et\/toode\/seinajuhik-uhepoolsetele-klappustele-harmonica-1m\/#primaryimage\",\"url\":\"https:\/\/metaltale.com\/wp-content\/uploads\/2023\/10\/Stumdomx173-durx173-sistemos-1.jpg\",\"contentUrl\":\"https:\/\/metaltale.com\/wp-content\/uploads\/2023\/10\/Stumdomx173-durx173-sistemos-1.jpg\",\"width\":800,\"height\":800,\"caption\":\"Stumdom\u0173 dur\u0173 sistema sulankstomoms durims HARMONICA 1M\"},{\"@type\":\"BreadcrumbList\",\"@id\":\"https:\/\/metaltale.com\/et\/toode\/seinajuhik-uhepoolsetele-klappustele-harmonica-1m\/#breadcrumb\",\"itemListElement\":[{\"@type\":\"ListItem\",\"position\":1,\"name\":\"Home\",\"item\":\"https:\/\/metaltale.com\/et\/kodu\/\"},{\"@type\":\"ListItem\",\"position\":2,\"name\":\"Kauplus\",\"item\":\"https:\/\/metaltale.com\/et\/shop\/\"},{\"@type\":\"ListItem\",\"position\":3,\"name\":\"Seinajuhik \u00fchepoolsetele klappustele HARMONICA 1M\"}]},{\"@type\":\"WebSite\",\"@id\":\"https:\/\/metaltale.com\/et\/#website\",\"url\":\"https:\/\/metaltale.com\/et\/\",\"name\":\"Metaltale.com\",\"description\":\"\",\"potentialAction\":[{\"@type\":\"SearchAction\",\"target\":{\"@type\":\"EntryPoint\",\"urlTemplate\":\"https:\/\/metaltale.com\/et\/?s={search_term_string}\"},\"query-input\":{\"@type\":\"PropertyValueSpecification\",\"valueRequired\":true,\"valueName\":\"search_term_string\"}}],\"inLanguage\":\"et\"}]}<\/script>\n<!-- \/ Yoast SEO plugin. -->","yoast_head_json":{"title":"Seinajuhik \u00fchepoolsetele klappustele HARMONICA 1M - MetalTale.com","robots":{"index":"index","follow":"follow","max-snippet":"max-snippet:-1","max-image-preview":"max-image-preview:large","max-video-preview":"max-video-preview:-1"},"canonical":"https:\/\/metaltale.com\/et\/toode\/seinajuhik-uhepoolsetele-klappustele-harmonica-1m\/","og_locale":"et_EE","og_type":"article","og_title":"Seinajuhik \u00fchepoolsetele klappustele HARMONICA 1M - MetalTale.com","og_description":"Mudel SE.SPK-306BF-SD EAN. 5905369931727 Materjal teras [cm]Kogupikkus 100 Seinale paigaldamine V\u00e4rv Must LISATEAVE Kokkupandav ukses\u00fcsteem ei saa pikendada s\u00f5iduteed. Komplekti","og_url":"https:\/\/metaltale.com\/et\/toode\/seinajuhik-uhepoolsetele-klappustele-harmonica-1m\/","og_site_name":"MetalTale.com","og_image":[{"width":800,"height":800,"url":"https:\/\/metaltale.com\/wp-content\/uploads\/2023\/10\/Stumdomx173-durx173-sistemos-1.jpg","type":"image\/jpeg"}],"twitter_card":"summary_large_image","twitter_misc":{"Est. reading time":"1 minut"},"schema":{"@context":"https:\/\/schema.org","@graph":[{"@type":"WebPage","@id":"https:\/\/metaltale.com\/et\/toode\/seinajuhik-uhepoolsetele-klappustele-harmonica-1m\/","url":"https:\/\/metaltale.com\/et\/toode\/seinajuhik-uhepoolsetele-klappustele-harmonica-1m\/","name":"Seinajuhik \u00fchepoolsetele klappustele HARMONICA 1M - MetalTale.com","isPartOf":{"@id":"https:\/\/metaltale.com\/et\/#website"},"primaryImageOfPage":{"@id":"https:\/\/metaltale.com\/et\/toode\/seinajuhik-uhepoolsetele-klappustele-harmonica-1m\/#primaryimage"},"image":{"@id":"https:\/\/metaltale.com\/et\/toode\/seinajuhik-uhepoolsetele-klappustele-harmonica-1m\/#primaryimage"},"thumbnailUrl":"https:\/\/metaltale.com\/wp-content\/uploads\/2023\/10\/Stumdomx173-durx173-sistemos-1.jpg","datePublished":"2024-02-13T13:27:04+00:00","breadcrumb":{"@id":"https:\/\/metaltale.com\/et\/toode\/seinajuhik-uhepoolsetele-klappustele-harmonica-1m\/#breadcrumb"},"inLanguage":"et","potentialAction":[{"@type":"ReadAction","target":["https:\/\/metaltale.com\/et\/toode\/seinajuhik-uhepoolsetele-klappustele-harmonica-1m\/"]}]},{"@type":"ImageObject","inLanguage":"et","@id":"https:\/\/metaltale.com\/et\/toode\/seinajuhik-uhepoolsetele-klappustele-harmonica-1m\/#primaryimage","url":"https:\/\/metaltale.com\/wp-content\/uploads\/2023\/10\/Stumdomx173-durx173-sistemos-1.jpg","contentUrl":"https:\/\/metaltale.com\/wp-content\/uploads\/2023\/10\/Stumdomx173-durx173-sistemos-1.jpg","width":800,"height":800,"caption":"Stumdom\u0173 dur\u0173 sistema sulankstomoms durims HARMONICA 1M"},{"@type":"BreadcrumbList","@id":"https:\/\/metaltale.com\/et\/toode\/seinajuhik-uhepoolsetele-klappustele-harmonica-1m\/#breadcrumb","itemListElement":[{"@type":"ListItem","position":1,"name":"Home","item":"https:\/\/metaltale.com\/et\/kodu\/"},{"@type":"ListItem","position":2,"name":"Kauplus","item":"https:\/\/metaltale.com\/et\/shop\/"},{"@type":"ListItem","position":3,"name":"Seinajuhik \u00fchepoolsetele klappustele HARMONICA 1M"}]},{"@type":"WebSite","@id":"https:\/\/metaltale.com\/et\/#website","url":"https:\/\/metaltale.com\/et\/","name":"Metaltale.com","description":"","potentialAction":[{"@type":"SearchAction","target":{"@type":"EntryPoint","urlTemplate":"https:\/\/metaltale.com\/et\/?s={search_term_string}"},"query-input":{"@type":"PropertyValueSpecification","valueRequired":true,"valueName":"search_term_string"}}],"inLanguage":"et"}]}},"_links":{"self":[{"href":"https:\/\/metaltale.com\/et\/wp-json\/wp\/v2\/product\/133109","targetHints":{"allow":["GET"]}}],"collection":[{"href":"https:\/\/metaltale.com\/et\/wp-json\/wp\/v2\/product"}],"about":[{"href":"https:\/\/metaltale.com\/et\/wp-json\/wp\/v2\/types\/product"}],"replies":[{"embeddable":true,"href":"https:\/\/metaltale.com\/et\/wp-json\/wp\/v2\/comments?post=133109"}],"version-history":[{"count":0,"href":"https:\/\/metaltale.com\/et\/wp-json\/wp\/v2\/product\/133109\/revisions"}],"wp:featuredmedia":[{"embeddable":true,"href":"https:\/\/metaltale.com\/et\/wp-json\/wp\/v2\/media\/96888"}],"wp:attachment":[{"href":"https:\/\/metaltale.com\/et\/wp-json\/wp\/v2\/media?parent=133109"}],"wp:term":[{"taxonomy":"product_brand","embeddable":true,"href":"https:\/\/metaltale.com\/et\/wp-json\/wp\/v2\/product_brand?post=133109"},{"taxonomy":"product_cat","embeddable":true,"href":"https:\/\/metaltale.com\/et\/wp-json\/wp\/v2\/product_cat?post=133109"},{"taxonomy":"product_tag","embeddable":true,"href":"https:\/\/metaltale.com\/et\/wp-json\/wp\/v2\/product_tag?post=133109"}],"curies":[{"name":"wp","href":"https:\/\/api.w.org\/{rel}","templated":true}]}}