{"id":133090,"date":"2024-02-13T15:29:04","date_gmt":"2024-02-13T13:29:04","guid":{"rendered":"https:\/\/metaltale.com\/produktas\/dekoratiivne-metallist-seinakate-texaco\/"},"modified":"2024-02-13T15:29:04","modified_gmt":"2024-02-13T13:29:04","slug":"dekoratiivne-metallist-seinakate-texaco","status":"publish","type":"product","link":"https:\/\/metaltale.com\/et\/toode\/dekoratiivne-metallist-seinakate-texaco\/","title":{"rendered":"Dekoratiivne metallist seinakate TEXACO"},"content":{"rendered":"<div class=\"prod_data\"><strong>Mudel<\/strong> FJ.JHBC.3229  <br \/><strong>EAN.<\/strong>  5905369925559  <br \/><strong>Motiiv<\/strong> Motoriseerimine  <br \/><strong>S\u00fcgavus (cm)<\/strong> 4  <br \/><strong>\u00dcldl\u00e4bim\u00f5\u00f5t (cm)<\/strong> 35  <br \/><strong>Materjal<\/strong> teras  <br \/><strong>Kuju<\/strong> \u00dcmmargune  <br \/><strong>Orienteerumine<\/strong> Universaalne  <\/p>\n<p>Metallist seinakate, mida saab riputada t\u00e4nu toote tagak\u00fcljel olevale klambrile. See on valmistatud tippkvaliteediga tr\u00fckiprotsessi abil ja kaitstud lakiga, mis kaitseb seda kulumise eest. Toote atraktiivsust suurendab tahtlik vananemise efekt. See sobib ideaalselt nii vintage- kui ka retrointerj\u00f6\u00f6ridesse.<\/p>\n<p>Tootel on TEXACO logo.<\/p>\n<p>See on kasulik kaunistuseks baarides, kohvikutes v\u00f5i restoranides.<br \/>Metallist kork on originaalne kingiidee.<\/p>\n<\/div>\n","protected":false},"excerpt":{"rendered":"<p>Mudel FJ.JHBC.3229 EAN. 5905369925559 Motiiv Motoriseerimine S\u00fcgavus (cm) 4 \u00dcldl\u00e4bim\u00f5\u00f5t (cm) 35 Materjal teras Kuju \u00dcmmargune Orienteerumine Universaalne Metallist seinakate,<\/p>\n","protected":false},"featured_media":108798,"comment_status":"open","ping_status":"closed","template":"","meta":{"_acf_changed":false,"pmpro_default_level":""},"product_brand":[],"product_cat":[24168],"product_tag":[],"class_list":{"0":"post-133090","1":"product","2":"type-product","3":"status-publish","4":"has-post-thumbnail","6":"product_cat-dekoratiivsed-pudelikorgid","7":"pmpro-has-access","9":"first","10":"instock","11":"shipping-taxable","12":"purchasable","13":"product-type-simple"},"acf":[],"yoast_head":"<!-- This site is optimized with the Yoast SEO plugin v24.9 - https:\/\/yoast.com\/wordpress\/plugins\/seo\/ -->\n<title>Dekoratiivne metallist seinakate TEXACO - MetalTale.com<\/title>\n<meta name=\"robots\" content=\"index, follow, max-snippet:-1, max-image-preview:large, max-video-preview:-1\" \/>\n<link rel=\"canonical\" href=\"https:\/\/metaltale.com\/et\/toode\/dekoratiivne-metallist-seinakate-texaco\/\" \/>\n<meta property=\"og:locale\" content=\"et_EE\" \/>\n<meta property=\"og:type\" content=\"article\" \/>\n<meta property=\"og:title\" content=\"Dekoratiivne metallist seinakate TEXACO - MetalTale.com\" \/>\n<meta property=\"og:description\" content=\"Mudel FJ.JHBC.3229 EAN. 5905369925559 Motiiv Motoriseerimine S\u00fcgavus (cm) 4 \u00dcldl\u00e4bim\u00f5\u00f5t (cm) 35 Materjal teras Kuju \u00dcmmargune Orienteerumine Universaalne Metallist seinakate,\" \/>\n<meta property=\"og:url\" content=\"https:\/\/metaltale.com\/et\/toode\/dekoratiivne-metallist-seinakate-texaco\/\" \/>\n<meta property=\"og:site_name\" content=\"MetalTale.com\" \/>\n<meta name=\"twitter:card\" content=\"summary_large_image\" \/>\n<script type=\"application\/ld+json\" class=\"yoast-schema-graph\">{\"@context\":\"https:\/\/schema.org\",\"@graph\":[{\"@type\":\"WebPage\",\"@id\":\"https:\/\/metaltale.com\/et\/toode\/dekoratiivne-metallist-seinakate-texaco\/\",\"url\":\"https:\/\/metaltale.com\/et\/toode\/dekoratiivne-metallist-seinakate-texaco\/\",\"name\":\"Dekoratiivne metallist seinakate TEXACO - MetalTale.com\",\"isPartOf\":{\"@id\":\"https:\/\/metaltale.com\/et\/#website\"},\"primaryImageOfPage\":{\"@id\":\"https:\/\/metaltale.com\/et\/toode\/dekoratiivne-metallist-seinakate-texaco\/#primaryimage\"},\"image\":{\"@id\":\"https:\/\/metaltale.com\/et\/toode\/dekoratiivne-metallist-seinakate-texaco\/#primaryimage\"},\"thumbnailUrl\":\"https:\/\/metaltale.com\/wp-content\/uploads\/2023\/11\/Dekoratyviniai-butelix173-kamx161tukai-27.jpg\",\"datePublished\":\"2024-02-13T13:29:04+00:00\",\"breadcrumb\":{\"@id\":\"https:\/\/metaltale.com\/et\/toode\/dekoratiivne-metallist-seinakate-texaco\/#breadcrumb\"},\"inLanguage\":\"et\",\"potentialAction\":[{\"@type\":\"ReadAction\",\"target\":[\"https:\/\/metaltale.com\/et\/toode\/dekoratiivne-metallist-seinakate-texaco\/\"]}]},{\"@type\":\"ImageObject\",\"inLanguage\":\"et\",\"@id\":\"https:\/\/metaltale.com\/et\/toode\/dekoratiivne-metallist-seinakate-texaco\/#primaryimage\",\"url\":\"https:\/\/metaltale.com\/wp-content\/uploads\/2023\/11\/Dekoratyviniai-butelix173-kamx161tukai-27.jpg\",\"contentUrl\":\"https:\/\/metaltale.com\/wp-content\/uploads\/2023\/11\/Dekoratyviniai-butelix173-kamx161tukai-27.jpg\",\"width\":800,\"height\":800},{\"@type\":\"BreadcrumbList\",\"@id\":\"https:\/\/metaltale.com\/et\/toode\/dekoratiivne-metallist-seinakate-texaco\/#breadcrumb\",\"itemListElement\":[{\"@type\":\"ListItem\",\"position\":1,\"name\":\"Home\",\"item\":\"https:\/\/metaltale.com\/et\/kodu\/\"},{\"@type\":\"ListItem\",\"position\":2,\"name\":\"Kauplus\",\"item\":\"https:\/\/metaltale.com\/et\/shop\/\"},{\"@type\":\"ListItem\",\"position\":3,\"name\":\"Dekoratiivne metallist seinakate TEXACO\"}]},{\"@type\":\"WebSite\",\"@id\":\"https:\/\/metaltale.com\/et\/#website\",\"url\":\"https:\/\/metaltale.com\/et\/\",\"name\":\"Metaltale.com\",\"description\":\"\",\"potentialAction\":[{\"@type\":\"SearchAction\",\"target\":{\"@type\":\"EntryPoint\",\"urlTemplate\":\"https:\/\/metaltale.com\/et\/?s={search_term_string}\"},\"query-input\":{\"@type\":\"PropertyValueSpecification\",\"valueRequired\":true,\"valueName\":\"search_term_string\"}}],\"inLanguage\":\"et\"}]}<\/script>\n<!-- \/ Yoast SEO plugin. -->","yoast_head_json":{"title":"Dekoratiivne metallist seinakate TEXACO - MetalTale.com","robots":{"index":"index","follow":"follow","max-snippet":"max-snippet:-1","max-image-preview":"max-image-preview:large","max-video-preview":"max-video-preview:-1"},"canonical":"https:\/\/metaltale.com\/et\/toode\/dekoratiivne-metallist-seinakate-texaco\/","og_locale":"et_EE","og_type":"article","og_title":"Dekoratiivne metallist seinakate TEXACO - MetalTale.com","og_description":"Mudel FJ.JHBC.3229 EAN. 5905369925559 Motiiv Motoriseerimine S\u00fcgavus (cm) 4 \u00dcldl\u00e4bim\u00f5\u00f5t (cm) 35 Materjal teras Kuju \u00dcmmargune Orienteerumine Universaalne Metallist seinakate,","og_url":"https:\/\/metaltale.com\/et\/toode\/dekoratiivne-metallist-seinakate-texaco\/","og_site_name":"MetalTale.com","twitter_card":"summary_large_image","schema":{"@context":"https:\/\/schema.org","@graph":[{"@type":"WebPage","@id":"https:\/\/metaltale.com\/et\/toode\/dekoratiivne-metallist-seinakate-texaco\/","url":"https:\/\/metaltale.com\/et\/toode\/dekoratiivne-metallist-seinakate-texaco\/","name":"Dekoratiivne metallist seinakate TEXACO - MetalTale.com","isPartOf":{"@id":"https:\/\/metaltale.com\/et\/#website"},"primaryImageOfPage":{"@id":"https:\/\/metaltale.com\/et\/toode\/dekoratiivne-metallist-seinakate-texaco\/#primaryimage"},"image":{"@id":"https:\/\/metaltale.com\/et\/toode\/dekoratiivne-metallist-seinakate-texaco\/#primaryimage"},"thumbnailUrl":"https:\/\/metaltale.com\/wp-content\/uploads\/2023\/11\/Dekoratyviniai-butelix173-kamx161tukai-27.jpg","datePublished":"2024-02-13T13:29:04+00:00","breadcrumb":{"@id":"https:\/\/metaltale.com\/et\/toode\/dekoratiivne-metallist-seinakate-texaco\/#breadcrumb"},"inLanguage":"et","potentialAction":[{"@type":"ReadAction","target":["https:\/\/metaltale.com\/et\/toode\/dekoratiivne-metallist-seinakate-texaco\/"]}]},{"@type":"ImageObject","inLanguage":"et","@id":"https:\/\/metaltale.com\/et\/toode\/dekoratiivne-metallist-seinakate-texaco\/#primaryimage","url":"https:\/\/metaltale.com\/wp-content\/uploads\/2023\/11\/Dekoratyviniai-butelix173-kamx161tukai-27.jpg","contentUrl":"https:\/\/metaltale.com\/wp-content\/uploads\/2023\/11\/Dekoratyviniai-butelix173-kamx161tukai-27.jpg","width":800,"height":800},{"@type":"BreadcrumbList","@id":"https:\/\/metaltale.com\/et\/toode\/dekoratiivne-metallist-seinakate-texaco\/#breadcrumb","itemListElement":[{"@type":"ListItem","position":1,"name":"Home","item":"https:\/\/metaltale.com\/et\/kodu\/"},{"@type":"ListItem","position":2,"name":"Kauplus","item":"https:\/\/metaltale.com\/et\/shop\/"},{"@type":"ListItem","position":3,"name":"Dekoratiivne metallist seinakate TEXACO"}]},{"@type":"WebSite","@id":"https:\/\/metaltale.com\/et\/#website","url":"https:\/\/metaltale.com\/et\/","name":"Metaltale.com","description":"","potentialAction":[{"@type":"SearchAction","target":{"@type":"EntryPoint","urlTemplate":"https:\/\/metaltale.com\/et\/?s={search_term_string}"},"query-input":{"@type":"PropertyValueSpecification","valueRequired":true,"valueName":"search_term_string"}}],"inLanguage":"et"}]}},"_links":{"self":[{"href":"https:\/\/metaltale.com\/et\/wp-json\/wp\/v2\/product\/133090","targetHints":{"allow":["GET"]}}],"collection":[{"href":"https:\/\/metaltale.com\/et\/wp-json\/wp\/v2\/product"}],"about":[{"href":"https:\/\/metaltale.com\/et\/wp-json\/wp\/v2\/types\/product"}],"replies":[{"embeddable":true,"href":"https:\/\/metaltale.com\/et\/wp-json\/wp\/v2\/comments?post=133090"}],"version-history":[{"count":0,"href":"https:\/\/metaltale.com\/et\/wp-json\/wp\/v2\/product\/133090\/revisions"}],"wp:featuredmedia":[{"embeddable":true,"href":"https:\/\/metaltale.com\/et\/wp-json\/wp\/v2\/media\/108798"}],"wp:attachment":[{"href":"https:\/\/metaltale.com\/et\/wp-json\/wp\/v2\/media?parent=133090"}],"wp:term":[{"taxonomy":"product_brand","embeddable":true,"href":"https:\/\/metaltale.com\/et\/wp-json\/wp\/v2\/product_brand?post=133090"},{"taxonomy":"product_cat","embeddable":true,"href":"https:\/\/metaltale.com\/et\/wp-json\/wp\/v2\/product_cat?post=133090"},{"taxonomy":"product_tag","embeddable":true,"href":"https:\/\/metaltale.com\/et\/wp-json\/wp\/v2\/product_tag?post=133090"}],"curies":[{"name":"wp","href":"https:\/\/api.w.org\/{rel}","templated":true}]}}