{"id":133065,"date":"2024-02-13T15:33:05","date_gmt":"2024-02-13T13:33:05","guid":{"rendered":"https:\/\/metaltale.com\/produktas\/veekraan-glen-antiikmessingist\/"},"modified":"2024-02-13T15:33:05","modified_gmt":"2024-02-13T13:33:05","slug":"veekraan-glen-antiikmessingist","status":"publish","type":"product","link":"https:\/\/metaltale.com\/et\/toode\/veekraan-glen-antiikmessingist\/","title":{"rendered":"Veekraan GLEN, antiikmessingist"},"content":{"rendered":"<div class=\"prod_data\">\n<p><strong>Mudel<\/strong> WX.HT-925601-ANT<br \/>\nGold Glen <strong>kollektsioon<\/strong><br \/>\n<strong>V\u00e4ljalaskeava pikkus (cm)<\/strong> 12<br \/>\n<strong>Materjal<\/strong> Messing<br \/>\n<strong>\u00dcldine k\u00f5rgus (cm)<\/strong> 12<br \/>\n<strong>Keermete l\u00e4bim\u00f5\u00f5t (tollides)<\/strong> 1\/2<br \/>\n<strong>Perlator (\u00f5hutaja)<\/strong> Jah<br \/>\n<strong>P\u00f6\u00f6rlev v\u00e4ljalaskeava<\/strong> Ei<br \/>\n<strong>V\u00e4rv<\/strong> Antik messingist<br \/>\n<strong>Viimistlus<\/strong> Pehme, satiinne efekt<\/p>\n<p>messingist ventiil<\/p>\n<p>Tootel on keraamiline pea, mis tagab t\u00e4iusliku tihenduse.<\/p>\n<p>\u00f5hutaja vee tarbimise v\u00e4hendamiseks<\/p>\n<p>segistil on kiir\u00fchendusega \u00fchendus<\/p>\n<p>lihtne hooldus &#8211; soe vesi ja PH-neutraalne seep<\/p>\n<hr>\n<p>Topeltmessingist kraan on mitmek\u00fclgne pakkumine, mida saab kasutada kahe erineva seadme \u00fchendamiseks. See kraan sobib ideaalselt ka funktsionaalse \u00fcksusena v\u00e4ikestesse vannitubadesse, kus see saab h\u00f5lpsasti toimida nii valamu segisti kui ka tualettruumi \u00fchenduskohana. Vaatamata oma tagasihoidlikule suurusele on messingist segisti valmistatud \u00fclima hoolikusega ja sobib harmooniliselt teiste Glen-kollektsiooni segistite stiiliga.<\/p>\n<\/div>\n","protected":false},"excerpt":{"rendered":"<p>Mudel WX.HT-925601-ANT Gold Glen kollektsioon V\u00e4ljalaskeava pikkus (cm) 12 Materjal Messing \u00dcldine k\u00f5rgus (cm) 12 Keermete l\u00e4bim\u00f5\u00f5t (tollides) 1\/2 Perlator<\/p>\n","protected":false},"featured_media":116299,"comment_status":"open","ping_status":"closed","template":"","meta":{"_acf_changed":false,"pmpro_default_level":""},"product_brand":[],"product_cat":[24141,24193],"product_tag":[],"class_list":{"0":"post-133065","1":"product","2":"type-product","3":"status-publish","4":"has-post-thumbnail","6":"product_cat-taps-et","7":"product_cat-veekraanid-ja-ventiilid","8":"pmpro-has-access","10":"first","11":"instock","12":"shipping-taxable","13":"purchasable","14":"product-type-simple"},"acf":[],"yoast_head":"<!-- This site is optimized with the Yoast SEO plugin v24.9 - https:\/\/yoast.com\/wordpress\/plugins\/seo\/ -->\n<title>Veekraan GLEN, antiikmessingist - MetalTale.com<\/title>\n<meta name=\"robots\" content=\"index, follow, max-snippet:-1, max-image-preview:large, max-video-preview:-1\" \/>\n<link rel=\"canonical\" href=\"https:\/\/metaltale.com\/et\/toode\/veekraan-glen-antiikmessingist\/\" \/>\n<meta property=\"og:locale\" content=\"et_EE\" \/>\n<meta property=\"og:type\" content=\"article\" \/>\n<meta property=\"og:title\" content=\"Veekraan GLEN, antiikmessingist - MetalTale.com\" \/>\n<meta property=\"og:description\" content=\"Mudel WX.HT-925601-ANT Gold Glen kollektsioon V\u00e4ljalaskeava pikkus (cm) 12 Materjal Messing \u00dcldine k\u00f5rgus (cm) 12 Keermete l\u00e4bim\u00f5\u00f5t (tollides) 1\/2 Perlator\" \/>\n<meta property=\"og:url\" content=\"https:\/\/metaltale.com\/et\/toode\/veekraan-glen-antiikmessingist\/\" \/>\n<meta property=\"og:site_name\" content=\"MetalTale.com\" \/>\n<meta property=\"og:image\" content=\"https:\/\/metaltale.com\/wp-content\/uploads\/2023\/12\/x17Darnos-maix161ytuvas-antikvarinis-x17Ealvaris-GLEN-dvigubas.jpg\" \/>\n\t<meta property=\"og:image:width\" content=\"800\" \/>\n\t<meta property=\"og:image:height\" content=\"800\" \/>\n\t<meta property=\"og:image:type\" content=\"image\/jpeg\" \/>\n<meta name=\"twitter:card\" content=\"summary_large_image\" \/>\n<meta name=\"twitter:label1\" content=\"Est. reading time\" \/>\n\t<meta name=\"twitter:data1\" content=\"1 minut\" \/>\n<script type=\"application\/ld+json\" class=\"yoast-schema-graph\">{\"@context\":\"https:\/\/schema.org\",\"@graph\":[{\"@type\":\"WebPage\",\"@id\":\"https:\/\/metaltale.com\/et\/toode\/veekraan-glen-antiikmessingist\/\",\"url\":\"https:\/\/metaltale.com\/et\/toode\/veekraan-glen-antiikmessingist\/\",\"name\":\"Veekraan GLEN, antiikmessingist - MetalTale.com\",\"isPartOf\":{\"@id\":\"https:\/\/metaltale.com\/et\/#website\"},\"primaryImageOfPage\":{\"@id\":\"https:\/\/metaltale.com\/et\/toode\/veekraan-glen-antiikmessingist\/#primaryimage\"},\"image\":{\"@id\":\"https:\/\/metaltale.com\/et\/toode\/veekraan-glen-antiikmessingist\/#primaryimage\"},\"thumbnailUrl\":\"https:\/\/metaltale.com\/wp-content\/uploads\/2023\/12\/x17Darnos-maix161ytuvas-antikvarinis-x17Ealvaris-GLEN-dvigubas.jpg\",\"datePublished\":\"2024-02-13T13:33:05+00:00\",\"breadcrumb\":{\"@id\":\"https:\/\/metaltale.com\/et\/toode\/veekraan-glen-antiikmessingist\/#breadcrumb\"},\"inLanguage\":\"et\",\"potentialAction\":[{\"@type\":\"ReadAction\",\"target\":[\"https:\/\/metaltale.com\/et\/toode\/veekraan-glen-antiikmessingist\/\"]}]},{\"@type\":\"ImageObject\",\"inLanguage\":\"et\",\"@id\":\"https:\/\/metaltale.com\/et\/toode\/veekraan-glen-antiikmessingist\/#primaryimage\",\"url\":\"https:\/\/metaltale.com\/wp-content\/uploads\/2023\/12\/x17Darnos-maix161ytuvas-antikvarinis-x17Ealvaris-GLEN-dvigubas.jpg\",\"contentUrl\":\"https:\/\/metaltale.com\/wp-content\/uploads\/2023\/12\/x17Darnos-maix161ytuvas-antikvarinis-x17Ealvaris-GLEN-dvigubas.jpg\",\"width\":800,\"height\":800,\"caption\":\"Veekraan GLEN, antiikmessingist\"},{\"@type\":\"BreadcrumbList\",\"@id\":\"https:\/\/metaltale.com\/et\/toode\/veekraan-glen-antiikmessingist\/#breadcrumb\",\"itemListElement\":[{\"@type\":\"ListItem\",\"position\":1,\"name\":\"Home\",\"item\":\"https:\/\/metaltale.com\/et\/kodu\/\"},{\"@type\":\"ListItem\",\"position\":2,\"name\":\"Kauplus\",\"item\":\"https:\/\/metaltale.com\/et\/shop\/\"},{\"@type\":\"ListItem\",\"position\":3,\"name\":\"Veekraan GLEN, antiikmessingist\"}]},{\"@type\":\"WebSite\",\"@id\":\"https:\/\/metaltale.com\/et\/#website\",\"url\":\"https:\/\/metaltale.com\/et\/\",\"name\":\"Metaltale.com\",\"description\":\"\",\"potentialAction\":[{\"@type\":\"SearchAction\",\"target\":{\"@type\":\"EntryPoint\",\"urlTemplate\":\"https:\/\/metaltale.com\/et\/?s={search_term_string}\"},\"query-input\":{\"@type\":\"PropertyValueSpecification\",\"valueRequired\":true,\"valueName\":\"search_term_string\"}}],\"inLanguage\":\"et\"}]}<\/script>\n<!-- \/ Yoast SEO plugin. -->","yoast_head_json":{"title":"Veekraan GLEN, antiikmessingist - MetalTale.com","robots":{"index":"index","follow":"follow","max-snippet":"max-snippet:-1","max-image-preview":"max-image-preview:large","max-video-preview":"max-video-preview:-1"},"canonical":"https:\/\/metaltale.com\/et\/toode\/veekraan-glen-antiikmessingist\/","og_locale":"et_EE","og_type":"article","og_title":"Veekraan GLEN, antiikmessingist - MetalTale.com","og_description":"Mudel WX.HT-925601-ANT Gold Glen kollektsioon V\u00e4ljalaskeava pikkus (cm) 12 Materjal Messing \u00dcldine k\u00f5rgus (cm) 12 Keermete l\u00e4bim\u00f5\u00f5t (tollides) 1\/2 Perlator","og_url":"https:\/\/metaltale.com\/et\/toode\/veekraan-glen-antiikmessingist\/","og_site_name":"MetalTale.com","og_image":[{"width":800,"height":800,"url":"https:\/\/metaltale.com\/wp-content\/uploads\/2023\/12\/x17Darnos-maix161ytuvas-antikvarinis-x17Ealvaris-GLEN-dvigubas.jpg","type":"image\/jpeg"}],"twitter_card":"summary_large_image","twitter_misc":{"Est. reading time":"1 minut"},"schema":{"@context":"https:\/\/schema.org","@graph":[{"@type":"WebPage","@id":"https:\/\/metaltale.com\/et\/toode\/veekraan-glen-antiikmessingist\/","url":"https:\/\/metaltale.com\/et\/toode\/veekraan-glen-antiikmessingist\/","name":"Veekraan GLEN, antiikmessingist - MetalTale.com","isPartOf":{"@id":"https:\/\/metaltale.com\/et\/#website"},"primaryImageOfPage":{"@id":"https:\/\/metaltale.com\/et\/toode\/veekraan-glen-antiikmessingist\/#primaryimage"},"image":{"@id":"https:\/\/metaltale.com\/et\/toode\/veekraan-glen-antiikmessingist\/#primaryimage"},"thumbnailUrl":"https:\/\/metaltale.com\/wp-content\/uploads\/2023\/12\/x17Darnos-maix161ytuvas-antikvarinis-x17Ealvaris-GLEN-dvigubas.jpg","datePublished":"2024-02-13T13:33:05+00:00","breadcrumb":{"@id":"https:\/\/metaltale.com\/et\/toode\/veekraan-glen-antiikmessingist\/#breadcrumb"},"inLanguage":"et","potentialAction":[{"@type":"ReadAction","target":["https:\/\/metaltale.com\/et\/toode\/veekraan-glen-antiikmessingist\/"]}]},{"@type":"ImageObject","inLanguage":"et","@id":"https:\/\/metaltale.com\/et\/toode\/veekraan-glen-antiikmessingist\/#primaryimage","url":"https:\/\/metaltale.com\/wp-content\/uploads\/2023\/12\/x17Darnos-maix161ytuvas-antikvarinis-x17Ealvaris-GLEN-dvigubas.jpg","contentUrl":"https:\/\/metaltale.com\/wp-content\/uploads\/2023\/12\/x17Darnos-maix161ytuvas-antikvarinis-x17Ealvaris-GLEN-dvigubas.jpg","width":800,"height":800,"caption":"Veekraan GLEN, antiikmessingist"},{"@type":"BreadcrumbList","@id":"https:\/\/metaltale.com\/et\/toode\/veekraan-glen-antiikmessingist\/#breadcrumb","itemListElement":[{"@type":"ListItem","position":1,"name":"Home","item":"https:\/\/metaltale.com\/et\/kodu\/"},{"@type":"ListItem","position":2,"name":"Kauplus","item":"https:\/\/metaltale.com\/et\/shop\/"},{"@type":"ListItem","position":3,"name":"Veekraan GLEN, antiikmessingist"}]},{"@type":"WebSite","@id":"https:\/\/metaltale.com\/et\/#website","url":"https:\/\/metaltale.com\/et\/","name":"Metaltale.com","description":"","potentialAction":[{"@type":"SearchAction","target":{"@type":"EntryPoint","urlTemplate":"https:\/\/metaltale.com\/et\/?s={search_term_string}"},"query-input":{"@type":"PropertyValueSpecification","valueRequired":true,"valueName":"search_term_string"}}],"inLanguage":"et"}]}},"_links":{"self":[{"href":"https:\/\/metaltale.com\/et\/wp-json\/wp\/v2\/product\/133065","targetHints":{"allow":["GET"]}}],"collection":[{"href":"https:\/\/metaltale.com\/et\/wp-json\/wp\/v2\/product"}],"about":[{"href":"https:\/\/metaltale.com\/et\/wp-json\/wp\/v2\/types\/product"}],"replies":[{"embeddable":true,"href":"https:\/\/metaltale.com\/et\/wp-json\/wp\/v2\/comments?post=133065"}],"version-history":[{"count":0,"href":"https:\/\/metaltale.com\/et\/wp-json\/wp\/v2\/product\/133065\/revisions"}],"wp:featuredmedia":[{"embeddable":true,"href":"https:\/\/metaltale.com\/et\/wp-json\/wp\/v2\/media\/116299"}],"wp:attachment":[{"href":"https:\/\/metaltale.com\/et\/wp-json\/wp\/v2\/media?parent=133065"}],"wp:term":[{"taxonomy":"product_brand","embeddable":true,"href":"https:\/\/metaltale.com\/et\/wp-json\/wp\/v2\/product_brand?post=133065"},{"taxonomy":"product_cat","embeddable":true,"href":"https:\/\/metaltale.com\/et\/wp-json\/wp\/v2\/product_cat?post=133065"},{"taxonomy":"product_tag","embeddable":true,"href":"https:\/\/metaltale.com\/et\/wp-json\/wp\/v2\/product_tag?post=133065"}],"curies":[{"name":"wp","href":"https:\/\/api.w.org\/{rel}","templated":true}]}}