{"id":133058,"date":"2024-02-13T15:33:05","date_gmt":"2024-02-13T13:33:05","guid":{"rendered":"https:\/\/metaltale.com\/produktas\/antiikne-dusikraan-flower-must\/"},"modified":"2024-02-13T15:33:05","modified_gmt":"2024-02-13T13:33:05","slug":"antiikne-dusikraan-flower-must","status":"publish","type":"product","link":"https:\/\/metaltale.com\/et\/toode\/antiikne-dusikraan-flower-must\/","title":{"rendered":"Antiikne du\u0161ikraan FLOWER, must"},"content":{"rendered":"<div class=\"prod_data\">\n<p><strong>Mudel<\/strong> WX.XT352-BLA<br \/>\n<strong>Materjal<\/strong> Messing<br \/>\n<strong>\u00dcldine k\u00f5rgus (cm)<\/strong> 130<br \/>\n<strong>\u00dcldine laius (cm)<\/strong> 21<br \/>\n<strong>Du\u0161ipea l\u00e4bim\u00f5\u00f5t (cm)<\/strong> 5<br \/>\n<strong>Du\u0161ipea pikkus (cm)<\/strong> 19<br \/>\n<strong>Du\u0161ipea l\u00e4bim\u00f5\u00f5t (cm)<\/strong> 21<br \/>\n<strong>Kraanide vaheline kaugus (cm)<\/strong> 15<br \/>\nV\u00e4rv Must<br \/>\n<strong>Viimistlus<\/strong> Pehme, satiinne efekt<\/p>\n<p>messingist du\u0161isegisti<\/p>\n<p>Du\u0161ikomplekt: vannisegisti, k\u00e4sidu\u0161\u0161, vihmadu\u0161\u0161<\/p>\n<p>keraamiline pea &#8211; element, mis tagab vee n\u00f5uetekohase jaotamise<\/p>\n<p>&#8220;Anti-Calc&#8221; &#8211; j\u00e4\u00e4tumisvastane s\u00fcsteem<\/p>\n<p>Lihtne puhastada &#8211; sooja vee ja PH-neutraalse seebiga.<\/p>\n<hr>\n<p>Klassikaline lihtsus ja elegantne must v\u00e4rvus muudavad tavalise du\u0161isegisti mitmek\u00fclgseks vannitoatehnikaks. S\u00f5ltuvalt tarvikute valikust sobib see mitmek\u00fclgne element suurep\u00e4raselt mitmesugustesse sisustustiilidesse, nagu retro, loft v\u00f5i modern. Minimalistlik vihmadu\u0161\u0161, klassikalised kraanid ja peened du\u0161ik\u00e4epidemed saab t\u00f5husalt kombineerida nii plaatide kui ka betooniga, andes teie vannitoale ainulaadse iseloomu. Messingist du\u0161ikomplektid sobivad ideaalselt t\u00f6\u00f6stuslike vannitubade jaoks, viidates vanade tehaste atmosf\u00e4\u00e4rile. Lisaks visuaalsetele aspektidele on kraanil ka katlakivivastane s\u00fcsteem ja keraamiline pea, mis teeb sellest funktsionaalse toote.<\/p>\n<\/div>\n","protected":false},"excerpt":{"rendered":"<p>Mudel WX.XT352-BLA Materjal Messing \u00dcldine k\u00f5rgus (cm) 130 \u00dcldine laius (cm) 21 Du\u0161ipea l\u00e4bim\u00f5\u00f5t (cm) 5 Du\u0161ipea pikkus (cm) 19<\/p>\n","protected":false},"featured_media":143034,"comment_status":"open","ping_status":"closed","template":"","meta":{"_acf_changed":false,"pmpro_default_level":""},"product_brand":[],"product_cat":[24194,24154],"product_tag":[],"class_list":{"0":"post-133058","1":"product","2":"type-product","3":"status-publish","4":"has-post-thumbnail","6":"product_cat-dusisegistid","7":"product_cat-vannitoa-kraanid","8":"pmpro-has-access","10":"first","11":"instock","12":"shipping-taxable","13":"purchasable","14":"product-type-simple"},"acf":[],"yoast_head":"<!-- This site is optimized with the Yoast SEO plugin v24.9 - https:\/\/yoast.com\/wordpress\/plugins\/seo\/ -->\n<title>Antiikne du\u0161ikraan FLOWER, must - MetalTale.com<\/title>\n<meta name=\"robots\" content=\"index, follow, max-snippet:-1, max-image-preview:large, max-video-preview:-1\" \/>\n<link rel=\"canonical\" href=\"https:\/\/metaltale.com\/et\/toode\/antiikne-dusikraan-flower-must\/\" \/>\n<meta property=\"og:locale\" content=\"et_EE\" \/>\n<meta property=\"og:type\" content=\"article\" \/>\n<meta property=\"og:title\" content=\"Antiikne du\u0161ikraan FLOWER, must - MetalTale.com\" \/>\n<meta property=\"og:description\" content=\"Mudel WX.XT352-BLA Materjal Messing \u00dcldine k\u00f5rgus (cm) 130 \u00dcldine laius (cm) 21 Du\u0161ipea l\u00e4bim\u00f5\u00f5t (cm) 5 Du\u0161ipea pikkus (cm) 19\" \/>\n<meta property=\"og:url\" content=\"https:\/\/metaltale.com\/et\/toode\/antiikne-dusikraan-flower-must\/\" \/>\n<meta property=\"og:site_name\" content=\"MetalTale.com\" \/>\n<meta property=\"og:image\" content=\"http:\/\/metaltale.com\/wp-content\/uploads\/2024\/02\/Juodas-YORK-2-dux161o-maix161ytuvas-2.webp\" \/>\n\t<meta property=\"og:image:width\" content=\"800\" \/>\n\t<meta property=\"og:image:height\" content=\"800\" \/>\n\t<meta property=\"og:image:type\" content=\"image\/webp\" \/>\n<meta name=\"twitter:card\" content=\"summary_large_image\" \/>\n<meta name=\"twitter:label1\" content=\"Est. reading time\" \/>\n\t<meta name=\"twitter:data1\" content=\"1 minut\" \/>\n<script type=\"application\/ld+json\" class=\"yoast-schema-graph\">{\"@context\":\"https:\/\/schema.org\",\"@graph\":[{\"@type\":\"WebPage\",\"@id\":\"https:\/\/metaltale.com\/et\/toode\/antiikne-dusikraan-flower-must\/\",\"url\":\"https:\/\/metaltale.com\/et\/toode\/antiikne-dusikraan-flower-must\/\",\"name\":\"Antiikne du\u0161ikraan FLOWER, must - MetalTale.com\",\"isPartOf\":{\"@id\":\"https:\/\/metaltale.com\/et\/#website\"},\"primaryImageOfPage\":{\"@id\":\"https:\/\/metaltale.com\/et\/toode\/antiikne-dusikraan-flower-must\/#primaryimage\"},\"image\":{\"@id\":\"https:\/\/metaltale.com\/et\/toode\/antiikne-dusikraan-flower-must\/#primaryimage\"},\"thumbnailUrl\":\"https:\/\/metaltale.com\/wp-content\/uploads\/2024\/02\/Juodas-YORK-2-dux161o-maix161ytuvas-2.webp\",\"datePublished\":\"2024-02-13T13:33:05+00:00\",\"breadcrumb\":{\"@id\":\"https:\/\/metaltale.com\/et\/toode\/antiikne-dusikraan-flower-must\/#breadcrumb\"},\"inLanguage\":\"et\",\"potentialAction\":[{\"@type\":\"ReadAction\",\"target\":[\"https:\/\/metaltale.com\/et\/toode\/antiikne-dusikraan-flower-must\/\"]}]},{\"@type\":\"ImageObject\",\"inLanguage\":\"et\",\"@id\":\"https:\/\/metaltale.com\/et\/toode\/antiikne-dusikraan-flower-must\/#primaryimage\",\"url\":\"https:\/\/metaltale.com\/wp-content\/uploads\/2024\/02\/Juodas-YORK-2-dux161o-maix161ytuvas-2.webp\",\"contentUrl\":\"https:\/\/metaltale.com\/wp-content\/uploads\/2024\/02\/Juodas-YORK-2-dux161o-maix161ytuvas-2.webp\",\"width\":800,\"height\":800,\"caption\":\"Antikvarinis du\u0161o mai\u0161ytuvas FLOWER, juodas\"},{\"@type\":\"BreadcrumbList\",\"@id\":\"https:\/\/metaltale.com\/et\/toode\/antiikne-dusikraan-flower-must\/#breadcrumb\",\"itemListElement\":[{\"@type\":\"ListItem\",\"position\":1,\"name\":\"Home\",\"item\":\"https:\/\/metaltale.com\/et\/kodu\/\"},{\"@type\":\"ListItem\",\"position\":2,\"name\":\"Kauplus\",\"item\":\"https:\/\/metaltale.com\/et\/shop\/\"},{\"@type\":\"ListItem\",\"position\":3,\"name\":\"Antiikne du\u0161ikraan FLOWER, must\"}]},{\"@type\":\"WebSite\",\"@id\":\"https:\/\/metaltale.com\/et\/#website\",\"url\":\"https:\/\/metaltale.com\/et\/\",\"name\":\"Metaltale.com\",\"description\":\"\",\"potentialAction\":[{\"@type\":\"SearchAction\",\"target\":{\"@type\":\"EntryPoint\",\"urlTemplate\":\"https:\/\/metaltale.com\/et\/?s={search_term_string}\"},\"query-input\":{\"@type\":\"PropertyValueSpecification\",\"valueRequired\":true,\"valueName\":\"search_term_string\"}}],\"inLanguage\":\"et\"}]}<\/script>\n<!-- \/ Yoast SEO plugin. -->","yoast_head_json":{"title":"Antiikne du\u0161ikraan FLOWER, must - MetalTale.com","robots":{"index":"index","follow":"follow","max-snippet":"max-snippet:-1","max-image-preview":"max-image-preview:large","max-video-preview":"max-video-preview:-1"},"canonical":"https:\/\/metaltale.com\/et\/toode\/antiikne-dusikraan-flower-must\/","og_locale":"et_EE","og_type":"article","og_title":"Antiikne du\u0161ikraan FLOWER, must - MetalTale.com","og_description":"Mudel WX.XT352-BLA Materjal Messing \u00dcldine k\u00f5rgus (cm) 130 \u00dcldine laius (cm) 21 Du\u0161ipea l\u00e4bim\u00f5\u00f5t (cm) 5 Du\u0161ipea pikkus (cm) 19","og_url":"https:\/\/metaltale.com\/et\/toode\/antiikne-dusikraan-flower-must\/","og_site_name":"MetalTale.com","og_image":[{"width":800,"height":800,"url":"http:\/\/metaltale.com\/wp-content\/uploads\/2024\/02\/Juodas-YORK-2-dux161o-maix161ytuvas-2.webp","type":"image\/webp"}],"twitter_card":"summary_large_image","twitter_misc":{"Est. reading time":"1 minut"},"schema":{"@context":"https:\/\/schema.org","@graph":[{"@type":"WebPage","@id":"https:\/\/metaltale.com\/et\/toode\/antiikne-dusikraan-flower-must\/","url":"https:\/\/metaltale.com\/et\/toode\/antiikne-dusikraan-flower-must\/","name":"Antiikne du\u0161ikraan FLOWER, must - MetalTale.com","isPartOf":{"@id":"https:\/\/metaltale.com\/et\/#website"},"primaryImageOfPage":{"@id":"https:\/\/metaltale.com\/et\/toode\/antiikne-dusikraan-flower-must\/#primaryimage"},"image":{"@id":"https:\/\/metaltale.com\/et\/toode\/antiikne-dusikraan-flower-must\/#primaryimage"},"thumbnailUrl":"https:\/\/metaltale.com\/wp-content\/uploads\/2024\/02\/Juodas-YORK-2-dux161o-maix161ytuvas-2.webp","datePublished":"2024-02-13T13:33:05+00:00","breadcrumb":{"@id":"https:\/\/metaltale.com\/et\/toode\/antiikne-dusikraan-flower-must\/#breadcrumb"},"inLanguage":"et","potentialAction":[{"@type":"ReadAction","target":["https:\/\/metaltale.com\/et\/toode\/antiikne-dusikraan-flower-must\/"]}]},{"@type":"ImageObject","inLanguage":"et","@id":"https:\/\/metaltale.com\/et\/toode\/antiikne-dusikraan-flower-must\/#primaryimage","url":"https:\/\/metaltale.com\/wp-content\/uploads\/2024\/02\/Juodas-YORK-2-dux161o-maix161ytuvas-2.webp","contentUrl":"https:\/\/metaltale.com\/wp-content\/uploads\/2024\/02\/Juodas-YORK-2-dux161o-maix161ytuvas-2.webp","width":800,"height":800,"caption":"Antikvarinis du\u0161o mai\u0161ytuvas FLOWER, juodas"},{"@type":"BreadcrumbList","@id":"https:\/\/metaltale.com\/et\/toode\/antiikne-dusikraan-flower-must\/#breadcrumb","itemListElement":[{"@type":"ListItem","position":1,"name":"Home","item":"https:\/\/metaltale.com\/et\/kodu\/"},{"@type":"ListItem","position":2,"name":"Kauplus","item":"https:\/\/metaltale.com\/et\/shop\/"},{"@type":"ListItem","position":3,"name":"Antiikne du\u0161ikraan FLOWER, must"}]},{"@type":"WebSite","@id":"https:\/\/metaltale.com\/et\/#website","url":"https:\/\/metaltale.com\/et\/","name":"Metaltale.com","description":"","potentialAction":[{"@type":"SearchAction","target":{"@type":"EntryPoint","urlTemplate":"https:\/\/metaltale.com\/et\/?s={search_term_string}"},"query-input":{"@type":"PropertyValueSpecification","valueRequired":true,"valueName":"search_term_string"}}],"inLanguage":"et"}]}},"_links":{"self":[{"href":"https:\/\/metaltale.com\/et\/wp-json\/wp\/v2\/product\/133058","targetHints":{"allow":["GET"]}}],"collection":[{"href":"https:\/\/metaltale.com\/et\/wp-json\/wp\/v2\/product"}],"about":[{"href":"https:\/\/metaltale.com\/et\/wp-json\/wp\/v2\/types\/product"}],"replies":[{"embeddable":true,"href":"https:\/\/metaltale.com\/et\/wp-json\/wp\/v2\/comments?post=133058"}],"version-history":[{"count":0,"href":"https:\/\/metaltale.com\/et\/wp-json\/wp\/v2\/product\/133058\/revisions"}],"wp:featuredmedia":[{"embeddable":true,"href":"https:\/\/metaltale.com\/et\/wp-json\/wp\/v2\/media\/143034"}],"wp:attachment":[{"href":"https:\/\/metaltale.com\/et\/wp-json\/wp\/v2\/media?parent=133058"}],"wp:term":[{"taxonomy":"product_brand","embeddable":true,"href":"https:\/\/metaltale.com\/et\/wp-json\/wp\/v2\/product_brand?post=133058"},{"taxonomy":"product_cat","embeddable":true,"href":"https:\/\/metaltale.com\/et\/wp-json\/wp\/v2\/product_cat?post=133058"},{"taxonomy":"product_tag","embeddable":true,"href":"https:\/\/metaltale.com\/et\/wp-json\/wp\/v2\/product_tag?post=133058"}],"curies":[{"name":"wp","href":"https:\/\/api.w.org\/{rel}","templated":true}]}}