{"id":133040,"date":"2024-02-13T15:33:05","date_gmt":"2024-02-13T13:33:05","guid":{"rendered":"https:\/\/metaltale.com\/produktas\/seinale-paigaldatav-vannitoasegisti-flower-must\/"},"modified":"2024-02-13T15:33:05","modified_gmt":"2024-02-13T13:33:05","slug":"seinale-paigaldatav-vannitoasegisti-flower-must","status":"publish","type":"product","link":"https:\/\/metaltale.com\/et\/toode\/seinale-paigaldatav-vannitoasegisti-flower-must\/","title":{"rendered":"Seinale paigaldatav vannitoasegisti FLOWER, must"},"content":{"rendered":"<div class=\"prod_data\">\n<p><strong>Mudel<\/strong> WX.XT334-BLA<br \/>\nLillede <strong>kollektsioon<\/strong><br \/>\n<strong>Materjal<\/strong> Messing<br \/>\n<strong>\u00dcldine k\u00f5rgus (cm)<\/strong> 34<br \/>\n<strong>\u00dcldine laius (cm)<\/strong> 20<br \/>\n<strong>Koguprojektsioon (cm)<\/strong> 19<br \/>\n<strong>Du\u0161ipea l\u00e4bim\u00f5\u00f5t (cm<\/strong> ) 6,2<br \/>\n<strong>Du\u0161ipea pikkus (cm<\/strong> ) 24,5<br \/>\n<strong>Vooliku pikkus (cm<\/strong> ) 150<br \/>\n<strong>P\u00f6\u00f6rlev v\u00e4ljalaskeava<\/strong> Jah<br \/>\nV\u00e4rv Must<br \/>\n<strong>Viimistlus<\/strong> Pehme, satiinne efekt<br \/>\n<strong>Kraani t\u00fc\u00fcp<\/strong> Seinale paigaldatav<\/p>\n<p>roostevabast terasest vannitoa kraan<\/p>\n<p>Komplekt: p\u00f6\u00f6rlev vanniotsik, du\u0161ikang<\/p>\n<p>keraamiline pea &#8211; element, mis tagab vee n\u00f5uetekohase jaotamise<\/p>\n<p>lihtne hooldus &#8211; soe vesi ja PH neutraalne seep<\/p>\n<hr>\n<p>Musta v\u00e4rvi, peene vaskse kriimustusega vannitoasegisti on t\u00f5eline p\u00e4rl vannitoadisaini p\u00e4rl. Selle ainulaadsus ei seisne mitte ainult selle v\u00e4rvuses, vaid ka \u00fcksikasjades. Ornamentaalne kumer viimistlus lisab originaalsust ja elegantsust ning kergust. Du\u0161ik\u00e4epide on kujundatud v\u00f5luva lille kujuliseks, mis annab sellele unikaalse v\u00f5lu, mis sobib segisti esteetilise kontseptsiooniga. Dekoratiivsed rosetid t\u00e4iendavad tervikut, sulandudes harmooniliselt \u00fclej\u00e4\u00e4nud segistiga, et luua \u00fchtne ja disainerlik tervik. See ei ole lihtsalt segisti, vaid t\u00f5eline kunstiteos, mis lisab vannitoale mitte ainult funktsionaalsust, vaid ka rafineeritud stiili.<\/p>\n<\/div>\n","protected":false},"excerpt":{"rendered":"<p>Mudel WX.XT334-BLA Lillede kollektsioon Materjal Messing \u00dcldine k\u00f5rgus (cm) 34 \u00dcldine laius (cm) 20 Koguprojektsioon (cm) 19 Du\u0161ipea l\u00e4bim\u00f5\u00f5t (cm<\/p>\n","protected":false},"featured_media":115487,"comment_status":"open","ping_status":"closed","template":"","meta":{"_acf_changed":false,"pmpro_default_level":""},"product_brand":[],"product_cat":[24154,24166],"product_tag":[],"class_list":{"0":"post-133040","1":"product","2":"type-product","3":"status-publish","4":"has-post-thumbnail","6":"product_cat-vannitoa-kraanid","7":"product_cat-vannitoa-kraanid-et","8":"pmpro-has-access","10":"first","11":"instock","12":"shipping-taxable","13":"purchasable","14":"product-type-simple"},"acf":[],"yoast_head":"<!-- This site is optimized with the Yoast SEO plugin v24.9 - https:\/\/yoast.com\/wordpress\/plugins\/seo\/ -->\n<title>Seinale paigaldatav vannitoasegisti FLOWER, must - MetalTale.com<\/title>\n<meta name=\"robots\" content=\"index, follow, max-snippet:-1, max-image-preview:large, max-video-preview:-1\" \/>\n<link rel=\"canonical\" href=\"https:\/\/metaltale.com\/et\/toode\/seinale-paigaldatav-vannitoasegisti-flower-must\/\" \/>\n<meta property=\"og:locale\" content=\"et_EE\" \/>\n<meta property=\"og:type\" content=\"article\" \/>\n<meta property=\"og:title\" content=\"Seinale paigaldatav vannitoasegisti FLOWER, must - MetalTale.com\" \/>\n<meta property=\"og:description\" content=\"Mudel WX.XT334-BLA Lillede kollektsioon Materjal Messing \u00dcldine k\u00f5rgus (cm) 34 \u00dcldine laius (cm) 20 Koguprojektsioon (cm) 19 Du\u0161ipea l\u00e4bim\u00f5\u00f5t (cm\" \/>\n<meta property=\"og:url\" content=\"https:\/\/metaltale.com\/et\/toode\/seinale-paigaldatav-vannitoasegisti-flower-must\/\" \/>\n<meta property=\"og:site_name\" content=\"MetalTale.com\" \/>\n<meta property=\"og:image\" content=\"https:\/\/metaltale.com\/wp-content\/uploads\/2023\/11\/Sieninis-vonios-maix161ytuvas-juodas-FLOWER.jpg\" \/>\n\t<meta property=\"og:image:width\" content=\"800\" \/>\n\t<meta property=\"og:image:height\" content=\"800\" \/>\n\t<meta property=\"og:image:type\" content=\"image\/jpeg\" \/>\n<meta name=\"twitter:card\" content=\"summary_large_image\" \/>\n<meta name=\"twitter:label1\" content=\"Est. reading time\" \/>\n\t<meta name=\"twitter:data1\" content=\"1 minut\" \/>\n<script type=\"application\/ld+json\" class=\"yoast-schema-graph\">{\"@context\":\"https:\/\/schema.org\",\"@graph\":[{\"@type\":\"WebPage\",\"@id\":\"https:\/\/metaltale.com\/et\/toode\/seinale-paigaldatav-vannitoasegisti-flower-must\/\",\"url\":\"https:\/\/metaltale.com\/et\/toode\/seinale-paigaldatav-vannitoasegisti-flower-must\/\",\"name\":\"Seinale paigaldatav vannitoasegisti FLOWER, must - MetalTale.com\",\"isPartOf\":{\"@id\":\"https:\/\/metaltale.com\/et\/#website\"},\"primaryImageOfPage\":{\"@id\":\"https:\/\/metaltale.com\/et\/toode\/seinale-paigaldatav-vannitoasegisti-flower-must\/#primaryimage\"},\"image\":{\"@id\":\"https:\/\/metaltale.com\/et\/toode\/seinale-paigaldatav-vannitoasegisti-flower-must\/#primaryimage\"},\"thumbnailUrl\":\"https:\/\/metaltale.com\/wp-content\/uploads\/2023\/11\/Sieninis-vonios-maix161ytuvas-juodas-FLOWER.jpg\",\"datePublished\":\"2024-02-13T13:33:05+00:00\",\"breadcrumb\":{\"@id\":\"https:\/\/metaltale.com\/et\/toode\/seinale-paigaldatav-vannitoasegisti-flower-must\/#breadcrumb\"},\"inLanguage\":\"et\",\"potentialAction\":[{\"@type\":\"ReadAction\",\"target\":[\"https:\/\/metaltale.com\/et\/toode\/seinale-paigaldatav-vannitoasegisti-flower-must\/\"]}]},{\"@type\":\"ImageObject\",\"inLanguage\":\"et\",\"@id\":\"https:\/\/metaltale.com\/et\/toode\/seinale-paigaldatav-vannitoasegisti-flower-must\/#primaryimage\",\"url\":\"https:\/\/metaltale.com\/wp-content\/uploads\/2023\/11\/Sieninis-vonios-maix161ytuvas-juodas-FLOWER.jpg\",\"contentUrl\":\"https:\/\/metaltale.com\/wp-content\/uploads\/2023\/11\/Sieninis-vonios-maix161ytuvas-juodas-FLOWER.jpg\",\"width\":800,\"height\":800,\"caption\":\"Seinale paigaldatav vannitoasegisti FLOWER, must\"},{\"@type\":\"BreadcrumbList\",\"@id\":\"https:\/\/metaltale.com\/et\/toode\/seinale-paigaldatav-vannitoasegisti-flower-must\/#breadcrumb\",\"itemListElement\":[{\"@type\":\"ListItem\",\"position\":1,\"name\":\"Home\",\"item\":\"https:\/\/metaltale.com\/et\/kodu\/\"},{\"@type\":\"ListItem\",\"position\":2,\"name\":\"Kauplus\",\"item\":\"https:\/\/metaltale.com\/et\/shop\/\"},{\"@type\":\"ListItem\",\"position\":3,\"name\":\"Seinale paigaldatav vannitoasegisti FLOWER, must\"}]},{\"@type\":\"WebSite\",\"@id\":\"https:\/\/metaltale.com\/et\/#website\",\"url\":\"https:\/\/metaltale.com\/et\/\",\"name\":\"Metaltale.com\",\"description\":\"\",\"potentialAction\":[{\"@type\":\"SearchAction\",\"target\":{\"@type\":\"EntryPoint\",\"urlTemplate\":\"https:\/\/metaltale.com\/et\/?s={search_term_string}\"},\"query-input\":{\"@type\":\"PropertyValueSpecification\",\"valueRequired\":true,\"valueName\":\"search_term_string\"}}],\"inLanguage\":\"et\"}]}<\/script>\n<!-- \/ Yoast SEO plugin. -->","yoast_head_json":{"title":"Seinale paigaldatav vannitoasegisti FLOWER, must - MetalTale.com","robots":{"index":"index","follow":"follow","max-snippet":"max-snippet:-1","max-image-preview":"max-image-preview:large","max-video-preview":"max-video-preview:-1"},"canonical":"https:\/\/metaltale.com\/et\/toode\/seinale-paigaldatav-vannitoasegisti-flower-must\/","og_locale":"et_EE","og_type":"article","og_title":"Seinale paigaldatav vannitoasegisti FLOWER, must - MetalTale.com","og_description":"Mudel WX.XT334-BLA Lillede kollektsioon Materjal Messing \u00dcldine k\u00f5rgus (cm) 34 \u00dcldine laius (cm) 20 Koguprojektsioon (cm) 19 Du\u0161ipea l\u00e4bim\u00f5\u00f5t (cm","og_url":"https:\/\/metaltale.com\/et\/toode\/seinale-paigaldatav-vannitoasegisti-flower-must\/","og_site_name":"MetalTale.com","og_image":[{"width":800,"height":800,"url":"https:\/\/metaltale.com\/wp-content\/uploads\/2023\/11\/Sieninis-vonios-maix161ytuvas-juodas-FLOWER.jpg","type":"image\/jpeg"}],"twitter_card":"summary_large_image","twitter_misc":{"Est. reading time":"1 minut"},"schema":{"@context":"https:\/\/schema.org","@graph":[{"@type":"WebPage","@id":"https:\/\/metaltale.com\/et\/toode\/seinale-paigaldatav-vannitoasegisti-flower-must\/","url":"https:\/\/metaltale.com\/et\/toode\/seinale-paigaldatav-vannitoasegisti-flower-must\/","name":"Seinale paigaldatav vannitoasegisti FLOWER, must - MetalTale.com","isPartOf":{"@id":"https:\/\/metaltale.com\/et\/#website"},"primaryImageOfPage":{"@id":"https:\/\/metaltale.com\/et\/toode\/seinale-paigaldatav-vannitoasegisti-flower-must\/#primaryimage"},"image":{"@id":"https:\/\/metaltale.com\/et\/toode\/seinale-paigaldatav-vannitoasegisti-flower-must\/#primaryimage"},"thumbnailUrl":"https:\/\/metaltale.com\/wp-content\/uploads\/2023\/11\/Sieninis-vonios-maix161ytuvas-juodas-FLOWER.jpg","datePublished":"2024-02-13T13:33:05+00:00","breadcrumb":{"@id":"https:\/\/metaltale.com\/et\/toode\/seinale-paigaldatav-vannitoasegisti-flower-must\/#breadcrumb"},"inLanguage":"et","potentialAction":[{"@type":"ReadAction","target":["https:\/\/metaltale.com\/et\/toode\/seinale-paigaldatav-vannitoasegisti-flower-must\/"]}]},{"@type":"ImageObject","inLanguage":"et","@id":"https:\/\/metaltale.com\/et\/toode\/seinale-paigaldatav-vannitoasegisti-flower-must\/#primaryimage","url":"https:\/\/metaltale.com\/wp-content\/uploads\/2023\/11\/Sieninis-vonios-maix161ytuvas-juodas-FLOWER.jpg","contentUrl":"https:\/\/metaltale.com\/wp-content\/uploads\/2023\/11\/Sieninis-vonios-maix161ytuvas-juodas-FLOWER.jpg","width":800,"height":800,"caption":"Seinale paigaldatav vannitoasegisti FLOWER, must"},{"@type":"BreadcrumbList","@id":"https:\/\/metaltale.com\/et\/toode\/seinale-paigaldatav-vannitoasegisti-flower-must\/#breadcrumb","itemListElement":[{"@type":"ListItem","position":1,"name":"Home","item":"https:\/\/metaltale.com\/et\/kodu\/"},{"@type":"ListItem","position":2,"name":"Kauplus","item":"https:\/\/metaltale.com\/et\/shop\/"},{"@type":"ListItem","position":3,"name":"Seinale paigaldatav vannitoasegisti FLOWER, must"}]},{"@type":"WebSite","@id":"https:\/\/metaltale.com\/et\/#website","url":"https:\/\/metaltale.com\/et\/","name":"Metaltale.com","description":"","potentialAction":[{"@type":"SearchAction","target":{"@type":"EntryPoint","urlTemplate":"https:\/\/metaltale.com\/et\/?s={search_term_string}"},"query-input":{"@type":"PropertyValueSpecification","valueRequired":true,"valueName":"search_term_string"}}],"inLanguage":"et"}]}},"_links":{"self":[{"href":"https:\/\/metaltale.com\/et\/wp-json\/wp\/v2\/product\/133040","targetHints":{"allow":["GET"]}}],"collection":[{"href":"https:\/\/metaltale.com\/et\/wp-json\/wp\/v2\/product"}],"about":[{"href":"https:\/\/metaltale.com\/et\/wp-json\/wp\/v2\/types\/product"}],"replies":[{"embeddable":true,"href":"https:\/\/metaltale.com\/et\/wp-json\/wp\/v2\/comments?post=133040"}],"version-history":[{"count":0,"href":"https:\/\/metaltale.com\/et\/wp-json\/wp\/v2\/product\/133040\/revisions"}],"wp:featuredmedia":[{"embeddable":true,"href":"https:\/\/metaltale.com\/et\/wp-json\/wp\/v2\/media\/115487"}],"wp:attachment":[{"href":"https:\/\/metaltale.com\/et\/wp-json\/wp\/v2\/media?parent=133040"}],"wp:term":[{"taxonomy":"product_brand","embeddable":true,"href":"https:\/\/metaltale.com\/et\/wp-json\/wp\/v2\/product_brand?post=133040"},{"taxonomy":"product_cat","embeddable":true,"href":"https:\/\/metaltale.com\/et\/wp-json\/wp\/v2\/product_cat?post=133040"},{"taxonomy":"product_tag","embeddable":true,"href":"https:\/\/metaltale.com\/et\/wp-json\/wp\/v2\/product_tag?post=133040"}],"curies":[{"name":"wp","href":"https:\/\/api.w.org\/{rel}","templated":true}]}}