{"id":133037,"date":"2024-02-13T15:33:05","date_gmt":"2024-02-13T13:33:05","guid":{"rendered":"https:\/\/metaltale.com\/produktas\/vannitoa-seinakraan-ennis-antiikmessingist\/"},"modified":"2024-02-13T15:33:05","modified_gmt":"2024-02-13T13:33:05","slug":"vannitoa-seinakraan-ennis-antiikmessingist","status":"publish","type":"product","link":"https:\/\/metaltale.com\/et\/toode\/vannitoa-seinakraan-ennis-antiikmessingist\/","title":{"rendered":"Vannitoa seinakraan ENNIS, antiikmessingist"},"content":{"rendered":"<div class=\"prod_data\">\n<p><strong>Mudel<\/strong> WX.XT357-ANT<br \/>\n<strong>V\u00e4ljalaskeava pikkus (cm<\/strong> ) 23<br \/>\n<strong>Materjal<\/strong> Messing<br \/>\n<strong>\u00dcldine k\u00f5rgus (cm)<\/strong> 39<br \/>\n<strong>\u00dcldine laius (cm)<\/strong> 20<br \/>\n<strong>Koguprojektsioon (cm)<\/strong> 25<br \/>\n<strong>Du\u0161ipea l\u00e4bim\u00f5\u00f5t (cm)<\/strong> 8<br \/>\n<strong>Du\u0161ipea pikkus (cm)<\/strong> 22<br \/>\n<strong>Vooliku pikkus (cm<\/strong> ) 150<br \/>\n<strong>Kraanide vaheline kaugus (cm)<\/strong> 15<br \/>\n<strong>P\u00f6\u00f6rlev v\u00e4ljalaskeava<\/strong> Jah<br \/>\n<strong>V\u00e4rv<\/strong> Antik messingist<br \/>\nViimistlus Matte<br \/>\n<strong>Kraani t\u00fc\u00fcp<\/strong> Seinale paigaldatav<\/p>\n<p>roostevabast terasest vannitoa kraan<\/p>\n<p>Komplekt: vannisegisti, du\u0161ik\u00e4epide<\/p>\n<p>keraamiline pea &#8211; element, mis tagab vee n\u00f5uetekohase jaotamise<\/p>\n<p>lihtne hooldus &#8211; soe vesi ja PH neutraalne seep<\/p>\n<p>&#8220;Anti-Calc&#8221; &#8211; katlakivivastane s\u00fcsteem du\u0161ik\u00e4epidemel<\/p>\n<hr>\n<p>Retrostiilis seinale paigaldatav vannitoasegisti koos sisseehitatud du\u0161\u0161otsikuga on element, mis muudab iga vannitoa silmapaistvaks. Ebatavaline antiikmessingist varju ja keraamiline kaunistus muudavad selle segisti teie kujunduse keskpunktiks. V\u00f5luv du\u0161iotsik tuletab meelde mineviku traditsioone, nagu ka klassikalised kraanid, mis on taas populaarseks saamas. Seinale paigaldatav vannitoasegisti mitte ainult ei t\u00e4ienda ideaalselt interj\u00f6\u00f6ri atmosf\u00e4\u00e4ri, vaid loob selle ka ja muutub vannitoa s\u00fcdameks, andes sellele ainulaadse retroh\u00f5ngulise iseloomu.<\/p>\n<\/div>\n","protected":false},"excerpt":{"rendered":"<p>Mudel WX.XT357-ANT V\u00e4ljalaskeava pikkus (cm ) 23 Materjal Messing \u00dcldine k\u00f5rgus (cm) 39 \u00dcldine laius (cm) 20 Koguprojektsioon (cm) 25<\/p>\n","protected":false},"featured_media":115540,"comment_status":"open","ping_status":"closed","template":"","meta":{"_acf_changed":false,"pmpro_default_level":""},"product_brand":[],"product_cat":[24154,24166],"product_tag":[],"class_list":{"0":"post-133037","1":"product","2":"type-product","3":"status-publish","4":"has-post-thumbnail","6":"product_cat-vannitoa-kraanid","7":"product_cat-vannitoa-kraanid-et","8":"pmpro-has-access","10":"first","11":"instock","12":"shipping-taxable","13":"purchasable","14":"product-type-simple"},"acf":[],"yoast_head":"<!-- This site is optimized with the Yoast SEO plugin v24.9 - https:\/\/yoast.com\/wordpress\/plugins\/seo\/ -->\n<title>Vannitoa seinakraan ENNIS, antiikmessingist - MetalTale.com<\/title>\n<meta name=\"robots\" content=\"index, follow, max-snippet:-1, max-image-preview:large, max-video-preview:-1\" \/>\n<link rel=\"canonical\" href=\"https:\/\/metaltale.com\/et\/toode\/vannitoa-seinakraan-ennis-antiikmessingist\/\" \/>\n<meta property=\"og:locale\" content=\"et_EE\" \/>\n<meta property=\"og:type\" content=\"article\" \/>\n<meta property=\"og:title\" content=\"Vannitoa seinakraan ENNIS, antiikmessingist - MetalTale.com\" \/>\n<meta property=\"og:description\" content=\"Mudel WX.XT357-ANT V\u00e4ljalaskeava pikkus (cm ) 23 Materjal Messing \u00dcldine k\u00f5rgus (cm) 39 \u00dcldine laius (cm) 20 Koguprojektsioon (cm) 25\" \/>\n<meta property=\"og:url\" content=\"https:\/\/metaltale.com\/et\/toode\/vannitoa-seinakraan-ennis-antiikmessingist\/\" \/>\n<meta property=\"og:site_name\" content=\"MetalTale.com\" \/>\n<meta property=\"og:image\" content=\"https:\/\/metaltale.com\/wp-content\/uploads\/2023\/11\/Sieninis-vonios-maix161ytuvas-Antikvarinis-x17Ealvaris-ENNIS.jpg\" \/>\n\t<meta property=\"og:image:width\" content=\"800\" \/>\n\t<meta property=\"og:image:height\" content=\"800\" \/>\n\t<meta property=\"og:image:type\" content=\"image\/jpeg\" \/>\n<meta name=\"twitter:card\" content=\"summary_large_image\" \/>\n<meta name=\"twitter:label1\" content=\"Est. reading time\" \/>\n\t<meta name=\"twitter:data1\" content=\"1 minut\" \/>\n<script type=\"application\/ld+json\" class=\"yoast-schema-graph\">{\"@context\":\"https:\/\/schema.org\",\"@graph\":[{\"@type\":\"WebPage\",\"@id\":\"https:\/\/metaltale.com\/et\/toode\/vannitoa-seinakraan-ennis-antiikmessingist\/\",\"url\":\"https:\/\/metaltale.com\/et\/toode\/vannitoa-seinakraan-ennis-antiikmessingist\/\",\"name\":\"Vannitoa seinakraan ENNIS, antiikmessingist - MetalTale.com\",\"isPartOf\":{\"@id\":\"https:\/\/metaltale.com\/et\/#website\"},\"primaryImageOfPage\":{\"@id\":\"https:\/\/metaltale.com\/et\/toode\/vannitoa-seinakraan-ennis-antiikmessingist\/#primaryimage\"},\"image\":{\"@id\":\"https:\/\/metaltale.com\/et\/toode\/vannitoa-seinakraan-ennis-antiikmessingist\/#primaryimage\"},\"thumbnailUrl\":\"https:\/\/metaltale.com\/wp-content\/uploads\/2023\/11\/Sieninis-vonios-maix161ytuvas-Antikvarinis-x17Ealvaris-ENNIS.jpg\",\"datePublished\":\"2024-02-13T13:33:05+00:00\",\"breadcrumb\":{\"@id\":\"https:\/\/metaltale.com\/et\/toode\/vannitoa-seinakraan-ennis-antiikmessingist\/#breadcrumb\"},\"inLanguage\":\"et\",\"potentialAction\":[{\"@type\":\"ReadAction\",\"target\":[\"https:\/\/metaltale.com\/et\/toode\/vannitoa-seinakraan-ennis-antiikmessingist\/\"]}]},{\"@type\":\"ImageObject\",\"inLanguage\":\"et\",\"@id\":\"https:\/\/metaltale.com\/et\/toode\/vannitoa-seinakraan-ennis-antiikmessingist\/#primaryimage\",\"url\":\"https:\/\/metaltale.com\/wp-content\/uploads\/2023\/11\/Sieninis-vonios-maix161ytuvas-Antikvarinis-x17Ealvaris-ENNIS.jpg\",\"contentUrl\":\"https:\/\/metaltale.com\/wp-content\/uploads\/2023\/11\/Sieninis-vonios-maix161ytuvas-Antikvarinis-x17Ealvaris-ENNIS.jpg\",\"width\":800,\"height\":800,\"caption\":\"Vannitoa seinakraan ENNIS, antiikmessingist\"},{\"@type\":\"BreadcrumbList\",\"@id\":\"https:\/\/metaltale.com\/et\/toode\/vannitoa-seinakraan-ennis-antiikmessingist\/#breadcrumb\",\"itemListElement\":[{\"@type\":\"ListItem\",\"position\":1,\"name\":\"Home\",\"item\":\"https:\/\/metaltale.com\/et\/kodu\/\"},{\"@type\":\"ListItem\",\"position\":2,\"name\":\"Kauplus\",\"item\":\"https:\/\/metaltale.com\/et\/shop\/\"},{\"@type\":\"ListItem\",\"position\":3,\"name\":\"Vannitoa seinakraan ENNIS, antiikmessingist\"}]},{\"@type\":\"WebSite\",\"@id\":\"https:\/\/metaltale.com\/et\/#website\",\"url\":\"https:\/\/metaltale.com\/et\/\",\"name\":\"Metaltale.com\",\"description\":\"\",\"potentialAction\":[{\"@type\":\"SearchAction\",\"target\":{\"@type\":\"EntryPoint\",\"urlTemplate\":\"https:\/\/metaltale.com\/et\/?s={search_term_string}\"},\"query-input\":{\"@type\":\"PropertyValueSpecification\",\"valueRequired\":true,\"valueName\":\"search_term_string\"}}],\"inLanguage\":\"et\"}]}<\/script>\n<!-- \/ Yoast SEO plugin. -->","yoast_head_json":{"title":"Vannitoa seinakraan ENNIS, antiikmessingist - MetalTale.com","robots":{"index":"index","follow":"follow","max-snippet":"max-snippet:-1","max-image-preview":"max-image-preview:large","max-video-preview":"max-video-preview:-1"},"canonical":"https:\/\/metaltale.com\/et\/toode\/vannitoa-seinakraan-ennis-antiikmessingist\/","og_locale":"et_EE","og_type":"article","og_title":"Vannitoa seinakraan ENNIS, antiikmessingist - MetalTale.com","og_description":"Mudel WX.XT357-ANT V\u00e4ljalaskeava pikkus (cm ) 23 Materjal Messing \u00dcldine k\u00f5rgus (cm) 39 \u00dcldine laius (cm) 20 Koguprojektsioon (cm) 25","og_url":"https:\/\/metaltale.com\/et\/toode\/vannitoa-seinakraan-ennis-antiikmessingist\/","og_site_name":"MetalTale.com","og_image":[{"width":800,"height":800,"url":"https:\/\/metaltale.com\/wp-content\/uploads\/2023\/11\/Sieninis-vonios-maix161ytuvas-Antikvarinis-x17Ealvaris-ENNIS.jpg","type":"image\/jpeg"}],"twitter_card":"summary_large_image","twitter_misc":{"Est. reading time":"1 minut"},"schema":{"@context":"https:\/\/schema.org","@graph":[{"@type":"WebPage","@id":"https:\/\/metaltale.com\/et\/toode\/vannitoa-seinakraan-ennis-antiikmessingist\/","url":"https:\/\/metaltale.com\/et\/toode\/vannitoa-seinakraan-ennis-antiikmessingist\/","name":"Vannitoa seinakraan ENNIS, antiikmessingist - MetalTale.com","isPartOf":{"@id":"https:\/\/metaltale.com\/et\/#website"},"primaryImageOfPage":{"@id":"https:\/\/metaltale.com\/et\/toode\/vannitoa-seinakraan-ennis-antiikmessingist\/#primaryimage"},"image":{"@id":"https:\/\/metaltale.com\/et\/toode\/vannitoa-seinakraan-ennis-antiikmessingist\/#primaryimage"},"thumbnailUrl":"https:\/\/metaltale.com\/wp-content\/uploads\/2023\/11\/Sieninis-vonios-maix161ytuvas-Antikvarinis-x17Ealvaris-ENNIS.jpg","datePublished":"2024-02-13T13:33:05+00:00","breadcrumb":{"@id":"https:\/\/metaltale.com\/et\/toode\/vannitoa-seinakraan-ennis-antiikmessingist\/#breadcrumb"},"inLanguage":"et","potentialAction":[{"@type":"ReadAction","target":["https:\/\/metaltale.com\/et\/toode\/vannitoa-seinakraan-ennis-antiikmessingist\/"]}]},{"@type":"ImageObject","inLanguage":"et","@id":"https:\/\/metaltale.com\/et\/toode\/vannitoa-seinakraan-ennis-antiikmessingist\/#primaryimage","url":"https:\/\/metaltale.com\/wp-content\/uploads\/2023\/11\/Sieninis-vonios-maix161ytuvas-Antikvarinis-x17Ealvaris-ENNIS.jpg","contentUrl":"https:\/\/metaltale.com\/wp-content\/uploads\/2023\/11\/Sieninis-vonios-maix161ytuvas-Antikvarinis-x17Ealvaris-ENNIS.jpg","width":800,"height":800,"caption":"Vannitoa seinakraan ENNIS, antiikmessingist"},{"@type":"BreadcrumbList","@id":"https:\/\/metaltale.com\/et\/toode\/vannitoa-seinakraan-ennis-antiikmessingist\/#breadcrumb","itemListElement":[{"@type":"ListItem","position":1,"name":"Home","item":"https:\/\/metaltale.com\/et\/kodu\/"},{"@type":"ListItem","position":2,"name":"Kauplus","item":"https:\/\/metaltale.com\/et\/shop\/"},{"@type":"ListItem","position":3,"name":"Vannitoa seinakraan ENNIS, antiikmessingist"}]},{"@type":"WebSite","@id":"https:\/\/metaltale.com\/et\/#website","url":"https:\/\/metaltale.com\/et\/","name":"Metaltale.com","description":"","potentialAction":[{"@type":"SearchAction","target":{"@type":"EntryPoint","urlTemplate":"https:\/\/metaltale.com\/et\/?s={search_term_string}"},"query-input":{"@type":"PropertyValueSpecification","valueRequired":true,"valueName":"search_term_string"}}],"inLanguage":"et"}]}},"_links":{"self":[{"href":"https:\/\/metaltale.com\/et\/wp-json\/wp\/v2\/product\/133037","targetHints":{"allow":["GET"]}}],"collection":[{"href":"https:\/\/metaltale.com\/et\/wp-json\/wp\/v2\/product"}],"about":[{"href":"https:\/\/metaltale.com\/et\/wp-json\/wp\/v2\/types\/product"}],"replies":[{"embeddable":true,"href":"https:\/\/metaltale.com\/et\/wp-json\/wp\/v2\/comments?post=133037"}],"version-history":[{"count":0,"href":"https:\/\/metaltale.com\/et\/wp-json\/wp\/v2\/product\/133037\/revisions"}],"wp:featuredmedia":[{"embeddable":true,"href":"https:\/\/metaltale.com\/et\/wp-json\/wp\/v2\/media\/115540"}],"wp:attachment":[{"href":"https:\/\/metaltale.com\/et\/wp-json\/wp\/v2\/media?parent=133037"}],"wp:term":[{"taxonomy":"product_brand","embeddable":true,"href":"https:\/\/metaltale.com\/et\/wp-json\/wp\/v2\/product_brand?post=133037"},{"taxonomy":"product_cat","embeddable":true,"href":"https:\/\/metaltale.com\/et\/wp-json\/wp\/v2\/product_cat?post=133037"},{"taxonomy":"product_tag","embeddable":true,"href":"https:\/\/metaltale.com\/et\/wp-json\/wp\/v2\/product_tag?post=133037"}],"curies":[{"name":"wp","href":"https:\/\/api.w.org\/{rel}","templated":true}]}}