{"id":133035,"date":"2024-02-13T15:33:05","date_gmt":"2024-02-13T13:33:05","guid":{"rendered":"https:\/\/metaltale.com\/produktas\/vannitoa-seinakraan-flower-antiikmessingist\/"},"modified":"2024-02-13T15:33:05","modified_gmt":"2024-02-13T13:33:05","slug":"vannitoa-seinakraan-flower-antiikmessingist","status":"publish","type":"product","link":"https:\/\/metaltale.com\/et\/toode\/vannitoa-seinakraan-flower-antiikmessingist\/","title":{"rendered":"Vannitoa seinakraan FLOWER, antiikmessingist"},"content":{"rendered":"<div class=\"prod_data\">\n<p><strong>Mudel<\/strong> WX.XT334-ANT<br \/>\nLillede <strong>kollektsioon<\/strong><br \/>\n<strong>Materjal<\/strong> Messing<br \/>\n<strong>\u00dcldine k\u00f5rgus (cm)<\/strong> 34<br \/>\n<strong>\u00dcldine laius (cm)<\/strong> 20<br \/>\n<strong>Koguprojektsioon (cm)<\/strong> 19<br \/>\n<strong>Du\u0161ipea l\u00e4bim\u00f5\u00f5t (cm<\/strong> ) 6,2<br \/>\n<strong>Du\u0161ipea pikkus (cm<\/strong> ) 24,5<br \/>\n<strong>Vooliku pikkus (cm<\/strong> ) 150<br \/>\n<strong>P\u00f6\u00f6rlev v\u00e4ljalaskeava<\/strong> Jah<br \/>\n<strong>V\u00e4rv<\/strong> Antik messingist<br \/>\n<strong>Viimistlus<\/strong> Pehme, satiinne efekt<\/p>\n<p>messingist vannitoa kraan<\/p>\n<p>Komplekt: p\u00f6\u00f6rlev vanniotsik, du\u0161ikang<\/p>\n<p>keraamiline pea &#8211; element, mis tagab vee n\u00f5uetekohase jaotamise<\/p>\n<p>lihtne hooldus &#8211; soe vesi ja PH neutraalne seep<\/p>\n<hr>\n<p>Mitte miski ei anna vannitoale sellist \u00fcllatuslikku retrostiili nagu erakordse kvaliteediga messingist vannitoasisustus. Keraamilise peaga segistid on selle seadme t\u00e4iuslik t\u00e4iendus. Unikaalne antiikmessingist v\u00e4rvus, peenelt poleeritud pind ning rosetil meelega sisse viidud h\u00f5\u00f5rutud ja kumerad mustrid eristavad antiikse vannitoasegisti seinale. See ei ole mitte ainult funktsionaalne, vaid ka dekoratiivne, j\u00e4\u00e4dvustades suurep\u00e4raselt mineviku atmosf\u00e4\u00e4ri ja andes teie vannitoale erakordse retroh\u00f5ngu. Lillekujuline du\u0161iotsik lisab lisadekoratsiooni, tuues kergust ja harmooniat.<\/p>\n<\/div>\n","protected":false},"excerpt":{"rendered":"<p>Mudel WX.XT334-ANT Lillede kollektsioon Materjal Messing \u00dcldine k\u00f5rgus (cm) 34 \u00dcldine laius (cm) 20 Koguprojektsioon (cm) 19 Du\u0161ipea l\u00e4bim\u00f5\u00f5t (cm<\/p>\n","protected":false},"featured_media":115456,"comment_status":"open","ping_status":"closed","template":"","meta":{"_acf_changed":false,"pmpro_default_level":""},"product_brand":[],"product_cat":[24154,24166],"product_tag":[],"class_list":{"0":"post-133035","1":"product","2":"type-product","3":"status-publish","4":"has-post-thumbnail","6":"product_cat-vannitoa-kraanid","7":"product_cat-vannitoa-kraanid-et","8":"pmpro-has-access","10":"first","11":"instock","12":"shipping-taxable","13":"purchasable","14":"product-type-simple"},"acf":[],"yoast_head":"<!-- This site is optimized with the Yoast SEO plugin v24.9 - https:\/\/yoast.com\/wordpress\/plugins\/seo\/ -->\n<title>Vannitoa seinakraan FLOWER, antiikmessingist - MetalTale.com<\/title>\n<meta name=\"robots\" content=\"index, follow, max-snippet:-1, max-image-preview:large, max-video-preview:-1\" \/>\n<link rel=\"canonical\" href=\"https:\/\/metaltale.com\/et\/toode\/vannitoa-seinakraan-flower-antiikmessingist\/\" \/>\n<meta property=\"og:locale\" content=\"et_EE\" \/>\n<meta property=\"og:type\" content=\"article\" \/>\n<meta property=\"og:title\" content=\"Vannitoa seinakraan FLOWER, antiikmessingist - MetalTale.com\" \/>\n<meta property=\"og:description\" content=\"Mudel WX.XT334-ANT Lillede kollektsioon Materjal Messing \u00dcldine k\u00f5rgus (cm) 34 \u00dcldine laius (cm) 20 Koguprojektsioon (cm) 19 Du\u0161ipea l\u00e4bim\u00f5\u00f5t (cm\" \/>\n<meta property=\"og:url\" content=\"https:\/\/metaltale.com\/et\/toode\/vannitoa-seinakraan-flower-antiikmessingist\/\" \/>\n<meta property=\"og:site_name\" content=\"MetalTale.com\" \/>\n<meta name=\"twitter:card\" content=\"summary_large_image\" \/>\n<meta name=\"twitter:label1\" content=\"Est. reading time\" \/>\n\t<meta name=\"twitter:data1\" content=\"1 minut\" \/>\n<script type=\"application\/ld+json\" class=\"yoast-schema-graph\">{\"@context\":\"https:\/\/schema.org\",\"@graph\":[{\"@type\":\"WebPage\",\"@id\":\"https:\/\/metaltale.com\/et\/toode\/vannitoa-seinakraan-flower-antiikmessingist\/\",\"url\":\"https:\/\/metaltale.com\/et\/toode\/vannitoa-seinakraan-flower-antiikmessingist\/\",\"name\":\"Vannitoa seinakraan FLOWER, antiikmessingist - MetalTale.com\",\"isPartOf\":{\"@id\":\"https:\/\/metaltale.com\/et\/#website\"},\"primaryImageOfPage\":{\"@id\":\"https:\/\/metaltale.com\/et\/toode\/vannitoa-seinakraan-flower-antiikmessingist\/#primaryimage\"},\"image\":{\"@id\":\"https:\/\/metaltale.com\/et\/toode\/vannitoa-seinakraan-flower-antiikmessingist\/#primaryimage\"},\"thumbnailUrl\":\"https:\/\/metaltale.com\/wp-content\/uploads\/2023\/11\/Sieninis-vonios-maix161ytuvas-Antikvarinis-x17Ealvaris-FLOWER.jpg\",\"datePublished\":\"2024-02-13T13:33:05+00:00\",\"breadcrumb\":{\"@id\":\"https:\/\/metaltale.com\/et\/toode\/vannitoa-seinakraan-flower-antiikmessingist\/#breadcrumb\"},\"inLanguage\":\"et\",\"potentialAction\":[{\"@type\":\"ReadAction\",\"target\":[\"https:\/\/metaltale.com\/et\/toode\/vannitoa-seinakraan-flower-antiikmessingist\/\"]}]},{\"@type\":\"ImageObject\",\"inLanguage\":\"et\",\"@id\":\"https:\/\/metaltale.com\/et\/toode\/vannitoa-seinakraan-flower-antiikmessingist\/#primaryimage\",\"url\":\"https:\/\/metaltale.com\/wp-content\/uploads\/2023\/11\/Sieninis-vonios-maix161ytuvas-Antikvarinis-x17Ealvaris-FLOWER.jpg\",\"contentUrl\":\"https:\/\/metaltale.com\/wp-content\/uploads\/2023\/11\/Sieninis-vonios-maix161ytuvas-Antikvarinis-x17Ealvaris-FLOWER.jpg\",\"width\":800,\"height\":800,\"caption\":\"Vannitoa seinakraan FLOWER, antiikmessingist\"},{\"@type\":\"BreadcrumbList\",\"@id\":\"https:\/\/metaltale.com\/et\/toode\/vannitoa-seinakraan-flower-antiikmessingist\/#breadcrumb\",\"itemListElement\":[{\"@type\":\"ListItem\",\"position\":1,\"name\":\"Home\",\"item\":\"https:\/\/metaltale.com\/et\/kodu\/\"},{\"@type\":\"ListItem\",\"position\":2,\"name\":\"Kauplus\",\"item\":\"https:\/\/metaltale.com\/et\/shop\/\"},{\"@type\":\"ListItem\",\"position\":3,\"name\":\"Vannitoa seinakraan FLOWER, antiikmessingist\"}]},{\"@type\":\"WebSite\",\"@id\":\"https:\/\/metaltale.com\/et\/#website\",\"url\":\"https:\/\/metaltale.com\/et\/\",\"name\":\"Metaltale.com\",\"description\":\"\",\"potentialAction\":[{\"@type\":\"SearchAction\",\"target\":{\"@type\":\"EntryPoint\",\"urlTemplate\":\"https:\/\/metaltale.com\/et\/?s={search_term_string}\"},\"query-input\":{\"@type\":\"PropertyValueSpecification\",\"valueRequired\":true,\"valueName\":\"search_term_string\"}}],\"inLanguage\":\"et\"}]}<\/script>\n<!-- \/ Yoast SEO plugin. -->","yoast_head_json":{"title":"Vannitoa seinakraan FLOWER, antiikmessingist - MetalTale.com","robots":{"index":"index","follow":"follow","max-snippet":"max-snippet:-1","max-image-preview":"max-image-preview:large","max-video-preview":"max-video-preview:-1"},"canonical":"https:\/\/metaltale.com\/et\/toode\/vannitoa-seinakraan-flower-antiikmessingist\/","og_locale":"et_EE","og_type":"article","og_title":"Vannitoa seinakraan FLOWER, antiikmessingist - MetalTale.com","og_description":"Mudel WX.XT334-ANT Lillede kollektsioon Materjal Messing \u00dcldine k\u00f5rgus (cm) 34 \u00dcldine laius (cm) 20 Koguprojektsioon (cm) 19 Du\u0161ipea l\u00e4bim\u00f5\u00f5t (cm","og_url":"https:\/\/metaltale.com\/et\/toode\/vannitoa-seinakraan-flower-antiikmessingist\/","og_site_name":"MetalTale.com","twitter_card":"summary_large_image","twitter_misc":{"Est. reading time":"1 minut"},"schema":{"@context":"https:\/\/schema.org","@graph":[{"@type":"WebPage","@id":"https:\/\/metaltale.com\/et\/toode\/vannitoa-seinakraan-flower-antiikmessingist\/","url":"https:\/\/metaltale.com\/et\/toode\/vannitoa-seinakraan-flower-antiikmessingist\/","name":"Vannitoa seinakraan FLOWER, antiikmessingist - MetalTale.com","isPartOf":{"@id":"https:\/\/metaltale.com\/et\/#website"},"primaryImageOfPage":{"@id":"https:\/\/metaltale.com\/et\/toode\/vannitoa-seinakraan-flower-antiikmessingist\/#primaryimage"},"image":{"@id":"https:\/\/metaltale.com\/et\/toode\/vannitoa-seinakraan-flower-antiikmessingist\/#primaryimage"},"thumbnailUrl":"https:\/\/metaltale.com\/wp-content\/uploads\/2023\/11\/Sieninis-vonios-maix161ytuvas-Antikvarinis-x17Ealvaris-FLOWER.jpg","datePublished":"2024-02-13T13:33:05+00:00","breadcrumb":{"@id":"https:\/\/metaltale.com\/et\/toode\/vannitoa-seinakraan-flower-antiikmessingist\/#breadcrumb"},"inLanguage":"et","potentialAction":[{"@type":"ReadAction","target":["https:\/\/metaltale.com\/et\/toode\/vannitoa-seinakraan-flower-antiikmessingist\/"]}]},{"@type":"ImageObject","inLanguage":"et","@id":"https:\/\/metaltale.com\/et\/toode\/vannitoa-seinakraan-flower-antiikmessingist\/#primaryimage","url":"https:\/\/metaltale.com\/wp-content\/uploads\/2023\/11\/Sieninis-vonios-maix161ytuvas-Antikvarinis-x17Ealvaris-FLOWER.jpg","contentUrl":"https:\/\/metaltale.com\/wp-content\/uploads\/2023\/11\/Sieninis-vonios-maix161ytuvas-Antikvarinis-x17Ealvaris-FLOWER.jpg","width":800,"height":800,"caption":"Vannitoa seinakraan FLOWER, antiikmessingist"},{"@type":"BreadcrumbList","@id":"https:\/\/metaltale.com\/et\/toode\/vannitoa-seinakraan-flower-antiikmessingist\/#breadcrumb","itemListElement":[{"@type":"ListItem","position":1,"name":"Home","item":"https:\/\/metaltale.com\/et\/kodu\/"},{"@type":"ListItem","position":2,"name":"Kauplus","item":"https:\/\/metaltale.com\/et\/shop\/"},{"@type":"ListItem","position":3,"name":"Vannitoa seinakraan FLOWER, antiikmessingist"}]},{"@type":"WebSite","@id":"https:\/\/metaltale.com\/et\/#website","url":"https:\/\/metaltale.com\/et\/","name":"Metaltale.com","description":"","potentialAction":[{"@type":"SearchAction","target":{"@type":"EntryPoint","urlTemplate":"https:\/\/metaltale.com\/et\/?s={search_term_string}"},"query-input":{"@type":"PropertyValueSpecification","valueRequired":true,"valueName":"search_term_string"}}],"inLanguage":"et"}]}},"_links":{"self":[{"href":"https:\/\/metaltale.com\/et\/wp-json\/wp\/v2\/product\/133035","targetHints":{"allow":["GET"]}}],"collection":[{"href":"https:\/\/metaltale.com\/et\/wp-json\/wp\/v2\/product"}],"about":[{"href":"https:\/\/metaltale.com\/et\/wp-json\/wp\/v2\/types\/product"}],"replies":[{"embeddable":true,"href":"https:\/\/metaltale.com\/et\/wp-json\/wp\/v2\/comments?post=133035"}],"version-history":[{"count":0,"href":"https:\/\/metaltale.com\/et\/wp-json\/wp\/v2\/product\/133035\/revisions"}],"wp:featuredmedia":[{"embeddable":true,"href":"https:\/\/metaltale.com\/et\/wp-json\/wp\/v2\/media\/115456"}],"wp:attachment":[{"href":"https:\/\/metaltale.com\/et\/wp-json\/wp\/v2\/media?parent=133035"}],"wp:term":[{"taxonomy":"product_brand","embeddable":true,"href":"https:\/\/metaltale.com\/et\/wp-json\/wp\/v2\/product_brand?post=133035"},{"taxonomy":"product_cat","embeddable":true,"href":"https:\/\/metaltale.com\/et\/wp-json\/wp\/v2\/product_cat?post=133035"},{"taxonomy":"product_tag","embeddable":true,"href":"https:\/\/metaltale.com\/et\/wp-json\/wp\/v2\/product_tag?post=133035"}],"curies":[{"name":"wp","href":"https:\/\/api.w.org\/{rel}","templated":true}]}}