{"id":133020,"date":"2024-02-13T15:33:05","date_gmt":"2024-02-13T13:33:05","guid":{"rendered":"https:\/\/metaltale.com\/produktas\/mooblinupp-antique-35mm-antique-green\/"},"modified":"2024-02-13T15:33:05","modified_gmt":"2024-02-13T13:33:05","slug":"mooblinupp-antique-35mm-antique-green","status":"publish","type":"product","link":"https:\/\/metaltale.com\/et\/toode\/mooblinupp-antique-35mm-antique-green\/","title":{"rendered":"M\u00f6\u00f6blinupp ANTIQUE 35mm ANTIQUE GREEN"},"content":{"rendered":"<div class=\"prod_data\">\n<p><strong>Mudel<\/strong> 24466.PRGR<br \/>\n<strong>Materjal<\/strong> Tsinksulam<br \/>\n<strong>\u00dcldine laius (cm)<\/strong> 3,5<br \/>\n<strong>Koguprojektsioon (cm)<\/strong> 2,8<br \/>\n<strong>Paigalduskruvid<\/strong> Kruvi<\/p>\n<p>Toode on valmistatud k\u00f5rgeima kvaliteediga materjalidest, nii et see kestab meile kaua aega.<\/p>\n<p>Pind j\u00e4tab mulje vananemisest, andes k\u00e4epidemele maal\u00e4hedase iseloomu.<\/p>\n<p>Klassikaline kuju muudab selle v\u00e4ga funktsionaalseks<\/p>\n<p>Poldi k\u00fclge kinnitatud toode, et anda meile lihtne ja kiire kokkupanek<\/p>\n<hr>\n<p>M\u00f6\u00f6blinupp on v\u00e4ga oluline element, mis aitab meil anda meie m\u00f6\u00f6blile uue ilme. Tasub meeles pidada, et kuigi k\u00e4epidemed on v\u00e4ike dekoratiivne element, v\u00f5ivad need kergesti anda meie m\u00f6\u00f6blile isikup\u00e4rase varjundi. Lisaks dekoratiivsele funktsioonile on k\u00e4epidemel ka v\u00e4ga oluline praktiline roll, seega peaks see olema vastupidav ja kauakestev, ja seda meie poes olevad tooted ka teevad.<\/p>\n<p>ANTYKi m\u00f6\u00f6blinupp on lihtsa kujuga, st. y. laiem keha istub v\u00e4\u00e4rtuslikumal jalal, mis tagab h\u00f5lpsa haaramise ja avamise. Nupp j\u00e4tab v\u00e4ga vananenud mulje, sest v\u00e4rvimuutused on n\u00e4htavad. K\u00f5ik see annab sellele maal\u00e4hedase iseloomu ja muudab selle ideaalselt sobivaks nii traditsiooniliste interj\u00f6\u00f6ride kui ka vintage- v\u00f5i retroh\u00f5nguliste interj\u00f6\u00f6ride jaoks. K\u00e4epideme k\u00fclge on kinnitatud kinnituskruvi, mis h\u00f5lbustab meile toote kiiret pealekandmist. ANTYKi m\u00f6\u00f6blinupp uuendab v\u00f5i annab meie m\u00f6\u00f6blile v\u00e4ga lihtsal viisil originaalse ja ainulaadse stiili.<\/p>\n<\/div>\n","protected":false},"excerpt":{"rendered":"<p>Mudel 24466.PRGR Materjal Tsinksulam \u00dcldine laius (cm) 3,5 Koguprojektsioon (cm) 2,8 Paigalduskruvid Kruvi Toode on valmistatud k\u00f5rgeima kvaliteediga materjalidest, nii<\/p>\n","protected":false},"featured_media":130707,"comment_status":"open","ping_status":"closed","template":"","meta":{"_acf_changed":false,"pmpro_default_level":""},"product_brand":[],"product_cat":[23880,23836,23873],"product_tag":[],"class_list":{"0":"post-133020","1":"product","2":"type-product","3":"status-publish","4":"has-post-thumbnail","6":"product_cat-baldu-rankeneles-et","7":"product_cat-moobli-tarvikud","8":"product_cat-rankeneles-et","9":"pmpro-has-access","11":"first","12":"instock","13":"shipping-taxable","14":"purchasable","15":"product-type-simple"},"acf":[],"yoast_head":"<!-- This site is optimized with the Yoast SEO plugin v24.9 - https:\/\/yoast.com\/wordpress\/plugins\/seo\/ -->\n<title>M\u00f6\u00f6blinupp ANTIQUE 35mm ANTIQUE GREEN - MetalTale.com<\/title>\n<meta name=\"robots\" content=\"index, follow, max-snippet:-1, max-image-preview:large, max-video-preview:-1\" \/>\n<link rel=\"canonical\" href=\"https:\/\/metaltale.com\/et\/toode\/mooblinupp-antique-35mm-antique-green\/\" \/>\n<meta property=\"og:locale\" content=\"et_EE\" \/>\n<meta property=\"og:type\" content=\"article\" \/>\n<meta property=\"og:title\" content=\"M\u00f6\u00f6blinupp ANTIQUE 35mm ANTIQUE GREEN - MetalTale.com\" \/>\n<meta property=\"og:description\" content=\"Mudel 24466.PRGR Materjal Tsinksulam \u00dcldine laius (cm) 3,5 Koguprojektsioon (cm) 2,8 Paigalduskruvid Kruvi Toode on valmistatud k\u00f5rgeima kvaliteediga materjalidest, nii\" \/>\n<meta property=\"og:url\" content=\"https:\/\/metaltale.com\/et\/toode\/mooblinupp-antique-35mm-antique-green\/\" \/>\n<meta property=\"og:site_name\" content=\"MetalTale.com\" \/>\n<meta name=\"twitter:card\" content=\"summary_large_image\" \/>\n<meta name=\"twitter:label1\" content=\"Est. reading time\" \/>\n\t<meta name=\"twitter:data1\" content=\"1 minut\" \/>\n<script type=\"application\/ld+json\" class=\"yoast-schema-graph\">{\"@context\":\"https:\/\/schema.org\",\"@graph\":[{\"@type\":\"WebPage\",\"@id\":\"https:\/\/metaltale.com\/et\/toode\/mooblinupp-antique-35mm-antique-green\/\",\"url\":\"https:\/\/metaltale.com\/et\/toode\/mooblinupp-antique-35mm-antique-green\/\",\"name\":\"M\u00f6\u00f6blinupp ANTIQUE 35mm ANTIQUE GREEN - MetalTale.com\",\"isPartOf\":{\"@id\":\"https:\/\/metaltale.com\/et\/#website\"},\"primaryImageOfPage\":{\"@id\":\"https:\/\/metaltale.com\/et\/toode\/mooblinupp-antique-35mm-antique-green\/#primaryimage\"},\"image\":{\"@id\":\"https:\/\/metaltale.com\/et\/toode\/mooblinupp-antique-35mm-antique-green\/#primaryimage\"},\"thumbnailUrl\":\"https:\/\/metaltale.com\/wp-content\/uploads\/2024\/01\/Baldu-rankenele-ANTIQUE-30mm-ANTIKVINIS-ZALVARIS.jpg\",\"datePublished\":\"2024-02-13T13:33:05+00:00\",\"breadcrumb\":{\"@id\":\"https:\/\/metaltale.com\/et\/toode\/mooblinupp-antique-35mm-antique-green\/#breadcrumb\"},\"inLanguage\":\"et\",\"potentialAction\":[{\"@type\":\"ReadAction\",\"target\":[\"https:\/\/metaltale.com\/et\/toode\/mooblinupp-antique-35mm-antique-green\/\"]}]},{\"@type\":\"ImageObject\",\"inLanguage\":\"et\",\"@id\":\"https:\/\/metaltale.com\/et\/toode\/mooblinupp-antique-35mm-antique-green\/#primaryimage\",\"url\":\"https:\/\/metaltale.com\/wp-content\/uploads\/2024\/01\/Baldu-rankenele-ANTIQUE-30mm-ANTIKVINIS-ZALVARIS.jpg\",\"contentUrl\":\"https:\/\/metaltale.com\/wp-content\/uploads\/2024\/01\/Baldu-rankenele-ANTIQUE-30mm-ANTIKVINIS-ZALVARIS.jpg\",\"width\":800,\"height\":800,\"caption\":\"M\u00f6\u00f6blinupp ANTIQUE 30mm ANTIQUE ROHELINE\"},{\"@type\":\"BreadcrumbList\",\"@id\":\"https:\/\/metaltale.com\/et\/toode\/mooblinupp-antique-35mm-antique-green\/#breadcrumb\",\"itemListElement\":[{\"@type\":\"ListItem\",\"position\":1,\"name\":\"Home\",\"item\":\"https:\/\/metaltale.com\/et\/kodu\/\"},{\"@type\":\"ListItem\",\"position\":2,\"name\":\"Kauplus\",\"item\":\"https:\/\/metaltale.com\/et\/shop\/\"},{\"@type\":\"ListItem\",\"position\":3,\"name\":\"M\u00f6\u00f6blinupp ANTIQUE 35mm ANTIQUE GREEN\"}]},{\"@type\":\"WebSite\",\"@id\":\"https:\/\/metaltale.com\/et\/#website\",\"url\":\"https:\/\/metaltale.com\/et\/\",\"name\":\"Metaltale.com\",\"description\":\"\",\"potentialAction\":[{\"@type\":\"SearchAction\",\"target\":{\"@type\":\"EntryPoint\",\"urlTemplate\":\"https:\/\/metaltale.com\/et\/?s={search_term_string}\"},\"query-input\":{\"@type\":\"PropertyValueSpecification\",\"valueRequired\":true,\"valueName\":\"search_term_string\"}}],\"inLanguage\":\"et\"}]}<\/script>\n<!-- \/ Yoast SEO plugin. -->","yoast_head_json":{"title":"M\u00f6\u00f6blinupp ANTIQUE 35mm ANTIQUE GREEN - MetalTale.com","robots":{"index":"index","follow":"follow","max-snippet":"max-snippet:-1","max-image-preview":"max-image-preview:large","max-video-preview":"max-video-preview:-1"},"canonical":"https:\/\/metaltale.com\/et\/toode\/mooblinupp-antique-35mm-antique-green\/","og_locale":"et_EE","og_type":"article","og_title":"M\u00f6\u00f6blinupp ANTIQUE 35mm ANTIQUE GREEN - MetalTale.com","og_description":"Mudel 24466.PRGR Materjal Tsinksulam \u00dcldine laius (cm) 3,5 Koguprojektsioon (cm) 2,8 Paigalduskruvid Kruvi Toode on valmistatud k\u00f5rgeima kvaliteediga materjalidest, nii","og_url":"https:\/\/metaltale.com\/et\/toode\/mooblinupp-antique-35mm-antique-green\/","og_site_name":"MetalTale.com","twitter_card":"summary_large_image","twitter_misc":{"Est. reading time":"1 minut"},"schema":{"@context":"https:\/\/schema.org","@graph":[{"@type":"WebPage","@id":"https:\/\/metaltale.com\/et\/toode\/mooblinupp-antique-35mm-antique-green\/","url":"https:\/\/metaltale.com\/et\/toode\/mooblinupp-antique-35mm-antique-green\/","name":"M\u00f6\u00f6blinupp ANTIQUE 35mm ANTIQUE GREEN - MetalTale.com","isPartOf":{"@id":"https:\/\/metaltale.com\/et\/#website"},"primaryImageOfPage":{"@id":"https:\/\/metaltale.com\/et\/toode\/mooblinupp-antique-35mm-antique-green\/#primaryimage"},"image":{"@id":"https:\/\/metaltale.com\/et\/toode\/mooblinupp-antique-35mm-antique-green\/#primaryimage"},"thumbnailUrl":"https:\/\/metaltale.com\/wp-content\/uploads\/2024\/01\/Baldu-rankenele-ANTIQUE-30mm-ANTIKVINIS-ZALVARIS.jpg","datePublished":"2024-02-13T13:33:05+00:00","breadcrumb":{"@id":"https:\/\/metaltale.com\/et\/toode\/mooblinupp-antique-35mm-antique-green\/#breadcrumb"},"inLanguage":"et","potentialAction":[{"@type":"ReadAction","target":["https:\/\/metaltale.com\/et\/toode\/mooblinupp-antique-35mm-antique-green\/"]}]},{"@type":"ImageObject","inLanguage":"et","@id":"https:\/\/metaltale.com\/et\/toode\/mooblinupp-antique-35mm-antique-green\/#primaryimage","url":"https:\/\/metaltale.com\/wp-content\/uploads\/2024\/01\/Baldu-rankenele-ANTIQUE-30mm-ANTIKVINIS-ZALVARIS.jpg","contentUrl":"https:\/\/metaltale.com\/wp-content\/uploads\/2024\/01\/Baldu-rankenele-ANTIQUE-30mm-ANTIKVINIS-ZALVARIS.jpg","width":800,"height":800,"caption":"M\u00f6\u00f6blinupp ANTIQUE 30mm ANTIQUE ROHELINE"},{"@type":"BreadcrumbList","@id":"https:\/\/metaltale.com\/et\/toode\/mooblinupp-antique-35mm-antique-green\/#breadcrumb","itemListElement":[{"@type":"ListItem","position":1,"name":"Home","item":"https:\/\/metaltale.com\/et\/kodu\/"},{"@type":"ListItem","position":2,"name":"Kauplus","item":"https:\/\/metaltale.com\/et\/shop\/"},{"@type":"ListItem","position":3,"name":"M\u00f6\u00f6blinupp ANTIQUE 35mm ANTIQUE GREEN"}]},{"@type":"WebSite","@id":"https:\/\/metaltale.com\/et\/#website","url":"https:\/\/metaltale.com\/et\/","name":"Metaltale.com","description":"","potentialAction":[{"@type":"SearchAction","target":{"@type":"EntryPoint","urlTemplate":"https:\/\/metaltale.com\/et\/?s={search_term_string}"},"query-input":{"@type":"PropertyValueSpecification","valueRequired":true,"valueName":"search_term_string"}}],"inLanguage":"et"}]}},"_links":{"self":[{"href":"https:\/\/metaltale.com\/et\/wp-json\/wp\/v2\/product\/133020","targetHints":{"allow":["GET"]}}],"collection":[{"href":"https:\/\/metaltale.com\/et\/wp-json\/wp\/v2\/product"}],"about":[{"href":"https:\/\/metaltale.com\/et\/wp-json\/wp\/v2\/types\/product"}],"replies":[{"embeddable":true,"href":"https:\/\/metaltale.com\/et\/wp-json\/wp\/v2\/comments?post=133020"}],"version-history":[{"count":0,"href":"https:\/\/metaltale.com\/et\/wp-json\/wp\/v2\/product\/133020\/revisions"}],"wp:featuredmedia":[{"embeddable":true,"href":"https:\/\/metaltale.com\/et\/wp-json\/wp\/v2\/media\/130707"}],"wp:attachment":[{"href":"https:\/\/metaltale.com\/et\/wp-json\/wp\/v2\/media?parent=133020"}],"wp:term":[{"taxonomy":"product_brand","embeddable":true,"href":"https:\/\/metaltale.com\/et\/wp-json\/wp\/v2\/product_brand?post=133020"},{"taxonomy":"product_cat","embeddable":true,"href":"https:\/\/metaltale.com\/et\/wp-json\/wp\/v2\/product_cat?post=133020"},{"taxonomy":"product_tag","embeddable":true,"href":"https:\/\/metaltale.com\/et\/wp-json\/wp\/v2\/product_tag?post=133020"}],"curies":[{"name":"wp","href":"https:\/\/api.w.org\/{rel}","templated":true}]}}