{"id":132994,"date":"2024-02-13T15:31:50","date_gmt":"2024-02-13T13:31:50","guid":{"rendered":"https:\/\/metaltale.com\/produktas\/coffee-retro-dekoratiivne-metallist-laud\/"},"modified":"2024-02-13T15:31:50","modified_gmt":"2024-02-13T13:31:50","slug":"coffee-retro-dekoratiivne-metallist-laud","status":"publish","type":"product","link":"https:\/\/metaltale.com\/et\/toode\/coffee-retro-dekoratiivne-metallist-laud\/","title":{"rendered":"COFFEE RETRO dekoratiivne metallist laud"},"content":{"rendered":"<div class=\"prod_data\"><strong>Mudel<\/strong> IN.10246  <br \/><strong>EAN.<\/strong>  5907772077344  <br \/><strong>Laius (cm)<\/strong> 20  <br \/><strong>K\u00f5rgus (cm)<\/strong> 30  <br \/><strong>Materjal<\/strong> teras  <br \/><strong>Kujundid Ristk\u00fclikukujuline<\/strong>  <br \/><strong>Orienteerimine<\/strong> Vertikaalne  <br \/><strong>Tuba<\/strong> Kohvik, restoran  <br \/><strong>Motiiv<\/strong> huumor, joogid  <\/p>\n<p>Nelinurkne metalllaud on kaetud v\u00e4ga vastupidava v\u00e4rvi ja lakiga, mis kaitseb seda kulumise eest. Iga plaat on pakitud kaitsekilesse ja kinnitatud \u00f5rnade aukudega. Pange t\u00e4hele tahtlikku h\u00f5\u00f5rdumist ja muid vananemise m\u00e4rke, mis loovad unikaalse retrostiilis seinakaunistuse.<\/p>\n<p>Tootel on kujutatud naist, kes hoiab k\u00e4es tassi kohvi ja kiri &#8220;Coffee! Sa v\u00f5id magada, kui oled surnud!&#8221;.  <\/p>\n<p>See metallist seinakaunistus on originaalne kingiidee, aga ka juhuslik ja m\u00e4nguline kaunistus kohvikutele.  <\/p>\n<\/div>\n","protected":false},"excerpt":{"rendered":"<p>Mudel IN.10246 EAN. 5907772077344 Laius (cm) 20 K\u00f5rgus (cm) 30 Materjal teras Kujundid Ristk\u00fclikukujuline Orienteerimine Vertikaalne Tuba Kohvik, restoran Motiiv<\/p>\n","protected":false},"featured_media":111623,"comment_status":"open","ping_status":"closed","template":"","meta":{"_acf_changed":false,"pmpro_default_level":""},"product_brand":[],"product_cat":[23895],"product_tag":[],"class_list":{"0":"post-132994","1":"product","2":"type-product","3":"status-publish","4":"has-post-thumbnail","6":"product_cat-kaunistused","7":"pmpro-has-access","9":"first","10":"instock","11":"shipping-taxable","12":"purchasable","13":"product-type-simple"},"acf":[],"yoast_head":"<!-- This site is optimized with the Yoast SEO plugin v24.9 - https:\/\/yoast.com\/wordpress\/plugins\/seo\/ -->\n<title>COFFEE RETRO dekoratiivne metallist laud - MetalTale.com<\/title>\n<meta name=\"robots\" content=\"index, follow, max-snippet:-1, max-image-preview:large, max-video-preview:-1\" \/>\n<link rel=\"canonical\" href=\"https:\/\/metaltale.com\/et\/toode\/coffee-retro-dekoratiivne-metallist-laud\/\" \/>\n<meta property=\"og:locale\" content=\"et_EE\" \/>\n<meta property=\"og:type\" content=\"article\" \/>\n<meta property=\"og:title\" content=\"COFFEE RETRO dekoratiivne metallist laud - MetalTale.com\" \/>\n<meta property=\"og:description\" content=\"Mudel IN.10246 EAN. 5907772077344 Laius (cm) 20 K\u00f5rgus (cm) 30 Materjal teras Kujundid Ristk\u00fclikukujuline Orienteerimine Vertikaalne Tuba Kohvik, restoran Motiiv\" \/>\n<meta property=\"og:url\" content=\"https:\/\/metaltale.com\/et\/toode\/coffee-retro-dekoratiivne-metallist-laud\/\" \/>\n<meta property=\"og:site_name\" content=\"MetalTale.com\" \/>\n<meta name=\"twitter:card\" content=\"summary_large_image\" \/>\n<script type=\"application\/ld+json\" class=\"yoast-schema-graph\">{\"@context\":\"https:\/\/schema.org\",\"@graph\":[{\"@type\":\"WebPage\",\"@id\":\"https:\/\/metaltale.com\/et\/toode\/coffee-retro-dekoratiivne-metallist-laud\/\",\"url\":\"https:\/\/metaltale.com\/et\/toode\/coffee-retro-dekoratiivne-metallist-laud\/\",\"name\":\"COFFEE RETRO dekoratiivne metallist laud - MetalTale.com\",\"isPartOf\":{\"@id\":\"https:\/\/metaltale.com\/et\/#website\"},\"primaryImageOfPage\":{\"@id\":\"https:\/\/metaltale.com\/et\/toode\/coffee-retro-dekoratiivne-metallist-laud\/#primaryimage\"},\"image\":{\"@id\":\"https:\/\/metaltale.com\/et\/toode\/coffee-retro-dekoratiivne-metallist-laud\/#primaryimage\"},\"thumbnailUrl\":\"https:\/\/metaltale.com\/wp-content\/uploads\/2023\/11\/COFFEE-RETRO-dekoratyvinx117-metalinx117-lentelx117.jpg\",\"datePublished\":\"2024-02-13T13:31:50+00:00\",\"breadcrumb\":{\"@id\":\"https:\/\/metaltale.com\/et\/toode\/coffee-retro-dekoratiivne-metallist-laud\/#breadcrumb\"},\"inLanguage\":\"et\",\"potentialAction\":[{\"@type\":\"ReadAction\",\"target\":[\"https:\/\/metaltale.com\/et\/toode\/coffee-retro-dekoratiivne-metallist-laud\/\"]}]},{\"@type\":\"ImageObject\",\"inLanguage\":\"et\",\"@id\":\"https:\/\/metaltale.com\/et\/toode\/coffee-retro-dekoratiivne-metallist-laud\/#primaryimage\",\"url\":\"https:\/\/metaltale.com\/wp-content\/uploads\/2023\/11\/COFFEE-RETRO-dekoratyvinx117-metalinx117-lentelx117.jpg\",\"contentUrl\":\"https:\/\/metaltale.com\/wp-content\/uploads\/2023\/11\/COFFEE-RETRO-dekoratyvinx117-metalinx117-lentelx117.jpg\",\"width\":800,\"height\":800},{\"@type\":\"BreadcrumbList\",\"@id\":\"https:\/\/metaltale.com\/et\/toode\/coffee-retro-dekoratiivne-metallist-laud\/#breadcrumb\",\"itemListElement\":[{\"@type\":\"ListItem\",\"position\":1,\"name\":\"Home\",\"item\":\"https:\/\/metaltale.com\/et\/kodu\/\"},{\"@type\":\"ListItem\",\"position\":2,\"name\":\"Kauplus\",\"item\":\"https:\/\/metaltale.com\/et\/shop\/\"},{\"@type\":\"ListItem\",\"position\":3,\"name\":\"COFFEE RETRO dekoratiivne metallist laud\"}]},{\"@type\":\"WebSite\",\"@id\":\"https:\/\/metaltale.com\/et\/#website\",\"url\":\"https:\/\/metaltale.com\/et\/\",\"name\":\"Metaltale.com\",\"description\":\"\",\"potentialAction\":[{\"@type\":\"SearchAction\",\"target\":{\"@type\":\"EntryPoint\",\"urlTemplate\":\"https:\/\/metaltale.com\/et\/?s={search_term_string}\"},\"query-input\":{\"@type\":\"PropertyValueSpecification\",\"valueRequired\":true,\"valueName\":\"search_term_string\"}}],\"inLanguage\":\"et\"}]}<\/script>\n<!-- \/ Yoast SEO plugin. -->","yoast_head_json":{"title":"COFFEE RETRO dekoratiivne metallist laud - MetalTale.com","robots":{"index":"index","follow":"follow","max-snippet":"max-snippet:-1","max-image-preview":"max-image-preview:large","max-video-preview":"max-video-preview:-1"},"canonical":"https:\/\/metaltale.com\/et\/toode\/coffee-retro-dekoratiivne-metallist-laud\/","og_locale":"et_EE","og_type":"article","og_title":"COFFEE RETRO dekoratiivne metallist laud - MetalTale.com","og_description":"Mudel IN.10246 EAN. 5907772077344 Laius (cm) 20 K\u00f5rgus (cm) 30 Materjal teras Kujundid Ristk\u00fclikukujuline Orienteerimine Vertikaalne Tuba Kohvik, restoran Motiiv","og_url":"https:\/\/metaltale.com\/et\/toode\/coffee-retro-dekoratiivne-metallist-laud\/","og_site_name":"MetalTale.com","twitter_card":"summary_large_image","schema":{"@context":"https:\/\/schema.org","@graph":[{"@type":"WebPage","@id":"https:\/\/metaltale.com\/et\/toode\/coffee-retro-dekoratiivne-metallist-laud\/","url":"https:\/\/metaltale.com\/et\/toode\/coffee-retro-dekoratiivne-metallist-laud\/","name":"COFFEE RETRO dekoratiivne metallist laud - MetalTale.com","isPartOf":{"@id":"https:\/\/metaltale.com\/et\/#website"},"primaryImageOfPage":{"@id":"https:\/\/metaltale.com\/et\/toode\/coffee-retro-dekoratiivne-metallist-laud\/#primaryimage"},"image":{"@id":"https:\/\/metaltale.com\/et\/toode\/coffee-retro-dekoratiivne-metallist-laud\/#primaryimage"},"thumbnailUrl":"https:\/\/metaltale.com\/wp-content\/uploads\/2023\/11\/COFFEE-RETRO-dekoratyvinx117-metalinx117-lentelx117.jpg","datePublished":"2024-02-13T13:31:50+00:00","breadcrumb":{"@id":"https:\/\/metaltale.com\/et\/toode\/coffee-retro-dekoratiivne-metallist-laud\/#breadcrumb"},"inLanguage":"et","potentialAction":[{"@type":"ReadAction","target":["https:\/\/metaltale.com\/et\/toode\/coffee-retro-dekoratiivne-metallist-laud\/"]}]},{"@type":"ImageObject","inLanguage":"et","@id":"https:\/\/metaltale.com\/et\/toode\/coffee-retro-dekoratiivne-metallist-laud\/#primaryimage","url":"https:\/\/metaltale.com\/wp-content\/uploads\/2023\/11\/COFFEE-RETRO-dekoratyvinx117-metalinx117-lentelx117.jpg","contentUrl":"https:\/\/metaltale.com\/wp-content\/uploads\/2023\/11\/COFFEE-RETRO-dekoratyvinx117-metalinx117-lentelx117.jpg","width":800,"height":800},{"@type":"BreadcrumbList","@id":"https:\/\/metaltale.com\/et\/toode\/coffee-retro-dekoratiivne-metallist-laud\/#breadcrumb","itemListElement":[{"@type":"ListItem","position":1,"name":"Home","item":"https:\/\/metaltale.com\/et\/kodu\/"},{"@type":"ListItem","position":2,"name":"Kauplus","item":"https:\/\/metaltale.com\/et\/shop\/"},{"@type":"ListItem","position":3,"name":"COFFEE RETRO dekoratiivne metallist laud"}]},{"@type":"WebSite","@id":"https:\/\/metaltale.com\/et\/#website","url":"https:\/\/metaltale.com\/et\/","name":"Metaltale.com","description":"","potentialAction":[{"@type":"SearchAction","target":{"@type":"EntryPoint","urlTemplate":"https:\/\/metaltale.com\/et\/?s={search_term_string}"},"query-input":{"@type":"PropertyValueSpecification","valueRequired":true,"valueName":"search_term_string"}}],"inLanguage":"et"}]}},"_links":{"self":[{"href":"https:\/\/metaltale.com\/et\/wp-json\/wp\/v2\/product\/132994","targetHints":{"allow":["GET"]}}],"collection":[{"href":"https:\/\/metaltale.com\/et\/wp-json\/wp\/v2\/product"}],"about":[{"href":"https:\/\/metaltale.com\/et\/wp-json\/wp\/v2\/types\/product"}],"replies":[{"embeddable":true,"href":"https:\/\/metaltale.com\/et\/wp-json\/wp\/v2\/comments?post=132994"}],"version-history":[{"count":0,"href":"https:\/\/metaltale.com\/et\/wp-json\/wp\/v2\/product\/132994\/revisions"}],"wp:featuredmedia":[{"embeddable":true,"href":"https:\/\/metaltale.com\/et\/wp-json\/wp\/v2\/media\/111623"}],"wp:attachment":[{"href":"https:\/\/metaltale.com\/et\/wp-json\/wp\/v2\/media?parent=132994"}],"wp:term":[{"taxonomy":"product_brand","embeddable":true,"href":"https:\/\/metaltale.com\/et\/wp-json\/wp\/v2\/product_brand?post=132994"},{"taxonomy":"product_cat","embeddable":true,"href":"https:\/\/metaltale.com\/et\/wp-json\/wp\/v2\/product_cat?post=132994"},{"taxonomy":"product_tag","embeddable":true,"href":"https:\/\/metaltale.com\/et\/wp-json\/wp\/v2\/product_tag?post=132994"}],"curies":[{"name":"wp","href":"https:\/\/api.w.org\/{rel}","templated":true}]}}