{"id":132980,"date":"2024-02-13T15:31:50","date_gmt":"2024-02-13T13:31:50","guid":{"rendered":"https:\/\/metaltale.com\/produktas\/iced-coffee-dekoratiivne-metallplaat\/"},"modified":"2024-02-13T15:31:50","modified_gmt":"2024-02-13T13:31:50","slug":"iced-coffee-dekoratiivne-metallplaat","status":"publish","type":"product","link":"https:\/\/metaltale.com\/et\/toode\/iced-coffee-dekoratiivne-metallplaat\/","title":{"rendered":"ICED COFFEE dekoratiivne metallplaat"},"content":{"rendered":"<div class=\"prod_data\"><strong>Mudel<\/strong> IN.10014  <br \/><strong>EAN.<\/strong>  5907772078877  <br \/><strong>Laius (cm)<\/strong> 20  <br \/><strong>K\u00f5rgus (cm)<\/strong> 30  <br \/><strong>Materjal<\/strong> teras  <br \/><strong>Kujundid Ristk\u00fclikukujuline<\/strong>  <br \/><strong>Orienteerimine<\/strong> Vertikaalne  <br \/><strong>Toakohvik<\/strong>  <br \/><strong>Motiiv<\/strong> joogid  <\/p>\n<p>Ristk\u00fclikukujuline metallplaat, mis on kaetud k\u00f5rge kulumiskindlusega v\u00e4rvi ja kulumiskindla lakiga. Iga osa on \u00fcmbritsetud kaitsekilega. Seinakaunistus meenutab t\u00fc\u00fcpilisi ameerika kunagisi reklaamplakateid, millel on oodatud kustutused. Laud on kinnitatud \u00f5rnade aukudega.<\/p>\n<p>Tootel on m\u00e4rgistus &#8220;K\u00fclma kohvi serveerimine. Maitsev&#8230; alati v\u00e4rske!&#8221; ja j\u00e4\u00e4kohviklaasi joonis, mis on koosk\u00f5las vintage-plakati iseloomuga.<\/p>\n<p>Metallist seinakaunistus on originaalne kingiidee.<\/p>\n<\/div>\n","protected":false},"excerpt":{"rendered":"<p>Mudel IN.10014 EAN. 5907772078877 Laius (cm) 20 K\u00f5rgus (cm) 30 Materjal teras Kujundid Ristk\u00fclikukujuline Orienteerimine Vertikaalne Toakohvik Motiiv joogid Ristk\u00fclikukujuline<\/p>\n","protected":false},"featured_media":111527,"comment_status":"open","ping_status":"closed","template":"","meta":{"_acf_changed":false,"pmpro_default_level":""},"product_brand":[],"product_cat":[23895],"product_tag":[],"class_list":{"0":"post-132980","1":"product","2":"type-product","3":"status-publish","4":"has-post-thumbnail","6":"product_cat-kaunistused","7":"pmpro-has-access","9":"first","10":"instock","11":"shipping-taxable","12":"purchasable","13":"product-type-simple"},"acf":[],"yoast_head":"<!-- This site is optimized with the Yoast SEO plugin v24.9 - https:\/\/yoast.com\/wordpress\/plugins\/seo\/ -->\n<title>ICED COFFEE dekoratiivne metallplaat - MetalTale.com<\/title>\n<meta name=\"robots\" content=\"index, follow, max-snippet:-1, max-image-preview:large, max-video-preview:-1\" \/>\n<link rel=\"canonical\" href=\"https:\/\/metaltale.com\/et\/toode\/iced-coffee-dekoratiivne-metallplaat\/\" \/>\n<meta property=\"og:locale\" content=\"et_EE\" \/>\n<meta property=\"og:type\" content=\"article\" \/>\n<meta property=\"og:title\" content=\"ICED COFFEE dekoratiivne metallplaat - MetalTale.com\" \/>\n<meta property=\"og:description\" content=\"Mudel IN.10014 EAN. 5907772078877 Laius (cm) 20 K\u00f5rgus (cm) 30 Materjal teras Kujundid Ristk\u00fclikukujuline Orienteerimine Vertikaalne Toakohvik Motiiv joogid Ristk\u00fclikukujuline\" \/>\n<meta property=\"og:url\" content=\"https:\/\/metaltale.com\/et\/toode\/iced-coffee-dekoratiivne-metallplaat\/\" \/>\n<meta property=\"og:site_name\" content=\"MetalTale.com\" \/>\n<meta name=\"twitter:card\" content=\"summary_large_image\" \/>\n<script type=\"application\/ld+json\" class=\"yoast-schema-graph\">{\"@context\":\"https:\/\/schema.org\",\"@graph\":[{\"@type\":\"WebPage\",\"@id\":\"https:\/\/metaltale.com\/et\/toode\/iced-coffee-dekoratiivne-metallplaat\/\",\"url\":\"https:\/\/metaltale.com\/et\/toode\/iced-coffee-dekoratiivne-metallplaat\/\",\"name\":\"ICED COFFEE dekoratiivne metallplaat - MetalTale.com\",\"isPartOf\":{\"@id\":\"https:\/\/metaltale.com\/et\/#website\"},\"primaryImageOfPage\":{\"@id\":\"https:\/\/metaltale.com\/et\/toode\/iced-coffee-dekoratiivne-metallplaat\/#primaryimage\"},\"image\":{\"@id\":\"https:\/\/metaltale.com\/et\/toode\/iced-coffee-dekoratiivne-metallplaat\/#primaryimage\"},\"thumbnailUrl\":\"https:\/\/metaltale.com\/wp-content\/uploads\/2023\/11\/ICED-COFFEE-dekoratyvinx117-metalinx117-lentelx117.jpg\",\"datePublished\":\"2024-02-13T13:31:50+00:00\",\"breadcrumb\":{\"@id\":\"https:\/\/metaltale.com\/et\/toode\/iced-coffee-dekoratiivne-metallplaat\/#breadcrumb\"},\"inLanguage\":\"et\",\"potentialAction\":[{\"@type\":\"ReadAction\",\"target\":[\"https:\/\/metaltale.com\/et\/toode\/iced-coffee-dekoratiivne-metallplaat\/\"]}]},{\"@type\":\"ImageObject\",\"inLanguage\":\"et\",\"@id\":\"https:\/\/metaltale.com\/et\/toode\/iced-coffee-dekoratiivne-metallplaat\/#primaryimage\",\"url\":\"https:\/\/metaltale.com\/wp-content\/uploads\/2023\/11\/ICED-COFFEE-dekoratyvinx117-metalinx117-lentelx117.jpg\",\"contentUrl\":\"https:\/\/metaltale.com\/wp-content\/uploads\/2023\/11\/ICED-COFFEE-dekoratyvinx117-metalinx117-lentelx117.jpg\",\"width\":800,\"height\":800},{\"@type\":\"BreadcrumbList\",\"@id\":\"https:\/\/metaltale.com\/et\/toode\/iced-coffee-dekoratiivne-metallplaat\/#breadcrumb\",\"itemListElement\":[{\"@type\":\"ListItem\",\"position\":1,\"name\":\"Home\",\"item\":\"https:\/\/metaltale.com\/et\/kodu\/\"},{\"@type\":\"ListItem\",\"position\":2,\"name\":\"Kauplus\",\"item\":\"https:\/\/metaltale.com\/et\/shop\/\"},{\"@type\":\"ListItem\",\"position\":3,\"name\":\"ICED COFFEE dekoratiivne metallplaat\"}]},{\"@type\":\"WebSite\",\"@id\":\"https:\/\/metaltale.com\/et\/#website\",\"url\":\"https:\/\/metaltale.com\/et\/\",\"name\":\"Metaltale.com\",\"description\":\"\",\"potentialAction\":[{\"@type\":\"SearchAction\",\"target\":{\"@type\":\"EntryPoint\",\"urlTemplate\":\"https:\/\/metaltale.com\/et\/?s={search_term_string}\"},\"query-input\":{\"@type\":\"PropertyValueSpecification\",\"valueRequired\":true,\"valueName\":\"search_term_string\"}}],\"inLanguage\":\"et\"}]}<\/script>\n<!-- \/ Yoast SEO plugin. -->","yoast_head_json":{"title":"ICED COFFEE dekoratiivne metallplaat - MetalTale.com","robots":{"index":"index","follow":"follow","max-snippet":"max-snippet:-1","max-image-preview":"max-image-preview:large","max-video-preview":"max-video-preview:-1"},"canonical":"https:\/\/metaltale.com\/et\/toode\/iced-coffee-dekoratiivne-metallplaat\/","og_locale":"et_EE","og_type":"article","og_title":"ICED COFFEE dekoratiivne metallplaat - MetalTale.com","og_description":"Mudel IN.10014 EAN. 5907772078877 Laius (cm) 20 K\u00f5rgus (cm) 30 Materjal teras Kujundid Ristk\u00fclikukujuline Orienteerimine Vertikaalne Toakohvik Motiiv joogid Ristk\u00fclikukujuline","og_url":"https:\/\/metaltale.com\/et\/toode\/iced-coffee-dekoratiivne-metallplaat\/","og_site_name":"MetalTale.com","twitter_card":"summary_large_image","schema":{"@context":"https:\/\/schema.org","@graph":[{"@type":"WebPage","@id":"https:\/\/metaltale.com\/et\/toode\/iced-coffee-dekoratiivne-metallplaat\/","url":"https:\/\/metaltale.com\/et\/toode\/iced-coffee-dekoratiivne-metallplaat\/","name":"ICED COFFEE dekoratiivne metallplaat - MetalTale.com","isPartOf":{"@id":"https:\/\/metaltale.com\/et\/#website"},"primaryImageOfPage":{"@id":"https:\/\/metaltale.com\/et\/toode\/iced-coffee-dekoratiivne-metallplaat\/#primaryimage"},"image":{"@id":"https:\/\/metaltale.com\/et\/toode\/iced-coffee-dekoratiivne-metallplaat\/#primaryimage"},"thumbnailUrl":"https:\/\/metaltale.com\/wp-content\/uploads\/2023\/11\/ICED-COFFEE-dekoratyvinx117-metalinx117-lentelx117.jpg","datePublished":"2024-02-13T13:31:50+00:00","breadcrumb":{"@id":"https:\/\/metaltale.com\/et\/toode\/iced-coffee-dekoratiivne-metallplaat\/#breadcrumb"},"inLanguage":"et","potentialAction":[{"@type":"ReadAction","target":["https:\/\/metaltale.com\/et\/toode\/iced-coffee-dekoratiivne-metallplaat\/"]}]},{"@type":"ImageObject","inLanguage":"et","@id":"https:\/\/metaltale.com\/et\/toode\/iced-coffee-dekoratiivne-metallplaat\/#primaryimage","url":"https:\/\/metaltale.com\/wp-content\/uploads\/2023\/11\/ICED-COFFEE-dekoratyvinx117-metalinx117-lentelx117.jpg","contentUrl":"https:\/\/metaltale.com\/wp-content\/uploads\/2023\/11\/ICED-COFFEE-dekoratyvinx117-metalinx117-lentelx117.jpg","width":800,"height":800},{"@type":"BreadcrumbList","@id":"https:\/\/metaltale.com\/et\/toode\/iced-coffee-dekoratiivne-metallplaat\/#breadcrumb","itemListElement":[{"@type":"ListItem","position":1,"name":"Home","item":"https:\/\/metaltale.com\/et\/kodu\/"},{"@type":"ListItem","position":2,"name":"Kauplus","item":"https:\/\/metaltale.com\/et\/shop\/"},{"@type":"ListItem","position":3,"name":"ICED COFFEE dekoratiivne metallplaat"}]},{"@type":"WebSite","@id":"https:\/\/metaltale.com\/et\/#website","url":"https:\/\/metaltale.com\/et\/","name":"Metaltale.com","description":"","potentialAction":[{"@type":"SearchAction","target":{"@type":"EntryPoint","urlTemplate":"https:\/\/metaltale.com\/et\/?s={search_term_string}"},"query-input":{"@type":"PropertyValueSpecification","valueRequired":true,"valueName":"search_term_string"}}],"inLanguage":"et"}]}},"_links":{"self":[{"href":"https:\/\/metaltale.com\/et\/wp-json\/wp\/v2\/product\/132980","targetHints":{"allow":["GET"]}}],"collection":[{"href":"https:\/\/metaltale.com\/et\/wp-json\/wp\/v2\/product"}],"about":[{"href":"https:\/\/metaltale.com\/et\/wp-json\/wp\/v2\/types\/product"}],"replies":[{"embeddable":true,"href":"https:\/\/metaltale.com\/et\/wp-json\/wp\/v2\/comments?post=132980"}],"version-history":[{"count":0,"href":"https:\/\/metaltale.com\/et\/wp-json\/wp\/v2\/product\/132980\/revisions"}],"wp:featuredmedia":[{"embeddable":true,"href":"https:\/\/metaltale.com\/et\/wp-json\/wp\/v2\/media\/111527"}],"wp:attachment":[{"href":"https:\/\/metaltale.com\/et\/wp-json\/wp\/v2\/media?parent=132980"}],"wp:term":[{"taxonomy":"product_brand","embeddable":true,"href":"https:\/\/metaltale.com\/et\/wp-json\/wp\/v2\/product_brand?post=132980"},{"taxonomy":"product_cat","embeddable":true,"href":"https:\/\/metaltale.com\/et\/wp-json\/wp\/v2\/product_cat?post=132980"},{"taxonomy":"product_tag","embeddable":true,"href":"https:\/\/metaltale.com\/et\/wp-json\/wp\/v2\/product_tag?post=132980"}],"curies":[{"name":"wp","href":"https:\/\/api.w.org\/{rel}","templated":true}]}}