{"id":132907,"date":"2024-02-13T15:35:05","date_gmt":"2024-02-13T13:35:05","guid":{"rendered":"https:\/\/metaltale.com\/produktas\/vannitoasegisti-mallow-kuldne\/"},"modified":"2024-02-13T15:35:05","modified_gmt":"2024-02-13T13:35:05","slug":"vannitoasegisti-mallow-kuldne","status":"publish","type":"product","link":"https:\/\/metaltale.com\/et\/toode\/vannitoasegisti-mallow-kuldne\/","title":{"rendered":"Vannitoasegisti MALLOW, kuldne"},"content":{"rendered":"<div class=\"prod_data\">\n<p><strong>Mudel<\/strong> WX.50111-ANT<br \/>\n<strong>Segisti t\u00fc\u00fcp<\/strong> Vabalt seisev<br \/>\n<strong>V\u00e4ljalaskeava pikkus (cm)<\/strong> 11<br \/>\n<strong>K\u00f5rgus ninaotsani (cm)<\/strong> 67<br \/>\n<strong>Materjal<\/strong> Messing<br \/>\n<strong>\u00dcldine k\u00f5rgus (cm)<\/strong> 98<br \/>\n<strong>Aluse m\u00f5\u00f5tmed (cm)<\/strong> 28<br \/>\n<strong>Du\u0161ipea pikkus (cm)<\/strong> 25<br \/>\n<strong>Vooliku pikkus (cm<\/strong> ) 150<br \/>\n<strong>Kraanide vaheline kaugus (cm)<\/strong> 15<br \/>\n<strong>Perlator (\u00f5hutaja)<\/strong> Ei<br \/>\n<strong>P\u00f6\u00f6rlev v\u00e4ljalaskeava<\/strong> Jah<br \/>\n<strong>Anti-Calc (lubjavastane)<\/strong> Jah<br \/>\n<strong>V\u00e4rv<\/strong> Kuldne<br \/>\n<strong>Viimistlus<\/strong> l\u00e4ikiv<\/p>\n<p>messingist seisev segisti<\/p>\n<p>P\u00f6\u00f6rlev nina<\/p>\n<p>keraamiline pea &#8211; element, mis tagab vee n\u00f5uetekohase jaotamise<\/p>\n<p>\u00d5hutaja &#8211; vee tarbimise v\u00e4hendamiseks<\/p>\n<p>K\u00f5ik paigaldamiseks vajalikud komponendid on kaasas<\/p>\n<hr>\n<p>Vabalt seisev vannitoasegisti Mallow on valik vintage-stiili austajatele. Sellel vannitoasegistil on dekoratiivne jalg, millele segisti on paigaldatud, ning keraamilise elemendiga k\u00e4sidu\u0161\u0161. Elegantsed retrostiilis kraanid, mis on taas moes, hakkavad samuti silma, nagu ka ebatavaline kristallkraan, mis muudab veevoolu. See vannitoa kraan ei ole lihtsalt toode, vaid t\u00f5eline kaunistus, mis t\u00e4iustab teie vannitoa stiili. Avastage elegantsus ja funktsionaalsus \u00fches tootes.<\/p>\n<\/div>\n","protected":false},"excerpt":{"rendered":"<p>Mudel WX.50111-ANT Segisti t\u00fc\u00fcp Vabalt seisev V\u00e4ljalaskeava pikkus (cm) 11 K\u00f5rgus ninaotsani (cm) 67 Materjal Messing \u00dcldine k\u00f5rgus (cm) 98<\/p>\n","protected":false},"featured_media":118430,"comment_status":"open","ping_status":"closed","template":"","meta":{"_acf_changed":false,"pmpro_default_level":""},"product_brand":[],"product_cat":[24154,24166],"product_tag":[],"class_list":{"0":"post-132907","1":"product","2":"type-product","3":"status-publish","4":"has-post-thumbnail","6":"product_cat-vannitoa-kraanid","7":"product_cat-vannitoa-kraanid-et","8":"pmpro-has-access","10":"first","11":"instock","12":"shipping-taxable","13":"purchasable","14":"product-type-simple"},"acf":[],"yoast_head":"<!-- This site is optimized with the Yoast SEO plugin v24.9 - https:\/\/yoast.com\/wordpress\/plugins\/seo\/ -->\n<title>Vannitoasegisti MALLOW, kuldne - MetalTale.com<\/title>\n<meta name=\"robots\" content=\"index, follow, max-snippet:-1, max-image-preview:large, max-video-preview:-1\" \/>\n<link rel=\"canonical\" href=\"https:\/\/metaltale.com\/et\/toode\/vannitoasegisti-mallow-kuldne\/\" \/>\n<meta property=\"og:locale\" content=\"et_EE\" \/>\n<meta property=\"og:type\" content=\"article\" \/>\n<meta property=\"og:title\" content=\"Vannitoasegisti MALLOW, kuldne - MetalTale.com\" \/>\n<meta property=\"og:description\" content=\"Mudel WX.50111-ANT Segisti t\u00fc\u00fcp Vabalt seisev V\u00e4ljalaskeava pikkus (cm) 11 K\u00f5rgus ninaotsani (cm) 67 Materjal Messing \u00dcldine k\u00f5rgus (cm) 98\" \/>\n<meta property=\"og:url\" content=\"https:\/\/metaltale.com\/et\/toode\/vannitoasegisti-mallow-kuldne\/\" \/>\n<meta property=\"og:site_name\" content=\"MetalTale.com\" \/>\n<meta name=\"twitter:card\" content=\"summary_large_image\" \/>\n<meta name=\"twitter:label1\" content=\"Est. reading time\" \/>\n\t<meta name=\"twitter:data1\" content=\"1 minut\" \/>\n<script type=\"application\/ld+json\" class=\"yoast-schema-graph\">{\"@context\":\"https:\/\/schema.org\",\"@graph\":[{\"@type\":\"WebPage\",\"@id\":\"https:\/\/metaltale.com\/et\/toode\/vannitoasegisti-mallow-kuldne\/\",\"url\":\"https:\/\/metaltale.com\/et\/toode\/vannitoasegisti-mallow-kuldne\/\",\"name\":\"Vannitoasegisti MALLOW, kuldne - MetalTale.com\",\"isPartOf\":{\"@id\":\"https:\/\/metaltale.com\/et\/#website\"},\"primaryImageOfPage\":{\"@id\":\"https:\/\/metaltale.com\/et\/toode\/vannitoasegisti-mallow-kuldne\/#primaryimage\"},\"image\":{\"@id\":\"https:\/\/metaltale.com\/et\/toode\/vannitoasegisti-mallow-kuldne\/#primaryimage\"},\"thumbnailUrl\":\"https:\/\/metaltale.com\/wp-content\/uploads\/2023\/12\/Grindinis-vonios-maix161ytuvas-auksinis-MALLOW.jpg\",\"datePublished\":\"2024-02-13T13:35:05+00:00\",\"breadcrumb\":{\"@id\":\"https:\/\/metaltale.com\/et\/toode\/vannitoasegisti-mallow-kuldne\/#breadcrumb\"},\"inLanguage\":\"et\",\"potentialAction\":[{\"@type\":\"ReadAction\",\"target\":[\"https:\/\/metaltale.com\/et\/toode\/vannitoasegisti-mallow-kuldne\/\"]}]},{\"@type\":\"ImageObject\",\"inLanguage\":\"et\",\"@id\":\"https:\/\/metaltale.com\/et\/toode\/vannitoasegisti-mallow-kuldne\/#primaryimage\",\"url\":\"https:\/\/metaltale.com\/wp-content\/uploads\/2023\/12\/Grindinis-vonios-maix161ytuvas-auksinis-MALLOW.jpg\",\"contentUrl\":\"https:\/\/metaltale.com\/wp-content\/uploads\/2023\/12\/Grindinis-vonios-maix161ytuvas-auksinis-MALLOW.jpg\",\"width\":800,\"height\":800,\"caption\":\"Vannitoasegisti MALLOW, kuldne\"},{\"@type\":\"BreadcrumbList\",\"@id\":\"https:\/\/metaltale.com\/et\/toode\/vannitoasegisti-mallow-kuldne\/#breadcrumb\",\"itemListElement\":[{\"@type\":\"ListItem\",\"position\":1,\"name\":\"Home\",\"item\":\"https:\/\/metaltale.com\/et\/kodu\/\"},{\"@type\":\"ListItem\",\"position\":2,\"name\":\"Kauplus\",\"item\":\"https:\/\/metaltale.com\/et\/shop\/\"},{\"@type\":\"ListItem\",\"position\":3,\"name\":\"Vannitoasegisti MALLOW, kuldne\"}]},{\"@type\":\"WebSite\",\"@id\":\"https:\/\/metaltale.com\/et\/#website\",\"url\":\"https:\/\/metaltale.com\/et\/\",\"name\":\"Metaltale.com\",\"description\":\"\",\"potentialAction\":[{\"@type\":\"SearchAction\",\"target\":{\"@type\":\"EntryPoint\",\"urlTemplate\":\"https:\/\/metaltale.com\/et\/?s={search_term_string}\"},\"query-input\":{\"@type\":\"PropertyValueSpecification\",\"valueRequired\":true,\"valueName\":\"search_term_string\"}}],\"inLanguage\":\"et\"}]}<\/script>\n<!-- \/ Yoast SEO plugin. -->","yoast_head_json":{"title":"Vannitoasegisti MALLOW, kuldne - MetalTale.com","robots":{"index":"index","follow":"follow","max-snippet":"max-snippet:-1","max-image-preview":"max-image-preview:large","max-video-preview":"max-video-preview:-1"},"canonical":"https:\/\/metaltale.com\/et\/toode\/vannitoasegisti-mallow-kuldne\/","og_locale":"et_EE","og_type":"article","og_title":"Vannitoasegisti MALLOW, kuldne - MetalTale.com","og_description":"Mudel WX.50111-ANT Segisti t\u00fc\u00fcp Vabalt seisev V\u00e4ljalaskeava pikkus (cm) 11 K\u00f5rgus ninaotsani (cm) 67 Materjal Messing \u00dcldine k\u00f5rgus (cm) 98","og_url":"https:\/\/metaltale.com\/et\/toode\/vannitoasegisti-mallow-kuldne\/","og_site_name":"MetalTale.com","twitter_card":"summary_large_image","twitter_misc":{"Est. reading time":"1 minut"},"schema":{"@context":"https:\/\/schema.org","@graph":[{"@type":"WebPage","@id":"https:\/\/metaltale.com\/et\/toode\/vannitoasegisti-mallow-kuldne\/","url":"https:\/\/metaltale.com\/et\/toode\/vannitoasegisti-mallow-kuldne\/","name":"Vannitoasegisti MALLOW, kuldne - MetalTale.com","isPartOf":{"@id":"https:\/\/metaltale.com\/et\/#website"},"primaryImageOfPage":{"@id":"https:\/\/metaltale.com\/et\/toode\/vannitoasegisti-mallow-kuldne\/#primaryimage"},"image":{"@id":"https:\/\/metaltale.com\/et\/toode\/vannitoasegisti-mallow-kuldne\/#primaryimage"},"thumbnailUrl":"https:\/\/metaltale.com\/wp-content\/uploads\/2023\/12\/Grindinis-vonios-maix161ytuvas-auksinis-MALLOW.jpg","datePublished":"2024-02-13T13:35:05+00:00","breadcrumb":{"@id":"https:\/\/metaltale.com\/et\/toode\/vannitoasegisti-mallow-kuldne\/#breadcrumb"},"inLanguage":"et","potentialAction":[{"@type":"ReadAction","target":["https:\/\/metaltale.com\/et\/toode\/vannitoasegisti-mallow-kuldne\/"]}]},{"@type":"ImageObject","inLanguage":"et","@id":"https:\/\/metaltale.com\/et\/toode\/vannitoasegisti-mallow-kuldne\/#primaryimage","url":"https:\/\/metaltale.com\/wp-content\/uploads\/2023\/12\/Grindinis-vonios-maix161ytuvas-auksinis-MALLOW.jpg","contentUrl":"https:\/\/metaltale.com\/wp-content\/uploads\/2023\/12\/Grindinis-vonios-maix161ytuvas-auksinis-MALLOW.jpg","width":800,"height":800,"caption":"Vannitoasegisti MALLOW, kuldne"},{"@type":"BreadcrumbList","@id":"https:\/\/metaltale.com\/et\/toode\/vannitoasegisti-mallow-kuldne\/#breadcrumb","itemListElement":[{"@type":"ListItem","position":1,"name":"Home","item":"https:\/\/metaltale.com\/et\/kodu\/"},{"@type":"ListItem","position":2,"name":"Kauplus","item":"https:\/\/metaltale.com\/et\/shop\/"},{"@type":"ListItem","position":3,"name":"Vannitoasegisti MALLOW, kuldne"}]},{"@type":"WebSite","@id":"https:\/\/metaltale.com\/et\/#website","url":"https:\/\/metaltale.com\/et\/","name":"Metaltale.com","description":"","potentialAction":[{"@type":"SearchAction","target":{"@type":"EntryPoint","urlTemplate":"https:\/\/metaltale.com\/et\/?s={search_term_string}"},"query-input":{"@type":"PropertyValueSpecification","valueRequired":true,"valueName":"search_term_string"}}],"inLanguage":"et"}]}},"_links":{"self":[{"href":"https:\/\/metaltale.com\/et\/wp-json\/wp\/v2\/product\/132907","targetHints":{"allow":["GET"]}}],"collection":[{"href":"https:\/\/metaltale.com\/et\/wp-json\/wp\/v2\/product"}],"about":[{"href":"https:\/\/metaltale.com\/et\/wp-json\/wp\/v2\/types\/product"}],"replies":[{"embeddable":true,"href":"https:\/\/metaltale.com\/et\/wp-json\/wp\/v2\/comments?post=132907"}],"version-history":[{"count":0,"href":"https:\/\/metaltale.com\/et\/wp-json\/wp\/v2\/product\/132907\/revisions"}],"wp:featuredmedia":[{"embeddable":true,"href":"https:\/\/metaltale.com\/et\/wp-json\/wp\/v2\/media\/118430"}],"wp:attachment":[{"href":"https:\/\/metaltale.com\/et\/wp-json\/wp\/v2\/media?parent=132907"}],"wp:term":[{"taxonomy":"product_brand","embeddable":true,"href":"https:\/\/metaltale.com\/et\/wp-json\/wp\/v2\/product_brand?post=132907"},{"taxonomy":"product_cat","embeddable":true,"href":"https:\/\/metaltale.com\/et\/wp-json\/wp\/v2\/product_cat?post=132907"},{"taxonomy":"product_tag","embeddable":true,"href":"https:\/\/metaltale.com\/et\/wp-json\/wp\/v2\/product_tag?post=132907"}],"curies":[{"name":"wp","href":"https:\/\/api.w.org\/{rel}","templated":true}]}}