{"id":132898,"date":"2024-02-13T15:35:05","date_gmt":"2024-02-13T13:35:05","guid":{"rendered":"https:\/\/metaltale.com\/produktas\/vabalt-seisev-vannitoa-kraan-glen-1-antiikmessingist\/"},"modified":"2024-02-13T15:35:05","modified_gmt":"2024-02-13T13:35:05","slug":"vabalt-seisev-vannitoa-kraan-glen-1-antiikmessingist","status":"publish","type":"product","link":"https:\/\/metaltale.com\/et\/toode\/vabalt-seisev-vannitoa-kraan-glen-1-antiikmessingist\/","title":{"rendered":"Vabalt seisev vannitoa kraan GLEN 1, antiikmessingist"},"content":{"rendered":"<div class=\"prod_data\">\n<p><strong>Mudel<\/strong> WX.HT-92036-ANT<br \/>\n<strong>Segisti t\u00fc\u00fcp<\/strong> Vabalt seisev<br \/>\n<strong>V\u00e4ljalaskeava pikkus (cm<\/strong> ) 19<br \/>\n<strong>K\u00f5rgus ninaotsani (cm)<\/strong> 100,5<br \/>\n<strong>Materjal<\/strong> Messing<br \/>\n<strong>\u00dcldine k\u00f5rgus (cm)<\/strong> 107<br \/>\n<strong>Aluse m\u00f5\u00f5tmed (cm)<\/strong> 16<br \/>\n<strong>Perlator (\u00f5hutaja)<\/strong> Jah<br \/>\n<strong>P\u00f6\u00f6rlev v\u00e4ljalaskeava<\/strong> Jah<br \/>\n<strong>V\u00e4rv<\/strong> Antik messingist<br \/>\n<strong>Viimistlus<\/strong> Pehme, satiinne efekt<\/p>\n<p>messingist seisev segisti<\/p>\n<p>p\u00f6\u00f6rlev v\u00e4ljalaskeava<\/p>\n<p>keraamiline pea &#8211; element, mis tagab vee n\u00f5uetekohase jaotamise<\/p>\n<p>\u00d5hutur &#8211; vee tarbimise v\u00e4hendamiseks<\/p>\n<p>K\u00f5ik paigaldamiseks vajalikud komponendid on kaasas<\/p>\n<hr>\n<p>See messingist valmistatud vabalt seisev vannisegisti on ettepanek, mis muudab tavalise vannitoa kuninglikuks vanniks. Massiivne antiikmessingist konstruktsioon, millel on satiinne viimistlus, on kaunistatud ornamentidega, mis r\u00f5hutavad selgelt vintage- v\u00f5i retrostiili. Disaini stabiilsus tagab kasutusmugavuse, samas kui segisti peal olev muhklik reljeef lisab sellele v\u00f5lu. Vee vooluhulga regulaator asub segisti k\u00fcljel, mist\u00f5ttu on seda lihtne k\u00e4sitseda ja see v\u00f5imaldab sujuvat veevoolu reguleerimist.<\/p>\n<\/div>\n","protected":false},"excerpt":{"rendered":"<p>Mudel WX.HT-92036-ANT Segisti t\u00fc\u00fcp Vabalt seisev V\u00e4ljalaskeava pikkus (cm ) 19 K\u00f5rgus ninaotsani (cm) 100,5 Materjal Messing \u00dcldine k\u00f5rgus (cm)<\/p>\n","protected":false},"featured_media":118194,"comment_status":"open","ping_status":"closed","template":"","meta":{"_acf_changed":false,"pmpro_default_level":""},"product_brand":[],"product_cat":[24154,24166],"product_tag":[],"class_list":{"0":"post-132898","1":"product","2":"type-product","3":"status-publish","4":"has-post-thumbnail","6":"product_cat-vannitoa-kraanid","7":"product_cat-vannitoa-kraanid-et","8":"pmpro-has-access","10":"first","11":"instock","12":"shipping-taxable","13":"purchasable","14":"product-type-simple"},"acf":[],"yoast_head":"<!-- This site is optimized with the Yoast SEO plugin v24.9 - https:\/\/yoast.com\/wordpress\/plugins\/seo\/ -->\n<title>Vabalt seisev vannitoa kraan GLEN 1, antiikmessingist - MetalTale.com<\/title>\n<meta name=\"robots\" content=\"index, follow, max-snippet:-1, max-image-preview:large, max-video-preview:-1\" \/>\n<link rel=\"canonical\" href=\"https:\/\/metaltale.com\/et\/toode\/vabalt-seisev-vannitoa-kraan-glen-1-antiikmessingist\/\" \/>\n<meta property=\"og:locale\" content=\"et_EE\" \/>\n<meta property=\"og:type\" content=\"article\" \/>\n<meta property=\"og:title\" content=\"Vabalt seisev vannitoa kraan GLEN 1, antiikmessingist - MetalTale.com\" \/>\n<meta property=\"og:description\" content=\"Mudel WX.HT-92036-ANT Segisti t\u00fc\u00fcp Vabalt seisev V\u00e4ljalaskeava pikkus (cm ) 19 K\u00f5rgus ninaotsani (cm) 100,5 Materjal Messing \u00dcldine k\u00f5rgus (cm)\" \/>\n<meta property=\"og:url\" content=\"https:\/\/metaltale.com\/et\/toode\/vabalt-seisev-vannitoa-kraan-glen-1-antiikmessingist\/\" \/>\n<meta property=\"og:site_name\" content=\"MetalTale.com\" \/>\n<meta property=\"og:image\" content=\"https:\/\/metaltale.com\/wp-content\/uploads\/2023\/12\/Laisvai-pastatomas-vonios-maix161ytuvas-Antikvarinis-x17Ealvaris-GLEN-1.jpg\" \/>\n\t<meta property=\"og:image:width\" content=\"800\" \/>\n\t<meta property=\"og:image:height\" content=\"800\" \/>\n\t<meta property=\"og:image:type\" content=\"image\/jpeg\" \/>\n<meta name=\"twitter:card\" content=\"summary_large_image\" \/>\n<meta name=\"twitter:label1\" content=\"Est. reading time\" \/>\n\t<meta name=\"twitter:data1\" content=\"1 minut\" \/>\n<script type=\"application\/ld+json\" class=\"yoast-schema-graph\">{\"@context\":\"https:\/\/schema.org\",\"@graph\":[{\"@type\":\"WebPage\",\"@id\":\"https:\/\/metaltale.com\/et\/toode\/vabalt-seisev-vannitoa-kraan-glen-1-antiikmessingist\/\",\"url\":\"https:\/\/metaltale.com\/et\/toode\/vabalt-seisev-vannitoa-kraan-glen-1-antiikmessingist\/\",\"name\":\"Vabalt seisev vannitoa kraan GLEN 1, antiikmessingist - MetalTale.com\",\"isPartOf\":{\"@id\":\"https:\/\/metaltale.com\/et\/#website\"},\"primaryImageOfPage\":{\"@id\":\"https:\/\/metaltale.com\/et\/toode\/vabalt-seisev-vannitoa-kraan-glen-1-antiikmessingist\/#primaryimage\"},\"image\":{\"@id\":\"https:\/\/metaltale.com\/et\/toode\/vabalt-seisev-vannitoa-kraan-glen-1-antiikmessingist\/#primaryimage\"},\"thumbnailUrl\":\"https:\/\/metaltale.com\/wp-content\/uploads\/2023\/12\/Laisvai-pastatomas-vonios-maix161ytuvas-Antikvarinis-x17Ealvaris-GLEN-1.jpg\",\"datePublished\":\"2024-02-13T13:35:05+00:00\",\"breadcrumb\":{\"@id\":\"https:\/\/metaltale.com\/et\/toode\/vabalt-seisev-vannitoa-kraan-glen-1-antiikmessingist\/#breadcrumb\"},\"inLanguage\":\"et\",\"potentialAction\":[{\"@type\":\"ReadAction\",\"target\":[\"https:\/\/metaltale.com\/et\/toode\/vabalt-seisev-vannitoa-kraan-glen-1-antiikmessingist\/\"]}]},{\"@type\":\"ImageObject\",\"inLanguage\":\"et\",\"@id\":\"https:\/\/metaltale.com\/et\/toode\/vabalt-seisev-vannitoa-kraan-glen-1-antiikmessingist\/#primaryimage\",\"url\":\"https:\/\/metaltale.com\/wp-content\/uploads\/2023\/12\/Laisvai-pastatomas-vonios-maix161ytuvas-Antikvarinis-x17Ealvaris-GLEN-1.jpg\",\"contentUrl\":\"https:\/\/metaltale.com\/wp-content\/uploads\/2023\/12\/Laisvai-pastatomas-vonios-maix161ytuvas-Antikvarinis-x17Ealvaris-GLEN-1.jpg\",\"width\":800,\"height\":800,\"caption\":\"Vabalt seisev vannitoa kraan GLEN 1, antiikmessingist\"},{\"@type\":\"BreadcrumbList\",\"@id\":\"https:\/\/metaltale.com\/et\/toode\/vabalt-seisev-vannitoa-kraan-glen-1-antiikmessingist\/#breadcrumb\",\"itemListElement\":[{\"@type\":\"ListItem\",\"position\":1,\"name\":\"Home\",\"item\":\"https:\/\/metaltale.com\/et\/kodu\/\"},{\"@type\":\"ListItem\",\"position\":2,\"name\":\"Kauplus\",\"item\":\"https:\/\/metaltale.com\/et\/shop\/\"},{\"@type\":\"ListItem\",\"position\":3,\"name\":\"Vabalt seisev vannitoa kraan GLEN 1, antiikmessingist\"}]},{\"@type\":\"WebSite\",\"@id\":\"https:\/\/metaltale.com\/et\/#website\",\"url\":\"https:\/\/metaltale.com\/et\/\",\"name\":\"Metaltale.com\",\"description\":\"\",\"potentialAction\":[{\"@type\":\"SearchAction\",\"target\":{\"@type\":\"EntryPoint\",\"urlTemplate\":\"https:\/\/metaltale.com\/et\/?s={search_term_string}\"},\"query-input\":{\"@type\":\"PropertyValueSpecification\",\"valueRequired\":true,\"valueName\":\"search_term_string\"}}],\"inLanguage\":\"et\"}]}<\/script>\n<!-- \/ Yoast SEO plugin. -->","yoast_head_json":{"title":"Vabalt seisev vannitoa kraan GLEN 1, antiikmessingist - MetalTale.com","robots":{"index":"index","follow":"follow","max-snippet":"max-snippet:-1","max-image-preview":"max-image-preview:large","max-video-preview":"max-video-preview:-1"},"canonical":"https:\/\/metaltale.com\/et\/toode\/vabalt-seisev-vannitoa-kraan-glen-1-antiikmessingist\/","og_locale":"et_EE","og_type":"article","og_title":"Vabalt seisev vannitoa kraan GLEN 1, antiikmessingist - MetalTale.com","og_description":"Mudel WX.HT-92036-ANT Segisti t\u00fc\u00fcp Vabalt seisev V\u00e4ljalaskeava pikkus (cm ) 19 K\u00f5rgus ninaotsani (cm) 100,5 Materjal Messing \u00dcldine k\u00f5rgus (cm)","og_url":"https:\/\/metaltale.com\/et\/toode\/vabalt-seisev-vannitoa-kraan-glen-1-antiikmessingist\/","og_site_name":"MetalTale.com","og_image":[{"width":800,"height":800,"url":"https:\/\/metaltale.com\/wp-content\/uploads\/2023\/12\/Laisvai-pastatomas-vonios-maix161ytuvas-Antikvarinis-x17Ealvaris-GLEN-1.jpg","type":"image\/jpeg"}],"twitter_card":"summary_large_image","twitter_misc":{"Est. reading time":"1 minut"},"schema":{"@context":"https:\/\/schema.org","@graph":[{"@type":"WebPage","@id":"https:\/\/metaltale.com\/et\/toode\/vabalt-seisev-vannitoa-kraan-glen-1-antiikmessingist\/","url":"https:\/\/metaltale.com\/et\/toode\/vabalt-seisev-vannitoa-kraan-glen-1-antiikmessingist\/","name":"Vabalt seisev vannitoa kraan GLEN 1, antiikmessingist - MetalTale.com","isPartOf":{"@id":"https:\/\/metaltale.com\/et\/#website"},"primaryImageOfPage":{"@id":"https:\/\/metaltale.com\/et\/toode\/vabalt-seisev-vannitoa-kraan-glen-1-antiikmessingist\/#primaryimage"},"image":{"@id":"https:\/\/metaltale.com\/et\/toode\/vabalt-seisev-vannitoa-kraan-glen-1-antiikmessingist\/#primaryimage"},"thumbnailUrl":"https:\/\/metaltale.com\/wp-content\/uploads\/2023\/12\/Laisvai-pastatomas-vonios-maix161ytuvas-Antikvarinis-x17Ealvaris-GLEN-1.jpg","datePublished":"2024-02-13T13:35:05+00:00","breadcrumb":{"@id":"https:\/\/metaltale.com\/et\/toode\/vabalt-seisev-vannitoa-kraan-glen-1-antiikmessingist\/#breadcrumb"},"inLanguage":"et","potentialAction":[{"@type":"ReadAction","target":["https:\/\/metaltale.com\/et\/toode\/vabalt-seisev-vannitoa-kraan-glen-1-antiikmessingist\/"]}]},{"@type":"ImageObject","inLanguage":"et","@id":"https:\/\/metaltale.com\/et\/toode\/vabalt-seisev-vannitoa-kraan-glen-1-antiikmessingist\/#primaryimage","url":"https:\/\/metaltale.com\/wp-content\/uploads\/2023\/12\/Laisvai-pastatomas-vonios-maix161ytuvas-Antikvarinis-x17Ealvaris-GLEN-1.jpg","contentUrl":"https:\/\/metaltale.com\/wp-content\/uploads\/2023\/12\/Laisvai-pastatomas-vonios-maix161ytuvas-Antikvarinis-x17Ealvaris-GLEN-1.jpg","width":800,"height":800,"caption":"Vabalt seisev vannitoa kraan GLEN 1, antiikmessingist"},{"@type":"BreadcrumbList","@id":"https:\/\/metaltale.com\/et\/toode\/vabalt-seisev-vannitoa-kraan-glen-1-antiikmessingist\/#breadcrumb","itemListElement":[{"@type":"ListItem","position":1,"name":"Home","item":"https:\/\/metaltale.com\/et\/kodu\/"},{"@type":"ListItem","position":2,"name":"Kauplus","item":"https:\/\/metaltale.com\/et\/shop\/"},{"@type":"ListItem","position":3,"name":"Vabalt seisev vannitoa kraan GLEN 1, antiikmessingist"}]},{"@type":"WebSite","@id":"https:\/\/metaltale.com\/et\/#website","url":"https:\/\/metaltale.com\/et\/","name":"Metaltale.com","description":"","potentialAction":[{"@type":"SearchAction","target":{"@type":"EntryPoint","urlTemplate":"https:\/\/metaltale.com\/et\/?s={search_term_string}"},"query-input":{"@type":"PropertyValueSpecification","valueRequired":true,"valueName":"search_term_string"}}],"inLanguage":"et"}]}},"_links":{"self":[{"href":"https:\/\/metaltale.com\/et\/wp-json\/wp\/v2\/product\/132898","targetHints":{"allow":["GET"]}}],"collection":[{"href":"https:\/\/metaltale.com\/et\/wp-json\/wp\/v2\/product"}],"about":[{"href":"https:\/\/metaltale.com\/et\/wp-json\/wp\/v2\/types\/product"}],"replies":[{"embeddable":true,"href":"https:\/\/metaltale.com\/et\/wp-json\/wp\/v2\/comments?post=132898"}],"version-history":[{"count":0,"href":"https:\/\/metaltale.com\/et\/wp-json\/wp\/v2\/product\/132898\/revisions"}],"wp:featuredmedia":[{"embeddable":true,"href":"https:\/\/metaltale.com\/et\/wp-json\/wp\/v2\/media\/118194"}],"wp:attachment":[{"href":"https:\/\/metaltale.com\/et\/wp-json\/wp\/v2\/media?parent=132898"}],"wp:term":[{"taxonomy":"product_brand","embeddable":true,"href":"https:\/\/metaltale.com\/et\/wp-json\/wp\/v2\/product_brand?post=132898"},{"taxonomy":"product_cat","embeddable":true,"href":"https:\/\/metaltale.com\/et\/wp-json\/wp\/v2\/product_cat?post=132898"},{"taxonomy":"product_tag","embeddable":true,"href":"https:\/\/metaltale.com\/et\/wp-json\/wp\/v2\/product_tag?post=132898"}],"curies":[{"name":"wp","href":"https:\/\/api.w.org\/{rel}","templated":true}]}}