{"id":132889,"date":"2024-02-13T15:35:05","date_gmt":"2024-02-13T13:35:05","guid":{"rendered":"https:\/\/metaltale.com\/produktas\/metallist-seinalamp-leaf\/"},"modified":"2024-02-13T15:35:05","modified_gmt":"2024-02-13T13:35:05","slug":"metallist-seinalamp-leaf","status":"publish","type":"product","link":"https:\/\/metaltale.com\/et\/toode\/metallist-seinalamp-leaf\/","title":{"rendered":"Metallist seinalamp LEAF"},"content":{"rendered":"<div class=\"prod_data\"><strong>Mudel<\/strong> CH.3786  <br \/><strong>Materjal<\/strong> teras  <br \/><strong>\u00dcldine k\u00f5rgus (cm)<\/strong> 27  <br \/><strong>\u00dcldine laius (cm)<\/strong> 6,5  <br \/><strong>Koguprojektsioon (cm)<\/strong> 9,5  <br \/><strong>Paigalduskruvid<\/strong> Jah  <br \/>V\u00e4rv teras <br \/><strong>Viimistlus<\/strong> Lakitud  <\/p>\n<p>k\u00f5rge seinale paigaldatav k\u00fc\u00fcnlajalg, et s\u00e4\u00e4sta ruumi t\u00f6\u00f6laual v\u00f5i laual<\/p>\n<p>valmistatud terasest, et tagada toote vastupidavus<\/p>\n<p>augud stabiilse vedrustuse jaoks<\/p>\n<p>k\u00fc\u00fcnlaalus mahutab k\u00fc\u00fcnla l\u00e4bim\u00f5\u00f5duga 2,2 cm.<\/p>\n<hr>\n<p>Metallist seinak\u00fc\u00fcnlajalg on suurep\u00e4rane alternatiiv traditsioonilisele valgustusele, luues hubase ja romantilise atmosf\u00e4\u00e4ri. K\u00fc\u00fcnlajalgade dekoratiivne lehvikukujuline ots r\u00f5hutab vaid toote maal\u00e4hedast iseloomu. Seinale paigaldatav k\u00fc\u00fcnlajalg on ideaalne dekoratiivne aksessuaar meie elutoas, magamistoas v\u00f5i terrassil, luues l\u00f5\u00f5gastava atmosf\u00e4\u00e4ri.<\/p>\n<\/div>\n","protected":false},"excerpt":{"rendered":"<p>Mudel CH.3786 Materjal teras \u00dcldine k\u00f5rgus (cm) 27 \u00dcldine laius (cm) 6,5 Koguprojektsioon (cm) 9,5 Paigalduskruvid Jah V\u00e4rv teras Viimistlus<\/p>\n","protected":false},"featured_media":116861,"comment_status":"open","ping_status":"closed","template":"","meta":{"_acf_changed":false,"pmpro_default_level":""},"product_brand":[],"product_cat":[24186],"product_tag":[],"class_list":{"0":"post-132889","1":"product","2":"type-product","3":"status-publish","4":"has-post-thumbnail","6":"product_cat-riputatud-kuunlajalad","7":"pmpro-has-access","9":"first","10":"instock","11":"shipping-taxable","12":"purchasable","13":"product-type-simple"},"acf":[],"yoast_head":"<!-- This site is optimized with the Yoast SEO plugin v24.9 - https:\/\/yoast.com\/wordpress\/plugins\/seo\/ -->\n<title>Metallist seinalamp LEAF - MetalTale.com<\/title>\n<meta name=\"robots\" content=\"index, follow, max-snippet:-1, max-image-preview:large, max-video-preview:-1\" \/>\n<link rel=\"canonical\" href=\"https:\/\/metaltale.com\/et\/toode\/metallist-seinalamp-leaf\/\" \/>\n<meta property=\"og:locale\" content=\"et_EE\" \/>\n<meta property=\"og:type\" content=\"article\" \/>\n<meta property=\"og:title\" content=\"Metallist seinalamp LEAF - MetalTale.com\" \/>\n<meta property=\"og:description\" content=\"Mudel CH.3786 Materjal teras \u00dcldine k\u00f5rgus (cm) 27 \u00dcldine laius (cm) 6,5 Koguprojektsioon (cm) 9,5 Paigalduskruvid Jah V\u00e4rv teras Viimistlus\" \/>\n<meta property=\"og:url\" content=\"https:\/\/metaltale.com\/et\/toode\/metallist-seinalamp-leaf\/\" \/>\n<meta property=\"og:site_name\" content=\"MetalTale.com\" \/>\n<meta name=\"twitter:card\" content=\"summary_large_image\" \/>\n<meta name=\"twitter:label1\" content=\"Est. reading time\" \/>\n\t<meta name=\"twitter:data1\" content=\"1 minut\" \/>\n<script type=\"application\/ld+json\" class=\"yoast-schema-graph\">{\"@context\":\"https:\/\/schema.org\",\"@graph\":[{\"@type\":\"WebPage\",\"@id\":\"https:\/\/metaltale.com\/et\/toode\/metallist-seinalamp-leaf\/\",\"url\":\"https:\/\/metaltale.com\/et\/toode\/metallist-seinalamp-leaf\/\",\"name\":\"Metallist seinalamp LEAF - MetalTale.com\",\"isPartOf\":{\"@id\":\"https:\/\/metaltale.com\/et\/#website\"},\"primaryImageOfPage\":{\"@id\":\"https:\/\/metaltale.com\/et\/toode\/metallist-seinalamp-leaf\/#primaryimage\"},\"image\":{\"@id\":\"https:\/\/metaltale.com\/et\/toode\/metallist-seinalamp-leaf\/#primaryimage\"},\"thumbnailUrl\":\"https:\/\/metaltale.com\/wp-content\/uploads\/2023\/12\/Metalinis-sieninis-x161viestuvas-LEAF.jpg\",\"datePublished\":\"2024-02-13T13:35:05+00:00\",\"breadcrumb\":{\"@id\":\"https:\/\/metaltale.com\/et\/toode\/metallist-seinalamp-leaf\/#breadcrumb\"},\"inLanguage\":\"et\",\"potentialAction\":[{\"@type\":\"ReadAction\",\"target\":[\"https:\/\/metaltale.com\/et\/toode\/metallist-seinalamp-leaf\/\"]}]},{\"@type\":\"ImageObject\",\"inLanguage\":\"et\",\"@id\":\"https:\/\/metaltale.com\/et\/toode\/metallist-seinalamp-leaf\/#primaryimage\",\"url\":\"https:\/\/metaltale.com\/wp-content\/uploads\/2023\/12\/Metalinis-sieninis-x161viestuvas-LEAF.jpg\",\"contentUrl\":\"https:\/\/metaltale.com\/wp-content\/uploads\/2023\/12\/Metalinis-sieninis-x161viestuvas-LEAF.jpg\",\"width\":800,\"height\":800},{\"@type\":\"BreadcrumbList\",\"@id\":\"https:\/\/metaltale.com\/et\/toode\/metallist-seinalamp-leaf\/#breadcrumb\",\"itemListElement\":[{\"@type\":\"ListItem\",\"position\":1,\"name\":\"Home\",\"item\":\"https:\/\/metaltale.com\/et\/kodu\/\"},{\"@type\":\"ListItem\",\"position\":2,\"name\":\"Kauplus\",\"item\":\"https:\/\/metaltale.com\/et\/shop\/\"},{\"@type\":\"ListItem\",\"position\":3,\"name\":\"Metallist seinalamp LEAF\"}]},{\"@type\":\"WebSite\",\"@id\":\"https:\/\/metaltale.com\/et\/#website\",\"url\":\"https:\/\/metaltale.com\/et\/\",\"name\":\"Metaltale.com\",\"description\":\"\",\"potentialAction\":[{\"@type\":\"SearchAction\",\"target\":{\"@type\":\"EntryPoint\",\"urlTemplate\":\"https:\/\/metaltale.com\/et\/?s={search_term_string}\"},\"query-input\":{\"@type\":\"PropertyValueSpecification\",\"valueRequired\":true,\"valueName\":\"search_term_string\"}}],\"inLanguage\":\"et\"}]}<\/script>\n<!-- \/ Yoast SEO plugin. -->","yoast_head_json":{"title":"Metallist seinalamp LEAF - MetalTale.com","robots":{"index":"index","follow":"follow","max-snippet":"max-snippet:-1","max-image-preview":"max-image-preview:large","max-video-preview":"max-video-preview:-1"},"canonical":"https:\/\/metaltale.com\/et\/toode\/metallist-seinalamp-leaf\/","og_locale":"et_EE","og_type":"article","og_title":"Metallist seinalamp LEAF - MetalTale.com","og_description":"Mudel CH.3786 Materjal teras \u00dcldine k\u00f5rgus (cm) 27 \u00dcldine laius (cm) 6,5 Koguprojektsioon (cm) 9,5 Paigalduskruvid Jah V\u00e4rv teras Viimistlus","og_url":"https:\/\/metaltale.com\/et\/toode\/metallist-seinalamp-leaf\/","og_site_name":"MetalTale.com","twitter_card":"summary_large_image","twitter_misc":{"Est. reading time":"1 minut"},"schema":{"@context":"https:\/\/schema.org","@graph":[{"@type":"WebPage","@id":"https:\/\/metaltale.com\/et\/toode\/metallist-seinalamp-leaf\/","url":"https:\/\/metaltale.com\/et\/toode\/metallist-seinalamp-leaf\/","name":"Metallist seinalamp LEAF - MetalTale.com","isPartOf":{"@id":"https:\/\/metaltale.com\/et\/#website"},"primaryImageOfPage":{"@id":"https:\/\/metaltale.com\/et\/toode\/metallist-seinalamp-leaf\/#primaryimage"},"image":{"@id":"https:\/\/metaltale.com\/et\/toode\/metallist-seinalamp-leaf\/#primaryimage"},"thumbnailUrl":"https:\/\/metaltale.com\/wp-content\/uploads\/2023\/12\/Metalinis-sieninis-x161viestuvas-LEAF.jpg","datePublished":"2024-02-13T13:35:05+00:00","breadcrumb":{"@id":"https:\/\/metaltale.com\/et\/toode\/metallist-seinalamp-leaf\/#breadcrumb"},"inLanguage":"et","potentialAction":[{"@type":"ReadAction","target":["https:\/\/metaltale.com\/et\/toode\/metallist-seinalamp-leaf\/"]}]},{"@type":"ImageObject","inLanguage":"et","@id":"https:\/\/metaltale.com\/et\/toode\/metallist-seinalamp-leaf\/#primaryimage","url":"https:\/\/metaltale.com\/wp-content\/uploads\/2023\/12\/Metalinis-sieninis-x161viestuvas-LEAF.jpg","contentUrl":"https:\/\/metaltale.com\/wp-content\/uploads\/2023\/12\/Metalinis-sieninis-x161viestuvas-LEAF.jpg","width":800,"height":800},{"@type":"BreadcrumbList","@id":"https:\/\/metaltale.com\/et\/toode\/metallist-seinalamp-leaf\/#breadcrumb","itemListElement":[{"@type":"ListItem","position":1,"name":"Home","item":"https:\/\/metaltale.com\/et\/kodu\/"},{"@type":"ListItem","position":2,"name":"Kauplus","item":"https:\/\/metaltale.com\/et\/shop\/"},{"@type":"ListItem","position":3,"name":"Metallist seinalamp LEAF"}]},{"@type":"WebSite","@id":"https:\/\/metaltale.com\/et\/#website","url":"https:\/\/metaltale.com\/et\/","name":"Metaltale.com","description":"","potentialAction":[{"@type":"SearchAction","target":{"@type":"EntryPoint","urlTemplate":"https:\/\/metaltale.com\/et\/?s={search_term_string}"},"query-input":{"@type":"PropertyValueSpecification","valueRequired":true,"valueName":"search_term_string"}}],"inLanguage":"et"}]}},"_links":{"self":[{"href":"https:\/\/metaltale.com\/et\/wp-json\/wp\/v2\/product\/132889","targetHints":{"allow":["GET"]}}],"collection":[{"href":"https:\/\/metaltale.com\/et\/wp-json\/wp\/v2\/product"}],"about":[{"href":"https:\/\/metaltale.com\/et\/wp-json\/wp\/v2\/types\/product"}],"replies":[{"embeddable":true,"href":"https:\/\/metaltale.com\/et\/wp-json\/wp\/v2\/comments?post=132889"}],"version-history":[{"count":0,"href":"https:\/\/metaltale.com\/et\/wp-json\/wp\/v2\/product\/132889\/revisions"}],"wp:featuredmedia":[{"embeddable":true,"href":"https:\/\/metaltale.com\/et\/wp-json\/wp\/v2\/media\/116861"}],"wp:attachment":[{"href":"https:\/\/metaltale.com\/et\/wp-json\/wp\/v2\/media?parent=132889"}],"wp:term":[{"taxonomy":"product_brand","embeddable":true,"href":"https:\/\/metaltale.com\/et\/wp-json\/wp\/v2\/product_brand?post=132889"},{"taxonomy":"product_cat","embeddable":true,"href":"https:\/\/metaltale.com\/et\/wp-json\/wp\/v2\/product_cat?post=132889"},{"taxonomy":"product_tag","embeddable":true,"href":"https:\/\/metaltale.com\/et\/wp-json\/wp\/v2\/product_tag?post=132889"}],"curies":[{"name":"wp","href":"https:\/\/api.w.org\/{rel}","templated":true}]}}