{"id":132871,"date":"2024-02-13T15:33:49","date_gmt":"2024-02-13T13:33:49","guid":{"rendered":"https:\/\/metaltale.com\/produktas\/roivakonks-taper-120-mm\/"},"modified":"2024-02-13T15:33:49","modified_gmt":"2024-02-13T13:33:49","slug":"roivakonks-taper-120-mm","status":"publish","type":"product","link":"https:\/\/metaltale.com\/et\/toode\/roivakonks-taper-120-mm\/","title":{"rendered":"R\u00f5ivakonks TAPER 120 mm"},"content":{"rendered":"<div class=\"prod_data\">\n<p><strong>Mudel<\/strong> CH.51210<br \/>\n<strong>Materjal<\/strong> teras<br \/>\n<strong>\u00dcldine k\u00f5rgus (cm)<\/strong> 12<br \/>\n<strong>\u00dcldine laius (cm)<\/strong> 1,4<br \/>\n<strong>Koguprojektsioon (cm)<\/strong> 4,8<br \/>\n<strong>T\u00fc\u00fcp<\/strong> \u00dcksik<br \/>\n<strong>V\u00e4rv<\/strong> teras<br \/>\n<strong>Viimistlus<\/strong> Lakitud<\/p>\n<p>see on valmistatud terasest, nii et see kestab palju aastaid.<\/p>\n<p>originaalne konksu kuju noole kujuga otsaga<\/p>\n<p>paigalduskruvid kaasas<\/p>\n<hr>\n<p>Valides rippkonksud, ei saa te mitte ainult praktilise koha oma riiete riputamiseks, vaid ka dekoratiivse elemendi, mis rikastab teie ruumi v\u00e4limust. T\u00e4nu oma tugevusele ja stabiilsusele tagavad riputuskonksud mitte ainult funktsionaalsuse, vaid ka pikaajalise kasutamise. Nende rustikaalne viimistlus annab neile ainulaadse v\u00f5lu ja iseloomu.<\/p>\n<p>Konksu on s\u00e4ilitanud t\u00f6\u00f6tlemata, naturaalsed v\u00e4rvid ja selle lihtne kuju sobib suurep\u00e4raselt maastikulisse v\u00f5i retro interj\u00f6\u00f6ri. Konksul on \u00fcmardatud ots, mis muudab toote kasutamise ohutumaks. Lihtne ja kiire paigaldus t\u00e4nu kaasasolevatele kinnituskruvidele.<\/p>\n<\/div>\n","protected":false},"excerpt":{"rendered":"<p>Mudel CH.51210 Materjal teras \u00dcldine k\u00f5rgus (cm) 12 \u00dcldine laius (cm) 1,4 Koguprojektsioon (cm) 4,8 T\u00fc\u00fcp \u00dcksik V\u00e4rv teras Viimistlus<\/p>\n","protected":false},"featured_media":116747,"comment_status":"open","ping_status":"closed","template":"","meta":{"_acf_changed":false,"pmpro_default_level":""},"product_brand":[],"product_cat":[24176,23836],"product_tag":[],"class_list":{"0":"post-132871","1":"product","2":"type-product","3":"status-publish","4":"has-post-thumbnail","6":"product_cat-ripatsid-ja-konksud","7":"product_cat-moobli-tarvikud","8":"pmpro-has-access","10":"first","11":"instock","12":"shipping-taxable","13":"purchasable","14":"product-type-simple"},"acf":[],"yoast_head":"<!-- This site is optimized with the Yoast SEO plugin v24.9 - https:\/\/yoast.com\/wordpress\/plugins\/seo\/ -->\n<title>R\u00f5ivakonks TAPER 120 mm - MetalTale.com<\/title>\n<meta name=\"robots\" content=\"index, follow, max-snippet:-1, max-image-preview:large, max-video-preview:-1\" \/>\n<link rel=\"canonical\" href=\"https:\/\/metaltale.com\/et\/toode\/roivakonks-taper-120-mm\/\" \/>\n<meta property=\"og:locale\" content=\"et_EE\" \/>\n<meta property=\"og:type\" content=\"article\" \/>\n<meta property=\"og:title\" content=\"R\u00f5ivakonks TAPER 120 mm - MetalTale.com\" \/>\n<meta property=\"og:description\" content=\"Mudel CH.51210 Materjal teras \u00dcldine k\u00f5rgus (cm) 12 \u00dcldine laius (cm) 1,4 Koguprojektsioon (cm) 4,8 T\u00fc\u00fcp \u00dcksik V\u00e4rv teras Viimistlus\" \/>\n<meta property=\"og:url\" content=\"https:\/\/metaltale.com\/et\/toode\/roivakonks-taper-120-mm\/\" \/>\n<meta property=\"og:site_name\" content=\"MetalTale.com\" \/>\n<meta property=\"og:image\" content=\"https:\/\/metaltale.com\/wp-content\/uploads\/2023\/12\/TAPER-pakabos-kablys.jpg\" \/>\n\t<meta property=\"og:image:width\" content=\"800\" \/>\n\t<meta property=\"og:image:height\" content=\"800\" \/>\n\t<meta property=\"og:image:type\" content=\"image\/jpeg\" \/>\n<meta name=\"twitter:card\" content=\"summary_large_image\" \/>\n<meta name=\"twitter:label1\" content=\"Est. reading time\" \/>\n\t<meta name=\"twitter:data1\" content=\"1 minut\" \/>\n<script type=\"application\/ld+json\" class=\"yoast-schema-graph\">{\"@context\":\"https:\/\/schema.org\",\"@graph\":[{\"@type\":\"WebPage\",\"@id\":\"https:\/\/metaltale.com\/et\/toode\/roivakonks-taper-120-mm\/\",\"url\":\"https:\/\/metaltale.com\/et\/toode\/roivakonks-taper-120-mm\/\",\"name\":\"R\u00f5ivakonks TAPER 120 mm - MetalTale.com\",\"isPartOf\":{\"@id\":\"https:\/\/metaltale.com\/et\/#website\"},\"primaryImageOfPage\":{\"@id\":\"https:\/\/metaltale.com\/et\/toode\/roivakonks-taper-120-mm\/#primaryimage\"},\"image\":{\"@id\":\"https:\/\/metaltale.com\/et\/toode\/roivakonks-taper-120-mm\/#primaryimage\"},\"thumbnailUrl\":\"https:\/\/metaltale.com\/wp-content\/uploads\/2023\/12\/TAPER-pakabos-kablys.jpg\",\"datePublished\":\"2024-02-13T13:33:49+00:00\",\"breadcrumb\":{\"@id\":\"https:\/\/metaltale.com\/et\/toode\/roivakonks-taper-120-mm\/#breadcrumb\"},\"inLanguage\":\"et\",\"potentialAction\":[{\"@type\":\"ReadAction\",\"target\":[\"https:\/\/metaltale.com\/et\/toode\/roivakonks-taper-120-mm\/\"]}]},{\"@type\":\"ImageObject\",\"inLanguage\":\"et\",\"@id\":\"https:\/\/metaltale.com\/et\/toode\/roivakonks-taper-120-mm\/#primaryimage\",\"url\":\"https:\/\/metaltale.com\/wp-content\/uploads\/2023\/12\/TAPER-pakabos-kablys.jpg\",\"contentUrl\":\"https:\/\/metaltale.com\/wp-content\/uploads\/2023\/12\/TAPER-pakabos-kablys.jpg\",\"width\":800,\"height\":800,\"caption\":\"Riidekonks TAPER 120 mm\"},{\"@type\":\"BreadcrumbList\",\"@id\":\"https:\/\/metaltale.com\/et\/toode\/roivakonks-taper-120-mm\/#breadcrumb\",\"itemListElement\":[{\"@type\":\"ListItem\",\"position\":1,\"name\":\"Home\",\"item\":\"https:\/\/metaltale.com\/et\/kodu\/\"},{\"@type\":\"ListItem\",\"position\":2,\"name\":\"Kauplus\",\"item\":\"https:\/\/metaltale.com\/et\/shop\/\"},{\"@type\":\"ListItem\",\"position\":3,\"name\":\"R\u00f5ivakonks TAPER 120 mm\"}]},{\"@type\":\"WebSite\",\"@id\":\"https:\/\/metaltale.com\/et\/#website\",\"url\":\"https:\/\/metaltale.com\/et\/\",\"name\":\"Metaltale.com\",\"description\":\"\",\"potentialAction\":[{\"@type\":\"SearchAction\",\"target\":{\"@type\":\"EntryPoint\",\"urlTemplate\":\"https:\/\/metaltale.com\/et\/?s={search_term_string}\"},\"query-input\":{\"@type\":\"PropertyValueSpecification\",\"valueRequired\":true,\"valueName\":\"search_term_string\"}}],\"inLanguage\":\"et\"}]}<\/script>\n<!-- \/ Yoast SEO plugin. -->","yoast_head_json":{"title":"R\u00f5ivakonks TAPER 120 mm - MetalTale.com","robots":{"index":"index","follow":"follow","max-snippet":"max-snippet:-1","max-image-preview":"max-image-preview:large","max-video-preview":"max-video-preview:-1"},"canonical":"https:\/\/metaltale.com\/et\/toode\/roivakonks-taper-120-mm\/","og_locale":"et_EE","og_type":"article","og_title":"R\u00f5ivakonks TAPER 120 mm - MetalTale.com","og_description":"Mudel CH.51210 Materjal teras \u00dcldine k\u00f5rgus (cm) 12 \u00dcldine laius (cm) 1,4 Koguprojektsioon (cm) 4,8 T\u00fc\u00fcp \u00dcksik V\u00e4rv teras Viimistlus","og_url":"https:\/\/metaltale.com\/et\/toode\/roivakonks-taper-120-mm\/","og_site_name":"MetalTale.com","og_image":[{"width":800,"height":800,"url":"https:\/\/metaltale.com\/wp-content\/uploads\/2023\/12\/TAPER-pakabos-kablys.jpg","type":"image\/jpeg"}],"twitter_card":"summary_large_image","twitter_misc":{"Est. reading time":"1 minut"},"schema":{"@context":"https:\/\/schema.org","@graph":[{"@type":"WebPage","@id":"https:\/\/metaltale.com\/et\/toode\/roivakonks-taper-120-mm\/","url":"https:\/\/metaltale.com\/et\/toode\/roivakonks-taper-120-mm\/","name":"R\u00f5ivakonks TAPER 120 mm - MetalTale.com","isPartOf":{"@id":"https:\/\/metaltale.com\/et\/#website"},"primaryImageOfPage":{"@id":"https:\/\/metaltale.com\/et\/toode\/roivakonks-taper-120-mm\/#primaryimage"},"image":{"@id":"https:\/\/metaltale.com\/et\/toode\/roivakonks-taper-120-mm\/#primaryimage"},"thumbnailUrl":"https:\/\/metaltale.com\/wp-content\/uploads\/2023\/12\/TAPER-pakabos-kablys.jpg","datePublished":"2024-02-13T13:33:49+00:00","breadcrumb":{"@id":"https:\/\/metaltale.com\/et\/toode\/roivakonks-taper-120-mm\/#breadcrumb"},"inLanguage":"et","potentialAction":[{"@type":"ReadAction","target":["https:\/\/metaltale.com\/et\/toode\/roivakonks-taper-120-mm\/"]}]},{"@type":"ImageObject","inLanguage":"et","@id":"https:\/\/metaltale.com\/et\/toode\/roivakonks-taper-120-mm\/#primaryimage","url":"https:\/\/metaltale.com\/wp-content\/uploads\/2023\/12\/TAPER-pakabos-kablys.jpg","contentUrl":"https:\/\/metaltale.com\/wp-content\/uploads\/2023\/12\/TAPER-pakabos-kablys.jpg","width":800,"height":800,"caption":"Riidekonks TAPER 120 mm"},{"@type":"BreadcrumbList","@id":"https:\/\/metaltale.com\/et\/toode\/roivakonks-taper-120-mm\/#breadcrumb","itemListElement":[{"@type":"ListItem","position":1,"name":"Home","item":"https:\/\/metaltale.com\/et\/kodu\/"},{"@type":"ListItem","position":2,"name":"Kauplus","item":"https:\/\/metaltale.com\/et\/shop\/"},{"@type":"ListItem","position":3,"name":"R\u00f5ivakonks TAPER 120 mm"}]},{"@type":"WebSite","@id":"https:\/\/metaltale.com\/et\/#website","url":"https:\/\/metaltale.com\/et\/","name":"Metaltale.com","description":"","potentialAction":[{"@type":"SearchAction","target":{"@type":"EntryPoint","urlTemplate":"https:\/\/metaltale.com\/et\/?s={search_term_string}"},"query-input":{"@type":"PropertyValueSpecification","valueRequired":true,"valueName":"search_term_string"}}],"inLanguage":"et"}]}},"_links":{"self":[{"href":"https:\/\/metaltale.com\/et\/wp-json\/wp\/v2\/product\/132871","targetHints":{"allow":["GET"]}}],"collection":[{"href":"https:\/\/metaltale.com\/et\/wp-json\/wp\/v2\/product"}],"about":[{"href":"https:\/\/metaltale.com\/et\/wp-json\/wp\/v2\/types\/product"}],"replies":[{"embeddable":true,"href":"https:\/\/metaltale.com\/et\/wp-json\/wp\/v2\/comments?post=132871"}],"version-history":[{"count":0,"href":"https:\/\/metaltale.com\/et\/wp-json\/wp\/v2\/product\/132871\/revisions"}],"wp:featuredmedia":[{"embeddable":true,"href":"https:\/\/metaltale.com\/et\/wp-json\/wp\/v2\/media\/116747"}],"wp:attachment":[{"href":"https:\/\/metaltale.com\/et\/wp-json\/wp\/v2\/media?parent=132871"}],"wp:term":[{"taxonomy":"product_brand","embeddable":true,"href":"https:\/\/metaltale.com\/et\/wp-json\/wp\/v2\/product_brand?post=132871"},{"taxonomy":"product_cat","embeddable":true,"href":"https:\/\/metaltale.com\/et\/wp-json\/wp\/v2\/product_cat?post=132871"},{"taxonomy":"product_tag","embeddable":true,"href":"https:\/\/metaltale.com\/et\/wp-json\/wp\/v2\/product_tag?post=132871"}],"curies":[{"name":"wp","href":"https:\/\/api.w.org\/{rel}","templated":true}]}}