{"id":132865,"date":"2024-02-13T15:33:49","date_gmt":"2024-02-13T13:33:49","guid":{"rendered":"https:\/\/metaltale.com\/produktas\/riidekonks-pik-85-mm\/"},"modified":"2025-11-26T20:36:41","modified_gmt":"2025-11-26T18:36:41","slug":"riidekonks-pik-85-mm","status":"publish","type":"product","link":"https:\/\/metaltale.com\/et\/toode\/riidekonks-pik-85-mm\/","title":{"rendered":"Riidekonks PIK 85 mm"},"content":{"rendered":"<div class=\"prod_data\">\n<h2>M\u00f6\u00f6bli tarvikud &#8211; <span class=\"TextRun SCXW64884806 BCX8\" lang=\"LT-LT\" data-contrast=\"auto\"><br \/>\n  <span class=\"FindHit SCXW64884806 BCX8\">RIPUTUSKONKS 85 MM PIC<\/span><br \/>\n<\/span><span class=\"EOP SCXW64884806 BCX8\" data-ccp-props=\"{\"201341983\":0,\"335559739\":160,\"335559740\":259}\"> <\/span><\/h2>\n<p><strong>Mudel:<\/strong> CH.4933<br \/>\n<strong>Materjal:<\/strong> teras<br \/>\n<strong>\u00dcldine k\u00f5rgus (cm):<\/strong> 8,5<br \/>\n<strong>\u00dcldine laius (cm):<\/strong> 2,5<br \/>\n<strong>Aluse m\u00f5\u00f5tmed (cm):<\/strong> 3<br \/>\n<strong>T\u00fc\u00fcp:<\/strong> \u00fchekordne<br \/>\n<strong>Paigalduskruvid:<\/strong> jah<br \/>\n<strong>V\u00e4rv:<\/strong> teras<br \/>\n<strong>Viimistlus:<\/strong> lakitud<\/p>\n<p>Kui otsite originaalset maal\u00e4hedast sisekujundust, on meie tooted parim valik teie koju. Rustilised konksud sobivad igasse ruumi, alates koridorist v\u00f5i k\u00f6\u00f6gist kuni vannitoa v\u00f5i magamistoani. Konksude iseloomustab nende tugevus ja lihtsus, mis teeb neist ideaalse valiku igasse koju.<\/p>\n<p>Konksu \u00fclemine osa peab koosnema odaotsaelemendist. Konks on otsast \u00f5rnalt kumer, et tagada ohutu kasutamine. Toores terasev\u00e4rv r\u00f5hutab veelgi k\u00f5lari iseloomu, nii et lisaks p\u00f5hifunktsioonile on see ka originaalne kodukaunistus.<\/p>\n<p>Toode on valmistatud terasest, nii et see kestab aastaid. Komplektis on kruvid kiireks ja sujuvaks paigaldamiseks.<\/p>\n<\/div>\n","protected":false},"excerpt":{"rendered":"<p>M\u00f6\u00f6bli tarvikud &#8211; RIPUTUSKONKS 85 MM PIC Mudel: CH.4933 Materjal: teras \u00dcldine k\u00f5rgus (cm): 8,5 \u00dcldine laius (cm): 2,5 Aluse<\/p>\n","protected":false},"featured_media":116729,"comment_status":"open","ping_status":"closed","template":"","meta":{"_acf_changed":false,"pmpro_default_level":""},"product_brand":[],"product_cat":[24176,23836],"product_tag":[],"class_list":{"0":"post-132865","1":"product","2":"type-product","3":"status-publish","4":"has-post-thumbnail","6":"product_cat-ripatsid-ja-konksud","7":"product_cat-moobli-tarvikud","8":"pmpro-has-access","10":"first","11":"instock","12":"shipping-taxable","13":"purchasable","14":"product-type-simple"},"acf":[],"yoast_head":"<!-- This site is optimized with the Yoast SEO plugin v24.9 - https:\/\/yoast.com\/wordpress\/plugins\/seo\/ -->\n<title>Riidekonks PIK 85 mm - MetalTale.com<\/title>\n<meta name=\"robots\" content=\"index, follow, max-snippet:-1, max-image-preview:large, max-video-preview:-1\" \/>\n<link rel=\"canonical\" href=\"https:\/\/metaltale.com\/et\/toode\/riidekonks-pik-85-mm\/\" \/>\n<meta property=\"og:locale\" content=\"et_EE\" \/>\n<meta property=\"og:type\" content=\"article\" \/>\n<meta property=\"og:title\" content=\"Riidekonks PIK 85 mm - MetalTale.com\" \/>\n<meta property=\"og:description\" content=\"M\u00f6\u00f6bli tarvikud &#8211; RIPUTUSKONKS 85 MM PIC Mudel: CH.4933 Materjal: teras \u00dcldine k\u00f5rgus (cm): 8,5 \u00dcldine laius (cm): 2,5 Aluse\" \/>\n<meta property=\"og:url\" content=\"https:\/\/metaltale.com\/et\/toode\/riidekonks-pik-85-mm\/\" \/>\n<meta property=\"og:site_name\" content=\"MetalTale.com\" \/>\n<meta property=\"article:modified_time\" content=\"2025-11-26T18:36:41+00:00\" \/>\n<meta property=\"og:image\" content=\"https:\/\/metaltale.com\/wp-content\/uploads\/2023\/12\/Pakabos-kablys-PIK.jpg\" \/>\n\t<meta property=\"og:image:width\" content=\"800\" \/>\n\t<meta property=\"og:image:height\" content=\"800\" \/>\n\t<meta property=\"og:image:type\" content=\"image\/jpeg\" \/>\n<meta name=\"twitter:card\" content=\"summary_large_image\" \/>\n<meta name=\"twitter:label1\" content=\"Est. reading time\" \/>\n\t<meta name=\"twitter:data1\" content=\"1 minut\" \/>\n<script type=\"application\/ld+json\" class=\"yoast-schema-graph\">{\"@context\":\"https:\/\/schema.org\",\"@graph\":[{\"@type\":\"WebPage\",\"@id\":\"https:\/\/metaltale.com\/et\/toode\/riidekonks-pik-85-mm\/\",\"url\":\"https:\/\/metaltale.com\/et\/toode\/riidekonks-pik-85-mm\/\",\"name\":\"Riidekonks PIK 85 mm - MetalTale.com\",\"isPartOf\":{\"@id\":\"https:\/\/metaltale.com\/et\/#website\"},\"primaryImageOfPage\":{\"@id\":\"https:\/\/metaltale.com\/et\/toode\/riidekonks-pik-85-mm\/#primaryimage\"},\"image\":{\"@id\":\"https:\/\/metaltale.com\/et\/toode\/riidekonks-pik-85-mm\/#primaryimage\"},\"thumbnailUrl\":\"https:\/\/metaltale.com\/wp-content\/uploads\/2023\/12\/Pakabos-kablys-PIK.jpg\",\"datePublished\":\"2024-02-13T13:33:49+00:00\",\"dateModified\":\"2025-11-26T18:36:41+00:00\",\"breadcrumb\":{\"@id\":\"https:\/\/metaltale.com\/et\/toode\/riidekonks-pik-85-mm\/#breadcrumb\"},\"inLanguage\":\"et\",\"potentialAction\":[{\"@type\":\"ReadAction\",\"target\":[\"https:\/\/metaltale.com\/et\/toode\/riidekonks-pik-85-mm\/\"]}]},{\"@type\":\"ImageObject\",\"inLanguage\":\"et\",\"@id\":\"https:\/\/metaltale.com\/et\/toode\/riidekonks-pik-85-mm\/#primaryimage\",\"url\":\"https:\/\/metaltale.com\/wp-content\/uploads\/2023\/12\/Pakabos-kablys-PIK.jpg\",\"contentUrl\":\"https:\/\/metaltale.com\/wp-content\/uploads\/2023\/12\/Pakabos-kablys-PIK.jpg\",\"width\":800,\"height\":800,\"caption\":\"Riputuskonks PIK 85 mm\"},{\"@type\":\"BreadcrumbList\",\"@id\":\"https:\/\/metaltale.com\/et\/toode\/riidekonks-pik-85-mm\/#breadcrumb\",\"itemListElement\":[{\"@type\":\"ListItem\",\"position\":1,\"name\":\"Home\",\"item\":\"https:\/\/metaltale.com\/et\/kodu\/\"},{\"@type\":\"ListItem\",\"position\":2,\"name\":\"Kauplus\",\"item\":\"https:\/\/metaltale.com\/et\/shop\/\"},{\"@type\":\"ListItem\",\"position\":3,\"name\":\"Riidekonks PIK 85 mm\"}]},{\"@type\":\"WebSite\",\"@id\":\"https:\/\/metaltale.com\/et\/#website\",\"url\":\"https:\/\/metaltale.com\/et\/\",\"name\":\"Metaltale.com\",\"description\":\"\",\"potentialAction\":[{\"@type\":\"SearchAction\",\"target\":{\"@type\":\"EntryPoint\",\"urlTemplate\":\"https:\/\/metaltale.com\/et\/?s={search_term_string}\"},\"query-input\":{\"@type\":\"PropertyValueSpecification\",\"valueRequired\":true,\"valueName\":\"search_term_string\"}}],\"inLanguage\":\"et\"}]}<\/script>\n<!-- \/ Yoast SEO plugin. -->","yoast_head_json":{"title":"Riidekonks PIK 85 mm - MetalTale.com","robots":{"index":"index","follow":"follow","max-snippet":"max-snippet:-1","max-image-preview":"max-image-preview:large","max-video-preview":"max-video-preview:-1"},"canonical":"https:\/\/metaltale.com\/et\/toode\/riidekonks-pik-85-mm\/","og_locale":"et_EE","og_type":"article","og_title":"Riidekonks PIK 85 mm - MetalTale.com","og_description":"M\u00f6\u00f6bli tarvikud &#8211; RIPUTUSKONKS 85 MM PIC Mudel: CH.4933 Materjal: teras \u00dcldine k\u00f5rgus (cm): 8,5 \u00dcldine laius (cm): 2,5 Aluse","og_url":"https:\/\/metaltale.com\/et\/toode\/riidekonks-pik-85-mm\/","og_site_name":"MetalTale.com","article_modified_time":"2025-11-26T18:36:41+00:00","og_image":[{"width":800,"height":800,"url":"https:\/\/metaltale.com\/wp-content\/uploads\/2023\/12\/Pakabos-kablys-PIK.jpg","type":"image\/jpeg"}],"twitter_card":"summary_large_image","twitter_misc":{"Est. reading time":"1 minut"},"schema":{"@context":"https:\/\/schema.org","@graph":[{"@type":"WebPage","@id":"https:\/\/metaltale.com\/et\/toode\/riidekonks-pik-85-mm\/","url":"https:\/\/metaltale.com\/et\/toode\/riidekonks-pik-85-mm\/","name":"Riidekonks PIK 85 mm - MetalTale.com","isPartOf":{"@id":"https:\/\/metaltale.com\/et\/#website"},"primaryImageOfPage":{"@id":"https:\/\/metaltale.com\/et\/toode\/riidekonks-pik-85-mm\/#primaryimage"},"image":{"@id":"https:\/\/metaltale.com\/et\/toode\/riidekonks-pik-85-mm\/#primaryimage"},"thumbnailUrl":"https:\/\/metaltale.com\/wp-content\/uploads\/2023\/12\/Pakabos-kablys-PIK.jpg","datePublished":"2024-02-13T13:33:49+00:00","dateModified":"2025-11-26T18:36:41+00:00","breadcrumb":{"@id":"https:\/\/metaltale.com\/et\/toode\/riidekonks-pik-85-mm\/#breadcrumb"},"inLanguage":"et","potentialAction":[{"@type":"ReadAction","target":["https:\/\/metaltale.com\/et\/toode\/riidekonks-pik-85-mm\/"]}]},{"@type":"ImageObject","inLanguage":"et","@id":"https:\/\/metaltale.com\/et\/toode\/riidekonks-pik-85-mm\/#primaryimage","url":"https:\/\/metaltale.com\/wp-content\/uploads\/2023\/12\/Pakabos-kablys-PIK.jpg","contentUrl":"https:\/\/metaltale.com\/wp-content\/uploads\/2023\/12\/Pakabos-kablys-PIK.jpg","width":800,"height":800,"caption":"Riputuskonks PIK 85 mm"},{"@type":"BreadcrumbList","@id":"https:\/\/metaltale.com\/et\/toode\/riidekonks-pik-85-mm\/#breadcrumb","itemListElement":[{"@type":"ListItem","position":1,"name":"Home","item":"https:\/\/metaltale.com\/et\/kodu\/"},{"@type":"ListItem","position":2,"name":"Kauplus","item":"https:\/\/metaltale.com\/et\/shop\/"},{"@type":"ListItem","position":3,"name":"Riidekonks PIK 85 mm"}]},{"@type":"WebSite","@id":"https:\/\/metaltale.com\/et\/#website","url":"https:\/\/metaltale.com\/et\/","name":"Metaltale.com","description":"","potentialAction":[{"@type":"SearchAction","target":{"@type":"EntryPoint","urlTemplate":"https:\/\/metaltale.com\/et\/?s={search_term_string}"},"query-input":{"@type":"PropertyValueSpecification","valueRequired":true,"valueName":"search_term_string"}}],"inLanguage":"et"}]}},"_links":{"self":[{"href":"https:\/\/metaltale.com\/et\/wp-json\/wp\/v2\/product\/132865","targetHints":{"allow":["GET"]}}],"collection":[{"href":"https:\/\/metaltale.com\/et\/wp-json\/wp\/v2\/product"}],"about":[{"href":"https:\/\/metaltale.com\/et\/wp-json\/wp\/v2\/types\/product"}],"replies":[{"embeddable":true,"href":"https:\/\/metaltale.com\/et\/wp-json\/wp\/v2\/comments?post=132865"}],"version-history":[{"count":0,"href":"https:\/\/metaltale.com\/et\/wp-json\/wp\/v2\/product\/132865\/revisions"}],"wp:featuredmedia":[{"embeddable":true,"href":"https:\/\/metaltale.com\/et\/wp-json\/wp\/v2\/media\/116729"}],"wp:attachment":[{"href":"https:\/\/metaltale.com\/et\/wp-json\/wp\/v2\/media?parent=132865"}],"wp:term":[{"taxonomy":"product_brand","embeddable":true,"href":"https:\/\/metaltale.com\/et\/wp-json\/wp\/v2\/product_brand?post=132865"},{"taxonomy":"product_cat","embeddable":true,"href":"https:\/\/metaltale.com\/et\/wp-json\/wp\/v2\/product_cat?post=132865"},{"taxonomy":"product_tag","embeddable":true,"href":"https:\/\/metaltale.com\/et\/wp-json\/wp\/v2\/product_tag?post=132865"}],"curies":[{"name":"wp","href":"https:\/\/api.w.org\/{rel}","templated":true}]}}