{"id":132848,"date":"2024-02-13T15:33:49","date_gmt":"2024-02-13T13:33:49","guid":{"rendered":"https:\/\/metaltale.com\/produktas\/veekraan-fish-must\/"},"modified":"2024-02-13T15:33:49","modified_gmt":"2024-02-13T13:33:49","slug":"veekraan-fish-must","status":"publish","type":"product","link":"https:\/\/metaltale.com\/et\/toode\/veekraan-fish-must\/","title":{"rendered":"Veekraan FISH, must"},"content":{"rendered":"<div class=\"prod_data\">\n<p><strong>Mudel<\/strong> WX.JS-F519-BLA<br \/>\n<strong>V\u00e4ljalaskeava pikkus (cm)<\/strong> 10<br \/>\n<strong>Materjal<\/strong> Messing<br \/>\n<strong>\u00dcldine k\u00f5rgus (cm)<\/strong> 15<br \/>\n<strong>Keermete l\u00e4bim\u00f5\u00f5t (tollides)<\/strong> 1\/2<br \/>\nV\u00e4rv Must<br \/>\n<strong>Viimistlus<\/strong> Pehme, satiinne efekt<\/p>\n<p>messingist ventiil<\/p>\n<p>Tootel on keraamiline pea, mis tagab t\u00e4iusliku tihenduse.<\/p>\n<p>Keskmisest pikem kasutusiga, mille tagavad k\u00f5rgeimad tootmisstandardid<\/p>\n<p>lihtne hooldus &#8211; soe vesi ja PH neutraalne seep<\/p>\n<hr>\n<p>Satiinmust voolikuhani vaskh\u00f5bedase efektiga on rafineeritud ja originaalne element, mis lisab igale vannitoale ainulaadset v\u00f5lu. Selle ebatavaline disain sisaldab dekoratiivset kalakujulist kraanikaussi ja m\u00f5\u00f5tkava joonistusi kraanikaussi peal, mis annab sisustusele mitte ainult funktsionaalsuse, vaid ka ainulaadse kunstilise iseloomu.<\/p>\n<\/div>\n","protected":false},"excerpt":{"rendered":"<p>Mudel WX.JS-F519-BLA V\u00e4ljalaskeava pikkus (cm) 10 Materjal Messing \u00dcldine k\u00f5rgus (cm) 15 Keermete l\u00e4bim\u00f5\u00f5t (tollides) 1\/2 V\u00e4rv Must Viimistlus Pehme,<\/p>\n","protected":false},"featured_media":116526,"comment_status":"open","ping_status":"closed","template":"","meta":{"_acf_changed":false,"pmpro_default_level":""},"product_brand":[],"product_cat":[24141,24193],"product_tag":[],"class_list":{"0":"post-132848","1":"product","2":"type-product","3":"status-publish","4":"has-post-thumbnail","6":"product_cat-taps-et","7":"product_cat-veekraanid-ja-ventiilid","8":"pmpro-has-access","10":"first","11":"instock","12":"shipping-taxable","13":"purchasable","14":"product-type-simple"},"acf":[],"yoast_head":"<!-- This site is optimized with the Yoast SEO plugin v24.9 - https:\/\/yoast.com\/wordpress\/plugins\/seo\/ -->\n<title>Veekraan FISH, must - MetalTale.com<\/title>\n<meta name=\"robots\" content=\"index, follow, max-snippet:-1, max-image-preview:large, max-video-preview:-1\" \/>\n<link rel=\"canonical\" href=\"https:\/\/metaltale.com\/et\/toode\/veekraan-fish-must\/\" \/>\n<meta property=\"og:locale\" content=\"et_EE\" \/>\n<meta property=\"og:type\" content=\"article\" \/>\n<meta property=\"og:title\" content=\"Veekraan FISH, must - MetalTale.com\" \/>\n<meta property=\"og:description\" content=\"Mudel WX.JS-F519-BLA V\u00e4ljalaskeava pikkus (cm) 10 Materjal Messing \u00dcldine k\u00f5rgus (cm) 15 Keermete l\u00e4bim\u00f5\u00f5t (tollides) 1\/2 V\u00e4rv Must Viimistlus Pehme,\" \/>\n<meta property=\"og:url\" content=\"https:\/\/metaltale.com\/et\/toode\/veekraan-fish-must\/\" \/>\n<meta property=\"og:site_name\" content=\"MetalTale.com\" \/>\n<meta property=\"og:image\" content=\"https:\/\/metaltale.com\/wp-content\/uploads\/2023\/12\/FISH-juodos-spalvos-x17Earnos-maix161ytuvas.jpg\" \/>\n\t<meta property=\"og:image:width\" content=\"800\" \/>\n\t<meta property=\"og:image:height\" content=\"800\" \/>\n\t<meta property=\"og:image:type\" content=\"image\/jpeg\" \/>\n<meta name=\"twitter:card\" content=\"summary_large_image\" \/>\n<script type=\"application\/ld+json\" class=\"yoast-schema-graph\">{\"@context\":\"https:\/\/schema.org\",\"@graph\":[{\"@type\":\"WebPage\",\"@id\":\"https:\/\/metaltale.com\/et\/toode\/veekraan-fish-must\/\",\"url\":\"https:\/\/metaltale.com\/et\/toode\/veekraan-fish-must\/\",\"name\":\"Veekraan FISH, must - MetalTale.com\",\"isPartOf\":{\"@id\":\"https:\/\/metaltale.com\/et\/#website\"},\"primaryImageOfPage\":{\"@id\":\"https:\/\/metaltale.com\/et\/toode\/veekraan-fish-must\/#primaryimage\"},\"image\":{\"@id\":\"https:\/\/metaltale.com\/et\/toode\/veekraan-fish-must\/#primaryimage\"},\"thumbnailUrl\":\"https:\/\/metaltale.com\/wp-content\/uploads\/2023\/12\/FISH-juodos-spalvos-x17Earnos-maix161ytuvas.jpg\",\"datePublished\":\"2024-02-13T13:33:49+00:00\",\"breadcrumb\":{\"@id\":\"https:\/\/metaltale.com\/et\/toode\/veekraan-fish-must\/#breadcrumb\"},\"inLanguage\":\"et\",\"potentialAction\":[{\"@type\":\"ReadAction\",\"target\":[\"https:\/\/metaltale.com\/et\/toode\/veekraan-fish-must\/\"]}]},{\"@type\":\"ImageObject\",\"inLanguage\":\"et\",\"@id\":\"https:\/\/metaltale.com\/et\/toode\/veekraan-fish-must\/#primaryimage\",\"url\":\"https:\/\/metaltale.com\/wp-content\/uploads\/2023\/12\/FISH-juodos-spalvos-x17Earnos-maix161ytuvas.jpg\",\"contentUrl\":\"https:\/\/metaltale.com\/wp-content\/uploads\/2023\/12\/FISH-juodos-spalvos-x17Earnos-maix161ytuvas.jpg\",\"width\":800,\"height\":800,\"caption\":\"Veekraan FISH, must\"},{\"@type\":\"BreadcrumbList\",\"@id\":\"https:\/\/metaltale.com\/et\/toode\/veekraan-fish-must\/#breadcrumb\",\"itemListElement\":[{\"@type\":\"ListItem\",\"position\":1,\"name\":\"Home\",\"item\":\"https:\/\/metaltale.com\/et\/kodu\/\"},{\"@type\":\"ListItem\",\"position\":2,\"name\":\"Kauplus\",\"item\":\"https:\/\/metaltale.com\/et\/shop\/\"},{\"@type\":\"ListItem\",\"position\":3,\"name\":\"Veekraan FISH, must\"}]},{\"@type\":\"WebSite\",\"@id\":\"https:\/\/metaltale.com\/et\/#website\",\"url\":\"https:\/\/metaltale.com\/et\/\",\"name\":\"Metaltale.com\",\"description\":\"\",\"potentialAction\":[{\"@type\":\"SearchAction\",\"target\":{\"@type\":\"EntryPoint\",\"urlTemplate\":\"https:\/\/metaltale.com\/et\/?s={search_term_string}\"},\"query-input\":{\"@type\":\"PropertyValueSpecification\",\"valueRequired\":true,\"valueName\":\"search_term_string\"}}],\"inLanguage\":\"et\"}]}<\/script>\n<!-- \/ Yoast SEO plugin. -->","yoast_head_json":{"title":"Veekraan FISH, must - MetalTale.com","robots":{"index":"index","follow":"follow","max-snippet":"max-snippet:-1","max-image-preview":"max-image-preview:large","max-video-preview":"max-video-preview:-1"},"canonical":"https:\/\/metaltale.com\/et\/toode\/veekraan-fish-must\/","og_locale":"et_EE","og_type":"article","og_title":"Veekraan FISH, must - MetalTale.com","og_description":"Mudel WX.JS-F519-BLA V\u00e4ljalaskeava pikkus (cm) 10 Materjal Messing \u00dcldine k\u00f5rgus (cm) 15 Keermete l\u00e4bim\u00f5\u00f5t (tollides) 1\/2 V\u00e4rv Must Viimistlus Pehme,","og_url":"https:\/\/metaltale.com\/et\/toode\/veekraan-fish-must\/","og_site_name":"MetalTale.com","og_image":[{"width":800,"height":800,"url":"https:\/\/metaltale.com\/wp-content\/uploads\/2023\/12\/FISH-juodos-spalvos-x17Earnos-maix161ytuvas.jpg","type":"image\/jpeg"}],"twitter_card":"summary_large_image","schema":{"@context":"https:\/\/schema.org","@graph":[{"@type":"WebPage","@id":"https:\/\/metaltale.com\/et\/toode\/veekraan-fish-must\/","url":"https:\/\/metaltale.com\/et\/toode\/veekraan-fish-must\/","name":"Veekraan FISH, must - MetalTale.com","isPartOf":{"@id":"https:\/\/metaltale.com\/et\/#website"},"primaryImageOfPage":{"@id":"https:\/\/metaltale.com\/et\/toode\/veekraan-fish-must\/#primaryimage"},"image":{"@id":"https:\/\/metaltale.com\/et\/toode\/veekraan-fish-must\/#primaryimage"},"thumbnailUrl":"https:\/\/metaltale.com\/wp-content\/uploads\/2023\/12\/FISH-juodos-spalvos-x17Earnos-maix161ytuvas.jpg","datePublished":"2024-02-13T13:33:49+00:00","breadcrumb":{"@id":"https:\/\/metaltale.com\/et\/toode\/veekraan-fish-must\/#breadcrumb"},"inLanguage":"et","potentialAction":[{"@type":"ReadAction","target":["https:\/\/metaltale.com\/et\/toode\/veekraan-fish-must\/"]}]},{"@type":"ImageObject","inLanguage":"et","@id":"https:\/\/metaltale.com\/et\/toode\/veekraan-fish-must\/#primaryimage","url":"https:\/\/metaltale.com\/wp-content\/uploads\/2023\/12\/FISH-juodos-spalvos-x17Earnos-maix161ytuvas.jpg","contentUrl":"https:\/\/metaltale.com\/wp-content\/uploads\/2023\/12\/FISH-juodos-spalvos-x17Earnos-maix161ytuvas.jpg","width":800,"height":800,"caption":"Veekraan FISH, must"},{"@type":"BreadcrumbList","@id":"https:\/\/metaltale.com\/et\/toode\/veekraan-fish-must\/#breadcrumb","itemListElement":[{"@type":"ListItem","position":1,"name":"Home","item":"https:\/\/metaltale.com\/et\/kodu\/"},{"@type":"ListItem","position":2,"name":"Kauplus","item":"https:\/\/metaltale.com\/et\/shop\/"},{"@type":"ListItem","position":3,"name":"Veekraan FISH, must"}]},{"@type":"WebSite","@id":"https:\/\/metaltale.com\/et\/#website","url":"https:\/\/metaltale.com\/et\/","name":"Metaltale.com","description":"","potentialAction":[{"@type":"SearchAction","target":{"@type":"EntryPoint","urlTemplate":"https:\/\/metaltale.com\/et\/?s={search_term_string}"},"query-input":{"@type":"PropertyValueSpecification","valueRequired":true,"valueName":"search_term_string"}}],"inLanguage":"et"}]}},"_links":{"self":[{"href":"https:\/\/metaltale.com\/et\/wp-json\/wp\/v2\/product\/132848","targetHints":{"allow":["GET"]}}],"collection":[{"href":"https:\/\/metaltale.com\/et\/wp-json\/wp\/v2\/product"}],"about":[{"href":"https:\/\/metaltale.com\/et\/wp-json\/wp\/v2\/types\/product"}],"replies":[{"embeddable":true,"href":"https:\/\/metaltale.com\/et\/wp-json\/wp\/v2\/comments?post=132848"}],"version-history":[{"count":0,"href":"https:\/\/metaltale.com\/et\/wp-json\/wp\/v2\/product\/132848\/revisions"}],"wp:featuredmedia":[{"embeddable":true,"href":"https:\/\/metaltale.com\/et\/wp-json\/wp\/v2\/media\/116526"}],"wp:attachment":[{"href":"https:\/\/metaltale.com\/et\/wp-json\/wp\/v2\/media?parent=132848"}],"wp:term":[{"taxonomy":"product_brand","embeddable":true,"href":"https:\/\/metaltale.com\/et\/wp-json\/wp\/v2\/product_brand?post=132848"},{"taxonomy":"product_cat","embeddable":true,"href":"https:\/\/metaltale.com\/et\/wp-json\/wp\/v2\/product_cat?post=132848"},{"taxonomy":"product_tag","embeddable":true,"href":"https:\/\/metaltale.com\/et\/wp-json\/wp\/v2\/product_tag?post=132848"}],"curies":[{"name":"wp","href":"https:\/\/api.w.org\/{rel}","templated":true}]}}