{"id":132828,"date":"2024-02-13T15:35:05","date_gmt":"2024-02-13T13:35:05","guid":{"rendered":"https:\/\/metaltale.com\/produktas\/porandale-paigaldatav-vannitoa-segisti-york-must\/"},"modified":"2024-02-13T15:35:05","modified_gmt":"2024-02-13T13:35:05","slug":"porandale-paigaldatav-vannitoa-segisti-york-must","status":"publish","type":"product","link":"https:\/\/metaltale.com\/et\/toode\/porandale-paigaldatav-vannitoa-segisti-york-must\/","title":{"rendered":"P\u00f5randale paigaldatav vannitoa segisti YORK, must"},"content":{"rendered":"<div class=\"prod_data\">\n<p><strong>Mudel<\/strong> WX.XT381-BLA<br \/>\n<strong>Segisti t\u00fc\u00fcp<\/strong> Vabalt seisev<br \/>\n<strong>V\u00e4ljalaskeava pikkus (cm)<\/strong> 11<br \/>\n<strong>K\u00f5rgus ninaotsani (cm)<\/strong> 71<br \/>\n<strong>Materjal<\/strong> Messing<br \/>\n<strong> [cm]Kogupikkus<\/strong> 101<strong> <\/strong><br \/>\n<strong>Aluse m\u00f5\u00f5tmed (cm)<\/strong> 28<br \/>\n<strong>Du\u0161ipea pikkus (cm)<\/strong> 20<br \/>\n<strong>Vooliku pikkus (cm<\/strong> ) 150<br \/>\n<strong>Kraanide vaheline kaugus (cm)<\/strong> 15<br \/>\n<strong>Perlator (\u00f5hutaja)<\/strong> Ei<br \/>\n<strong>P\u00f6\u00f6rlev v\u00e4ljalaskeava<\/strong> Jah<br \/>\nV\u00e4rv Must<br \/>\n<strong>Viimistlus<\/strong> Pehme, satiinne efekt<\/p>\n<p>messingist seisev segisti<\/p>\n<p>P\u00f6\u00f6rlev nina<\/p>\n<p>keraamiline pea &#8211; element, mis tagab vee n\u00f5uetekohase jaotamise<\/p>\n<p>\u00d5hutaja &#8211; vee tarbimise v\u00e4hendamiseks<\/p>\n<p>K\u00f5ik paigaldamiseks vajalikud komponendid on kaasas<\/p>\n<hr>\n<p>Vabalt seisva vanniga vannituba on k\u00f5igi l\u00f5\u00f5gastavate vannide armastajate unistus. Vabalt seisvad vannid kiirgavad rafineeritud stiili, andes meie vannitoale kuningliku vanni atmosf\u00e4\u00e4ri. Samuti tasub investeerida \u00f5igesse mikserisse, et s\u00e4ilitada stiililine terviklikkus. Vabalt seisev vannisegisti on stiilne lahendus, mis sobib ideaalselt vannitoa retroh\u00f5nguga. Selle muljetavaldav k\u00f5rgus ja rikkalik ornamentika muudavad selle mitte ainult funktsionaalseks, vaid ka dekoratiivseks keskpunktiks. P\u00f5randakraan meenutab traditsioonilisi t\u00f6\u00f6laua kraane ning selle tugev disain tagab mugava ja lihtsa kasutamise.<\/p>\n<\/div>\n","protected":false},"excerpt":{"rendered":"<p>Mudel WX.XT381-BLA Segisti t\u00fc\u00fcp Vabalt seisev V\u00e4ljalaskeava pikkus (cm) 11 K\u00f5rgus ninaotsani (cm) 71 Materjal Messing [cm]Kogupikkus 101 Aluse m\u00f5\u00f5tmed<\/p>\n","protected":false},"featured_media":118055,"comment_status":"open","ping_status":"closed","template":"","meta":{"_acf_changed":false,"pmpro_default_level":""},"product_brand":[],"product_cat":[24154,24166],"product_tag":[],"class_list":{"0":"post-132828","1":"product","2":"type-product","3":"status-publish","4":"has-post-thumbnail","6":"product_cat-vannitoa-kraanid","7":"product_cat-vannitoa-kraanid-et","8":"pmpro-has-access","10":"first","11":"instock","12":"shipping-taxable","13":"purchasable","14":"product-type-simple"},"acf":[],"yoast_head":"<!-- This site is optimized with the Yoast SEO plugin v24.9 - https:\/\/yoast.com\/wordpress\/plugins\/seo\/ -->\n<title>P\u00f5randale paigaldatav vannitoa segisti YORK, must - MetalTale.com<\/title>\n<meta name=\"robots\" content=\"index, follow, max-snippet:-1, max-image-preview:large, max-video-preview:-1\" \/>\n<link rel=\"canonical\" href=\"https:\/\/metaltale.com\/et\/toode\/porandale-paigaldatav-vannitoa-segisti-york-must\/\" \/>\n<meta property=\"og:locale\" content=\"et_EE\" \/>\n<meta property=\"og:type\" content=\"article\" \/>\n<meta property=\"og:title\" content=\"P\u00f5randale paigaldatav vannitoa segisti YORK, must - MetalTale.com\" \/>\n<meta property=\"og:description\" content=\"Mudel WX.XT381-BLA Segisti t\u00fc\u00fcp Vabalt seisev V\u00e4ljalaskeava pikkus (cm) 11 K\u00f5rgus ninaotsani (cm) 71 Materjal Messing [cm]Kogupikkus 101 Aluse m\u00f5\u00f5tmed\" \/>\n<meta property=\"og:url\" content=\"https:\/\/metaltale.com\/et\/toode\/porandale-paigaldatav-vannitoa-segisti-york-must\/\" \/>\n<meta property=\"og:site_name\" content=\"MetalTale.com\" \/>\n<meta property=\"og:image\" content=\"https:\/\/metaltale.com\/wp-content\/uploads\/2023\/12\/Grindinis-vonios-maix161ytuvas-juodas-YORK.jpg\" \/>\n\t<meta property=\"og:image:width\" content=\"800\" \/>\n\t<meta property=\"og:image:height\" content=\"800\" \/>\n\t<meta property=\"og:image:type\" content=\"image\/jpeg\" \/>\n<meta name=\"twitter:card\" content=\"summary_large_image\" \/>\n<meta name=\"twitter:label1\" content=\"Est. reading time\" \/>\n\t<meta name=\"twitter:data1\" content=\"1 minut\" \/>\n<script type=\"application\/ld+json\" class=\"yoast-schema-graph\">{\"@context\":\"https:\/\/schema.org\",\"@graph\":[{\"@type\":\"WebPage\",\"@id\":\"https:\/\/metaltale.com\/et\/toode\/porandale-paigaldatav-vannitoa-segisti-york-must\/\",\"url\":\"https:\/\/metaltale.com\/et\/toode\/porandale-paigaldatav-vannitoa-segisti-york-must\/\",\"name\":\"P\u00f5randale paigaldatav vannitoa segisti YORK, must - MetalTale.com\",\"isPartOf\":{\"@id\":\"https:\/\/metaltale.com\/et\/#website\"},\"primaryImageOfPage\":{\"@id\":\"https:\/\/metaltale.com\/et\/toode\/porandale-paigaldatav-vannitoa-segisti-york-must\/#primaryimage\"},\"image\":{\"@id\":\"https:\/\/metaltale.com\/et\/toode\/porandale-paigaldatav-vannitoa-segisti-york-must\/#primaryimage\"},\"thumbnailUrl\":\"https:\/\/metaltale.com\/wp-content\/uploads\/2023\/12\/Grindinis-vonios-maix161ytuvas-juodas-YORK.jpg\",\"datePublished\":\"2024-02-13T13:35:05+00:00\",\"breadcrumb\":{\"@id\":\"https:\/\/metaltale.com\/et\/toode\/porandale-paigaldatav-vannitoa-segisti-york-must\/#breadcrumb\"},\"inLanguage\":\"et\",\"potentialAction\":[{\"@type\":\"ReadAction\",\"target\":[\"https:\/\/metaltale.com\/et\/toode\/porandale-paigaldatav-vannitoa-segisti-york-must\/\"]}]},{\"@type\":\"ImageObject\",\"inLanguage\":\"et\",\"@id\":\"https:\/\/metaltale.com\/et\/toode\/porandale-paigaldatav-vannitoa-segisti-york-must\/#primaryimage\",\"url\":\"https:\/\/metaltale.com\/wp-content\/uploads\/2023\/12\/Grindinis-vonios-maix161ytuvas-juodas-YORK.jpg\",\"contentUrl\":\"https:\/\/metaltale.com\/wp-content\/uploads\/2023\/12\/Grindinis-vonios-maix161ytuvas-juodas-YORK.jpg\",\"width\":800,\"height\":800,\"caption\":\"P\u00f5randale paigaldatav vannitoa segisti YORK, must\"},{\"@type\":\"BreadcrumbList\",\"@id\":\"https:\/\/metaltale.com\/et\/toode\/porandale-paigaldatav-vannitoa-segisti-york-must\/#breadcrumb\",\"itemListElement\":[{\"@type\":\"ListItem\",\"position\":1,\"name\":\"Home\",\"item\":\"https:\/\/metaltale.com\/et\/kodu\/\"},{\"@type\":\"ListItem\",\"position\":2,\"name\":\"Kauplus\",\"item\":\"https:\/\/metaltale.com\/et\/shop\/\"},{\"@type\":\"ListItem\",\"position\":3,\"name\":\"P\u00f5randale paigaldatav vannitoa segisti YORK, must\"}]},{\"@type\":\"WebSite\",\"@id\":\"https:\/\/metaltale.com\/et\/#website\",\"url\":\"https:\/\/metaltale.com\/et\/\",\"name\":\"Metaltale.com\",\"description\":\"\",\"potentialAction\":[{\"@type\":\"SearchAction\",\"target\":{\"@type\":\"EntryPoint\",\"urlTemplate\":\"https:\/\/metaltale.com\/et\/?s={search_term_string}\"},\"query-input\":{\"@type\":\"PropertyValueSpecification\",\"valueRequired\":true,\"valueName\":\"search_term_string\"}}],\"inLanguage\":\"et\"}]}<\/script>\n<!-- \/ Yoast SEO plugin. -->","yoast_head_json":{"title":"P\u00f5randale paigaldatav vannitoa segisti YORK, must - MetalTale.com","robots":{"index":"index","follow":"follow","max-snippet":"max-snippet:-1","max-image-preview":"max-image-preview:large","max-video-preview":"max-video-preview:-1"},"canonical":"https:\/\/metaltale.com\/et\/toode\/porandale-paigaldatav-vannitoa-segisti-york-must\/","og_locale":"et_EE","og_type":"article","og_title":"P\u00f5randale paigaldatav vannitoa segisti YORK, must - MetalTale.com","og_description":"Mudel WX.XT381-BLA Segisti t\u00fc\u00fcp Vabalt seisev V\u00e4ljalaskeava pikkus (cm) 11 K\u00f5rgus ninaotsani (cm) 71 Materjal Messing [cm]Kogupikkus 101 Aluse m\u00f5\u00f5tmed","og_url":"https:\/\/metaltale.com\/et\/toode\/porandale-paigaldatav-vannitoa-segisti-york-must\/","og_site_name":"MetalTale.com","og_image":[{"width":800,"height":800,"url":"https:\/\/metaltale.com\/wp-content\/uploads\/2023\/12\/Grindinis-vonios-maix161ytuvas-juodas-YORK.jpg","type":"image\/jpeg"}],"twitter_card":"summary_large_image","twitter_misc":{"Est. reading time":"1 minut"},"schema":{"@context":"https:\/\/schema.org","@graph":[{"@type":"WebPage","@id":"https:\/\/metaltale.com\/et\/toode\/porandale-paigaldatav-vannitoa-segisti-york-must\/","url":"https:\/\/metaltale.com\/et\/toode\/porandale-paigaldatav-vannitoa-segisti-york-must\/","name":"P\u00f5randale paigaldatav vannitoa segisti YORK, must - MetalTale.com","isPartOf":{"@id":"https:\/\/metaltale.com\/et\/#website"},"primaryImageOfPage":{"@id":"https:\/\/metaltale.com\/et\/toode\/porandale-paigaldatav-vannitoa-segisti-york-must\/#primaryimage"},"image":{"@id":"https:\/\/metaltale.com\/et\/toode\/porandale-paigaldatav-vannitoa-segisti-york-must\/#primaryimage"},"thumbnailUrl":"https:\/\/metaltale.com\/wp-content\/uploads\/2023\/12\/Grindinis-vonios-maix161ytuvas-juodas-YORK.jpg","datePublished":"2024-02-13T13:35:05+00:00","breadcrumb":{"@id":"https:\/\/metaltale.com\/et\/toode\/porandale-paigaldatav-vannitoa-segisti-york-must\/#breadcrumb"},"inLanguage":"et","potentialAction":[{"@type":"ReadAction","target":["https:\/\/metaltale.com\/et\/toode\/porandale-paigaldatav-vannitoa-segisti-york-must\/"]}]},{"@type":"ImageObject","inLanguage":"et","@id":"https:\/\/metaltale.com\/et\/toode\/porandale-paigaldatav-vannitoa-segisti-york-must\/#primaryimage","url":"https:\/\/metaltale.com\/wp-content\/uploads\/2023\/12\/Grindinis-vonios-maix161ytuvas-juodas-YORK.jpg","contentUrl":"https:\/\/metaltale.com\/wp-content\/uploads\/2023\/12\/Grindinis-vonios-maix161ytuvas-juodas-YORK.jpg","width":800,"height":800,"caption":"P\u00f5randale paigaldatav vannitoa segisti YORK, must"},{"@type":"BreadcrumbList","@id":"https:\/\/metaltale.com\/et\/toode\/porandale-paigaldatav-vannitoa-segisti-york-must\/#breadcrumb","itemListElement":[{"@type":"ListItem","position":1,"name":"Home","item":"https:\/\/metaltale.com\/et\/kodu\/"},{"@type":"ListItem","position":2,"name":"Kauplus","item":"https:\/\/metaltale.com\/et\/shop\/"},{"@type":"ListItem","position":3,"name":"P\u00f5randale paigaldatav vannitoa segisti YORK, must"}]},{"@type":"WebSite","@id":"https:\/\/metaltale.com\/et\/#website","url":"https:\/\/metaltale.com\/et\/","name":"Metaltale.com","description":"","potentialAction":[{"@type":"SearchAction","target":{"@type":"EntryPoint","urlTemplate":"https:\/\/metaltale.com\/et\/?s={search_term_string}"},"query-input":{"@type":"PropertyValueSpecification","valueRequired":true,"valueName":"search_term_string"}}],"inLanguage":"et"}]}},"_links":{"self":[{"href":"https:\/\/metaltale.com\/et\/wp-json\/wp\/v2\/product\/132828","targetHints":{"allow":["GET"]}}],"collection":[{"href":"https:\/\/metaltale.com\/et\/wp-json\/wp\/v2\/product"}],"about":[{"href":"https:\/\/metaltale.com\/et\/wp-json\/wp\/v2\/types\/product"}],"replies":[{"embeddable":true,"href":"https:\/\/metaltale.com\/et\/wp-json\/wp\/v2\/comments?post=132828"}],"version-history":[{"count":0,"href":"https:\/\/metaltale.com\/et\/wp-json\/wp\/v2\/product\/132828\/revisions"}],"wp:featuredmedia":[{"embeddable":true,"href":"https:\/\/metaltale.com\/et\/wp-json\/wp\/v2\/media\/118055"}],"wp:attachment":[{"href":"https:\/\/metaltale.com\/et\/wp-json\/wp\/v2\/media?parent=132828"}],"wp:term":[{"taxonomy":"product_brand","embeddable":true,"href":"https:\/\/metaltale.com\/et\/wp-json\/wp\/v2\/product_brand?post=132828"},{"taxonomy":"product_cat","embeddable":true,"href":"https:\/\/metaltale.com\/et\/wp-json\/wp\/v2\/product_cat?post=132828"},{"taxonomy":"product_tag","embeddable":true,"href":"https:\/\/metaltale.com\/et\/wp-json\/wp\/v2\/product_tag?post=132828"}],"curies":[{"name":"wp","href":"https:\/\/api.w.org\/{rel}","templated":true}]}}