{"id":132824,"date":"2024-02-13T15:35:05","date_gmt":"2024-02-13T13:35:05","guid":{"rendered":"https:\/\/metaltale.com\/produktas\/metallist-ratikukang-twisted\/"},"modified":"2024-02-13T15:35:05","modified_gmt":"2024-02-13T13:35:05","slug":"metallist-ratikukang-twisted","status":"publish","type":"product","link":"https:\/\/metaltale.com\/et\/toode\/metallist-ratikukang-twisted\/","title":{"rendered":"Metallist r\u00e4tikukang TWISTED"},"content":{"rendered":"<div class=\"prod_data\">\n<p><strong>Mudel<\/strong> CH.54662<br \/>\n<strong>Materjal<\/strong> teras<br \/>\n<strong>\u00dcldine k\u00f5rgus (cm)<\/strong> 19<br \/>\n<strong>\u00dcldl\u00e4bim\u00f5\u00f5t (cm<\/strong> ) 16<br \/>\n<strong>Koguprojektsioon (cm)<\/strong> 6<br \/>\nAukude <strong>vahekaugus (cm)<\/strong> 5,5<br \/>\nPaigalduskruvid Jah<br \/>\n<strong>V\u00e4rv<\/strong> teras<br \/>\n<strong>Viimistlus<\/strong> Lakitud<\/p>\n<p>vedrustus on valmistatud terasest, nii et see kestab pikka aega.<\/p>\n<p>originaalne maal\u00e4hedane disain<\/p>\n<p>kiireks paigaldamiseks on kaasas kruvide komplekt<\/p>\n<hr>\n<p>Rustikaline seinale paigaldatav r\u00e4tikukang, mis r\u00f5\u00f5mustab k\u00f5iki originaalse kaunistamise austajaid. Dekoratiivne tumedat v\u00e4rvi keeratud ratas on ideaalne detail retro- v\u00f5i rustikaalsesse interj\u00f6\u00f6ri. See on suurep\u00e4rane t\u00e4iendus vannitubadesse v\u00f5i k\u00f6\u00f6kidesse, mitte ainult praktilistel eesm\u00e4rkidel, vaid eelk\u00f5ige dekoratiivsetel eesm\u00e4rkidel.<\/p>\n<\/div>\n","protected":false},"excerpt":{"rendered":"<p>Mudel CH.54662 Materjal teras \u00dcldine k\u00f5rgus (cm) 19 \u00dcldl\u00e4bim\u00f5\u00f5t (cm ) 16 Koguprojektsioon (cm) 6 Aukude vahekaugus (cm) 5,5 Paigalduskruvid<\/p>\n","protected":false},"featured_media":117204,"comment_status":"open","ping_status":"closed","template":"","meta":{"_acf_changed":false,"pmpro_default_level":""},"product_brand":[],"product_cat":[23836,23881],"product_tag":[],"class_list":{"0":"post-132824","1":"product","2":"type-product","3":"status-publish","4":"has-post-thumbnail","6":"product_cat-moobli-tarvikud","7":"product_cat-ranksluosciu-kabyklos-et","8":"pmpro-has-access","10":"first","11":"instock","12":"shipping-taxable","13":"purchasable","14":"product-type-simple"},"acf":[],"yoast_head":"<!-- This site is optimized with the Yoast SEO plugin v24.9 - https:\/\/yoast.com\/wordpress\/plugins\/seo\/ -->\n<title>Metallist r\u00e4tikukang TWISTED - MetalTale.com<\/title>\n<meta name=\"robots\" content=\"index, follow, max-snippet:-1, max-image-preview:large, max-video-preview:-1\" \/>\n<link rel=\"canonical\" href=\"https:\/\/metaltale.com\/et\/toode\/metallist-ratikukang-twisted\/\" \/>\n<meta property=\"og:locale\" content=\"et_EE\" \/>\n<meta property=\"og:type\" content=\"article\" \/>\n<meta property=\"og:title\" content=\"Metallist r\u00e4tikukang TWISTED - MetalTale.com\" \/>\n<meta property=\"og:description\" content=\"Mudel CH.54662 Materjal teras \u00dcldine k\u00f5rgus (cm) 19 \u00dcldl\u00e4bim\u00f5\u00f5t (cm ) 16 Koguprojektsioon (cm) 6 Aukude vahekaugus (cm) 5,5 Paigalduskruvid\" \/>\n<meta property=\"og:url\" content=\"https:\/\/metaltale.com\/et\/toode\/metallist-ratikukang-twisted\/\" \/>\n<meta property=\"og:site_name\" content=\"MetalTale.com\" \/>\n<meta property=\"og:image\" content=\"https:\/\/metaltale.com\/wp-content\/uploads\/2023\/12\/Metalinis-rankx161luosx10Dix173-laikiklis-TWISTED.jpg\" \/>\n\t<meta property=\"og:image:width\" content=\"800\" \/>\n\t<meta property=\"og:image:height\" content=\"800\" \/>\n\t<meta property=\"og:image:type\" content=\"image\/jpeg\" \/>\n<meta name=\"twitter:card\" content=\"summary_large_image\" \/>\n<script type=\"application\/ld+json\" class=\"yoast-schema-graph\">{\"@context\":\"https:\/\/schema.org\",\"@graph\":[{\"@type\":\"WebPage\",\"@id\":\"https:\/\/metaltale.com\/et\/toode\/metallist-ratikukang-twisted\/\",\"url\":\"https:\/\/metaltale.com\/et\/toode\/metallist-ratikukang-twisted\/\",\"name\":\"Metallist r\u00e4tikukang TWISTED - MetalTale.com\",\"isPartOf\":{\"@id\":\"https:\/\/metaltale.com\/et\/#website\"},\"primaryImageOfPage\":{\"@id\":\"https:\/\/metaltale.com\/et\/toode\/metallist-ratikukang-twisted\/#primaryimage\"},\"image\":{\"@id\":\"https:\/\/metaltale.com\/et\/toode\/metallist-ratikukang-twisted\/#primaryimage\"},\"thumbnailUrl\":\"https:\/\/metaltale.com\/wp-content\/uploads\/2023\/12\/Metalinis-rankx161luosx10Dix173-laikiklis-TWISTED.jpg\",\"datePublished\":\"2024-02-13T13:35:05+00:00\",\"breadcrumb\":{\"@id\":\"https:\/\/metaltale.com\/et\/toode\/metallist-ratikukang-twisted\/#breadcrumb\"},\"inLanguage\":\"et\",\"potentialAction\":[{\"@type\":\"ReadAction\",\"target\":[\"https:\/\/metaltale.com\/et\/toode\/metallist-ratikukang-twisted\/\"]}]},{\"@type\":\"ImageObject\",\"inLanguage\":\"et\",\"@id\":\"https:\/\/metaltale.com\/et\/toode\/metallist-ratikukang-twisted\/#primaryimage\",\"url\":\"https:\/\/metaltale.com\/wp-content\/uploads\/2023\/12\/Metalinis-rankx161luosx10Dix173-laikiklis-TWISTED.jpg\",\"contentUrl\":\"https:\/\/metaltale.com\/wp-content\/uploads\/2023\/12\/Metalinis-rankx161luosx10Dix173-laikiklis-TWISTED.jpg\",\"width\":800,\"height\":800,\"caption\":\"Metallist r\u00e4tikukang TWISTED\"},{\"@type\":\"BreadcrumbList\",\"@id\":\"https:\/\/metaltale.com\/et\/toode\/metallist-ratikukang-twisted\/#breadcrumb\",\"itemListElement\":[{\"@type\":\"ListItem\",\"position\":1,\"name\":\"Home\",\"item\":\"https:\/\/metaltale.com\/et\/kodu\/\"},{\"@type\":\"ListItem\",\"position\":2,\"name\":\"Kauplus\",\"item\":\"https:\/\/metaltale.com\/et\/shop\/\"},{\"@type\":\"ListItem\",\"position\":3,\"name\":\"Metallist r\u00e4tikukang TWISTED\"}]},{\"@type\":\"WebSite\",\"@id\":\"https:\/\/metaltale.com\/et\/#website\",\"url\":\"https:\/\/metaltale.com\/et\/\",\"name\":\"Metaltale.com\",\"description\":\"\",\"potentialAction\":[{\"@type\":\"SearchAction\",\"target\":{\"@type\":\"EntryPoint\",\"urlTemplate\":\"https:\/\/metaltale.com\/et\/?s={search_term_string}\"},\"query-input\":{\"@type\":\"PropertyValueSpecification\",\"valueRequired\":true,\"valueName\":\"search_term_string\"}}],\"inLanguage\":\"et\"}]}<\/script>\n<!-- \/ Yoast SEO plugin. -->","yoast_head_json":{"title":"Metallist r\u00e4tikukang TWISTED - MetalTale.com","robots":{"index":"index","follow":"follow","max-snippet":"max-snippet:-1","max-image-preview":"max-image-preview:large","max-video-preview":"max-video-preview:-1"},"canonical":"https:\/\/metaltale.com\/et\/toode\/metallist-ratikukang-twisted\/","og_locale":"et_EE","og_type":"article","og_title":"Metallist r\u00e4tikukang TWISTED - MetalTale.com","og_description":"Mudel CH.54662 Materjal teras \u00dcldine k\u00f5rgus (cm) 19 \u00dcldl\u00e4bim\u00f5\u00f5t (cm ) 16 Koguprojektsioon (cm) 6 Aukude vahekaugus (cm) 5,5 Paigalduskruvid","og_url":"https:\/\/metaltale.com\/et\/toode\/metallist-ratikukang-twisted\/","og_site_name":"MetalTale.com","og_image":[{"width":800,"height":800,"url":"https:\/\/metaltale.com\/wp-content\/uploads\/2023\/12\/Metalinis-rankx161luosx10Dix173-laikiklis-TWISTED.jpg","type":"image\/jpeg"}],"twitter_card":"summary_large_image","schema":{"@context":"https:\/\/schema.org","@graph":[{"@type":"WebPage","@id":"https:\/\/metaltale.com\/et\/toode\/metallist-ratikukang-twisted\/","url":"https:\/\/metaltale.com\/et\/toode\/metallist-ratikukang-twisted\/","name":"Metallist r\u00e4tikukang TWISTED - MetalTale.com","isPartOf":{"@id":"https:\/\/metaltale.com\/et\/#website"},"primaryImageOfPage":{"@id":"https:\/\/metaltale.com\/et\/toode\/metallist-ratikukang-twisted\/#primaryimage"},"image":{"@id":"https:\/\/metaltale.com\/et\/toode\/metallist-ratikukang-twisted\/#primaryimage"},"thumbnailUrl":"https:\/\/metaltale.com\/wp-content\/uploads\/2023\/12\/Metalinis-rankx161luosx10Dix173-laikiklis-TWISTED.jpg","datePublished":"2024-02-13T13:35:05+00:00","breadcrumb":{"@id":"https:\/\/metaltale.com\/et\/toode\/metallist-ratikukang-twisted\/#breadcrumb"},"inLanguage":"et","potentialAction":[{"@type":"ReadAction","target":["https:\/\/metaltale.com\/et\/toode\/metallist-ratikukang-twisted\/"]}]},{"@type":"ImageObject","inLanguage":"et","@id":"https:\/\/metaltale.com\/et\/toode\/metallist-ratikukang-twisted\/#primaryimage","url":"https:\/\/metaltale.com\/wp-content\/uploads\/2023\/12\/Metalinis-rankx161luosx10Dix173-laikiklis-TWISTED.jpg","contentUrl":"https:\/\/metaltale.com\/wp-content\/uploads\/2023\/12\/Metalinis-rankx161luosx10Dix173-laikiklis-TWISTED.jpg","width":800,"height":800,"caption":"Metallist r\u00e4tikukang TWISTED"},{"@type":"BreadcrumbList","@id":"https:\/\/metaltale.com\/et\/toode\/metallist-ratikukang-twisted\/#breadcrumb","itemListElement":[{"@type":"ListItem","position":1,"name":"Home","item":"https:\/\/metaltale.com\/et\/kodu\/"},{"@type":"ListItem","position":2,"name":"Kauplus","item":"https:\/\/metaltale.com\/et\/shop\/"},{"@type":"ListItem","position":3,"name":"Metallist r\u00e4tikukang TWISTED"}]},{"@type":"WebSite","@id":"https:\/\/metaltale.com\/et\/#website","url":"https:\/\/metaltale.com\/et\/","name":"Metaltale.com","description":"","potentialAction":[{"@type":"SearchAction","target":{"@type":"EntryPoint","urlTemplate":"https:\/\/metaltale.com\/et\/?s={search_term_string}"},"query-input":{"@type":"PropertyValueSpecification","valueRequired":true,"valueName":"search_term_string"}}],"inLanguage":"et"}]}},"_links":{"self":[{"href":"https:\/\/metaltale.com\/et\/wp-json\/wp\/v2\/product\/132824","targetHints":{"allow":["GET"]}}],"collection":[{"href":"https:\/\/metaltale.com\/et\/wp-json\/wp\/v2\/product"}],"about":[{"href":"https:\/\/metaltale.com\/et\/wp-json\/wp\/v2\/types\/product"}],"replies":[{"embeddable":true,"href":"https:\/\/metaltale.com\/et\/wp-json\/wp\/v2\/comments?post=132824"}],"version-history":[{"count":0,"href":"https:\/\/metaltale.com\/et\/wp-json\/wp\/v2\/product\/132824\/revisions"}],"wp:featuredmedia":[{"embeddable":true,"href":"https:\/\/metaltale.com\/et\/wp-json\/wp\/v2\/media\/117204"}],"wp:attachment":[{"href":"https:\/\/metaltale.com\/et\/wp-json\/wp\/v2\/media?parent=132824"}],"wp:term":[{"taxonomy":"product_brand","embeddable":true,"href":"https:\/\/metaltale.com\/et\/wp-json\/wp\/v2\/product_brand?post=132824"},{"taxonomy":"product_cat","embeddable":true,"href":"https:\/\/metaltale.com\/et\/wp-json\/wp\/v2\/product_cat?post=132824"},{"taxonomy":"product_tag","embeddable":true,"href":"https:\/\/metaltale.com\/et\/wp-json\/wp\/v2\/product_tag?post=132824"}],"curies":[{"name":"wp","href":"https:\/\/api.w.org\/{rel}","templated":true}]}}