{"id":132819,"date":"2024-02-13T15:35:05","date_gmt":"2024-02-13T13:35:05","guid":{"rendered":"https:\/\/metaltale.com\/produktas\/valurauast-kaarid-rulli-dzuudiga-lark\/"},"modified":"2024-02-13T15:35:05","modified_gmt":"2024-02-13T13:35:05","slug":"valurauast-kaarid-rulli-dzuudiga-lark","status":"publish","type":"product","link":"https:\/\/metaltale.com\/et\/toode\/valurauast-kaarid-rulli-dzuudiga-lark\/","title":{"rendered":"Valurauast k\u00e4\u00e4rid rulli d\u017euudiga LARK"},"content":{"rendered":"<div class=\"prod_data\">\n<p><strong>Mudel<\/strong> CH.3464<br \/>\n<strong>Materjal<\/strong> Puit, malm<br \/>\n<strong>\u00dcldine k\u00f5rgus (cm)<\/strong> 20,5<br \/>\n<strong>\u00dcldl\u00e4bim\u00f5\u00f5t (cm<\/strong> ) 13,5<br \/>\n<strong>V\u00e4rv<\/strong> Must, puit &#8211; naturaalne \u00f5li<br \/>\n<strong>Viimistlus<\/strong> Lakitud<\/p>\n<p>Rustiline r\u00e4tsepa rullik malmist alusel<\/p>\n<p>Komplekti kuuluvad: malmist rull, d\u017euut- ja terask\u00e4\u00e4rid<\/p>\n<hr>\n<p>\u00d5mbluspulber ei ole mitte ainult praktiline \u00f5mblusvahend, vaid ka maitsekas ja stiilne rustikaalne element. See on valmistatud malmist, mis on v\u00e4ga vastupidav materjal, nii et rullik kestab kaua. Komplekti kuuluvad ka raudk\u00e4\u00e4rid ja d\u017euutk\u00f6is. Sipelgapesa rullikul on v\u00f5luv t\u00e4iendus, mis lisab tootele maal\u00e4hedast iseloomu. See malmist poolik ei ole mitte ainult praktiline t\u00f6\u00f6riist \u00f5mblejatele ja \u00f5mblemishuvilistele, vaid ka ilus dekoratiivne element.<\/p>\n<\/div>\n","protected":false},"excerpt":{"rendered":"<p>Mudel CH.3464 Materjal Puit, malm \u00dcldine k\u00f5rgus (cm) 20,5 \u00dcldl\u00e4bim\u00f5\u00f5t (cm ) 13,5 V\u00e4rv Must, puit &#8211; naturaalne \u00f5li Viimistlus<\/p>\n","protected":false},"featured_media":117085,"comment_status":"open","ping_status":"closed","template":"","meta":{"_acf_changed":false,"pmpro_default_level":""},"product_brand":[],"product_cat":[24149,23895],"product_tag":[],"class_list":{"0":"post-132819","1":"product","2":"type-product","3":"status-publish","4":"has-post-thumbnail","6":"product_cat-ebatavalised-kaunistused","7":"product_cat-kaunistused","8":"pmpro-has-access","10":"first","11":"instock","12":"shipping-taxable","13":"purchasable","14":"product-type-simple"},"acf":[],"yoast_head":"<!-- This site is optimized with the Yoast SEO plugin v24.9 - https:\/\/yoast.com\/wordpress\/plugins\/seo\/ -->\n<title>Valurauast k\u00e4\u00e4rid rulli d\u017euudiga LARK - MetalTale.com<\/title>\n<meta name=\"robots\" content=\"index, follow, max-snippet:-1, max-image-preview:large, max-video-preview:-1\" \/>\n<link rel=\"canonical\" href=\"https:\/\/metaltale.com\/et\/toode\/valurauast-kaarid-rulli-dzuudiga-lark\/\" \/>\n<meta property=\"og:locale\" content=\"et_EE\" \/>\n<meta property=\"og:type\" content=\"article\" \/>\n<meta property=\"og:title\" content=\"Valurauast k\u00e4\u00e4rid rulli d\u017euudiga LARK - MetalTale.com\" \/>\n<meta property=\"og:description\" content=\"Mudel CH.3464 Materjal Puit, malm \u00dcldine k\u00f5rgus (cm) 20,5 \u00dcldl\u00e4bim\u00f5\u00f5t (cm ) 13,5 V\u00e4rv Must, puit &#8211; naturaalne \u00f5li Viimistlus\" \/>\n<meta property=\"og:url\" content=\"https:\/\/metaltale.com\/et\/toode\/valurauast-kaarid-rulli-dzuudiga-lark\/\" \/>\n<meta property=\"og:site_name\" content=\"MetalTale.com\" \/>\n<meta property=\"og:image\" content=\"https:\/\/metaltale.com\/wp-content\/uploads\/2023\/12\/Ketaus-x17Eirklix173-ritx117-su-dx17Eiutu-SKOWRONEK.jpg\" \/>\n\t<meta property=\"og:image:width\" content=\"800\" \/>\n\t<meta property=\"og:image:height\" content=\"800\" \/>\n\t<meta property=\"og:image:type\" content=\"image\/jpeg\" \/>\n<meta name=\"twitter:card\" content=\"summary_large_image\" \/>\n<meta name=\"twitter:label1\" content=\"Est. reading time\" \/>\n\t<meta name=\"twitter:data1\" content=\"1 minut\" \/>\n<script type=\"application\/ld+json\" class=\"yoast-schema-graph\">{\"@context\":\"https:\/\/schema.org\",\"@graph\":[{\"@type\":\"WebPage\",\"@id\":\"https:\/\/metaltale.com\/et\/toode\/valurauast-kaarid-rulli-dzuudiga-lark\/\",\"url\":\"https:\/\/metaltale.com\/et\/toode\/valurauast-kaarid-rulli-dzuudiga-lark\/\",\"name\":\"Valurauast k\u00e4\u00e4rid rulli d\u017euudiga LARK - MetalTale.com\",\"isPartOf\":{\"@id\":\"https:\/\/metaltale.com\/et\/#website\"},\"primaryImageOfPage\":{\"@id\":\"https:\/\/metaltale.com\/et\/toode\/valurauast-kaarid-rulli-dzuudiga-lark\/#primaryimage\"},\"image\":{\"@id\":\"https:\/\/metaltale.com\/et\/toode\/valurauast-kaarid-rulli-dzuudiga-lark\/#primaryimage\"},\"thumbnailUrl\":\"https:\/\/metaltale.com\/wp-content\/uploads\/2023\/12\/Ketaus-x17Eirklix173-ritx117-su-dx17Eiutu-SKOWRONEK.jpg\",\"datePublished\":\"2024-02-13T13:35:05+00:00\",\"breadcrumb\":{\"@id\":\"https:\/\/metaltale.com\/et\/toode\/valurauast-kaarid-rulli-dzuudiga-lark\/#breadcrumb\"},\"inLanguage\":\"et\",\"potentialAction\":[{\"@type\":\"ReadAction\",\"target\":[\"https:\/\/metaltale.com\/et\/toode\/valurauast-kaarid-rulli-dzuudiga-lark\/\"]}]},{\"@type\":\"ImageObject\",\"inLanguage\":\"et\",\"@id\":\"https:\/\/metaltale.com\/et\/toode\/valurauast-kaarid-rulli-dzuudiga-lark\/#primaryimage\",\"url\":\"https:\/\/metaltale.com\/wp-content\/uploads\/2023\/12\/Ketaus-x17Eirklix173-ritx117-su-dx17Eiutu-SKOWRONEK.jpg\",\"contentUrl\":\"https:\/\/metaltale.com\/wp-content\/uploads\/2023\/12\/Ketaus-x17Eirklix173-ritx117-su-dx17Eiutu-SKOWRONEK.jpg\",\"width\":800,\"height\":800},{\"@type\":\"BreadcrumbList\",\"@id\":\"https:\/\/metaltale.com\/et\/toode\/valurauast-kaarid-rulli-dzuudiga-lark\/#breadcrumb\",\"itemListElement\":[{\"@type\":\"ListItem\",\"position\":1,\"name\":\"Home\",\"item\":\"https:\/\/metaltale.com\/et\/kodu\/\"},{\"@type\":\"ListItem\",\"position\":2,\"name\":\"Kauplus\",\"item\":\"https:\/\/metaltale.com\/et\/shop\/\"},{\"@type\":\"ListItem\",\"position\":3,\"name\":\"Valurauast k\u00e4\u00e4rid rulli d\u017euudiga LARK\"}]},{\"@type\":\"WebSite\",\"@id\":\"https:\/\/metaltale.com\/et\/#website\",\"url\":\"https:\/\/metaltale.com\/et\/\",\"name\":\"Metaltale.com\",\"description\":\"\",\"potentialAction\":[{\"@type\":\"SearchAction\",\"target\":{\"@type\":\"EntryPoint\",\"urlTemplate\":\"https:\/\/metaltale.com\/et\/?s={search_term_string}\"},\"query-input\":{\"@type\":\"PropertyValueSpecification\",\"valueRequired\":true,\"valueName\":\"search_term_string\"}}],\"inLanguage\":\"et\"}]}<\/script>\n<!-- \/ Yoast SEO plugin. -->","yoast_head_json":{"title":"Valurauast k\u00e4\u00e4rid rulli d\u017euudiga LARK - MetalTale.com","robots":{"index":"index","follow":"follow","max-snippet":"max-snippet:-1","max-image-preview":"max-image-preview:large","max-video-preview":"max-video-preview:-1"},"canonical":"https:\/\/metaltale.com\/et\/toode\/valurauast-kaarid-rulli-dzuudiga-lark\/","og_locale":"et_EE","og_type":"article","og_title":"Valurauast k\u00e4\u00e4rid rulli d\u017euudiga LARK - MetalTale.com","og_description":"Mudel CH.3464 Materjal Puit, malm \u00dcldine k\u00f5rgus (cm) 20,5 \u00dcldl\u00e4bim\u00f5\u00f5t (cm ) 13,5 V\u00e4rv Must, puit &#8211; naturaalne \u00f5li Viimistlus","og_url":"https:\/\/metaltale.com\/et\/toode\/valurauast-kaarid-rulli-dzuudiga-lark\/","og_site_name":"MetalTale.com","og_image":[{"width":800,"height":800,"url":"https:\/\/metaltale.com\/wp-content\/uploads\/2023\/12\/Ketaus-x17Eirklix173-ritx117-su-dx17Eiutu-SKOWRONEK.jpg","type":"image\/jpeg"}],"twitter_card":"summary_large_image","twitter_misc":{"Est. reading time":"1 minut"},"schema":{"@context":"https:\/\/schema.org","@graph":[{"@type":"WebPage","@id":"https:\/\/metaltale.com\/et\/toode\/valurauast-kaarid-rulli-dzuudiga-lark\/","url":"https:\/\/metaltale.com\/et\/toode\/valurauast-kaarid-rulli-dzuudiga-lark\/","name":"Valurauast k\u00e4\u00e4rid rulli d\u017euudiga LARK - MetalTale.com","isPartOf":{"@id":"https:\/\/metaltale.com\/et\/#website"},"primaryImageOfPage":{"@id":"https:\/\/metaltale.com\/et\/toode\/valurauast-kaarid-rulli-dzuudiga-lark\/#primaryimage"},"image":{"@id":"https:\/\/metaltale.com\/et\/toode\/valurauast-kaarid-rulli-dzuudiga-lark\/#primaryimage"},"thumbnailUrl":"https:\/\/metaltale.com\/wp-content\/uploads\/2023\/12\/Ketaus-x17Eirklix173-ritx117-su-dx17Eiutu-SKOWRONEK.jpg","datePublished":"2024-02-13T13:35:05+00:00","breadcrumb":{"@id":"https:\/\/metaltale.com\/et\/toode\/valurauast-kaarid-rulli-dzuudiga-lark\/#breadcrumb"},"inLanguage":"et","potentialAction":[{"@type":"ReadAction","target":["https:\/\/metaltale.com\/et\/toode\/valurauast-kaarid-rulli-dzuudiga-lark\/"]}]},{"@type":"ImageObject","inLanguage":"et","@id":"https:\/\/metaltale.com\/et\/toode\/valurauast-kaarid-rulli-dzuudiga-lark\/#primaryimage","url":"https:\/\/metaltale.com\/wp-content\/uploads\/2023\/12\/Ketaus-x17Eirklix173-ritx117-su-dx17Eiutu-SKOWRONEK.jpg","contentUrl":"https:\/\/metaltale.com\/wp-content\/uploads\/2023\/12\/Ketaus-x17Eirklix173-ritx117-su-dx17Eiutu-SKOWRONEK.jpg","width":800,"height":800},{"@type":"BreadcrumbList","@id":"https:\/\/metaltale.com\/et\/toode\/valurauast-kaarid-rulli-dzuudiga-lark\/#breadcrumb","itemListElement":[{"@type":"ListItem","position":1,"name":"Home","item":"https:\/\/metaltale.com\/et\/kodu\/"},{"@type":"ListItem","position":2,"name":"Kauplus","item":"https:\/\/metaltale.com\/et\/shop\/"},{"@type":"ListItem","position":3,"name":"Valurauast k\u00e4\u00e4rid rulli d\u017euudiga LARK"}]},{"@type":"WebSite","@id":"https:\/\/metaltale.com\/et\/#website","url":"https:\/\/metaltale.com\/et\/","name":"Metaltale.com","description":"","potentialAction":[{"@type":"SearchAction","target":{"@type":"EntryPoint","urlTemplate":"https:\/\/metaltale.com\/et\/?s={search_term_string}"},"query-input":{"@type":"PropertyValueSpecification","valueRequired":true,"valueName":"search_term_string"}}],"inLanguage":"et"}]}},"_links":{"self":[{"href":"https:\/\/metaltale.com\/et\/wp-json\/wp\/v2\/product\/132819","targetHints":{"allow":["GET"]}}],"collection":[{"href":"https:\/\/metaltale.com\/et\/wp-json\/wp\/v2\/product"}],"about":[{"href":"https:\/\/metaltale.com\/et\/wp-json\/wp\/v2\/types\/product"}],"replies":[{"embeddable":true,"href":"https:\/\/metaltale.com\/et\/wp-json\/wp\/v2\/comments?post=132819"}],"version-history":[{"count":0,"href":"https:\/\/metaltale.com\/et\/wp-json\/wp\/v2\/product\/132819\/revisions"}],"wp:featuredmedia":[{"embeddable":true,"href":"https:\/\/metaltale.com\/et\/wp-json\/wp\/v2\/media\/117085"}],"wp:attachment":[{"href":"https:\/\/metaltale.com\/et\/wp-json\/wp\/v2\/media?parent=132819"}],"wp:term":[{"taxonomy":"product_brand","embeddable":true,"href":"https:\/\/metaltale.com\/et\/wp-json\/wp\/v2\/product_brand?post=132819"},{"taxonomy":"product_cat","embeddable":true,"href":"https:\/\/metaltale.com\/et\/wp-json\/wp\/v2\/product_cat?post=132819"},{"taxonomy":"product_tag","embeddable":true,"href":"https:\/\/metaltale.com\/et\/wp-json\/wp\/v2\/product_tag?post=132819"}],"curies":[{"name":"wp","href":"https:\/\/api.w.org\/{rel}","templated":true}]}}