{"id":132817,"date":"2024-02-13T15:35:05","date_gmt":"2024-02-13T13:35:05","guid":{"rendered":"https:\/\/metaltale.com\/produktas\/valurauast-kaarid-rulli-koos-dzuudiga-wrobelek\/"},"modified":"2024-02-13T15:35:05","modified_gmt":"2024-02-13T13:35:05","slug":"valurauast-kaarid-rulli-koos-dzuudiga-wrobelek","status":"publish","type":"product","link":"https:\/\/metaltale.com\/et\/toode\/valurauast-kaarid-rulli-koos-dzuudiga-wrobelek\/","title":{"rendered":"Valurauast k\u00e4\u00e4rid rulli koos d\u017euudiga WR\u00d3BELEK"},"content":{"rendered":"<div class=\"prod_data\"><strong>Mudel<\/strong> CH.23400  <br \/><strong>Materjal<\/strong> Ketus  <br \/><strong>\u00dcldine k\u00f5rgus (cm)<\/strong> 25,5  <br \/><strong>\u00dcldine laius (cm)<\/strong> 15  <br \/><strong>Aluse m\u00f5\u00f5tmed (cm<\/strong> ) 15&#215;10  <br \/><strong>V\u00e4rv<\/strong> Must  <\/p>\n<p>Rustiline r\u00e4tsepa rullik malmist alusel<\/p>\n<p>Komplekti kuuluvad: malmist rull, d\u017euut- ja terask\u00e4\u00e4rid<\/p>\n<hr>\n<p>Siin esitatud elegantne r\u00e4tseparell on valmistatud \u00fclima hoole ja t\u00e4helepanuga detailidele. Toode on valmistatud malmist, mis on \u00e4\u00e4rmiselt vastupidav materjal, mis t\u00e4hendab, et rullik kestab kaua. Rulliga on kaasas ka terask\u00e4\u00e4rid, mis on suurep\u00e4rane t\u00e4iendus komplektile, ja d\u017euutk\u00f6is, mis v\u00f5ib olla kasulik maal\u00e4hedaste projektide puhul. Toote dekoratiivseks elemendiks on spiraalile paigutatud varblane. See v\u00f5luv detail lisab unikaalset v\u00f5lu ja on ainulaadne dekoratiivne element.<\/p>\n<\/div>\n","protected":false},"excerpt":{"rendered":"<p>Mudel CH.23400 Materjal Ketus \u00dcldine k\u00f5rgus (cm) 25,5 \u00dcldine laius (cm) 15 Aluse m\u00f5\u00f5tmed (cm ) 15&#215;10 V\u00e4rv Must Rustiline<\/p>\n","protected":false},"featured_media":117034,"comment_status":"open","ping_status":"closed","template":"","meta":{"_acf_changed":false,"pmpro_default_level":""},"product_brand":[],"product_cat":[24149],"product_tag":[],"class_list":{"0":"post-132817","1":"product","2":"type-product","3":"status-publish","4":"has-post-thumbnail","6":"product_cat-ebatavalised-kaunistused","7":"pmpro-has-access","9":"first","10":"instock","11":"shipping-taxable","12":"purchasable","13":"product-type-simple"},"acf":[],"yoast_head":"<!-- This site is optimized with the Yoast SEO plugin v24.9 - https:\/\/yoast.com\/wordpress\/plugins\/seo\/ -->\n<title>Valurauast k\u00e4\u00e4rid rulli koos d\u017euudiga WR\u00d3BELEK - MetalTale.com<\/title>\n<meta name=\"robots\" content=\"index, follow, max-snippet:-1, max-image-preview:large, max-video-preview:-1\" \/>\n<link rel=\"canonical\" href=\"https:\/\/metaltale.com\/et\/toode\/valurauast-kaarid-rulli-koos-dzuudiga-wrobelek\/\" \/>\n<meta property=\"og:locale\" content=\"et_EE\" \/>\n<meta property=\"og:type\" content=\"article\" \/>\n<meta property=\"og:title\" content=\"Valurauast k\u00e4\u00e4rid rulli koos d\u017euudiga WR\u00d3BELEK - MetalTale.com\" \/>\n<meta property=\"og:description\" content=\"Mudel CH.23400 Materjal Ketus \u00dcldine k\u00f5rgus (cm) 25,5 \u00dcldine laius (cm) 15 Aluse m\u00f5\u00f5tmed (cm ) 15&#215;10 V\u00e4rv Must Rustiline\" \/>\n<meta property=\"og:url\" content=\"https:\/\/metaltale.com\/et\/toode\/valurauast-kaarid-rulli-koos-dzuudiga-wrobelek\/\" \/>\n<meta property=\"og:site_name\" content=\"MetalTale.com\" \/>\n<meta name=\"twitter:card\" content=\"summary_large_image\" \/>\n<meta name=\"twitter:label1\" content=\"Est. reading time\" \/>\n\t<meta name=\"twitter:data1\" content=\"1 minut\" \/>\n<script type=\"application\/ld+json\" class=\"yoast-schema-graph\">{\"@context\":\"https:\/\/schema.org\",\"@graph\":[{\"@type\":\"WebPage\",\"@id\":\"https:\/\/metaltale.com\/et\/toode\/valurauast-kaarid-rulli-koos-dzuudiga-wrobelek\/\",\"url\":\"https:\/\/metaltale.com\/et\/toode\/valurauast-kaarid-rulli-koos-dzuudiga-wrobelek\/\",\"name\":\"Valurauast k\u00e4\u00e4rid rulli koos d\u017euudiga WR\u00d3BELEK - MetalTale.com\",\"isPartOf\":{\"@id\":\"https:\/\/metaltale.com\/et\/#website\"},\"primaryImageOfPage\":{\"@id\":\"https:\/\/metaltale.com\/et\/toode\/valurauast-kaarid-rulli-koos-dzuudiga-wrobelek\/#primaryimage\"},\"image\":{\"@id\":\"https:\/\/metaltale.com\/et\/toode\/valurauast-kaarid-rulli-koos-dzuudiga-wrobelek\/#primaryimage\"},\"thumbnailUrl\":\"https:\/\/metaltale.com\/wp-content\/uploads\/2023\/12\/Ketaus-x17Eirklix173-ritx117-su-dx17Eiutu-WRxD3BELEK.jpg\",\"datePublished\":\"2024-02-13T13:35:05+00:00\",\"breadcrumb\":{\"@id\":\"https:\/\/metaltale.com\/et\/toode\/valurauast-kaarid-rulli-koos-dzuudiga-wrobelek\/#breadcrumb\"},\"inLanguage\":\"et\",\"potentialAction\":[{\"@type\":\"ReadAction\",\"target\":[\"https:\/\/metaltale.com\/et\/toode\/valurauast-kaarid-rulli-koos-dzuudiga-wrobelek\/\"]}]},{\"@type\":\"ImageObject\",\"inLanguage\":\"et\",\"@id\":\"https:\/\/metaltale.com\/et\/toode\/valurauast-kaarid-rulli-koos-dzuudiga-wrobelek\/#primaryimage\",\"url\":\"https:\/\/metaltale.com\/wp-content\/uploads\/2023\/12\/Ketaus-x17Eirklix173-ritx117-su-dx17Eiutu-WRxD3BELEK.jpg\",\"contentUrl\":\"https:\/\/metaltale.com\/wp-content\/uploads\/2023\/12\/Ketaus-x17Eirklix173-ritx117-su-dx17Eiutu-WRxD3BELEK.jpg\",\"width\":800,\"height\":800},{\"@type\":\"BreadcrumbList\",\"@id\":\"https:\/\/metaltale.com\/et\/toode\/valurauast-kaarid-rulli-koos-dzuudiga-wrobelek\/#breadcrumb\",\"itemListElement\":[{\"@type\":\"ListItem\",\"position\":1,\"name\":\"Home\",\"item\":\"https:\/\/metaltale.com\/et\/kodu\/\"},{\"@type\":\"ListItem\",\"position\":2,\"name\":\"Kauplus\",\"item\":\"https:\/\/metaltale.com\/et\/shop\/\"},{\"@type\":\"ListItem\",\"position\":3,\"name\":\"Valurauast k\u00e4\u00e4rid rulli koos d\u017euudiga WR\u00d3BELEK\"}]},{\"@type\":\"WebSite\",\"@id\":\"https:\/\/metaltale.com\/et\/#website\",\"url\":\"https:\/\/metaltale.com\/et\/\",\"name\":\"Metaltale.com\",\"description\":\"\",\"potentialAction\":[{\"@type\":\"SearchAction\",\"target\":{\"@type\":\"EntryPoint\",\"urlTemplate\":\"https:\/\/metaltale.com\/et\/?s={search_term_string}\"},\"query-input\":{\"@type\":\"PropertyValueSpecification\",\"valueRequired\":true,\"valueName\":\"search_term_string\"}}],\"inLanguage\":\"et\"}]}<\/script>\n<!-- \/ Yoast SEO plugin. -->","yoast_head_json":{"title":"Valurauast k\u00e4\u00e4rid rulli koos d\u017euudiga WR\u00d3BELEK - MetalTale.com","robots":{"index":"index","follow":"follow","max-snippet":"max-snippet:-1","max-image-preview":"max-image-preview:large","max-video-preview":"max-video-preview:-1"},"canonical":"https:\/\/metaltale.com\/et\/toode\/valurauast-kaarid-rulli-koos-dzuudiga-wrobelek\/","og_locale":"et_EE","og_type":"article","og_title":"Valurauast k\u00e4\u00e4rid rulli koos d\u017euudiga WR\u00d3BELEK - MetalTale.com","og_description":"Mudel CH.23400 Materjal Ketus \u00dcldine k\u00f5rgus (cm) 25,5 \u00dcldine laius (cm) 15 Aluse m\u00f5\u00f5tmed (cm ) 15&#215;10 V\u00e4rv Must Rustiline","og_url":"https:\/\/metaltale.com\/et\/toode\/valurauast-kaarid-rulli-koos-dzuudiga-wrobelek\/","og_site_name":"MetalTale.com","twitter_card":"summary_large_image","twitter_misc":{"Est. reading time":"1 minut"},"schema":{"@context":"https:\/\/schema.org","@graph":[{"@type":"WebPage","@id":"https:\/\/metaltale.com\/et\/toode\/valurauast-kaarid-rulli-koos-dzuudiga-wrobelek\/","url":"https:\/\/metaltale.com\/et\/toode\/valurauast-kaarid-rulli-koos-dzuudiga-wrobelek\/","name":"Valurauast k\u00e4\u00e4rid rulli koos d\u017euudiga WR\u00d3BELEK - MetalTale.com","isPartOf":{"@id":"https:\/\/metaltale.com\/et\/#website"},"primaryImageOfPage":{"@id":"https:\/\/metaltale.com\/et\/toode\/valurauast-kaarid-rulli-koos-dzuudiga-wrobelek\/#primaryimage"},"image":{"@id":"https:\/\/metaltale.com\/et\/toode\/valurauast-kaarid-rulli-koos-dzuudiga-wrobelek\/#primaryimage"},"thumbnailUrl":"https:\/\/metaltale.com\/wp-content\/uploads\/2023\/12\/Ketaus-x17Eirklix173-ritx117-su-dx17Eiutu-WRxD3BELEK.jpg","datePublished":"2024-02-13T13:35:05+00:00","breadcrumb":{"@id":"https:\/\/metaltale.com\/et\/toode\/valurauast-kaarid-rulli-koos-dzuudiga-wrobelek\/#breadcrumb"},"inLanguage":"et","potentialAction":[{"@type":"ReadAction","target":["https:\/\/metaltale.com\/et\/toode\/valurauast-kaarid-rulli-koos-dzuudiga-wrobelek\/"]}]},{"@type":"ImageObject","inLanguage":"et","@id":"https:\/\/metaltale.com\/et\/toode\/valurauast-kaarid-rulli-koos-dzuudiga-wrobelek\/#primaryimage","url":"https:\/\/metaltale.com\/wp-content\/uploads\/2023\/12\/Ketaus-x17Eirklix173-ritx117-su-dx17Eiutu-WRxD3BELEK.jpg","contentUrl":"https:\/\/metaltale.com\/wp-content\/uploads\/2023\/12\/Ketaus-x17Eirklix173-ritx117-su-dx17Eiutu-WRxD3BELEK.jpg","width":800,"height":800},{"@type":"BreadcrumbList","@id":"https:\/\/metaltale.com\/et\/toode\/valurauast-kaarid-rulli-koos-dzuudiga-wrobelek\/#breadcrumb","itemListElement":[{"@type":"ListItem","position":1,"name":"Home","item":"https:\/\/metaltale.com\/et\/kodu\/"},{"@type":"ListItem","position":2,"name":"Kauplus","item":"https:\/\/metaltale.com\/et\/shop\/"},{"@type":"ListItem","position":3,"name":"Valurauast k\u00e4\u00e4rid rulli koos d\u017euudiga WR\u00d3BELEK"}]},{"@type":"WebSite","@id":"https:\/\/metaltale.com\/et\/#website","url":"https:\/\/metaltale.com\/et\/","name":"Metaltale.com","description":"","potentialAction":[{"@type":"SearchAction","target":{"@type":"EntryPoint","urlTemplate":"https:\/\/metaltale.com\/et\/?s={search_term_string}"},"query-input":{"@type":"PropertyValueSpecification","valueRequired":true,"valueName":"search_term_string"}}],"inLanguage":"et"}]}},"_links":{"self":[{"href":"https:\/\/metaltale.com\/et\/wp-json\/wp\/v2\/product\/132817","targetHints":{"allow":["GET"]}}],"collection":[{"href":"https:\/\/metaltale.com\/et\/wp-json\/wp\/v2\/product"}],"about":[{"href":"https:\/\/metaltale.com\/et\/wp-json\/wp\/v2\/types\/product"}],"replies":[{"embeddable":true,"href":"https:\/\/metaltale.com\/et\/wp-json\/wp\/v2\/comments?post=132817"}],"version-history":[{"count":0,"href":"https:\/\/metaltale.com\/et\/wp-json\/wp\/v2\/product\/132817\/revisions"}],"wp:featuredmedia":[{"embeddable":true,"href":"https:\/\/metaltale.com\/et\/wp-json\/wp\/v2\/media\/117034"}],"wp:attachment":[{"href":"https:\/\/metaltale.com\/et\/wp-json\/wp\/v2\/media?parent=132817"}],"wp:term":[{"taxonomy":"product_brand","embeddable":true,"href":"https:\/\/metaltale.com\/et\/wp-json\/wp\/v2\/product_brand?post=132817"},{"taxonomy":"product_cat","embeddable":true,"href":"https:\/\/metaltale.com\/et\/wp-json\/wp\/v2\/product_cat?post=132817"},{"taxonomy":"product_tag","embeddable":true,"href":"https:\/\/metaltale.com\/et\/wp-json\/wp\/v2\/product_tag?post=132817"}],"curies":[{"name":"wp","href":"https:\/\/api.w.org\/{rel}","templated":true}]}}