{"id":132812,"date":"2024-02-13T15:35:05","date_gmt":"2024-02-13T13:35:05","guid":{"rendered":"https:\/\/metaltale.com\/produktas\/juuti-rullihoidja-simple\/"},"modified":"2024-02-13T15:35:05","modified_gmt":"2024-02-13T13:35:05","slug":"juuti-rullihoidja-simple","status":"publish","type":"product","link":"https:\/\/metaltale.com\/et\/toode\/juuti-rullihoidja-simple\/","title":{"rendered":"Juuti rullihoidja SIMPLE"},"content":{"rendered":"<div class=\"prod_data\"><strong>Mudel<\/strong> CH.23415  <br \/><strong>Materjal<\/strong> teras  <br \/><strong>\u00dcldine k\u00f5rgus (cm)<\/strong> 19,5  <br \/><strong>\u00dcldine laius (cm)<\/strong> 15,5  <br \/>V\u00e4rv teras <br \/><strong>Viimistlus<\/strong> Lakitud  <\/p>\n<p>rullihoidja on valmistatud terasest, mis tagab toote vastupidavuse.<\/p>\n<p>Komplekti kuuluvad teraskinnitus ja d\u017euutk\u00f6is<\/p>\n<hr>\n<p>Siin esitatud rullihoidja on minimalistliku ja lihtsa kujuga, mis sobib suurep\u00e4raselt kokku d\u017euutn\u00f6\u00f6riga, et luua maal\u00e4hedane aksessuaar. See on valmistatud terasest, mis tagab n\u00f6\u00f6ri pikaealisuse ja stabiilsuse ning annab hoidjale tugevuse ja vastupidavuse kahjustustele. Teraskonstruktsiooni on lihtne puhastada ja hooldada, mist\u00f5ttu on hoidja praktiline igap\u00e4evaseks kasutamiseks. Meie lihtsa ja maal\u00e4hedase sarmiga terasest d\u017euudist n\u00f6\u00f6rihoidja on ideaalne kodu sisustuse aksessuaar, mis toob igasse ruumi looduslikku ilu ja hubasust.<\/p>\n<\/div>\n","protected":false},"excerpt":{"rendered":"<p>Mudel CH.23415 Materjal teras \u00dcldine k\u00f5rgus (cm) 19,5 \u00dcldine laius (cm) 15,5 V\u00e4rv teras Viimistlus Lakitud rullihoidja on valmistatud terasest,<\/p>\n","protected":false},"featured_media":117060,"comment_status":"open","ping_status":"closed","template":"","meta":{"_acf_changed":false,"pmpro_default_level":""},"product_brand":[],"product_cat":[24149],"product_tag":[],"class_list":{"0":"post-132812","1":"product","2":"type-product","3":"status-publish","4":"has-post-thumbnail","6":"product_cat-ebatavalised-kaunistused","7":"pmpro-has-access","9":"first","10":"instock","11":"shipping-taxable","12":"purchasable","13":"product-type-simple"},"acf":[],"yoast_head":"<!-- This site is optimized with the Yoast SEO plugin v24.9 - https:\/\/yoast.com\/wordpress\/plugins\/seo\/ -->\n<title>Juuti rullihoidja SIMPLE - MetalTale.com<\/title>\n<meta name=\"robots\" content=\"index, follow, max-snippet:-1, max-image-preview:large, max-video-preview:-1\" \/>\n<link rel=\"canonical\" href=\"https:\/\/metaltale.com\/et\/toode\/juuti-rullihoidja-simple\/\" \/>\n<meta property=\"og:locale\" content=\"et_EE\" \/>\n<meta property=\"og:type\" content=\"article\" \/>\n<meta property=\"og:title\" content=\"Juuti rullihoidja SIMPLE - MetalTale.com\" \/>\n<meta property=\"og:description\" content=\"Mudel CH.23415 Materjal teras \u00dcldine k\u00f5rgus (cm) 19,5 \u00dcldine laius (cm) 15,5 V\u00e4rv teras Viimistlus Lakitud rullihoidja on valmistatud terasest,\" \/>\n<meta property=\"og:url\" content=\"https:\/\/metaltale.com\/et\/toode\/juuti-rullihoidja-simple\/\" \/>\n<meta property=\"og:site_name\" content=\"MetalTale.com\" \/>\n<meta name=\"twitter:card\" content=\"summary_large_image\" \/>\n<meta name=\"twitter:label1\" content=\"Est. reading time\" \/>\n\t<meta name=\"twitter:data1\" content=\"1 minut\" \/>\n<script type=\"application\/ld+json\" class=\"yoast-schema-graph\">{\"@context\":\"https:\/\/schema.org\",\"@graph\":[{\"@type\":\"WebPage\",\"@id\":\"https:\/\/metaltale.com\/et\/toode\/juuti-rullihoidja-simple\/\",\"url\":\"https:\/\/metaltale.com\/et\/toode\/juuti-rullihoidja-simple\/\",\"name\":\"Juuti rullihoidja SIMPLE - MetalTale.com\",\"isPartOf\":{\"@id\":\"https:\/\/metaltale.com\/et\/#website\"},\"primaryImageOfPage\":{\"@id\":\"https:\/\/metaltale.com\/et\/toode\/juuti-rullihoidja-simple\/#primaryimage\"},\"image\":{\"@id\":\"https:\/\/metaltale.com\/et\/toode\/juuti-rullihoidja-simple\/#primaryimage\"},\"thumbnailUrl\":\"https:\/\/metaltale.com\/wp-content\/uploads\/2023\/12\/Dx17Eiuto-ritx117s-laikiklis-SIMPLE.jpg\",\"datePublished\":\"2024-02-13T13:35:05+00:00\",\"breadcrumb\":{\"@id\":\"https:\/\/metaltale.com\/et\/toode\/juuti-rullihoidja-simple\/#breadcrumb\"},\"inLanguage\":\"et\",\"potentialAction\":[{\"@type\":\"ReadAction\",\"target\":[\"https:\/\/metaltale.com\/et\/toode\/juuti-rullihoidja-simple\/\"]}]},{\"@type\":\"ImageObject\",\"inLanguage\":\"et\",\"@id\":\"https:\/\/metaltale.com\/et\/toode\/juuti-rullihoidja-simple\/#primaryimage\",\"url\":\"https:\/\/metaltale.com\/wp-content\/uploads\/2023\/12\/Dx17Eiuto-ritx117s-laikiklis-SIMPLE.jpg\",\"contentUrl\":\"https:\/\/metaltale.com\/wp-content\/uploads\/2023\/12\/Dx17Eiuto-ritx117s-laikiklis-SIMPLE.jpg\",\"width\":800,\"height\":800},{\"@type\":\"BreadcrumbList\",\"@id\":\"https:\/\/metaltale.com\/et\/toode\/juuti-rullihoidja-simple\/#breadcrumb\",\"itemListElement\":[{\"@type\":\"ListItem\",\"position\":1,\"name\":\"Home\",\"item\":\"https:\/\/metaltale.com\/et\/kodu\/\"},{\"@type\":\"ListItem\",\"position\":2,\"name\":\"Kauplus\",\"item\":\"https:\/\/metaltale.com\/et\/shop\/\"},{\"@type\":\"ListItem\",\"position\":3,\"name\":\"Juuti rullihoidja SIMPLE\"}]},{\"@type\":\"WebSite\",\"@id\":\"https:\/\/metaltale.com\/et\/#website\",\"url\":\"https:\/\/metaltale.com\/et\/\",\"name\":\"Metaltale.com\",\"description\":\"\",\"potentialAction\":[{\"@type\":\"SearchAction\",\"target\":{\"@type\":\"EntryPoint\",\"urlTemplate\":\"https:\/\/metaltale.com\/et\/?s={search_term_string}\"},\"query-input\":{\"@type\":\"PropertyValueSpecification\",\"valueRequired\":true,\"valueName\":\"search_term_string\"}}],\"inLanguage\":\"et\"}]}<\/script>\n<!-- \/ Yoast SEO plugin. -->","yoast_head_json":{"title":"Juuti rullihoidja SIMPLE - MetalTale.com","robots":{"index":"index","follow":"follow","max-snippet":"max-snippet:-1","max-image-preview":"max-image-preview:large","max-video-preview":"max-video-preview:-1"},"canonical":"https:\/\/metaltale.com\/et\/toode\/juuti-rullihoidja-simple\/","og_locale":"et_EE","og_type":"article","og_title":"Juuti rullihoidja SIMPLE - MetalTale.com","og_description":"Mudel CH.23415 Materjal teras \u00dcldine k\u00f5rgus (cm) 19,5 \u00dcldine laius (cm) 15,5 V\u00e4rv teras Viimistlus Lakitud rullihoidja on valmistatud terasest,","og_url":"https:\/\/metaltale.com\/et\/toode\/juuti-rullihoidja-simple\/","og_site_name":"MetalTale.com","twitter_card":"summary_large_image","twitter_misc":{"Est. reading time":"1 minut"},"schema":{"@context":"https:\/\/schema.org","@graph":[{"@type":"WebPage","@id":"https:\/\/metaltale.com\/et\/toode\/juuti-rullihoidja-simple\/","url":"https:\/\/metaltale.com\/et\/toode\/juuti-rullihoidja-simple\/","name":"Juuti rullihoidja SIMPLE - MetalTale.com","isPartOf":{"@id":"https:\/\/metaltale.com\/et\/#website"},"primaryImageOfPage":{"@id":"https:\/\/metaltale.com\/et\/toode\/juuti-rullihoidja-simple\/#primaryimage"},"image":{"@id":"https:\/\/metaltale.com\/et\/toode\/juuti-rullihoidja-simple\/#primaryimage"},"thumbnailUrl":"https:\/\/metaltale.com\/wp-content\/uploads\/2023\/12\/Dx17Eiuto-ritx117s-laikiklis-SIMPLE.jpg","datePublished":"2024-02-13T13:35:05+00:00","breadcrumb":{"@id":"https:\/\/metaltale.com\/et\/toode\/juuti-rullihoidja-simple\/#breadcrumb"},"inLanguage":"et","potentialAction":[{"@type":"ReadAction","target":["https:\/\/metaltale.com\/et\/toode\/juuti-rullihoidja-simple\/"]}]},{"@type":"ImageObject","inLanguage":"et","@id":"https:\/\/metaltale.com\/et\/toode\/juuti-rullihoidja-simple\/#primaryimage","url":"https:\/\/metaltale.com\/wp-content\/uploads\/2023\/12\/Dx17Eiuto-ritx117s-laikiklis-SIMPLE.jpg","contentUrl":"https:\/\/metaltale.com\/wp-content\/uploads\/2023\/12\/Dx17Eiuto-ritx117s-laikiklis-SIMPLE.jpg","width":800,"height":800},{"@type":"BreadcrumbList","@id":"https:\/\/metaltale.com\/et\/toode\/juuti-rullihoidja-simple\/#breadcrumb","itemListElement":[{"@type":"ListItem","position":1,"name":"Home","item":"https:\/\/metaltale.com\/et\/kodu\/"},{"@type":"ListItem","position":2,"name":"Kauplus","item":"https:\/\/metaltale.com\/et\/shop\/"},{"@type":"ListItem","position":3,"name":"Juuti rullihoidja SIMPLE"}]},{"@type":"WebSite","@id":"https:\/\/metaltale.com\/et\/#website","url":"https:\/\/metaltale.com\/et\/","name":"Metaltale.com","description":"","potentialAction":[{"@type":"SearchAction","target":{"@type":"EntryPoint","urlTemplate":"https:\/\/metaltale.com\/et\/?s={search_term_string}"},"query-input":{"@type":"PropertyValueSpecification","valueRequired":true,"valueName":"search_term_string"}}],"inLanguage":"et"}]}},"_links":{"self":[{"href":"https:\/\/metaltale.com\/et\/wp-json\/wp\/v2\/product\/132812","targetHints":{"allow":["GET"]}}],"collection":[{"href":"https:\/\/metaltale.com\/et\/wp-json\/wp\/v2\/product"}],"about":[{"href":"https:\/\/metaltale.com\/et\/wp-json\/wp\/v2\/types\/product"}],"replies":[{"embeddable":true,"href":"https:\/\/metaltale.com\/et\/wp-json\/wp\/v2\/comments?post=132812"}],"version-history":[{"count":0,"href":"https:\/\/metaltale.com\/et\/wp-json\/wp\/v2\/product\/132812\/revisions"}],"wp:featuredmedia":[{"embeddable":true,"href":"https:\/\/metaltale.com\/et\/wp-json\/wp\/v2\/media\/117060"}],"wp:attachment":[{"href":"https:\/\/metaltale.com\/et\/wp-json\/wp\/v2\/media?parent=132812"}],"wp:term":[{"taxonomy":"product_brand","embeddable":true,"href":"https:\/\/metaltale.com\/et\/wp-json\/wp\/v2\/product_brand?post=132812"},{"taxonomy":"product_cat","embeddable":true,"href":"https:\/\/metaltale.com\/et\/wp-json\/wp\/v2\/product_cat?post=132812"},{"taxonomy":"product_tag","embeddable":true,"href":"https:\/\/metaltale.com\/et\/wp-json\/wp\/v2\/product_tag?post=132812"}],"curies":[{"name":"wp","href":"https:\/\/api.w.org\/{rel}","templated":true}]}}