{"id":132802,"date":"2024-02-13T15:35:05","date_gmt":"2024-02-13T13:35:05","guid":{"rendered":"https:\/\/metaltale.com\/produktas\/seisev-metallist-kuunlajalg-edward\/"},"modified":"2024-02-13T15:35:05","modified_gmt":"2024-02-13T13:35:05","slug":"seisev-metallist-kuunlajalg-edward","status":"publish","type":"product","link":"https:\/\/metaltale.com\/et\/toode\/seisev-metallist-kuunlajalg-edward\/","title":{"rendered":"Seisev metallist k\u00fc\u00fcnlajalg EDWARD"},"content":{"rendered":"<div class=\"prod_data\"><strong>Mudel<\/strong> CH.8926  <br \/><strong>Materjal<\/strong> teras  <br \/><strong>\u00dcldine k\u00f5rgus (cm)<\/strong> 17,5  <br \/><strong>\u00dcldl\u00e4bim\u00f5\u00f5t (cm)<\/strong> 6  <br \/>V\u00e4rv teras <br \/><strong>Viimistlus<\/strong> Lakitud  <\/p>\n<p>terasest k\u00fc\u00fcnlajalg &#8211; vastupidavuse garantii<\/p>\n<p>n\u00e4htavad haamrij\u00e4ljed &#8211; rustikaalne aktsent<\/p>\n<p>K\u00fc\u00fcnlaaluse jaoks valige k\u00fc\u00fcnal l\u00e4bim\u00f5\u00f5duga 2,2 cm.<\/p>\n<hr>\n<p>Rustilised kaunistused on suurep\u00e4rane viis meie interj\u00f6\u00f6ride eristamiseks. Nende naturaalsed materjalid, lihtsad vormid ja maal\u00e4hedased detailid muutuvad meie sisekujunduse asendamatuteks elementideks.<\/p>\n<p>See Edwardi-aegne k\u00fc\u00fcnlajalg on valmistatud terasest, mis annab sellele stabiilsuse ja vastupidavuse, ning sellel on n\u00e4ha sepistamise j\u00e4lgi. Alusel on dekoratiivsed detailid, mis j\u00e4\u00e4vad silma. Selle k\u00fc\u00fcnlajalgade hoidja \u00fcks ainulaadne element on k\u00f5rge jalg, mis l\u00f5peb \u00fche k\u00fc\u00fcnla jaoks m\u00f5eldud tassiga. See sihvakas ja harmooniline disain loob ilusa fookuspunkti, mis sobib suurep\u00e4raselt maal\u00e4hedase sisekujundusega.<\/p>\n<\/div>\n","protected":false},"excerpt":{"rendered":"<p>Mudel CH.8926 Materjal teras \u00dcldine k\u00f5rgus (cm) 17,5 \u00dcldl\u00e4bim\u00f5\u00f5t (cm) 6 V\u00e4rv teras Viimistlus Lakitud terasest k\u00fc\u00fcnlajalg &#8211; vastupidavuse garantii<\/p>\n","protected":false},"featured_media":116958,"comment_status":"open","ping_status":"closed","template":"","meta":{"_acf_changed":false,"pmpro_default_level":""},"product_brand":[],"product_cat":[24187],"product_tag":[],"class_list":{"0":"post-132802","1":"product","2":"type-product","3":"status-publish","4":"has-post-thumbnail","6":"product_cat-tostetavad-kuunlajalad","7":"pmpro-has-access","9":"first","10":"instock","11":"shipping-taxable","12":"purchasable","13":"product-type-simple"},"acf":[],"yoast_head":"<!-- This site is optimized with the Yoast SEO plugin v24.9 - https:\/\/yoast.com\/wordpress\/plugins\/seo\/ -->\n<title>Seisev metallist k\u00fc\u00fcnlajalg EDWARD - MetalTale.com<\/title>\n<meta name=\"robots\" content=\"index, follow, max-snippet:-1, max-image-preview:large, max-video-preview:-1\" \/>\n<link rel=\"canonical\" href=\"https:\/\/metaltale.com\/et\/toode\/seisev-metallist-kuunlajalg-edward\/\" \/>\n<meta property=\"og:locale\" content=\"et_EE\" \/>\n<meta property=\"og:type\" content=\"article\" \/>\n<meta property=\"og:title\" content=\"Seisev metallist k\u00fc\u00fcnlajalg EDWARD - MetalTale.com\" \/>\n<meta property=\"og:description\" content=\"Mudel CH.8926 Materjal teras \u00dcldine k\u00f5rgus (cm) 17,5 \u00dcldl\u00e4bim\u00f5\u00f5t (cm) 6 V\u00e4rv teras Viimistlus Lakitud terasest k\u00fc\u00fcnlajalg &#8211; vastupidavuse garantii\" \/>\n<meta property=\"og:url\" content=\"https:\/\/metaltale.com\/et\/toode\/seisev-metallist-kuunlajalg-edward\/\" \/>\n<meta property=\"og:site_name\" content=\"MetalTale.com\" \/>\n<meta name=\"twitter:card\" content=\"summary_large_image\" \/>\n<meta name=\"twitter:label1\" content=\"Est. reading time\" \/>\n\t<meta name=\"twitter:data1\" content=\"1 minut\" \/>\n<script type=\"application\/ld+json\" class=\"yoast-schema-graph\">{\"@context\":\"https:\/\/schema.org\",\"@graph\":[{\"@type\":\"WebPage\",\"@id\":\"https:\/\/metaltale.com\/et\/toode\/seisev-metallist-kuunlajalg-edward\/\",\"url\":\"https:\/\/metaltale.com\/et\/toode\/seisev-metallist-kuunlajalg-edward\/\",\"name\":\"Seisev metallist k\u00fc\u00fcnlajalg EDWARD - MetalTale.com\",\"isPartOf\":{\"@id\":\"https:\/\/metaltale.com\/et\/#website\"},\"primaryImageOfPage\":{\"@id\":\"https:\/\/metaltale.com\/et\/toode\/seisev-metallist-kuunlajalg-edward\/#primaryimage\"},\"image\":{\"@id\":\"https:\/\/metaltale.com\/et\/toode\/seisev-metallist-kuunlajalg-edward\/#primaryimage\"},\"thumbnailUrl\":\"https:\/\/metaltale.com\/wp-content\/uploads\/2023\/12\/Stovintis-metalinis-x17Evakidx117s-laikiklis-EDWARD.jpg\",\"datePublished\":\"2024-02-13T13:35:05+00:00\",\"breadcrumb\":{\"@id\":\"https:\/\/metaltale.com\/et\/toode\/seisev-metallist-kuunlajalg-edward\/#breadcrumb\"},\"inLanguage\":\"et\",\"potentialAction\":[{\"@type\":\"ReadAction\",\"target\":[\"https:\/\/metaltale.com\/et\/toode\/seisev-metallist-kuunlajalg-edward\/\"]}]},{\"@type\":\"ImageObject\",\"inLanguage\":\"et\",\"@id\":\"https:\/\/metaltale.com\/et\/toode\/seisev-metallist-kuunlajalg-edward\/#primaryimage\",\"url\":\"https:\/\/metaltale.com\/wp-content\/uploads\/2023\/12\/Stovintis-metalinis-x17Evakidx117s-laikiklis-EDWARD.jpg\",\"contentUrl\":\"https:\/\/metaltale.com\/wp-content\/uploads\/2023\/12\/Stovintis-metalinis-x17Evakidx117s-laikiklis-EDWARD.jpg\",\"width\":800,\"height\":800},{\"@type\":\"BreadcrumbList\",\"@id\":\"https:\/\/metaltale.com\/et\/toode\/seisev-metallist-kuunlajalg-edward\/#breadcrumb\",\"itemListElement\":[{\"@type\":\"ListItem\",\"position\":1,\"name\":\"Home\",\"item\":\"https:\/\/metaltale.com\/et\/kodu\/\"},{\"@type\":\"ListItem\",\"position\":2,\"name\":\"Kauplus\",\"item\":\"https:\/\/metaltale.com\/et\/shop\/\"},{\"@type\":\"ListItem\",\"position\":3,\"name\":\"Seisev metallist k\u00fc\u00fcnlajalg EDWARD\"}]},{\"@type\":\"WebSite\",\"@id\":\"https:\/\/metaltale.com\/et\/#website\",\"url\":\"https:\/\/metaltale.com\/et\/\",\"name\":\"Metaltale.com\",\"description\":\"\",\"potentialAction\":[{\"@type\":\"SearchAction\",\"target\":{\"@type\":\"EntryPoint\",\"urlTemplate\":\"https:\/\/metaltale.com\/et\/?s={search_term_string}\"},\"query-input\":{\"@type\":\"PropertyValueSpecification\",\"valueRequired\":true,\"valueName\":\"search_term_string\"}}],\"inLanguage\":\"et\"}]}<\/script>\n<!-- \/ Yoast SEO plugin. -->","yoast_head_json":{"title":"Seisev metallist k\u00fc\u00fcnlajalg EDWARD - MetalTale.com","robots":{"index":"index","follow":"follow","max-snippet":"max-snippet:-1","max-image-preview":"max-image-preview:large","max-video-preview":"max-video-preview:-1"},"canonical":"https:\/\/metaltale.com\/et\/toode\/seisev-metallist-kuunlajalg-edward\/","og_locale":"et_EE","og_type":"article","og_title":"Seisev metallist k\u00fc\u00fcnlajalg EDWARD - MetalTale.com","og_description":"Mudel CH.8926 Materjal teras \u00dcldine k\u00f5rgus (cm) 17,5 \u00dcldl\u00e4bim\u00f5\u00f5t (cm) 6 V\u00e4rv teras Viimistlus Lakitud terasest k\u00fc\u00fcnlajalg &#8211; vastupidavuse garantii","og_url":"https:\/\/metaltale.com\/et\/toode\/seisev-metallist-kuunlajalg-edward\/","og_site_name":"MetalTale.com","twitter_card":"summary_large_image","twitter_misc":{"Est. reading time":"1 minut"},"schema":{"@context":"https:\/\/schema.org","@graph":[{"@type":"WebPage","@id":"https:\/\/metaltale.com\/et\/toode\/seisev-metallist-kuunlajalg-edward\/","url":"https:\/\/metaltale.com\/et\/toode\/seisev-metallist-kuunlajalg-edward\/","name":"Seisev metallist k\u00fc\u00fcnlajalg EDWARD - MetalTale.com","isPartOf":{"@id":"https:\/\/metaltale.com\/et\/#website"},"primaryImageOfPage":{"@id":"https:\/\/metaltale.com\/et\/toode\/seisev-metallist-kuunlajalg-edward\/#primaryimage"},"image":{"@id":"https:\/\/metaltale.com\/et\/toode\/seisev-metallist-kuunlajalg-edward\/#primaryimage"},"thumbnailUrl":"https:\/\/metaltale.com\/wp-content\/uploads\/2023\/12\/Stovintis-metalinis-x17Evakidx117s-laikiklis-EDWARD.jpg","datePublished":"2024-02-13T13:35:05+00:00","breadcrumb":{"@id":"https:\/\/metaltale.com\/et\/toode\/seisev-metallist-kuunlajalg-edward\/#breadcrumb"},"inLanguage":"et","potentialAction":[{"@type":"ReadAction","target":["https:\/\/metaltale.com\/et\/toode\/seisev-metallist-kuunlajalg-edward\/"]}]},{"@type":"ImageObject","inLanguage":"et","@id":"https:\/\/metaltale.com\/et\/toode\/seisev-metallist-kuunlajalg-edward\/#primaryimage","url":"https:\/\/metaltale.com\/wp-content\/uploads\/2023\/12\/Stovintis-metalinis-x17Evakidx117s-laikiklis-EDWARD.jpg","contentUrl":"https:\/\/metaltale.com\/wp-content\/uploads\/2023\/12\/Stovintis-metalinis-x17Evakidx117s-laikiklis-EDWARD.jpg","width":800,"height":800},{"@type":"BreadcrumbList","@id":"https:\/\/metaltale.com\/et\/toode\/seisev-metallist-kuunlajalg-edward\/#breadcrumb","itemListElement":[{"@type":"ListItem","position":1,"name":"Home","item":"https:\/\/metaltale.com\/et\/kodu\/"},{"@type":"ListItem","position":2,"name":"Kauplus","item":"https:\/\/metaltale.com\/et\/shop\/"},{"@type":"ListItem","position":3,"name":"Seisev metallist k\u00fc\u00fcnlajalg EDWARD"}]},{"@type":"WebSite","@id":"https:\/\/metaltale.com\/et\/#website","url":"https:\/\/metaltale.com\/et\/","name":"Metaltale.com","description":"","potentialAction":[{"@type":"SearchAction","target":{"@type":"EntryPoint","urlTemplate":"https:\/\/metaltale.com\/et\/?s={search_term_string}"},"query-input":{"@type":"PropertyValueSpecification","valueRequired":true,"valueName":"search_term_string"}}],"inLanguage":"et"}]}},"_links":{"self":[{"href":"https:\/\/metaltale.com\/et\/wp-json\/wp\/v2\/product\/132802","targetHints":{"allow":["GET"]}}],"collection":[{"href":"https:\/\/metaltale.com\/et\/wp-json\/wp\/v2\/product"}],"about":[{"href":"https:\/\/metaltale.com\/et\/wp-json\/wp\/v2\/types\/product"}],"replies":[{"embeddable":true,"href":"https:\/\/metaltale.com\/et\/wp-json\/wp\/v2\/comments?post=132802"}],"version-history":[{"count":0,"href":"https:\/\/metaltale.com\/et\/wp-json\/wp\/v2\/product\/132802\/revisions"}],"wp:featuredmedia":[{"embeddable":true,"href":"https:\/\/metaltale.com\/et\/wp-json\/wp\/v2\/media\/116958"}],"wp:attachment":[{"href":"https:\/\/metaltale.com\/et\/wp-json\/wp\/v2\/media?parent=132802"}],"wp:term":[{"taxonomy":"product_brand","embeddable":true,"href":"https:\/\/metaltale.com\/et\/wp-json\/wp\/v2\/product_brand?post=132802"},{"taxonomy":"product_cat","embeddable":true,"href":"https:\/\/metaltale.com\/et\/wp-json\/wp\/v2\/product_cat?post=132802"},{"taxonomy":"product_tag","embeddable":true,"href":"https:\/\/metaltale.com\/et\/wp-json\/wp\/v2\/product_tag?post=132802"}],"curies":[{"name":"wp","href":"https:\/\/api.w.org\/{rel}","templated":true}]}}