{"id":132801,"date":"2024-02-13T15:35:05","date_gmt":"2024-02-13T13:35:05","guid":{"rendered":"https:\/\/metaltale.com\/produktas\/reling-metallist-seinalamp\/"},"modified":"2024-02-13T15:35:05","modified_gmt":"2024-02-13T13:35:05","slug":"reling-metallist-seinalamp","status":"publish","type":"product","link":"https:\/\/metaltale.com\/et\/toode\/reling-metallist-seinalamp\/","title":{"rendered":"RELING metallist seinalamp"},"content":{"rendered":"<div class=\"prod_data\"><strong>Mudel<\/strong> CH.3767  <br \/><strong>Materjal<\/strong> teras  <br \/><strong>\u00dcldine k\u00f5rgus (cm)<\/strong> 45  <br \/><strong>\u00dcldine laius (cm)<\/strong> 7  <br \/><strong>Lambivarju m\u00f5\u00f5tmed (cm)<\/strong> 11  <br \/><strong>Paigalduskruvid<\/strong> Jah  <br \/>V\u00e4rv teras <br \/><strong>Viimistlus<\/strong> Lakitud  <\/p>\n<p>k\u00f5rge seinale paigaldatav k\u00fc\u00fcnlajalg, et s\u00e4\u00e4sta ruumi t\u00f6\u00f6laual v\u00f5i laual<\/p>\n<p>valmistatud terasest, et tagada toote vastupidavus<\/p>\n<p>augud stabiilse vedrustuse jaoks<\/p>\n<p>Sobib 2,2 cm l\u00e4bim\u00f5\u00f5duga k\u00fc\u00fcnalde jaoks.<\/p>\n<hr>\n<p>N\u00e4idatud seinak\u00fc\u00fcnlajalg on ebatavalise disainiga, millel on dekoratiivne l\u00f5puosa ja t\u00e4ispikkuses p\u00f6\u00f6rlevad lengid. K\u00fc\u00fcnlajalg on valmistatud terasest, mis muudab selle v\u00e4ga vastupidavaks ja on meie interj\u00f6\u00f6ri kauakestev t\u00e4iendus. Seinale paigaldatav k\u00fc\u00fcnlajalg on originaalne idee meie tubade valgustamiseks, mis toob neisse veidi intiimsust ja hubasust. Metallist seinak\u00fc\u00fcnlaalused loovad teie koju maagilise aura ja annavad ainulaadse maal\u00e4hedase v\u00f5lu.<\/p>\n<\/div>\n","protected":false},"excerpt":{"rendered":"<p>Mudel CH.3767 Materjal teras \u00dcldine k\u00f5rgus (cm) 45 \u00dcldine laius (cm) 7 Lambivarju m\u00f5\u00f5tmed (cm) 11 Paigalduskruvid Jah V\u00e4rv teras<\/p>\n","protected":false},"featured_media":116915,"comment_status":"open","ping_status":"closed","template":"","meta":{"_acf_changed":false,"pmpro_default_level":""},"product_brand":[],"product_cat":[24186],"product_tag":[],"class_list":{"0":"post-132801","1":"product","2":"type-product","3":"status-publish","4":"has-post-thumbnail","6":"product_cat-riputatud-kuunlajalad","7":"pmpro-has-access","9":"first","10":"instock","11":"shipping-taxable","12":"purchasable","13":"product-type-simple"},"acf":[],"yoast_head":"<!-- This site is optimized with the Yoast SEO plugin v24.9 - https:\/\/yoast.com\/wordpress\/plugins\/seo\/ -->\n<title>RELING metallist seinalamp - MetalTale.com<\/title>\n<meta name=\"robots\" content=\"index, follow, max-snippet:-1, max-image-preview:large, max-video-preview:-1\" \/>\n<link rel=\"canonical\" href=\"https:\/\/metaltale.com\/et\/toode\/reling-metallist-seinalamp\/\" \/>\n<meta property=\"og:locale\" content=\"et_EE\" \/>\n<meta property=\"og:type\" content=\"article\" \/>\n<meta property=\"og:title\" content=\"RELING metallist seinalamp - MetalTale.com\" \/>\n<meta property=\"og:description\" content=\"Mudel CH.3767 Materjal teras \u00dcldine k\u00f5rgus (cm) 45 \u00dcldine laius (cm) 7 Lambivarju m\u00f5\u00f5tmed (cm) 11 Paigalduskruvid Jah V\u00e4rv teras\" \/>\n<meta property=\"og:url\" content=\"https:\/\/metaltale.com\/et\/toode\/reling-metallist-seinalamp\/\" \/>\n<meta property=\"og:site_name\" content=\"MetalTale.com\" \/>\n<meta name=\"twitter:card\" content=\"summary_large_image\" \/>\n<meta name=\"twitter:label1\" content=\"Est. reading time\" \/>\n\t<meta name=\"twitter:data1\" content=\"1 minut\" \/>\n<script type=\"application\/ld+json\" class=\"yoast-schema-graph\">{\"@context\":\"https:\/\/schema.org\",\"@graph\":[{\"@type\":\"WebPage\",\"@id\":\"https:\/\/metaltale.com\/et\/toode\/reling-metallist-seinalamp\/\",\"url\":\"https:\/\/metaltale.com\/et\/toode\/reling-metallist-seinalamp\/\",\"name\":\"RELING metallist seinalamp - MetalTale.com\",\"isPartOf\":{\"@id\":\"https:\/\/metaltale.com\/et\/#website\"},\"primaryImageOfPage\":{\"@id\":\"https:\/\/metaltale.com\/et\/toode\/reling-metallist-seinalamp\/#primaryimage\"},\"image\":{\"@id\":\"https:\/\/metaltale.com\/et\/toode\/reling-metallist-seinalamp\/#primaryimage\"},\"thumbnailUrl\":\"https:\/\/metaltale.com\/wp-content\/uploads\/2023\/12\/RELING-metalinis-sieninis-x161viestuvas.jpg\",\"datePublished\":\"2024-02-13T13:35:05+00:00\",\"breadcrumb\":{\"@id\":\"https:\/\/metaltale.com\/et\/toode\/reling-metallist-seinalamp\/#breadcrumb\"},\"inLanguage\":\"et\",\"potentialAction\":[{\"@type\":\"ReadAction\",\"target\":[\"https:\/\/metaltale.com\/et\/toode\/reling-metallist-seinalamp\/\"]}]},{\"@type\":\"ImageObject\",\"inLanguage\":\"et\",\"@id\":\"https:\/\/metaltale.com\/et\/toode\/reling-metallist-seinalamp\/#primaryimage\",\"url\":\"https:\/\/metaltale.com\/wp-content\/uploads\/2023\/12\/RELING-metalinis-sieninis-x161viestuvas.jpg\",\"contentUrl\":\"https:\/\/metaltale.com\/wp-content\/uploads\/2023\/12\/RELING-metalinis-sieninis-x161viestuvas.jpg\",\"width\":800,\"height\":800},{\"@type\":\"BreadcrumbList\",\"@id\":\"https:\/\/metaltale.com\/et\/toode\/reling-metallist-seinalamp\/#breadcrumb\",\"itemListElement\":[{\"@type\":\"ListItem\",\"position\":1,\"name\":\"Home\",\"item\":\"https:\/\/metaltale.com\/et\/kodu\/\"},{\"@type\":\"ListItem\",\"position\":2,\"name\":\"Kauplus\",\"item\":\"https:\/\/metaltale.com\/et\/shop\/\"},{\"@type\":\"ListItem\",\"position\":3,\"name\":\"RELING metallist seinalamp\"}]},{\"@type\":\"WebSite\",\"@id\":\"https:\/\/metaltale.com\/et\/#website\",\"url\":\"https:\/\/metaltale.com\/et\/\",\"name\":\"Metaltale.com\",\"description\":\"\",\"potentialAction\":[{\"@type\":\"SearchAction\",\"target\":{\"@type\":\"EntryPoint\",\"urlTemplate\":\"https:\/\/metaltale.com\/et\/?s={search_term_string}\"},\"query-input\":{\"@type\":\"PropertyValueSpecification\",\"valueRequired\":true,\"valueName\":\"search_term_string\"}}],\"inLanguage\":\"et\"}]}<\/script>\n<!-- \/ Yoast SEO plugin. -->","yoast_head_json":{"title":"RELING metallist seinalamp - MetalTale.com","robots":{"index":"index","follow":"follow","max-snippet":"max-snippet:-1","max-image-preview":"max-image-preview:large","max-video-preview":"max-video-preview:-1"},"canonical":"https:\/\/metaltale.com\/et\/toode\/reling-metallist-seinalamp\/","og_locale":"et_EE","og_type":"article","og_title":"RELING metallist seinalamp - MetalTale.com","og_description":"Mudel CH.3767 Materjal teras \u00dcldine k\u00f5rgus (cm) 45 \u00dcldine laius (cm) 7 Lambivarju m\u00f5\u00f5tmed (cm) 11 Paigalduskruvid Jah V\u00e4rv teras","og_url":"https:\/\/metaltale.com\/et\/toode\/reling-metallist-seinalamp\/","og_site_name":"MetalTale.com","twitter_card":"summary_large_image","twitter_misc":{"Est. reading time":"1 minut"},"schema":{"@context":"https:\/\/schema.org","@graph":[{"@type":"WebPage","@id":"https:\/\/metaltale.com\/et\/toode\/reling-metallist-seinalamp\/","url":"https:\/\/metaltale.com\/et\/toode\/reling-metallist-seinalamp\/","name":"RELING metallist seinalamp - MetalTale.com","isPartOf":{"@id":"https:\/\/metaltale.com\/et\/#website"},"primaryImageOfPage":{"@id":"https:\/\/metaltale.com\/et\/toode\/reling-metallist-seinalamp\/#primaryimage"},"image":{"@id":"https:\/\/metaltale.com\/et\/toode\/reling-metallist-seinalamp\/#primaryimage"},"thumbnailUrl":"https:\/\/metaltale.com\/wp-content\/uploads\/2023\/12\/RELING-metalinis-sieninis-x161viestuvas.jpg","datePublished":"2024-02-13T13:35:05+00:00","breadcrumb":{"@id":"https:\/\/metaltale.com\/et\/toode\/reling-metallist-seinalamp\/#breadcrumb"},"inLanguage":"et","potentialAction":[{"@type":"ReadAction","target":["https:\/\/metaltale.com\/et\/toode\/reling-metallist-seinalamp\/"]}]},{"@type":"ImageObject","inLanguage":"et","@id":"https:\/\/metaltale.com\/et\/toode\/reling-metallist-seinalamp\/#primaryimage","url":"https:\/\/metaltale.com\/wp-content\/uploads\/2023\/12\/RELING-metalinis-sieninis-x161viestuvas.jpg","contentUrl":"https:\/\/metaltale.com\/wp-content\/uploads\/2023\/12\/RELING-metalinis-sieninis-x161viestuvas.jpg","width":800,"height":800},{"@type":"BreadcrumbList","@id":"https:\/\/metaltale.com\/et\/toode\/reling-metallist-seinalamp\/#breadcrumb","itemListElement":[{"@type":"ListItem","position":1,"name":"Home","item":"https:\/\/metaltale.com\/et\/kodu\/"},{"@type":"ListItem","position":2,"name":"Kauplus","item":"https:\/\/metaltale.com\/et\/shop\/"},{"@type":"ListItem","position":3,"name":"RELING metallist seinalamp"}]},{"@type":"WebSite","@id":"https:\/\/metaltale.com\/et\/#website","url":"https:\/\/metaltale.com\/et\/","name":"Metaltale.com","description":"","potentialAction":[{"@type":"SearchAction","target":{"@type":"EntryPoint","urlTemplate":"https:\/\/metaltale.com\/et\/?s={search_term_string}"},"query-input":{"@type":"PropertyValueSpecification","valueRequired":true,"valueName":"search_term_string"}}],"inLanguage":"et"}]}},"_links":{"self":[{"href":"https:\/\/metaltale.com\/et\/wp-json\/wp\/v2\/product\/132801","targetHints":{"allow":["GET"]}}],"collection":[{"href":"https:\/\/metaltale.com\/et\/wp-json\/wp\/v2\/product"}],"about":[{"href":"https:\/\/metaltale.com\/et\/wp-json\/wp\/v2\/types\/product"}],"replies":[{"embeddable":true,"href":"https:\/\/metaltale.com\/et\/wp-json\/wp\/v2\/comments?post=132801"}],"version-history":[{"count":0,"href":"https:\/\/metaltale.com\/et\/wp-json\/wp\/v2\/product\/132801\/revisions"}],"wp:featuredmedia":[{"embeddable":true,"href":"https:\/\/metaltale.com\/et\/wp-json\/wp\/v2\/media\/116915"}],"wp:attachment":[{"href":"https:\/\/metaltale.com\/et\/wp-json\/wp\/v2\/media?parent=132801"}],"wp:term":[{"taxonomy":"product_brand","embeddable":true,"href":"https:\/\/metaltale.com\/et\/wp-json\/wp\/v2\/product_brand?post=132801"},{"taxonomy":"product_cat","embeddable":true,"href":"https:\/\/metaltale.com\/et\/wp-json\/wp\/v2\/product_cat?post=132801"},{"taxonomy":"product_tag","embeddable":true,"href":"https:\/\/metaltale.com\/et\/wp-json\/wp\/v2\/product_tag?post=132801"}],"curies":[{"name":"wp","href":"https:\/\/api.w.org\/{rel}","templated":true}]}}