{"id":132796,"date":"2024-02-13T15:35:05","date_gmt":"2024-02-13T13:35:05","guid":{"rendered":"https:\/\/metaltale.com\/produktas\/dekoratiivsed-noopnoelad-toper-130-mm\/"},"modified":"2024-02-13T15:35:05","modified_gmt":"2024-02-13T13:35:05","slug":"dekoratiivsed-noopnoelad-toper-130-mm","status":"publish","type":"product","link":"https:\/\/metaltale.com\/et\/toode\/dekoratiivsed-noopnoelad-toper-130-mm\/","title":{"rendered":"Dekoratiivsed n\u00f6\u00f6pn\u00f5elad TOPER 130 mm"},"content":{"rendered":"<div class=\"prod_data\">\n<h2>M\u00f6\u00f6blitarvikud &#8211; TOPER DECORATIVE BAG 130 MM<\/h2>\n<p><strong>Mudel:<\/strong> CH.9604-B-PRGR<br \/>\n<strong>Materjal:<\/strong> teras<br \/>\n<strong>\u00dcldine k\u00f5rgus (cm): <\/strong>13 cm<br \/>\n<strong>\u00dcldine laius (cm):<\/strong> 2,6 cm<br \/>\n<strong>V\u00e4rv:<\/strong> teras<br \/>\n<strong>Viimistlus:<\/strong> lakitud<br \/>\n<strong>Lisainfo:<\/strong> n\u00f6\u00f6bi pikkus 12,3 cm<\/p>\n<p>Rustikaalse interj\u00f6\u00f6ri atmosf\u00e4\u00e4ri ei loo mitte ainult h\u00e4sti valitud m\u00f6\u00f6bel, vaid ka n\u00e4iliselt v\u00e4ikesed ja v\u00e4ikesed aksessuaarid, mis \u00fchtseks tervikuks kombineerituna r\u00f5hutavad interj\u00f6\u00f6ri ainulaadsust.<\/p>\n<p>See k\u00e4sitsi sepistatud dekoratiivne n\u00f6\u00f6p on k\u00e4sitsi sepistatud terasest, mis muudab selle tugevaks, vastupidavaks ja vastupidavaks kahjustustele. T\u00e4nu k\u00e4sitsi sepistamise protsessile on n\u00f6\u00f6pil unikaalsed detailid, nagu peened jooned ja tekstuurid, mis annavad sellele maal\u00e4hedase v\u00f5lu ja autentse v\u00e4limuse. See k\u00e4sitsi sepistatud dekoratiivne n\u00f6\u00f6p ei ole mitte ainult esteetiline aksessuaar, vaid ka k\u00e4sit\u00f6\u00f6oskuse ja kire v\u00e4ljendus. T\u00e4nu oma maal\u00e4hedasele iseloomule sobib see ideaalselt t\u00f6\u00f6stuslikesse, maal\u00e4hedastesse v\u00f5i vintage interj\u00f6\u00f6ridesse, andes neile ainulaadse v\u00f5lu.<\/p>\n<\/div>\n","protected":false},"excerpt":{"rendered":"<p>M\u00f6\u00f6blitarvikud &#8211; TOPER DECORATIVE BAG 130 MM Mudel: CH.9604-B-PRGR Materjal: teras \u00dcldine k\u00f5rgus (cm): 13 cm \u00dcldine laius (cm): 2,6<\/p>\n","protected":false},"featured_media":116939,"comment_status":"open","ping_status":"closed","template":"","meta":{"_acf_changed":false,"pmpro_default_level":""},"product_brand":[],"product_cat":[24142,23836],"product_tag":[],"class_list":{"0":"post-132796","1":"product","2":"type-product","3":"status-publish","4":"has-post-thumbnail","6":"product_cat-kuuned-ja-naelad","7":"product_cat-moobli-tarvikud","8":"pmpro-has-access","10":"first","11":"instock","12":"shipping-taxable","13":"purchasable","14":"product-type-simple"},"acf":[],"yoast_head":"<!-- This site is optimized with the Yoast SEO plugin v24.9 - https:\/\/yoast.com\/wordpress\/plugins\/seo\/ -->\n<title>Dekoratiivsed n\u00f6\u00f6pn\u00f5elad TOPER 130 mm - MetalTale.com<\/title>\n<meta name=\"robots\" content=\"index, follow, max-snippet:-1, max-image-preview:large, max-video-preview:-1\" \/>\n<link rel=\"canonical\" href=\"https:\/\/metaltale.com\/et\/toode\/dekoratiivsed-noopnoelad-toper-130-mm\/\" \/>\n<meta property=\"og:locale\" content=\"et_EE\" \/>\n<meta property=\"og:type\" content=\"article\" \/>\n<meta property=\"og:title\" content=\"Dekoratiivsed n\u00f6\u00f6pn\u00f5elad TOPER 130 mm - MetalTale.com\" \/>\n<meta property=\"og:description\" content=\"M\u00f6\u00f6blitarvikud &#8211; TOPER DECORATIVE BAG 130 MM Mudel: CH.9604-B-PRGR Materjal: teras \u00dcldine k\u00f5rgus (cm): 13 cm \u00dcldine laius (cm): 2,6\" \/>\n<meta property=\"og:url\" content=\"https:\/\/metaltale.com\/et\/toode\/dekoratiivsed-noopnoelad-toper-130-mm\/\" \/>\n<meta property=\"og:site_name\" content=\"MetalTale.com\" \/>\n<meta name=\"twitter:card\" content=\"summary_large_image\" \/>\n<meta name=\"twitter:label1\" content=\"Est. reading time\" \/>\n\t<meta name=\"twitter:data1\" content=\"1 minut\" \/>\n<script type=\"application\/ld+json\" class=\"yoast-schema-graph\">{\"@context\":\"https:\/\/schema.org\",\"@graph\":[{\"@type\":\"WebPage\",\"@id\":\"https:\/\/metaltale.com\/et\/toode\/dekoratiivsed-noopnoelad-toper-130-mm\/\",\"url\":\"https:\/\/metaltale.com\/et\/toode\/dekoratiivsed-noopnoelad-toper-130-mm\/\",\"name\":\"Dekoratiivsed n\u00f6\u00f6pn\u00f5elad TOPER 130 mm - MetalTale.com\",\"isPartOf\":{\"@id\":\"https:\/\/metaltale.com\/et\/#website\"},\"primaryImageOfPage\":{\"@id\":\"https:\/\/metaltale.com\/et\/toode\/dekoratiivsed-noopnoelad-toper-130-mm\/#primaryimage\"},\"image\":{\"@id\":\"https:\/\/metaltale.com\/et\/toode\/dekoratiivsed-noopnoelad-toper-130-mm\/#primaryimage\"},\"thumbnailUrl\":\"https:\/\/metaltale.com\/wp-content\/uploads\/2023\/12\/TOPER-dekoratyvinx117-smeigx117-130-mm.jpg\",\"datePublished\":\"2024-02-13T13:35:05+00:00\",\"breadcrumb\":{\"@id\":\"https:\/\/metaltale.com\/et\/toode\/dekoratiivsed-noopnoelad-toper-130-mm\/#breadcrumb\"},\"inLanguage\":\"et\",\"potentialAction\":[{\"@type\":\"ReadAction\",\"target\":[\"https:\/\/metaltale.com\/et\/toode\/dekoratiivsed-noopnoelad-toper-130-mm\/\"]}]},{\"@type\":\"ImageObject\",\"inLanguage\":\"et\",\"@id\":\"https:\/\/metaltale.com\/et\/toode\/dekoratiivsed-noopnoelad-toper-130-mm\/#primaryimage\",\"url\":\"https:\/\/metaltale.com\/wp-content\/uploads\/2023\/12\/TOPER-dekoratyvinx117-smeigx117-130-mm.jpg\",\"contentUrl\":\"https:\/\/metaltale.com\/wp-content\/uploads\/2023\/12\/TOPER-dekoratyvinx117-smeigx117-130-mm.jpg\",\"width\":800,\"height\":800,\"caption\":\"Dekoratiivsed n\u00f6\u00f6pn\u00f5elad TOPER 130 mm\"},{\"@type\":\"BreadcrumbList\",\"@id\":\"https:\/\/metaltale.com\/et\/toode\/dekoratiivsed-noopnoelad-toper-130-mm\/#breadcrumb\",\"itemListElement\":[{\"@type\":\"ListItem\",\"position\":1,\"name\":\"Home\",\"item\":\"https:\/\/metaltale.com\/et\/kodu\/\"},{\"@type\":\"ListItem\",\"position\":2,\"name\":\"Kauplus\",\"item\":\"https:\/\/metaltale.com\/et\/shop\/\"},{\"@type\":\"ListItem\",\"position\":3,\"name\":\"Dekoratiivsed n\u00f6\u00f6pn\u00f5elad TOPER 130 mm\"}]},{\"@type\":\"WebSite\",\"@id\":\"https:\/\/metaltale.com\/et\/#website\",\"url\":\"https:\/\/metaltale.com\/et\/\",\"name\":\"Metaltale.com\",\"description\":\"\",\"potentialAction\":[{\"@type\":\"SearchAction\",\"target\":{\"@type\":\"EntryPoint\",\"urlTemplate\":\"https:\/\/metaltale.com\/et\/?s={search_term_string}\"},\"query-input\":{\"@type\":\"PropertyValueSpecification\",\"valueRequired\":true,\"valueName\":\"search_term_string\"}}],\"inLanguage\":\"et\"}]}<\/script>\n<!-- \/ Yoast SEO plugin. -->","yoast_head_json":{"title":"Dekoratiivsed n\u00f6\u00f6pn\u00f5elad TOPER 130 mm - MetalTale.com","robots":{"index":"index","follow":"follow","max-snippet":"max-snippet:-1","max-image-preview":"max-image-preview:large","max-video-preview":"max-video-preview:-1"},"canonical":"https:\/\/metaltale.com\/et\/toode\/dekoratiivsed-noopnoelad-toper-130-mm\/","og_locale":"et_EE","og_type":"article","og_title":"Dekoratiivsed n\u00f6\u00f6pn\u00f5elad TOPER 130 mm - MetalTale.com","og_description":"M\u00f6\u00f6blitarvikud &#8211; TOPER DECORATIVE BAG 130 MM Mudel: CH.9604-B-PRGR Materjal: teras \u00dcldine k\u00f5rgus (cm): 13 cm \u00dcldine laius (cm): 2,6","og_url":"https:\/\/metaltale.com\/et\/toode\/dekoratiivsed-noopnoelad-toper-130-mm\/","og_site_name":"MetalTale.com","twitter_card":"summary_large_image","twitter_misc":{"Est. reading time":"1 minut"},"schema":{"@context":"https:\/\/schema.org","@graph":[{"@type":"WebPage","@id":"https:\/\/metaltale.com\/et\/toode\/dekoratiivsed-noopnoelad-toper-130-mm\/","url":"https:\/\/metaltale.com\/et\/toode\/dekoratiivsed-noopnoelad-toper-130-mm\/","name":"Dekoratiivsed n\u00f6\u00f6pn\u00f5elad TOPER 130 mm - MetalTale.com","isPartOf":{"@id":"https:\/\/metaltale.com\/et\/#website"},"primaryImageOfPage":{"@id":"https:\/\/metaltale.com\/et\/toode\/dekoratiivsed-noopnoelad-toper-130-mm\/#primaryimage"},"image":{"@id":"https:\/\/metaltale.com\/et\/toode\/dekoratiivsed-noopnoelad-toper-130-mm\/#primaryimage"},"thumbnailUrl":"https:\/\/metaltale.com\/wp-content\/uploads\/2023\/12\/TOPER-dekoratyvinx117-smeigx117-130-mm.jpg","datePublished":"2024-02-13T13:35:05+00:00","breadcrumb":{"@id":"https:\/\/metaltale.com\/et\/toode\/dekoratiivsed-noopnoelad-toper-130-mm\/#breadcrumb"},"inLanguage":"et","potentialAction":[{"@type":"ReadAction","target":["https:\/\/metaltale.com\/et\/toode\/dekoratiivsed-noopnoelad-toper-130-mm\/"]}]},{"@type":"ImageObject","inLanguage":"et","@id":"https:\/\/metaltale.com\/et\/toode\/dekoratiivsed-noopnoelad-toper-130-mm\/#primaryimage","url":"https:\/\/metaltale.com\/wp-content\/uploads\/2023\/12\/TOPER-dekoratyvinx117-smeigx117-130-mm.jpg","contentUrl":"https:\/\/metaltale.com\/wp-content\/uploads\/2023\/12\/TOPER-dekoratyvinx117-smeigx117-130-mm.jpg","width":800,"height":800,"caption":"Dekoratiivsed n\u00f6\u00f6pn\u00f5elad TOPER 130 mm"},{"@type":"BreadcrumbList","@id":"https:\/\/metaltale.com\/et\/toode\/dekoratiivsed-noopnoelad-toper-130-mm\/#breadcrumb","itemListElement":[{"@type":"ListItem","position":1,"name":"Home","item":"https:\/\/metaltale.com\/et\/kodu\/"},{"@type":"ListItem","position":2,"name":"Kauplus","item":"https:\/\/metaltale.com\/et\/shop\/"},{"@type":"ListItem","position":3,"name":"Dekoratiivsed n\u00f6\u00f6pn\u00f5elad TOPER 130 mm"}]},{"@type":"WebSite","@id":"https:\/\/metaltale.com\/et\/#website","url":"https:\/\/metaltale.com\/et\/","name":"Metaltale.com","description":"","potentialAction":[{"@type":"SearchAction","target":{"@type":"EntryPoint","urlTemplate":"https:\/\/metaltale.com\/et\/?s={search_term_string}"},"query-input":{"@type":"PropertyValueSpecification","valueRequired":true,"valueName":"search_term_string"}}],"inLanguage":"et"}]}},"_links":{"self":[{"href":"https:\/\/metaltale.com\/et\/wp-json\/wp\/v2\/product\/132796","targetHints":{"allow":["GET"]}}],"collection":[{"href":"https:\/\/metaltale.com\/et\/wp-json\/wp\/v2\/product"}],"about":[{"href":"https:\/\/metaltale.com\/et\/wp-json\/wp\/v2\/types\/product"}],"replies":[{"embeddable":true,"href":"https:\/\/metaltale.com\/et\/wp-json\/wp\/v2\/comments?post=132796"}],"version-history":[{"count":0,"href":"https:\/\/metaltale.com\/et\/wp-json\/wp\/v2\/product\/132796\/revisions"}],"wp:featuredmedia":[{"embeddable":true,"href":"https:\/\/metaltale.com\/et\/wp-json\/wp\/v2\/media\/116939"}],"wp:attachment":[{"href":"https:\/\/metaltale.com\/et\/wp-json\/wp\/v2\/media?parent=132796"}],"wp:term":[{"taxonomy":"product_brand","embeddable":true,"href":"https:\/\/metaltale.com\/et\/wp-json\/wp\/v2\/product_brand?post=132796"},{"taxonomy":"product_cat","embeddable":true,"href":"https:\/\/metaltale.com\/et\/wp-json\/wp\/v2\/product_cat?post=132796"},{"taxonomy":"product_tag","embeddable":true,"href":"https:\/\/metaltale.com\/et\/wp-json\/wp\/v2\/product_tag?post=132796"}],"curies":[{"name":"wp","href":"https:\/\/api.w.org\/{rel}","templated":true}]}}