{"id":132795,"date":"2024-02-13T15:35:05","date_gmt":"2024-02-13T13:35:05","guid":{"rendered":"https:\/\/metaltale.com\/produktas\/metallist-seinalamp-screamed\/"},"modified":"2024-02-13T15:35:05","modified_gmt":"2024-02-13T13:35:05","slug":"metallist-seinalamp-screamed","status":"publish","type":"product","link":"https:\/\/metaltale.com\/et\/toode\/metallist-seinalamp-screamed\/","title":{"rendered":"Metallist seinalamp SCREAMED"},"content":{"rendered":"<div class=\"prod_data\"><strong>Mudel<\/strong> CH.3745  <br \/><strong>Materjal<\/strong> teras  <br \/><strong>\u00dcldine k\u00f5rgus (cm)<\/strong> 37  <br \/><strong>\u00dcldine laius (cm)<\/strong> 11  <br \/><strong>Koguprojektsioon (cm)<\/strong> 10,5  <br \/><strong>Paigalduskruvid<\/strong> Jah  <br \/>V\u00e4rv teras <br \/><strong>Viimistlus<\/strong> Lakitud  <\/p>\n<p>k\u00f5rge seinale paigaldatav k\u00fc\u00fcnlajalg, et s\u00e4\u00e4sta ruumi t\u00f6\u00f6laual v\u00f5i laual<\/p>\n<p>valmistatud terasest, et tagada toote vastupidavus<\/p>\n<p>augud stabiilse vedrustuse jaoks<\/p>\n<p>Sobib kuni 2,2 cm l\u00e4bim\u00f5\u00f5duga k\u00fc\u00fcnalde jaoks.<\/p>\n<hr>\n<p>Seinale kinnitatav k\u00fc\u00fcnlajalg on valmistatud terasest, mis t\u00e4hendab, et see kaunistab meie interj\u00f6\u00f6ri pikka aega. Seinale paigaldatav k\u00fc\u00fcnlajalg on originaalne valgustusidee, mis lisab meie tubadesse intiimsust ja hubasust. Toode on ka suurep\u00e4rane alternatiiv traditsioonilistele seinavalgustitele. K\u00fc\u00fcnlaalusel on dekoratiivne, v\u00e4\u00e4natud otsaga ots, mis sobib suurep\u00e4raselt maal\u00e4hedase stiiliga.<\/p>\n<\/div>\n","protected":false},"excerpt":{"rendered":"<p>Mudel CH.3745 Materjal teras \u00dcldine k\u00f5rgus (cm) 37 \u00dcldine laius (cm) 11 Koguprojektsioon (cm) 10,5 Paigalduskruvid Jah V\u00e4rv teras Viimistlus<\/p>\n","protected":false},"featured_media":116885,"comment_status":"open","ping_status":"closed","template":"","meta":{"_acf_changed":false,"pmpro_default_level":""},"product_brand":[],"product_cat":[24186],"product_tag":[],"class_list":{"0":"post-132795","1":"product","2":"type-product","3":"status-publish","4":"has-post-thumbnail","6":"product_cat-riputatud-kuunlajalad","7":"pmpro-has-access","9":"first","10":"instock","11":"shipping-taxable","12":"purchasable","13":"product-type-simple"},"acf":[],"yoast_head":"<!-- This site is optimized with the Yoast SEO plugin v24.9 - https:\/\/yoast.com\/wordpress\/plugins\/seo\/ -->\n<title>Metallist seinalamp SCREAMED - MetalTale.com<\/title>\n<meta name=\"robots\" content=\"index, follow, max-snippet:-1, max-image-preview:large, max-video-preview:-1\" \/>\n<link rel=\"canonical\" href=\"https:\/\/metaltale.com\/et\/toode\/metallist-seinalamp-screamed\/\" \/>\n<meta property=\"og:locale\" content=\"et_EE\" \/>\n<meta property=\"og:type\" content=\"article\" \/>\n<meta property=\"og:title\" content=\"Metallist seinalamp SCREAMED - MetalTale.com\" \/>\n<meta property=\"og:description\" content=\"Mudel CH.3745 Materjal teras \u00dcldine k\u00f5rgus (cm) 37 \u00dcldine laius (cm) 11 Koguprojektsioon (cm) 10,5 Paigalduskruvid Jah V\u00e4rv teras Viimistlus\" \/>\n<meta property=\"og:url\" content=\"https:\/\/metaltale.com\/et\/toode\/metallist-seinalamp-screamed\/\" \/>\n<meta property=\"og:site_name\" content=\"MetalTale.com\" \/>\n<meta name=\"twitter:card\" content=\"summary_large_image\" \/>\n<meta name=\"twitter:label1\" content=\"Est. reading time\" \/>\n\t<meta name=\"twitter:data1\" content=\"1 minut\" \/>\n<script type=\"application\/ld+json\" class=\"yoast-schema-graph\">{\"@context\":\"https:\/\/schema.org\",\"@graph\":[{\"@type\":\"WebPage\",\"@id\":\"https:\/\/metaltale.com\/et\/toode\/metallist-seinalamp-screamed\/\",\"url\":\"https:\/\/metaltale.com\/et\/toode\/metallist-seinalamp-screamed\/\",\"name\":\"Metallist seinalamp SCREAMED - MetalTale.com\",\"isPartOf\":{\"@id\":\"https:\/\/metaltale.com\/et\/#website\"},\"primaryImageOfPage\":{\"@id\":\"https:\/\/metaltale.com\/et\/toode\/metallist-seinalamp-screamed\/#primaryimage\"},\"image\":{\"@id\":\"https:\/\/metaltale.com\/et\/toode\/metallist-seinalamp-screamed\/#primaryimage\"},\"thumbnailUrl\":\"https:\/\/metaltale.com\/wp-content\/uploads\/2023\/12\/Metalinis-sieninis-x161viestuvas-SCREAMED.jpg\",\"datePublished\":\"2024-02-13T13:35:05+00:00\",\"breadcrumb\":{\"@id\":\"https:\/\/metaltale.com\/et\/toode\/metallist-seinalamp-screamed\/#breadcrumb\"},\"inLanguage\":\"et\",\"potentialAction\":[{\"@type\":\"ReadAction\",\"target\":[\"https:\/\/metaltale.com\/et\/toode\/metallist-seinalamp-screamed\/\"]}]},{\"@type\":\"ImageObject\",\"inLanguage\":\"et\",\"@id\":\"https:\/\/metaltale.com\/et\/toode\/metallist-seinalamp-screamed\/#primaryimage\",\"url\":\"https:\/\/metaltale.com\/wp-content\/uploads\/2023\/12\/Metalinis-sieninis-x161viestuvas-SCREAMED.jpg\",\"contentUrl\":\"https:\/\/metaltale.com\/wp-content\/uploads\/2023\/12\/Metalinis-sieninis-x161viestuvas-SCREAMED.jpg\",\"width\":800,\"height\":800},{\"@type\":\"BreadcrumbList\",\"@id\":\"https:\/\/metaltale.com\/et\/toode\/metallist-seinalamp-screamed\/#breadcrumb\",\"itemListElement\":[{\"@type\":\"ListItem\",\"position\":1,\"name\":\"Home\",\"item\":\"https:\/\/metaltale.com\/et\/kodu\/\"},{\"@type\":\"ListItem\",\"position\":2,\"name\":\"Kauplus\",\"item\":\"https:\/\/metaltale.com\/et\/shop\/\"},{\"@type\":\"ListItem\",\"position\":3,\"name\":\"Metallist seinalamp SCREAMED\"}]},{\"@type\":\"WebSite\",\"@id\":\"https:\/\/metaltale.com\/et\/#website\",\"url\":\"https:\/\/metaltale.com\/et\/\",\"name\":\"Metaltale.com\",\"description\":\"\",\"potentialAction\":[{\"@type\":\"SearchAction\",\"target\":{\"@type\":\"EntryPoint\",\"urlTemplate\":\"https:\/\/metaltale.com\/et\/?s={search_term_string}\"},\"query-input\":{\"@type\":\"PropertyValueSpecification\",\"valueRequired\":true,\"valueName\":\"search_term_string\"}}],\"inLanguage\":\"et\"}]}<\/script>\n<!-- \/ Yoast SEO plugin. -->","yoast_head_json":{"title":"Metallist seinalamp SCREAMED - MetalTale.com","robots":{"index":"index","follow":"follow","max-snippet":"max-snippet:-1","max-image-preview":"max-image-preview:large","max-video-preview":"max-video-preview:-1"},"canonical":"https:\/\/metaltale.com\/et\/toode\/metallist-seinalamp-screamed\/","og_locale":"et_EE","og_type":"article","og_title":"Metallist seinalamp SCREAMED - MetalTale.com","og_description":"Mudel CH.3745 Materjal teras \u00dcldine k\u00f5rgus (cm) 37 \u00dcldine laius (cm) 11 Koguprojektsioon (cm) 10,5 Paigalduskruvid Jah V\u00e4rv teras Viimistlus","og_url":"https:\/\/metaltale.com\/et\/toode\/metallist-seinalamp-screamed\/","og_site_name":"MetalTale.com","twitter_card":"summary_large_image","twitter_misc":{"Est. reading time":"1 minut"},"schema":{"@context":"https:\/\/schema.org","@graph":[{"@type":"WebPage","@id":"https:\/\/metaltale.com\/et\/toode\/metallist-seinalamp-screamed\/","url":"https:\/\/metaltale.com\/et\/toode\/metallist-seinalamp-screamed\/","name":"Metallist seinalamp SCREAMED - MetalTale.com","isPartOf":{"@id":"https:\/\/metaltale.com\/et\/#website"},"primaryImageOfPage":{"@id":"https:\/\/metaltale.com\/et\/toode\/metallist-seinalamp-screamed\/#primaryimage"},"image":{"@id":"https:\/\/metaltale.com\/et\/toode\/metallist-seinalamp-screamed\/#primaryimage"},"thumbnailUrl":"https:\/\/metaltale.com\/wp-content\/uploads\/2023\/12\/Metalinis-sieninis-x161viestuvas-SCREAMED.jpg","datePublished":"2024-02-13T13:35:05+00:00","breadcrumb":{"@id":"https:\/\/metaltale.com\/et\/toode\/metallist-seinalamp-screamed\/#breadcrumb"},"inLanguage":"et","potentialAction":[{"@type":"ReadAction","target":["https:\/\/metaltale.com\/et\/toode\/metallist-seinalamp-screamed\/"]}]},{"@type":"ImageObject","inLanguage":"et","@id":"https:\/\/metaltale.com\/et\/toode\/metallist-seinalamp-screamed\/#primaryimage","url":"https:\/\/metaltale.com\/wp-content\/uploads\/2023\/12\/Metalinis-sieninis-x161viestuvas-SCREAMED.jpg","contentUrl":"https:\/\/metaltale.com\/wp-content\/uploads\/2023\/12\/Metalinis-sieninis-x161viestuvas-SCREAMED.jpg","width":800,"height":800},{"@type":"BreadcrumbList","@id":"https:\/\/metaltale.com\/et\/toode\/metallist-seinalamp-screamed\/#breadcrumb","itemListElement":[{"@type":"ListItem","position":1,"name":"Home","item":"https:\/\/metaltale.com\/et\/kodu\/"},{"@type":"ListItem","position":2,"name":"Kauplus","item":"https:\/\/metaltale.com\/et\/shop\/"},{"@type":"ListItem","position":3,"name":"Metallist seinalamp SCREAMED"}]},{"@type":"WebSite","@id":"https:\/\/metaltale.com\/et\/#website","url":"https:\/\/metaltale.com\/et\/","name":"Metaltale.com","description":"","potentialAction":[{"@type":"SearchAction","target":{"@type":"EntryPoint","urlTemplate":"https:\/\/metaltale.com\/et\/?s={search_term_string}"},"query-input":{"@type":"PropertyValueSpecification","valueRequired":true,"valueName":"search_term_string"}}],"inLanguage":"et"}]}},"_links":{"self":[{"href":"https:\/\/metaltale.com\/et\/wp-json\/wp\/v2\/product\/132795","targetHints":{"allow":["GET"]}}],"collection":[{"href":"https:\/\/metaltale.com\/et\/wp-json\/wp\/v2\/product"}],"about":[{"href":"https:\/\/metaltale.com\/et\/wp-json\/wp\/v2\/types\/product"}],"replies":[{"embeddable":true,"href":"https:\/\/metaltale.com\/et\/wp-json\/wp\/v2\/comments?post=132795"}],"version-history":[{"count":0,"href":"https:\/\/metaltale.com\/et\/wp-json\/wp\/v2\/product\/132795\/revisions"}],"wp:featuredmedia":[{"embeddable":true,"href":"https:\/\/metaltale.com\/et\/wp-json\/wp\/v2\/media\/116885"}],"wp:attachment":[{"href":"https:\/\/metaltale.com\/et\/wp-json\/wp\/v2\/media?parent=132795"}],"wp:term":[{"taxonomy":"product_brand","embeddable":true,"href":"https:\/\/metaltale.com\/et\/wp-json\/wp\/v2\/product_brand?post=132795"},{"taxonomy":"product_cat","embeddable":true,"href":"https:\/\/metaltale.com\/et\/wp-json\/wp\/v2\/product_cat?post=132795"},{"taxonomy":"product_tag","embeddable":true,"href":"https:\/\/metaltale.com\/et\/wp-json\/wp\/v2\/product_tag?post=132795"}],"curies":[{"name":"wp","href":"https:\/\/api.w.org\/{rel}","templated":true}]}}