{"id":132765,"date":"2024-02-13T15:37:15","date_gmt":"2024-02-13T13:37:15","guid":{"rendered":"https:\/\/metaltale.com\/?post_type=product&#038;p=132765"},"modified":"2024-10-16T20:21:20","modified_gmt":"2024-10-16T18:21:20","slug":"3d-pilt-loft-city-150x55-cm","status":"publish","type":"product","link":"https:\/\/metaltale.com\/et\/toode\/3d-pilt-loft-city-150x55-cm\/","title":{"rendered":"3D pilt LOFT CITY 150&#215;55 cm"},"content":{"rendered":"<div class=\"prod_data\"><strong>Mudel<\/strong> PT.F21002  <br \/><strong>EAN.<\/strong>  5907772073766  <br \/><strong>Laius (cm)<\/strong> 150  <br \/><strong>K\u00f5rgus (cm)<\/strong> 55  <br \/><strong>Paksus (cm<\/strong> ) 6,5  <br \/><strong>Materjal<\/strong> Puit, puitlaudis, plastik  <br \/><strong>Orienteerimine<\/strong> Horisontaalne  <br \/><strong>Motiiv<\/strong> Ehitised \/ objektid  <\/p>\n<p>&#8211; 3D vaade liistude ja plasti kohta<br \/>&#8211; puidust raam loob tugeva struktuuri, mis kaitseb pilti moonutuste eest<br \/>&#8211; t\u00f5elised p\u00f5rutused  <br \/>&#8211; Toonitud v\u00e4rvid tagavad viimistluse mitmek\u00fclgsuse ja ajas\u00f5bralikkuse.<br \/>&#8211; impregneerimine v\u00e4rvitu lakiga tagab v\u00e4rvip\u00fcsivuse ja kriimustuskindluse.<br \/>&#8211; kaasaegne kompositsioon, mis meenutab linnapiiri, kus pilvel\u00f5hkujad l\u00e4bivad taevast.<\/p>\n<hr>\n<p>See ainulaadne 3D ruumiline kujutis oma ebatavalise kuju ja unikaalsete v\u00e4rvidega on originaalne kaunistus ja originaalne kingiidee. Kuld- ja h\u00f5betoonide stiilne kombinatsioon ning plastiku disainerlik kasutamine loob silmatorkava kompositsiooni &#8211; vees peegelduv linna siluett. V\u00f5i midagi hoopis muud? T\u00f5lgendusvabadus lisab maalile s\u00fcgavust ja salap\u00e4ra. Selle seinakaunistuse ajatu iseloom peegeldub selle lihtsas vormis ja klassikalises vormis &#8211; lai ristk\u00fclik n\u00e4eb voodi v\u00f5i kirstu kohal suurep\u00e4raselt v\u00e4lja. Suur 3D-metallipilt t\u00f6\u00f6tab ka suuremates ruumides. K\u00e4sitsi valmistatud ja k\u00e4sitsi valmistatud, iga t\u00fckk on ainulaadne. Kaasasolevad kinnitusklambrid tagavad lihtsa ja vastupidava kinnituse. Pinnal n\u00e4htavad h\u00f5\u00f5rdumised ja muud moonutused on tahtlik efekt, mis lisab pildile s\u00fcgavust. Lakkimmutus kaitseb pinda kahjustuste eest.<\/p>\n<\/div>\n","protected":false},"excerpt":{"rendered":"<p>Mudel PT.F21002 EAN. 5907772073766 Laius (cm) 150 K\u00f5rgus (cm) 55 Paksus (cm ) 6,5 Materjal Puit, puitlaudis, plastik Orienteerimine Horisontaalne<\/p>\n","protected":false},"featured_media":130125,"comment_status":"open","ping_status":"closed","template":"","meta":{"_acf_changed":false,"pmpro_default_level":""},"product_brand":[],"product_cat":[23913,23895],"product_tag":[],"class_list":{"0":"post-132765","1":"product","2":"type-product","3":"status-publish","4":"has-post-thumbnail","6":"product_cat-3d-paveikslai-et","7":"product_cat-kaunistused","8":"pmpro-has-access","10":"first","11":"instock","12":"shipping-taxable","13":"purchasable","14":"product-type-simple"},"acf":[],"yoast_head":"<!-- This site is optimized with the Yoast SEO plugin v24.9 - https:\/\/yoast.com\/wordpress\/plugins\/seo\/ -->\n<title>3D pilt LOFT CITY 150x55 cm - MetalTale.com<\/title>\n<meta name=\"robots\" content=\"index, follow, max-snippet:-1, max-image-preview:large, max-video-preview:-1\" \/>\n<link rel=\"canonical\" href=\"https:\/\/metaltale.com\/et\/toode\/3d-pilt-loft-city-150x55-cm\/\" \/>\n<meta property=\"og:locale\" content=\"et_EE\" \/>\n<meta property=\"og:type\" content=\"article\" \/>\n<meta property=\"og:title\" content=\"3D pilt LOFT CITY 150x55 cm - MetalTale.com\" \/>\n<meta property=\"og:description\" content=\"Mudel PT.F21002 EAN. 5907772073766 Laius (cm) 150 K\u00f5rgus (cm) 55 Paksus (cm ) 6,5 Materjal Puit, puitlaudis, plastik Orienteerimine Horisontaalne\" \/>\n<meta property=\"og:url\" content=\"https:\/\/metaltale.com\/et\/toode\/3d-pilt-loft-city-150x55-cm\/\" \/>\n<meta property=\"og:site_name\" content=\"MetalTale.com\" \/>\n<meta property=\"article:modified_time\" content=\"2024-10-16T18:21:20+00:00\" \/>\n<meta property=\"og:image\" content=\"http:\/\/metaltale.com\/wp-content\/uploads\/2024\/01\/3D-vaizdas-LOFT-CITY-150x55-cm.jpg\" \/>\n\t<meta property=\"og:image:width\" content=\"800\" \/>\n\t<meta property=\"og:image:height\" content=\"800\" \/>\n\t<meta property=\"og:image:type\" content=\"image\/jpeg\" \/>\n<meta name=\"twitter:card\" content=\"summary_large_image\" \/>\n<meta name=\"twitter:label1\" content=\"Est. reading time\" \/>\n\t<meta name=\"twitter:data1\" content=\"1 minut\" \/>\n<script type=\"application\/ld+json\" class=\"yoast-schema-graph\">{\"@context\":\"https:\/\/schema.org\",\"@graph\":[{\"@type\":\"WebPage\",\"@id\":\"https:\/\/metaltale.com\/et\/toode\/3d-pilt-loft-city-150x55-cm\/\",\"url\":\"https:\/\/metaltale.com\/et\/toode\/3d-pilt-loft-city-150x55-cm\/\",\"name\":\"3D pilt LOFT CITY 150x55 cm - MetalTale.com\",\"isPartOf\":{\"@id\":\"https:\/\/metaltale.com\/et\/#website\"},\"primaryImageOfPage\":{\"@id\":\"https:\/\/metaltale.com\/et\/toode\/3d-pilt-loft-city-150x55-cm\/#primaryimage\"},\"image\":{\"@id\":\"https:\/\/metaltale.com\/et\/toode\/3d-pilt-loft-city-150x55-cm\/#primaryimage\"},\"thumbnailUrl\":\"https:\/\/metaltale.com\/wp-content\/uploads\/2024\/01\/3D-vaizdas-LOFT-CITY-150x55-cm.jpg\",\"datePublished\":\"2024-02-13T13:37:15+00:00\",\"dateModified\":\"2024-10-16T18:21:20+00:00\",\"breadcrumb\":{\"@id\":\"https:\/\/metaltale.com\/et\/toode\/3d-pilt-loft-city-150x55-cm\/#breadcrumb\"},\"inLanguage\":\"et\",\"potentialAction\":[{\"@type\":\"ReadAction\",\"target\":[\"https:\/\/metaltale.com\/et\/toode\/3d-pilt-loft-city-150x55-cm\/\"]}]},{\"@type\":\"ImageObject\",\"inLanguage\":\"et\",\"@id\":\"https:\/\/metaltale.com\/et\/toode\/3d-pilt-loft-city-150x55-cm\/#primaryimage\",\"url\":\"https:\/\/metaltale.com\/wp-content\/uploads\/2024\/01\/3D-vaizdas-LOFT-CITY-150x55-cm.jpg\",\"contentUrl\":\"https:\/\/metaltale.com\/wp-content\/uploads\/2024\/01\/3D-vaizdas-LOFT-CITY-150x55-cm.jpg\",\"width\":800,\"height\":800},{\"@type\":\"BreadcrumbList\",\"@id\":\"https:\/\/metaltale.com\/et\/toode\/3d-pilt-loft-city-150x55-cm\/#breadcrumb\",\"itemListElement\":[{\"@type\":\"ListItem\",\"position\":1,\"name\":\"Home\",\"item\":\"https:\/\/metaltale.com\/et\/kodu\/\"},{\"@type\":\"ListItem\",\"position\":2,\"name\":\"Kauplus\",\"item\":\"https:\/\/metaltale.com\/et\/shop\/\"},{\"@type\":\"ListItem\",\"position\":3,\"name\":\"3D pilt LOFT CITY 150&#215;55 cm\"}]},{\"@type\":\"WebSite\",\"@id\":\"https:\/\/metaltale.com\/et\/#website\",\"url\":\"https:\/\/metaltale.com\/et\/\",\"name\":\"Metaltale.com\",\"description\":\"\",\"potentialAction\":[{\"@type\":\"SearchAction\",\"target\":{\"@type\":\"EntryPoint\",\"urlTemplate\":\"https:\/\/metaltale.com\/et\/?s={search_term_string}\"},\"query-input\":{\"@type\":\"PropertyValueSpecification\",\"valueRequired\":true,\"valueName\":\"search_term_string\"}}],\"inLanguage\":\"et\"}]}<\/script>\n<!-- \/ Yoast SEO plugin. -->","yoast_head_json":{"title":"3D pilt LOFT CITY 150x55 cm - MetalTale.com","robots":{"index":"index","follow":"follow","max-snippet":"max-snippet:-1","max-image-preview":"max-image-preview:large","max-video-preview":"max-video-preview:-1"},"canonical":"https:\/\/metaltale.com\/et\/toode\/3d-pilt-loft-city-150x55-cm\/","og_locale":"et_EE","og_type":"article","og_title":"3D pilt LOFT CITY 150x55 cm - MetalTale.com","og_description":"Mudel PT.F21002 EAN. 5907772073766 Laius (cm) 150 K\u00f5rgus (cm) 55 Paksus (cm ) 6,5 Materjal Puit, puitlaudis, plastik Orienteerimine Horisontaalne","og_url":"https:\/\/metaltale.com\/et\/toode\/3d-pilt-loft-city-150x55-cm\/","og_site_name":"MetalTale.com","article_modified_time":"2024-10-16T18:21:20+00:00","og_image":[{"width":800,"height":800,"url":"http:\/\/metaltale.com\/wp-content\/uploads\/2024\/01\/3D-vaizdas-LOFT-CITY-150x55-cm.jpg","type":"image\/jpeg"}],"twitter_card":"summary_large_image","twitter_misc":{"Est. reading time":"1 minut"},"schema":{"@context":"https:\/\/schema.org","@graph":[{"@type":"WebPage","@id":"https:\/\/metaltale.com\/et\/toode\/3d-pilt-loft-city-150x55-cm\/","url":"https:\/\/metaltale.com\/et\/toode\/3d-pilt-loft-city-150x55-cm\/","name":"3D pilt LOFT CITY 150x55 cm - MetalTale.com","isPartOf":{"@id":"https:\/\/metaltale.com\/et\/#website"},"primaryImageOfPage":{"@id":"https:\/\/metaltale.com\/et\/toode\/3d-pilt-loft-city-150x55-cm\/#primaryimage"},"image":{"@id":"https:\/\/metaltale.com\/et\/toode\/3d-pilt-loft-city-150x55-cm\/#primaryimage"},"thumbnailUrl":"https:\/\/metaltale.com\/wp-content\/uploads\/2024\/01\/3D-vaizdas-LOFT-CITY-150x55-cm.jpg","datePublished":"2024-02-13T13:37:15+00:00","dateModified":"2024-10-16T18:21:20+00:00","breadcrumb":{"@id":"https:\/\/metaltale.com\/et\/toode\/3d-pilt-loft-city-150x55-cm\/#breadcrumb"},"inLanguage":"et","potentialAction":[{"@type":"ReadAction","target":["https:\/\/metaltale.com\/et\/toode\/3d-pilt-loft-city-150x55-cm\/"]}]},{"@type":"ImageObject","inLanguage":"et","@id":"https:\/\/metaltale.com\/et\/toode\/3d-pilt-loft-city-150x55-cm\/#primaryimage","url":"https:\/\/metaltale.com\/wp-content\/uploads\/2024\/01\/3D-vaizdas-LOFT-CITY-150x55-cm.jpg","contentUrl":"https:\/\/metaltale.com\/wp-content\/uploads\/2024\/01\/3D-vaizdas-LOFT-CITY-150x55-cm.jpg","width":800,"height":800},{"@type":"BreadcrumbList","@id":"https:\/\/metaltale.com\/et\/toode\/3d-pilt-loft-city-150x55-cm\/#breadcrumb","itemListElement":[{"@type":"ListItem","position":1,"name":"Home","item":"https:\/\/metaltale.com\/et\/kodu\/"},{"@type":"ListItem","position":2,"name":"Kauplus","item":"https:\/\/metaltale.com\/et\/shop\/"},{"@type":"ListItem","position":3,"name":"3D pilt LOFT CITY 150&#215;55 cm"}]},{"@type":"WebSite","@id":"https:\/\/metaltale.com\/et\/#website","url":"https:\/\/metaltale.com\/et\/","name":"Metaltale.com","description":"","potentialAction":[{"@type":"SearchAction","target":{"@type":"EntryPoint","urlTemplate":"https:\/\/metaltale.com\/et\/?s={search_term_string}"},"query-input":{"@type":"PropertyValueSpecification","valueRequired":true,"valueName":"search_term_string"}}],"inLanguage":"et"}]}},"_links":{"self":[{"href":"https:\/\/metaltale.com\/et\/wp-json\/wp\/v2\/product\/132765","targetHints":{"allow":["GET"]}}],"collection":[{"href":"https:\/\/metaltale.com\/et\/wp-json\/wp\/v2\/product"}],"about":[{"href":"https:\/\/metaltale.com\/et\/wp-json\/wp\/v2\/types\/product"}],"replies":[{"embeddable":true,"href":"https:\/\/metaltale.com\/et\/wp-json\/wp\/v2\/comments?post=132765"}],"version-history":[{"count":1,"href":"https:\/\/metaltale.com\/et\/wp-json\/wp\/v2\/product\/132765\/revisions"}],"predecessor-version":[{"id":141056,"href":"https:\/\/metaltale.com\/et\/wp-json\/wp\/v2\/product\/132765\/revisions\/141056"}],"wp:featuredmedia":[{"embeddable":true,"href":"https:\/\/metaltale.com\/et\/wp-json\/wp\/v2\/media\/130125"}],"wp:attachment":[{"href":"https:\/\/metaltale.com\/et\/wp-json\/wp\/v2\/media?parent=132765"}],"wp:term":[{"taxonomy":"product_brand","embeddable":true,"href":"https:\/\/metaltale.com\/et\/wp-json\/wp\/v2\/product_brand?post=132765"},{"taxonomy":"product_cat","embeddable":true,"href":"https:\/\/metaltale.com\/et\/wp-json\/wp\/v2\/product_cat?post=132765"},{"taxonomy":"product_tag","embeddable":true,"href":"https:\/\/metaltale.com\/et\/wp-json\/wp\/v2\/product_tag?post=132765"}],"curies":[{"name":"wp","href":"https:\/\/api.w.org\/{rel}","templated":true}]}}