{"id":132724,"date":"2024-04-29T10:54:05","date_gmt":"2024-04-29T08:54:05","guid":{"rendered":"https:\/\/metaltale.com\/produktas\/viktoriaanlik-trummelkuivati\/"},"modified":"2024-04-29T10:54:05","modified_gmt":"2024-04-29T08:54:05","slug":"viktoriaanlik-trummelkuivati","status":"publish","type":"product","link":"https:\/\/metaltale.com\/et\/toode\/viktoriaanlik-trummelkuivati\/","title":{"rendered":"Viktoriaanlik trummelkuivati"},"content":{"rendered":"<div class=\"prod_data\">\n<p><strong>Mudel<\/strong> 4015<br \/>\n<strong>Materjal<\/strong> Teras, malm<br \/>\n<strong>V\u00e4rv<\/strong> teras<br \/>\n<strong>LISATEAVE <\/strong>K\u00f6is ja puidust t\u00fc\u00fcblid ei kuulu komplekti.<\/p>\n<p>19. sajandi Suurbritannias iseloomustas viktoriaanlikku ajastut m\u00e4rkimisv\u00e4\u00e4rne areng tehnoloogia, sealhulgas kodumasinate vallas.<\/p>\n<p>Enne kaasaegsete pesumasinate ja trummelkuivatite kasutuselev\u00f5ttu oli pesu pesemine aegan\u00f5udev ja sageli k\u00e4sitsi. P\u00e4rast pesemist tuli riideid kuivatada, kuid ruumi ja ilmastikutingimusi on sageli piiratud, eriti linnapiirkondades.<\/p>\n<p>Neil p\u00e4evil olid majadel tavaliselt k\u00f5rged laed ja v\u00e4ikesed k\u00f6\u00f6gi- v\u00f5i pesuruumid, kuhu sai riideid riputada kuivama. Pesukuivati projekteeriti nii, et vertikaalset ruumi saaks maksimaalselt \u00e4ra kasutada, v\u00f5imaldades t\u00f5stemehhanismi ja trossi abil kuivatit laest t\u00f5sta ja langetada. See v\u00f5imaldas pesu t\u00f5husalt kuivatada ahju sees, v\u00e4hendades samal ajal \u00fcleliigsete esemete sattumist p\u00f5randale.<\/p>\n<p>Seda ajaloolist kodust lahendust v\u00f5ib leida vintage&#8217;i armastajate kodudes dekoratiivse detailina ka moodsates eluruumides, isegi moodsates interj\u00f6\u00f6rides &#8211; kuivatades maitsetaimi v\u00f5i riputades vaskn\u00f5usid k\u00f6\u00f6gisaare kohal. M\u00f5ned inimesed kasutavad seda kuivatit vanaaegsel, ruumi s\u00e4\u00e4stval viisil ja kuivatavad oma pesu kolm korda kiiremini \u00f5hu k\u00e4es.<\/p>\n<\/div>\n","protected":false},"excerpt":{"rendered":"<p>Mudel 4015 Materjal Teras, malm V\u00e4rv teras LISATEAVE K\u00f6is ja puidust t\u00fc\u00fcblid ei kuulu komplekti. 19. sajandi Suurbritannias iseloomustas viktoriaanlikku<\/p>\n","protected":false},"featured_media":132235,"comment_status":"open","ping_status":"closed","template":"","meta":{"_acf_changed":false,"pmpro_default_level":""},"product_brand":[],"product_cat":[24150,24206,23895],"product_tag":[],"class_list":{"0":"post-132724","1":"product","2":"type-product","3":"status-publish","4":"has-post-thumbnail","6":"product_cat-koogi-kaunistused","7":"product_cat-riputused-ja-roopad","8":"product_cat-kaunistused","9":"pmpro-has-access","11":"first","12":"instock","13":"shipping-taxable","14":"purchasable","15":"product-type-simple"},"acf":[],"yoast_head":"<!-- This site is optimized with the Yoast SEO plugin v24.9 - https:\/\/yoast.com\/wordpress\/plugins\/seo\/ -->\n<title>Viktoriaanlik trummelkuivati - MetalTale.com<\/title>\n<meta name=\"robots\" content=\"index, follow, max-snippet:-1, max-image-preview:large, max-video-preview:-1\" \/>\n<link rel=\"canonical\" href=\"https:\/\/metaltale.com\/et\/toode\/viktoriaanlik-trummelkuivati\/\" \/>\n<meta property=\"og:locale\" content=\"et_EE\" \/>\n<meta property=\"og:type\" content=\"article\" \/>\n<meta property=\"og:title\" content=\"Viktoriaanlik trummelkuivati - MetalTale.com\" \/>\n<meta property=\"og:description\" content=\"Mudel 4015 Materjal Teras, malm V\u00e4rv teras LISATEAVE K\u00f6is ja puidust t\u00fc\u00fcblid ei kuulu komplekti. 19. sajandi Suurbritannias iseloomustas viktoriaanlikku\" \/>\n<meta property=\"og:url\" content=\"https:\/\/metaltale.com\/et\/toode\/viktoriaanlik-trummelkuivati\/\" \/>\n<meta property=\"og:site_name\" content=\"MetalTale.com\" \/>\n<meta property=\"og:image\" content=\"https:\/\/metaltale.com\/wp-content\/uploads\/2024\/04\/20240429_104631-scaled-e1714381910471.jpg\" \/>\n\t<meta property=\"og:image:width\" content=\"1557\" \/>\n\t<meta property=\"og:image:height\" content=\"1557\" \/>\n\t<meta property=\"og:image:type\" content=\"image\/jpeg\" \/>\n<meta name=\"twitter:card\" content=\"summary_large_image\" \/>\n<meta name=\"twitter:label1\" content=\"Est. reading time\" \/>\n\t<meta name=\"twitter:data1\" content=\"1 minut\" \/>\n<script type=\"application\/ld+json\" class=\"yoast-schema-graph\">{\"@context\":\"https:\/\/schema.org\",\"@graph\":[{\"@type\":\"WebPage\",\"@id\":\"https:\/\/metaltale.com\/et\/toode\/viktoriaanlik-trummelkuivati\/\",\"url\":\"https:\/\/metaltale.com\/et\/toode\/viktoriaanlik-trummelkuivati\/\",\"name\":\"Viktoriaanlik trummelkuivati - MetalTale.com\",\"isPartOf\":{\"@id\":\"https:\/\/metaltale.com\/et\/#website\"},\"primaryImageOfPage\":{\"@id\":\"https:\/\/metaltale.com\/et\/toode\/viktoriaanlik-trummelkuivati\/#primaryimage\"},\"image\":{\"@id\":\"https:\/\/metaltale.com\/et\/toode\/viktoriaanlik-trummelkuivati\/#primaryimage\"},\"thumbnailUrl\":\"https:\/\/metaltale.com\/wp-content\/uploads\/2024\/04\/20240429_104631-scaled-e1714381910471.jpg\",\"datePublished\":\"2024-04-29T08:54:05+00:00\",\"breadcrumb\":{\"@id\":\"https:\/\/metaltale.com\/et\/toode\/viktoriaanlik-trummelkuivati\/#breadcrumb\"},\"inLanguage\":\"et\",\"potentialAction\":[{\"@type\":\"ReadAction\",\"target\":[\"https:\/\/metaltale.com\/et\/toode\/viktoriaanlik-trummelkuivati\/\"]}]},{\"@type\":\"ImageObject\",\"inLanguage\":\"et\",\"@id\":\"https:\/\/metaltale.com\/et\/toode\/viktoriaanlik-trummelkuivati\/#primaryimage\",\"url\":\"https:\/\/metaltale.com\/wp-content\/uploads\/2024\/04\/20240429_104631-scaled-e1714381910471.jpg\",\"contentUrl\":\"https:\/\/metaltale.com\/wp-content\/uploads\/2024\/04\/20240429_104631-scaled-e1714381910471.jpg\",\"width\":1557,\"height\":1557},{\"@type\":\"BreadcrumbList\",\"@id\":\"https:\/\/metaltale.com\/et\/toode\/viktoriaanlik-trummelkuivati\/#breadcrumb\",\"itemListElement\":[{\"@type\":\"ListItem\",\"position\":1,\"name\":\"Home\",\"item\":\"https:\/\/metaltale.com\/et\/kodu\/\"},{\"@type\":\"ListItem\",\"position\":2,\"name\":\"Kauplus\",\"item\":\"https:\/\/metaltale.com\/et\/shop\/\"},{\"@type\":\"ListItem\",\"position\":3,\"name\":\"Viktoriaanlik trummelkuivati\"}]},{\"@type\":\"WebSite\",\"@id\":\"https:\/\/metaltale.com\/et\/#website\",\"url\":\"https:\/\/metaltale.com\/et\/\",\"name\":\"Metaltale.com\",\"description\":\"\",\"potentialAction\":[{\"@type\":\"SearchAction\",\"target\":{\"@type\":\"EntryPoint\",\"urlTemplate\":\"https:\/\/metaltale.com\/et\/?s={search_term_string}\"},\"query-input\":{\"@type\":\"PropertyValueSpecification\",\"valueRequired\":true,\"valueName\":\"search_term_string\"}}],\"inLanguage\":\"et\"}]}<\/script>\n<!-- \/ Yoast SEO plugin. -->","yoast_head_json":{"title":"Viktoriaanlik trummelkuivati - MetalTale.com","robots":{"index":"index","follow":"follow","max-snippet":"max-snippet:-1","max-image-preview":"max-image-preview:large","max-video-preview":"max-video-preview:-1"},"canonical":"https:\/\/metaltale.com\/et\/toode\/viktoriaanlik-trummelkuivati\/","og_locale":"et_EE","og_type":"article","og_title":"Viktoriaanlik trummelkuivati - MetalTale.com","og_description":"Mudel 4015 Materjal Teras, malm V\u00e4rv teras LISATEAVE K\u00f6is ja puidust t\u00fc\u00fcblid ei kuulu komplekti. 19. sajandi Suurbritannias iseloomustas viktoriaanlikku","og_url":"https:\/\/metaltale.com\/et\/toode\/viktoriaanlik-trummelkuivati\/","og_site_name":"MetalTale.com","og_image":[{"width":1557,"height":1557,"url":"https:\/\/metaltale.com\/wp-content\/uploads\/2024\/04\/20240429_104631-scaled-e1714381910471.jpg","type":"image\/jpeg"}],"twitter_card":"summary_large_image","twitter_misc":{"Est. reading time":"1 minut"},"schema":{"@context":"https:\/\/schema.org","@graph":[{"@type":"WebPage","@id":"https:\/\/metaltale.com\/et\/toode\/viktoriaanlik-trummelkuivati\/","url":"https:\/\/metaltale.com\/et\/toode\/viktoriaanlik-trummelkuivati\/","name":"Viktoriaanlik trummelkuivati - MetalTale.com","isPartOf":{"@id":"https:\/\/metaltale.com\/et\/#website"},"primaryImageOfPage":{"@id":"https:\/\/metaltale.com\/et\/toode\/viktoriaanlik-trummelkuivati\/#primaryimage"},"image":{"@id":"https:\/\/metaltale.com\/et\/toode\/viktoriaanlik-trummelkuivati\/#primaryimage"},"thumbnailUrl":"https:\/\/metaltale.com\/wp-content\/uploads\/2024\/04\/20240429_104631-scaled-e1714381910471.jpg","datePublished":"2024-04-29T08:54:05+00:00","breadcrumb":{"@id":"https:\/\/metaltale.com\/et\/toode\/viktoriaanlik-trummelkuivati\/#breadcrumb"},"inLanguage":"et","potentialAction":[{"@type":"ReadAction","target":["https:\/\/metaltale.com\/et\/toode\/viktoriaanlik-trummelkuivati\/"]}]},{"@type":"ImageObject","inLanguage":"et","@id":"https:\/\/metaltale.com\/et\/toode\/viktoriaanlik-trummelkuivati\/#primaryimage","url":"https:\/\/metaltale.com\/wp-content\/uploads\/2024\/04\/20240429_104631-scaled-e1714381910471.jpg","contentUrl":"https:\/\/metaltale.com\/wp-content\/uploads\/2024\/04\/20240429_104631-scaled-e1714381910471.jpg","width":1557,"height":1557},{"@type":"BreadcrumbList","@id":"https:\/\/metaltale.com\/et\/toode\/viktoriaanlik-trummelkuivati\/#breadcrumb","itemListElement":[{"@type":"ListItem","position":1,"name":"Home","item":"https:\/\/metaltale.com\/et\/kodu\/"},{"@type":"ListItem","position":2,"name":"Kauplus","item":"https:\/\/metaltale.com\/et\/shop\/"},{"@type":"ListItem","position":3,"name":"Viktoriaanlik trummelkuivati"}]},{"@type":"WebSite","@id":"https:\/\/metaltale.com\/et\/#website","url":"https:\/\/metaltale.com\/et\/","name":"Metaltale.com","description":"","potentialAction":[{"@type":"SearchAction","target":{"@type":"EntryPoint","urlTemplate":"https:\/\/metaltale.com\/et\/?s={search_term_string}"},"query-input":{"@type":"PropertyValueSpecification","valueRequired":true,"valueName":"search_term_string"}}],"inLanguage":"et"}]}},"_links":{"self":[{"href":"https:\/\/metaltale.com\/et\/wp-json\/wp\/v2\/product\/132724","targetHints":{"allow":["GET"]}}],"collection":[{"href":"https:\/\/metaltale.com\/et\/wp-json\/wp\/v2\/product"}],"about":[{"href":"https:\/\/metaltale.com\/et\/wp-json\/wp\/v2\/types\/product"}],"replies":[{"embeddable":true,"href":"https:\/\/metaltale.com\/et\/wp-json\/wp\/v2\/comments?post=132724"}],"version-history":[{"count":0,"href":"https:\/\/metaltale.com\/et\/wp-json\/wp\/v2\/product\/132724\/revisions"}],"wp:featuredmedia":[{"embeddable":true,"href":"https:\/\/metaltale.com\/et\/wp-json\/wp\/v2\/media\/132235"}],"wp:attachment":[{"href":"https:\/\/metaltale.com\/et\/wp-json\/wp\/v2\/media?parent=132724"}],"wp:term":[{"taxonomy":"product_brand","embeddable":true,"href":"https:\/\/metaltale.com\/et\/wp-json\/wp\/v2\/product_brand?post=132724"},{"taxonomy":"product_cat","embeddable":true,"href":"https:\/\/metaltale.com\/et\/wp-json\/wp\/v2\/product_cat?post=132724"},{"taxonomy":"product_tag","embeddable":true,"href":"https:\/\/metaltale.com\/et\/wp-json\/wp\/v2\/product_tag?post=132724"}],"curies":[{"name":"wp","href":"https:\/\/api.w.org\/{rel}","templated":true}]}}