{"id":132523,"date":"2024-03-25T13:48:41","date_gmt":"2024-03-25T11:48:41","guid":{"rendered":"https:\/\/metaltale.com\/produktas\/uksekoputaja-goat\/"},"modified":"2024-03-25T13:48:41","modified_gmt":"2024-03-25T11:48:41","slug":"uksekoputaja-goat","status":"publish","type":"product","link":"https:\/\/metaltale.com\/et\/toode\/uksekoputaja-goat\/","title":{"rendered":"Uksekoputaja GOAT"},"content":{"rendered":"<div class=\"prod_data\">\n<p><strong>Mudel:<\/strong> 01.357R.AI.180<br \/>\n<strong>EAN:<\/strong> 5905369918889<br \/>\n<strong>Materjal:<\/strong> malm<br \/>\n<strong>\u00dcldine k\u00f5rgus (cm):<\/strong> 23<br \/>\n<strong>\u00dcldine laius (cm):<\/strong> 10<br \/>\n<strong>Koguprojektsioon (cm):<\/strong> 6<br \/>\n<strong>V\u00e4rv:<\/strong> pruun<\/p>\n<p>Stiilne, retrostiilis uksekloppija on kvaliteetsest malmist valmistatud eksklusiivne toode. Uksekell on suurep\u00e4rane alternatiiv traditsioonilisele uksekellale.<\/p>\n<p>Siin n\u00e4idatud uksekloppija on kahtlemata originaalne ja funktsionaalne toode. See on valmistatud malmist ja r\u00f5\u00f5mustab teid oma kvaliteedi ja t\u00e4psusega. Seda on lihtne paigaldada, selle mugav ja traditsiooniline kuju tagab probleemivaba haarde ja kasutusmugavuse, tagades samas praktilise kasutamise.<\/p>\n<\/div>\n","protected":false},"excerpt":{"rendered":"<p>Mudel: 01.357R.AI.180 EAN: 5905369918889 Materjal: malm \u00dcldine k\u00f5rgus (cm): 23 \u00dcldine laius (cm): 10 Koguprojektsioon (cm): 6 V\u00e4rv: pruun Stiilne,<\/p>\n","protected":false},"featured_media":131898,"comment_status":"open","ping_status":"closed","template":"","meta":{"_acf_changed":false,"pmpro_default_level":""},"product_brand":[],"product_cat":[23850,23836],"product_tag":[],"class_list":{"0":"post-132523","1":"product","2":"type-product","3":"status-publish","4":"has-post-thumbnail","6":"product_cat-duru-belstukai-et","7":"product_cat-moobli-tarvikud","8":"pmpro-has-access","10":"first","11":"instock","12":"shipping-taxable","13":"purchasable","14":"product-type-simple"},"acf":[],"yoast_head":"<!-- This site is optimized with the Yoast SEO plugin v24.9 - https:\/\/yoast.com\/wordpress\/plugins\/seo\/ -->\n<title>Uksekoputaja GOAT - MetalTale.com<\/title>\n<meta name=\"robots\" content=\"index, follow, max-snippet:-1, max-image-preview:large, max-video-preview:-1\" \/>\n<link rel=\"canonical\" href=\"https:\/\/metaltale.com\/et\/toode\/uksekoputaja-goat\/\" \/>\n<meta property=\"og:locale\" content=\"et_EE\" \/>\n<meta property=\"og:type\" content=\"article\" \/>\n<meta property=\"og:title\" content=\"Uksekoputaja GOAT - MetalTale.com\" \/>\n<meta property=\"og:description\" content=\"Mudel: 01.357R.AI.180 EAN: 5905369918889 Materjal: malm \u00dcldine k\u00f5rgus (cm): 23 \u00dcldine laius (cm): 10 Koguprojektsioon (cm): 6 V\u00e4rv: pruun Stiilne,\" \/>\n<meta property=\"og:url\" content=\"https:\/\/metaltale.com\/et\/toode\/uksekoputaja-goat\/\" \/>\n<meta property=\"og:site_name\" content=\"MetalTale.com\" \/>\n<meta property=\"og:image\" content=\"https:\/\/metaltale.com\/wp-content\/uploads\/2024\/03\/Duru-belstukas-GOAT.jpg\" \/>\n\t<meta property=\"og:image:width\" content=\"800\" \/>\n\t<meta property=\"og:image:height\" content=\"800\" \/>\n\t<meta property=\"og:image:type\" content=\"image\/jpeg\" \/>\n<meta name=\"twitter:card\" content=\"summary_large_image\" \/>\n<script type=\"application\/ld+json\" class=\"yoast-schema-graph\">{\"@context\":\"https:\/\/schema.org\",\"@graph\":[{\"@type\":\"WebPage\",\"@id\":\"https:\/\/metaltale.com\/et\/toode\/uksekoputaja-goat\/\",\"url\":\"https:\/\/metaltale.com\/et\/toode\/uksekoputaja-goat\/\",\"name\":\"Uksekoputaja GOAT - MetalTale.com\",\"isPartOf\":{\"@id\":\"https:\/\/metaltale.com\/et\/#website\"},\"primaryImageOfPage\":{\"@id\":\"https:\/\/metaltale.com\/et\/toode\/uksekoputaja-goat\/#primaryimage\"},\"image\":{\"@id\":\"https:\/\/metaltale.com\/et\/toode\/uksekoputaja-goat\/#primaryimage\"},\"thumbnailUrl\":\"https:\/\/metaltale.com\/wp-content\/uploads\/2024\/03\/Duru-belstukas-GOAT.jpg\",\"datePublished\":\"2024-03-25T11:48:41+00:00\",\"breadcrumb\":{\"@id\":\"https:\/\/metaltale.com\/et\/toode\/uksekoputaja-goat\/#breadcrumb\"},\"inLanguage\":\"et\",\"potentialAction\":[{\"@type\":\"ReadAction\",\"target\":[\"https:\/\/metaltale.com\/et\/toode\/uksekoputaja-goat\/\"]}]},{\"@type\":\"ImageObject\",\"inLanguage\":\"et\",\"@id\":\"https:\/\/metaltale.com\/et\/toode\/uksekoputaja-goat\/#primaryimage\",\"url\":\"https:\/\/metaltale.com\/wp-content\/uploads\/2024\/03\/Duru-belstukas-GOAT.jpg\",\"contentUrl\":\"https:\/\/metaltale.com\/wp-content\/uploads\/2024\/03\/Duru-belstukas-GOAT.jpg\",\"width\":800,\"height\":800,\"caption\":\"Uksekoputaja GOAT\"},{\"@type\":\"BreadcrumbList\",\"@id\":\"https:\/\/metaltale.com\/et\/toode\/uksekoputaja-goat\/#breadcrumb\",\"itemListElement\":[{\"@type\":\"ListItem\",\"position\":1,\"name\":\"Home\",\"item\":\"https:\/\/metaltale.com\/et\/kodu\/\"},{\"@type\":\"ListItem\",\"position\":2,\"name\":\"Kauplus\",\"item\":\"https:\/\/metaltale.com\/et\/shop\/\"},{\"@type\":\"ListItem\",\"position\":3,\"name\":\"Uksekoputaja GOAT\"}]},{\"@type\":\"WebSite\",\"@id\":\"https:\/\/metaltale.com\/et\/#website\",\"url\":\"https:\/\/metaltale.com\/et\/\",\"name\":\"Metaltale.com\",\"description\":\"\",\"potentialAction\":[{\"@type\":\"SearchAction\",\"target\":{\"@type\":\"EntryPoint\",\"urlTemplate\":\"https:\/\/metaltale.com\/et\/?s={search_term_string}\"},\"query-input\":{\"@type\":\"PropertyValueSpecification\",\"valueRequired\":true,\"valueName\":\"search_term_string\"}}],\"inLanguage\":\"et\"}]}<\/script>\n<!-- \/ Yoast SEO plugin. -->","yoast_head_json":{"title":"Uksekoputaja GOAT - MetalTale.com","robots":{"index":"index","follow":"follow","max-snippet":"max-snippet:-1","max-image-preview":"max-image-preview:large","max-video-preview":"max-video-preview:-1"},"canonical":"https:\/\/metaltale.com\/et\/toode\/uksekoputaja-goat\/","og_locale":"et_EE","og_type":"article","og_title":"Uksekoputaja GOAT - MetalTale.com","og_description":"Mudel: 01.357R.AI.180 EAN: 5905369918889 Materjal: malm \u00dcldine k\u00f5rgus (cm): 23 \u00dcldine laius (cm): 10 Koguprojektsioon (cm): 6 V\u00e4rv: pruun Stiilne,","og_url":"https:\/\/metaltale.com\/et\/toode\/uksekoputaja-goat\/","og_site_name":"MetalTale.com","og_image":[{"width":800,"height":800,"url":"https:\/\/metaltale.com\/wp-content\/uploads\/2024\/03\/Duru-belstukas-GOAT.jpg","type":"image\/jpeg"}],"twitter_card":"summary_large_image","schema":{"@context":"https:\/\/schema.org","@graph":[{"@type":"WebPage","@id":"https:\/\/metaltale.com\/et\/toode\/uksekoputaja-goat\/","url":"https:\/\/metaltale.com\/et\/toode\/uksekoputaja-goat\/","name":"Uksekoputaja GOAT - MetalTale.com","isPartOf":{"@id":"https:\/\/metaltale.com\/et\/#website"},"primaryImageOfPage":{"@id":"https:\/\/metaltale.com\/et\/toode\/uksekoputaja-goat\/#primaryimage"},"image":{"@id":"https:\/\/metaltale.com\/et\/toode\/uksekoputaja-goat\/#primaryimage"},"thumbnailUrl":"https:\/\/metaltale.com\/wp-content\/uploads\/2024\/03\/Duru-belstukas-GOAT.jpg","datePublished":"2024-03-25T11:48:41+00:00","breadcrumb":{"@id":"https:\/\/metaltale.com\/et\/toode\/uksekoputaja-goat\/#breadcrumb"},"inLanguage":"et","potentialAction":[{"@type":"ReadAction","target":["https:\/\/metaltale.com\/et\/toode\/uksekoputaja-goat\/"]}]},{"@type":"ImageObject","inLanguage":"et","@id":"https:\/\/metaltale.com\/et\/toode\/uksekoputaja-goat\/#primaryimage","url":"https:\/\/metaltale.com\/wp-content\/uploads\/2024\/03\/Duru-belstukas-GOAT.jpg","contentUrl":"https:\/\/metaltale.com\/wp-content\/uploads\/2024\/03\/Duru-belstukas-GOAT.jpg","width":800,"height":800,"caption":"Uksekoputaja GOAT"},{"@type":"BreadcrumbList","@id":"https:\/\/metaltale.com\/et\/toode\/uksekoputaja-goat\/#breadcrumb","itemListElement":[{"@type":"ListItem","position":1,"name":"Home","item":"https:\/\/metaltale.com\/et\/kodu\/"},{"@type":"ListItem","position":2,"name":"Kauplus","item":"https:\/\/metaltale.com\/et\/shop\/"},{"@type":"ListItem","position":3,"name":"Uksekoputaja GOAT"}]},{"@type":"WebSite","@id":"https:\/\/metaltale.com\/et\/#website","url":"https:\/\/metaltale.com\/et\/","name":"Metaltale.com","description":"","potentialAction":[{"@type":"SearchAction","target":{"@type":"EntryPoint","urlTemplate":"https:\/\/metaltale.com\/et\/?s={search_term_string}"},"query-input":{"@type":"PropertyValueSpecification","valueRequired":true,"valueName":"search_term_string"}}],"inLanguage":"et"}]}},"_links":{"self":[{"href":"https:\/\/metaltale.com\/et\/wp-json\/wp\/v2\/product\/132523","targetHints":{"allow":["GET"]}}],"collection":[{"href":"https:\/\/metaltale.com\/et\/wp-json\/wp\/v2\/product"}],"about":[{"href":"https:\/\/metaltale.com\/et\/wp-json\/wp\/v2\/types\/product"}],"replies":[{"embeddable":true,"href":"https:\/\/metaltale.com\/et\/wp-json\/wp\/v2\/comments?post=132523"}],"version-history":[{"count":0,"href":"https:\/\/metaltale.com\/et\/wp-json\/wp\/v2\/product\/132523\/revisions"}],"wp:featuredmedia":[{"embeddable":true,"href":"https:\/\/metaltale.com\/et\/wp-json\/wp\/v2\/media\/131898"}],"wp:attachment":[{"href":"https:\/\/metaltale.com\/et\/wp-json\/wp\/v2\/media?parent=132523"}],"wp:term":[{"taxonomy":"product_brand","embeddable":true,"href":"https:\/\/metaltale.com\/et\/wp-json\/wp\/v2\/product_brand?post=132523"},{"taxonomy":"product_cat","embeddable":true,"href":"https:\/\/metaltale.com\/et\/wp-json\/wp\/v2\/product_cat?post=132523"},{"taxonomy":"product_tag","embeddable":true,"href":"https:\/\/metaltale.com\/et\/wp-json\/wp\/v2\/product_tag?post=132523"}],"curies":[{"name":"wp","href":"https:\/\/api.w.org\/{rel}","templated":true}]}}