{"id":132620,"date":"2023-11-07T08:31:06","date_gmt":"2023-11-07T06:31:06","guid":{"rendered":"https:\/\/metaltale.com\/privaatsuspoliitika\/"},"modified":"2024-05-30T20:23:05","modified_gmt":"2024-05-30T18:23:05","slug":"privaatsuspoliitika","status":"publish","type":"page","link":"https:\/\/metaltale.com\/et\/privaatsuspoliitika\/","title":{"rendered":"Privaatsuspoliitika"},"content":{"rendered":"\t\t<div data-elementor-type=\"wp-page\" data-elementor-id=\"132620\" class=\"elementor elementor-132620 elementor-40506\">\n\t\t\t\t\t\t<section class=\"wd-negative-gap elementor-section elementor-top-section elementor-element elementor-element-0d10b49 elementor-section-boxed elementor-section-height-default elementor-section-height-default\" data-id=\"0d10b49\" data-element_type=\"section\">\n\t\t\t\t\t\t<div class=\"elementor-container elementor-column-gap-default\">\n\t\t\t\t\t<div class=\"elementor-column elementor-col-100 elementor-top-column elementor-element elementor-element-029c690\" data-id=\"029c690\" data-element_type=\"column\">\n\t\t\t<div class=\"elementor-widget-wrap elementor-element-populated\">\n\t\t\t\t\t\t<div class=\"elementor-element elementor-element-3cec5a0 elementor-widget elementor-widget-wd_text_block\" data-id=\"3cec5a0\" data-element_type=\"widget\" data-widget_type=\"wd_text_block.default\">\n\t\t\t\t<div class=\"elementor-widget-container\">\n\t\t\t\t\t\t\t<div class=\"wd-text-block reset-last-child text-left\">\n\t\t\t\n\t\t\t<p>Svetain\u0117 <a href=\"http:\/\/www.metaltale.com\/\">www.metaltale.com<\/a> yra MB \"Metal Tale\" nuosavyb\u0117, kuri veikia kaip J\u016bs\u0173 asmens duomen\u0173 valdytoja.<\/p><p>Suk\u016br\u0117me \u0161i\u0105 Privatumo Politik\u0105, kuri ai\u0161kiai nurodo, kaip tvarkome <a href=\"http:\/\/www.metaltale.com\/\">www.metaltale.com<\/a> svetain\u0117je surinkt\u0105 informacij\u0105, taip pat pateikiame prie\u017eastis, kod\u0117l turime rinkti tam tikrus J\u016bs\u0173 asmens duomenis. Prie\u0161 naudodamiesi <a href=\"http:\/\/www.metaltale.com\/\">www.metaltale.com<\/a> svetaine, rekomenduojame atid\u017eiai perskaityti \u0161i\u0105 Privatumo Politik\u0105.<\/p><h2><strong>J\u016bs\u0173 Asmens Duomen\u0173 Saugumas<\/strong><\/h2><p>Mums r\u016bpi J\u016bs\u0173 asmens duomen\u0173 saugumas, tod\u0117l \u012fsipareigojame garantuoti j\u0173 konfidencialum\u0105 ir saugum\u0105.<\/p><h1><strong>Kaip Renkame Informacij\u0105<\/strong><\/h1><h3><strong>Automati\u0161kai Renkama Informacija<\/strong><\/h3><p>Kai lankot\u0117s <a href=\"http:\/\/www.metaltale.com\/\">www.metaltale.com<\/a>, automati\u0161kai renkame tam tikr\u0105 informacij\u0105 apie J\u016bs\u0173 \u012frengin\u012f, \u012fskaitant:<\/p><ul><li>Interneto nar\u0161ykl\u0117s tip\u0105<\/li><li>IP adres\u0105<\/li><li>Laiko juost\u0105<\/li><li>\u012ediegtus slapukus<\/li><\/ul><p>Taip pat renkame informacij\u0105 apie atskirus tinklalapius ar produktus, kuriuos per\u017ei\u016brite, kokios svetain\u0117s ar paie\u0161kos terminai nukreip\u0117 jus \u012f svetain\u0119, ir kaip s\u0105veikaujate su svetaine. \u0160i\u0105 automati\u0161kai surinkt\u0105 informacij\u0105 vadiname \u201e\u012erenginio Informacija\u201c.<\/p><h3><strong>Asmeniniai Duomenys<\/strong><\/h3><p>Registruodamiesi svetain\u0117je galime rinkti J\u016bs\u0173 asmens duomenis, kuriuos mums pateikiate, kaip:<\/p><ul><li>Vard\u0105<\/li><li>Pavard\u0119<\/li><li>Adres\u0105<\/li><li>Mok\u0117jimo informacij\u0105<\/li><\/ul><p>\u0160ie duomenys reikalingi, kad gal\u0117tume \u012fvykdyti su Jumis sudaryt\u0105 sutart\u012f.<\/p><h2><strong>Duomen\u0173 Tvarkymo Tikslai<\/strong><\/h2><p>M\u016bs\u0173 pagrindinis tikslas yra klient\u0173 duomen\u0173 saugumas, tod\u0117l apdorojame tik minimalius J\u016bs\u0173 duomenis, tiek, kiek tai b\u016btina svetain\u0117s veikimui u\u017etikrinti. Automati\u0161kai renkama informacija naudojama galimiems piktnaud\u017eiavimo atvejams nustatyti ir statistinei informacijai apie svetain\u0117s naudojim\u0105si rinkti. Statistin\u0117 informacija yra apibendrinama taip, kad pagal j\u0105 neb\u016bt\u0173 galima identifikuoti konkre\u010di\u0173 sistemos vartotoj\u0173.<\/p><p>J\u016bs galite apsilankyti svetain\u0117je nenurod\u0119 mums savo asmens duomen\u0173. Ta\u010diau, jei norite naudotis kai kuriomis svetain\u0117s funkcijomis, pavyzd\u017eiui, gauti m\u016bs\u0173 naujienlai\u0161k\u012f ar pateikti u\u017eklaus\u0105 per kontaktin\u0119 form\u0105, tur\u0117site pateikti mums kai kuriuos asmens duomenis, tokius kaip el. pa\u0161to adresas, vardas, pavard\u0117, miestas, gyvenamoji vieta ar telefono numeris. Jei nesate tikri, kokia informacija yra privaloma, galite susisiekti su mumis el. pa\u0161tu hello@metaltale.com.<\/p><h2><strong>J\u016bs\u0173 Teis\u0117s:<\/strong><\/h2><p>Jeigu esate Europos S\u0105jungos gyventojas, j\u016bs turite \u0161ias teises, susijusias su j\u016bs\u0173 asmens duomenimis:<\/p><ul><li>Teis\u0117 b\u016bti informuotam.<\/li><li>Teis\u0117 susipa\u017einti.<\/li><li>Teis\u0117 \u012f i\u0161taisym\u0105.<\/li><li>Teis\u0117 i\u0161trinti.<\/li><li>Teis\u0117 apriboti tvarkym\u0105.<\/li><li>Teis\u0117 \u012f duomen\u0173 perkeliamum\u0105.<\/li><li>Teis\u0117 prie\u0161tarauti.<\/li><li>Teis\u0117s, susijusios su automatizuotu sprendim\u0173 pri\u0117mimu ir profiliavimu.<\/li><\/ul><p>Nor\u0117dami pasinaudoti \u0161iomis teis\u0117mis, pra\u0161ome susisiekti su mumis per \u017eemiau pateikt\u0105 kontaktin\u0119 informacij\u0105.<\/p><h2><strong>Duomen\u0173 Perdavimas:<\/strong><\/h2><p>Jeigu esate Europos gyventojas, atkreipiame d\u0117mes\u012f, kad j\u016bs\u0173 duomenys gali b\u016bti perduoti u\u017e Europos rib\u0173, \u012fskaitant Kanad\u0105 ir JAV, siekdami \u012fvykdyti sutartis ar d\u0117l kit\u0173 m\u016bs\u0173 teis\u0117t\u0173 verslo interes\u0173.<\/p><h2><strong>Nuorodos \u012f Kitas Svetaines:<\/strong><\/h2><p>M\u016bs\u0173 svetain\u0117je gali b\u016bti nuorod\u0173 \u012f kitas svetaines, kurios mums nepriklauso ir kuri\u0173 nekontroliuojame. Nesame atsakingi u\u017e toki\u0173 svetaini\u0173 privatumo praktik\u0105, tod\u0117l rekomenduojame atid\u017eiai perskaityti kiekvienos j\u016bs\u0173 lankomos svetain\u0117s privatumo politik\u0105.<\/p><h2><strong>Informacijos Saugumas:<\/strong><\/h2><p>Mes saugome j\u016bs\u0173 duomenis kontroliuojamoje, saugioje aplinkoje, apsaugotoje nuo neteis\u0117tos prieigos, naudojimo ar atskleidimo. Laikom\u0117s pagr\u012fst\u0173 administracini\u0173, technini\u0173 ir fizini\u0173 apsaugos priemoni\u0173, siekdami u\u017etikrinti j\u016bs\u0173 duomen\u0173 saugum\u0105.<\/p><h2><strong>Teisinis Atskleidimas:<\/strong><\/h2><p>Gali tekti atskleisti j\u016bs\u0173 asmens duomenis, jeigu to reikalauja \u012fstatymai, teismo nurodymai arba kitos teisin\u0117s proced\u016bros. Taip pat galime atskleisti j\u016bs\u0173 duomenis, jeigu tai b\u016btina siekiant apsaugoti m\u016bs\u0173 ar kit\u0173 asmen\u0173 teises ir saugum\u0105.<\/p><h2><strong>Kontaktin\u0117 Informacija:<\/strong><\/h2><p>Jei turite koki\u0173 nors klausim\u0173 apie \u0161i\u0105 privatumo politik\u0105 ar norite susisiekti su mumis d\u0117l savo asmens duomen\u0173, galite mums ra\u0161yti el. pa\u0161tu: hello@metaltale.com.<\/p>\n\t\t\t\t\t<\/div>\n\t\t\t\t\t\t<\/div>\n\t\t\t\t<\/div>\n\t\t\t\t\t<\/div>\n\t\t<\/div>\n\t\t\t\t\t<\/div>\n\t\t<\/section>\n\t\t\t\t<\/div>\n\t\t","protected":false},"excerpt":{"rendered":"<p>Svetain\u0117 www.metaltale.com yra MB &#8220;Metal Tale&#8221; nuosavyb\u0117, kuri veikia kaip J\u016bs\u0173 asmens duomen\u0173 valdytoja. Suk\u016br\u0117me \u0161i\u0105 Privatumo Politik\u0105, kuri ai\u0161kiai<\/p>\n","protected":false},"author":2,"featured_media":0,"parent":0,"menu_order":0,"comment_status":"closed","ping_status":"closed","template":"","meta":{"_acf_changed":false,"pmpro_default_level":"","footnotes":""},"class_list":["post-132620","page","type-page","status-publish","hentry","pmpro-has-access"],"acf":[],"yoast_head":"<!-- This site is optimized with the Yoast SEO plugin v24.9 - https:\/\/yoast.com\/wordpress\/plugins\/seo\/ -->\n<title>Privaatsuspoliitika | Metaltale.com<\/title>\n<meta name=\"description\" content=\"Metaltale veebipoe privaatsuspoliitika. Praktilised k\u00e4sitsi valmistatud metallesemed kaasaegsetesse, luksuslikesse interj\u00f6\u00f6ridesse.\" \/>\n<meta name=\"robots\" content=\"index, follow, max-snippet:-1, max-image-preview:large, max-video-preview:-1\" \/>\n<link rel=\"canonical\" href=\"https:\/\/metaltale.com\/et\/privaatsuspoliitika\/\" \/>\n<meta property=\"og:locale\" content=\"et_EE\" \/>\n<meta property=\"og:type\" content=\"article\" \/>\n<meta property=\"og:title\" content=\"Privaatsuspoliitika | Metaltale.com\" \/>\n<meta property=\"og:description\" content=\"Metaltale veebipoe privaatsuspoliitika. Praktilised k\u00e4sitsi valmistatud metallesemed kaasaegsetesse, luksuslikesse interj\u00f6\u00f6ridesse.\" \/>\n<meta property=\"og:url\" content=\"https:\/\/metaltale.com\/et\/privaatsuspoliitika\/\" \/>\n<meta property=\"og:site_name\" content=\"MetalTale.com\" \/>\n<meta property=\"article:modified_time\" content=\"2024-05-30T18:23:05+00:00\" \/>\n<meta name=\"twitter:card\" content=\"summary_large_image\" \/>\n<meta name=\"twitter:label1\" content=\"Est. reading time\" \/>\n\t<meta name=\"twitter:data1\" content=\"3 minutit\" \/>\n<script type=\"application\/ld+json\" class=\"yoast-schema-graph\">{\"@context\":\"https:\/\/schema.org\",\"@graph\":[{\"@type\":\"WebPage\",\"@id\":\"https:\/\/metaltale.com\/et\/privaatsuspoliitika\/\",\"url\":\"https:\/\/metaltale.com\/et\/privaatsuspoliitika\/\",\"name\":\"Privaatsuspoliitika | Metaltale.com\",\"isPartOf\":{\"@id\":\"https:\/\/metaltale.com\/et\/#website\"},\"datePublished\":\"2023-11-07T06:31:06+00:00\",\"dateModified\":\"2024-05-30T18:23:05+00:00\",\"description\":\"Metaltale veebipoe privaatsuspoliitika. Praktilised k\u00e4sitsi valmistatud metallesemed kaasaegsetesse, luksuslikesse interj\u00f6\u00f6ridesse.\",\"breadcrumb\":{\"@id\":\"https:\/\/metaltale.com\/et\/privaatsuspoliitika\/#breadcrumb\"},\"inLanguage\":\"et\",\"potentialAction\":[{\"@type\":\"ReadAction\",\"target\":[\"https:\/\/metaltale.com\/et\/privaatsuspoliitika\/\"]}]},{\"@type\":\"BreadcrumbList\",\"@id\":\"https:\/\/metaltale.com\/et\/privaatsuspoliitika\/#breadcrumb\",\"itemListElement\":[{\"@type\":\"ListItem\",\"position\":1,\"name\":\"Home\",\"item\":\"https:\/\/metaltale.com\/et\/kodu\/\"},{\"@type\":\"ListItem\",\"position\":2,\"name\":\"Privaatsuspoliitika\"}]},{\"@type\":\"WebSite\",\"@id\":\"https:\/\/metaltale.com\/et\/#website\",\"url\":\"https:\/\/metaltale.com\/et\/\",\"name\":\"Metaltale.com\",\"description\":\"\",\"potentialAction\":[{\"@type\":\"SearchAction\",\"target\":{\"@type\":\"EntryPoint\",\"urlTemplate\":\"https:\/\/metaltale.com\/et\/?s={search_term_string}\"},\"query-input\":{\"@type\":\"PropertyValueSpecification\",\"valueRequired\":true,\"valueName\":\"search_term_string\"}}],\"inLanguage\":\"et\"}]}<\/script>\n<!-- \/ Yoast SEO plugin. -->","yoast_head_json":{"title":"Privaatsuspoliitika | Metaltale.com","description":"Metaltale veebipoe privaatsuspoliitika. Praktilised k\u00e4sitsi valmistatud metallesemed kaasaegsetesse, luksuslikesse interj\u00f6\u00f6ridesse.","robots":{"index":"index","follow":"follow","max-snippet":"max-snippet:-1","max-image-preview":"max-image-preview:large","max-video-preview":"max-video-preview:-1"},"canonical":"https:\/\/metaltale.com\/et\/privaatsuspoliitika\/","og_locale":"et_EE","og_type":"article","og_title":"Privaatsuspoliitika | Metaltale.com","og_description":"Metaltale veebipoe privaatsuspoliitika. Praktilised k\u00e4sitsi valmistatud metallesemed kaasaegsetesse, luksuslikesse interj\u00f6\u00f6ridesse.","og_url":"https:\/\/metaltale.com\/et\/privaatsuspoliitika\/","og_site_name":"MetalTale.com","article_modified_time":"2024-05-30T18:23:05+00:00","twitter_card":"summary_large_image","twitter_misc":{"Est. reading time":"3 minutit"},"schema":{"@context":"https:\/\/schema.org","@graph":[{"@type":"WebPage","@id":"https:\/\/metaltale.com\/et\/privaatsuspoliitika\/","url":"https:\/\/metaltale.com\/et\/privaatsuspoliitika\/","name":"Privaatsuspoliitika | Metaltale.com","isPartOf":{"@id":"https:\/\/metaltale.com\/et\/#website"},"datePublished":"2023-11-07T06:31:06+00:00","dateModified":"2024-05-30T18:23:05+00:00","description":"Metaltale veebipoe privaatsuspoliitika. Praktilised k\u00e4sitsi valmistatud metallesemed kaasaegsetesse, luksuslikesse interj\u00f6\u00f6ridesse.","breadcrumb":{"@id":"https:\/\/metaltale.com\/et\/privaatsuspoliitika\/#breadcrumb"},"inLanguage":"et","potentialAction":[{"@type":"ReadAction","target":["https:\/\/metaltale.com\/et\/privaatsuspoliitika\/"]}]},{"@type":"BreadcrumbList","@id":"https:\/\/metaltale.com\/et\/privaatsuspoliitika\/#breadcrumb","itemListElement":[{"@type":"ListItem","position":1,"name":"Home","item":"https:\/\/metaltale.com\/et\/kodu\/"},{"@type":"ListItem","position":2,"name":"Privaatsuspoliitika"}]},{"@type":"WebSite","@id":"https:\/\/metaltale.com\/et\/#website","url":"https:\/\/metaltale.com\/et\/","name":"Metaltale.com","description":"","potentialAction":[{"@type":"SearchAction","target":{"@type":"EntryPoint","urlTemplate":"https:\/\/metaltale.com\/et\/?s={search_term_string}"},"query-input":{"@type":"PropertyValueSpecification","valueRequired":true,"valueName":"search_term_string"}}],"inLanguage":"et"}]}},"_links":{"self":[{"href":"https:\/\/metaltale.com\/et\/wp-json\/wp\/v2\/pages\/132620","targetHints":{"allow":["GET"]}}],"collection":[{"href":"https:\/\/metaltale.com\/et\/wp-json\/wp\/v2\/pages"}],"about":[{"href":"https:\/\/metaltale.com\/et\/wp-json\/wp\/v2\/types\/page"}],"author":[{"embeddable":true,"href":"https:\/\/metaltale.com\/et\/wp-json\/wp\/v2\/users\/2"}],"replies":[{"embeddable":true,"href":"https:\/\/metaltale.com\/et\/wp-json\/wp\/v2\/comments?post=132620"}],"version-history":[{"count":1,"href":"https:\/\/metaltale.com\/et\/wp-json\/wp\/v2\/pages\/132620\/revisions"}],"predecessor-version":[{"id":132621,"href":"https:\/\/metaltale.com\/et\/wp-json\/wp\/v2\/pages\/132620\/revisions\/132621"}],"wp:attachment":[{"href":"https:\/\/metaltale.com\/et\/wp-json\/wp\/v2\/media?parent=132620"}],"curies":[{"name":"wp","href":"https:\/\/api.w.org\/{rel}","templated":true}]}}