{"id":132613,"date":"2021-08-26T12:26:53","date_gmt":"2021-08-26T10:26:53","guid":{"rendered":"https:\/\/metaltale.com\/soovide-nimekiri\/"},"modified":"2024-05-30T20:19:26","modified_gmt":"2024-05-30T18:19:26","slug":"soovide-nimekiri","status":"publish","type":"page","link":"https:\/\/metaltale.com\/et\/soovide-nimekiri\/","title":{"rendered":"Soovide nimekiri"},"content":{"rendered":"\t\t\n\t\t\n\t\t<div class=\"\">\n\t\t\t\t\t\t<div class=\"wd-wishlist-content\">\n\t\t\t\t\t\t\t\t\t\t\t\n\t\t<p class=\"wd-empty-wishlist wd-empty-page\">\n\t\t\tSee soovinimekiri on t\u00fchi.\t\t<\/p>\n\n\t\t\t\t\t<div class=\"wd-empty-page-text\">\n\t\t\t\tTeil ei ole veel \u00fchtegi toodet oma soovide nimekirjas. <br> Leiad palju huvitavaid tooteid meie \"Kaupluse\" lehelt.\t\t\t<\/div>\n\t\t\n\t\t\n\t\t\t\t\t<p class=\"return-to-shop\">\n\t\t\t\t<a class=\"button\" href=\"https:\/\/metaltale.com\/et\/shop\/\">\n\t\t\t\t\tTagasi poodi\t\t\t\t<\/a>\n\t\t\t<\/p>\n\t\t\t\t\t\t\t\t\t\t\t<\/div>\n\t\t\t\t<\/div>\n\t\t","protected":false},"excerpt":{"rendered":"","protected":false},"author":1,"featured_media":0,"parent":0,"menu_order":0,"comment_status":"closed","ping_status":"closed","template":"","meta":{"_acf_changed":false,"pmpro_default_level":"","footnotes":""},"class_list":["post-132613","page","type-page","status-publish","hentry","pmpro-has-access"],"acf":[],"yoast_head":"<!-- This site is optimized with the Yoast SEO plugin v24.9 - https:\/\/yoast.com\/wordpress\/plugins\/seo\/ -->\n<title>Soovide nimekiri | Metaltale.com<\/title>\n<meta name=\"description\" content=\"Soovide nimekiri Metaltale. Praktilised k\u00e4sitsi valmistatud metallesemed kaasaegsetesse, luksuslikesse interj\u00f6\u00f6ridesse\" \/>\n<meta name=\"robots\" content=\"index, follow, max-snippet:-1, max-image-preview:large, max-video-preview:-1\" \/>\n<link rel=\"canonical\" href=\"https:\/\/metaltale.com\/et\/soovide-nimekiri\/\" \/>\n<meta property=\"og:locale\" content=\"et_EE\" \/>\n<meta property=\"og:type\" content=\"article\" \/>\n<meta property=\"og:title\" content=\"Soovide nimekiri | Metaltale.com\" \/>\n<meta property=\"og:description\" content=\"Soovide nimekiri Metaltale. Praktilised k\u00e4sitsi valmistatud metallesemed kaasaegsetesse, luksuslikesse interj\u00f6\u00f6ridesse\" \/>\n<meta property=\"og:url\" content=\"https:\/\/metaltale.com\/et\/soovide-nimekiri\/\" \/>\n<meta property=\"og:site_name\" content=\"MetalTale.com\" \/>\n<meta property=\"article:modified_time\" content=\"2024-05-30T18:19:26+00:00\" \/>\n<meta name=\"twitter:card\" content=\"summary_large_image\" \/>\n<script type=\"application\/ld+json\" class=\"yoast-schema-graph\">{\"@context\":\"https:\/\/schema.org\",\"@graph\":[{\"@type\":\"WebPage\",\"@id\":\"https:\/\/metaltale.com\/et\/soovide-nimekiri\/\",\"url\":\"https:\/\/metaltale.com\/et\/soovide-nimekiri\/\",\"name\":\"Soovide nimekiri | Metaltale.com\",\"isPartOf\":{\"@id\":\"https:\/\/metaltale.com\/et\/#website\"},\"datePublished\":\"2021-08-26T10:26:53+00:00\",\"dateModified\":\"2024-05-30T18:19:26+00:00\",\"description\":\"Soovide nimekiri Metaltale. Praktilised k\u00e4sitsi valmistatud metallesemed kaasaegsetesse, luksuslikesse interj\u00f6\u00f6ridesse\",\"breadcrumb\":{\"@id\":\"https:\/\/metaltale.com\/et\/soovide-nimekiri\/#breadcrumb\"},\"inLanguage\":\"et\",\"potentialAction\":[{\"@type\":\"ReadAction\",\"target\":[\"https:\/\/metaltale.com\/et\/soovide-nimekiri\/\"]}]},{\"@type\":\"BreadcrumbList\",\"@id\":\"https:\/\/metaltale.com\/et\/soovide-nimekiri\/#breadcrumb\",\"itemListElement\":[{\"@type\":\"ListItem\",\"position\":1,\"name\":\"Home\",\"item\":\"https:\/\/metaltale.com\/et\/kodu\/\"},{\"@type\":\"ListItem\",\"position\":2,\"name\":\"Soovide nimekiri\"}]},{\"@type\":\"WebSite\",\"@id\":\"https:\/\/metaltale.com\/et\/#website\",\"url\":\"https:\/\/metaltale.com\/et\/\",\"name\":\"Metaltale.com\",\"description\":\"\",\"potentialAction\":[{\"@type\":\"SearchAction\",\"target\":{\"@type\":\"EntryPoint\",\"urlTemplate\":\"https:\/\/metaltale.com\/et\/?s={search_term_string}\"},\"query-input\":{\"@type\":\"PropertyValueSpecification\",\"valueRequired\":true,\"valueName\":\"search_term_string\"}}],\"inLanguage\":\"et\"}]}<\/script>\n<!-- \/ Yoast SEO plugin. -->","yoast_head_json":{"title":"Soovide nimekiri | Metaltale.com","description":"Soovide nimekiri Metaltale. Praktilised k\u00e4sitsi valmistatud metallesemed kaasaegsetesse, luksuslikesse interj\u00f6\u00f6ridesse","robots":{"index":"index","follow":"follow","max-snippet":"max-snippet:-1","max-image-preview":"max-image-preview:large","max-video-preview":"max-video-preview:-1"},"canonical":"https:\/\/metaltale.com\/et\/soovide-nimekiri\/","og_locale":"et_EE","og_type":"article","og_title":"Soovide nimekiri | Metaltale.com","og_description":"Soovide nimekiri Metaltale. Praktilised k\u00e4sitsi valmistatud metallesemed kaasaegsetesse, luksuslikesse interj\u00f6\u00f6ridesse","og_url":"https:\/\/metaltale.com\/et\/soovide-nimekiri\/","og_site_name":"MetalTale.com","article_modified_time":"2024-05-30T18:19:26+00:00","twitter_card":"summary_large_image","schema":{"@context":"https:\/\/schema.org","@graph":[{"@type":"WebPage","@id":"https:\/\/metaltale.com\/et\/soovide-nimekiri\/","url":"https:\/\/metaltale.com\/et\/soovide-nimekiri\/","name":"Soovide nimekiri | Metaltale.com","isPartOf":{"@id":"https:\/\/metaltale.com\/et\/#website"},"datePublished":"2021-08-26T10:26:53+00:00","dateModified":"2024-05-30T18:19:26+00:00","description":"Soovide nimekiri Metaltale. Praktilised k\u00e4sitsi valmistatud metallesemed kaasaegsetesse, luksuslikesse interj\u00f6\u00f6ridesse","breadcrumb":{"@id":"https:\/\/metaltale.com\/et\/soovide-nimekiri\/#breadcrumb"},"inLanguage":"et","potentialAction":[{"@type":"ReadAction","target":["https:\/\/metaltale.com\/et\/soovide-nimekiri\/"]}]},{"@type":"BreadcrumbList","@id":"https:\/\/metaltale.com\/et\/soovide-nimekiri\/#breadcrumb","itemListElement":[{"@type":"ListItem","position":1,"name":"Home","item":"https:\/\/metaltale.com\/et\/kodu\/"},{"@type":"ListItem","position":2,"name":"Soovide nimekiri"}]},{"@type":"WebSite","@id":"https:\/\/metaltale.com\/et\/#website","url":"https:\/\/metaltale.com\/et\/","name":"Metaltale.com","description":"","potentialAction":[{"@type":"SearchAction","target":{"@type":"EntryPoint","urlTemplate":"https:\/\/metaltale.com\/et\/?s={search_term_string}"},"query-input":{"@type":"PropertyValueSpecification","valueRequired":true,"valueName":"search_term_string"}}],"inLanguage":"et"}]}},"_links":{"self":[{"href":"https:\/\/metaltale.com\/et\/wp-json\/wp\/v2\/pages\/132613","targetHints":{"allow":["GET"]}}],"collection":[{"href":"https:\/\/metaltale.com\/et\/wp-json\/wp\/v2\/pages"}],"about":[{"href":"https:\/\/metaltale.com\/et\/wp-json\/wp\/v2\/types\/page"}],"author":[{"embeddable":true,"href":"https:\/\/metaltale.com\/et\/wp-json\/wp\/v2\/users\/1"}],"replies":[{"embeddable":true,"href":"https:\/\/metaltale.com\/et\/wp-json\/wp\/v2\/comments?post=132613"}],"version-history":[{"count":1,"href":"https:\/\/metaltale.com\/et\/wp-json\/wp\/v2\/pages\/132613\/revisions"}],"predecessor-version":[{"id":132614,"href":"https:\/\/metaltale.com\/et\/wp-json\/wp\/v2\/pages\/132613\/revisions\/132614"}],"wp:attachment":[{"href":"https:\/\/metaltale.com\/et\/wp-json\/wp\/v2\/media?parent=132613"}],"curies":[{"name":"wp","href":"https:\/\/api.w.org\/{rel}","templated":true}]}}