{"id":132607,"date":"2023-11-07T08:20:05","date_gmt":"2023-11-07T06:20:05","guid":{"rendered":"https:\/\/metaltale.com\/vahetus-ja-tagastamispoliitika\/"},"modified":"2024-05-30T20:16:08","modified_gmt":"2024-05-30T18:16:08","slug":"vahetus-ja-tagastamispoliitika","status":"publish","type":"page","link":"https:\/\/metaltale.com\/et\/vahetus-ja-tagastamispoliitika\/","title":{"rendered":"Vahetus- ja tagastamispoliitika"},"content":{"rendered":"\t\t<div data-elementor-type=\"wp-page\" data-elementor-id=\"132607\" class=\"elementor elementor-132607 elementor-40486\">\n\t\t\t\t\t\t<section class=\"wd-negative-gap elementor-section elementor-top-section elementor-element elementor-element-49bca3c elementor-section-boxed elementor-section-height-default elementor-section-height-default\" data-id=\"49bca3c\" data-element_type=\"section\">\n\t\t\t\t\t\t<div class=\"elementor-container elementor-column-gap-default\">\n\t\t\t\t\t<div class=\"elementor-column elementor-col-100 elementor-top-column elementor-element elementor-element-7e3e7e2\" data-id=\"7e3e7e2\" data-element_type=\"column\">\n\t\t\t<div class=\"elementor-widget-wrap elementor-element-populated\">\n\t\t\t\t\t\t<div class=\"elementor-element elementor-element-6d90249 elementor-widget elementor-widget-wd_text_block\" data-id=\"6d90249\" data-element_type=\"widget\" data-widget_type=\"wd_text_block.default\">\n\t\t\t\t<div class=\"elementor-widget-container\">\n\t\t\t\t\t\t\t<div class=\"wd-text-block reset-last-child text-left\">\n\t\t\t\n\t\t\t<h2><strong>Tellimuse t\u00fchistamine<\/strong><\/h2><p>Teil on \u00f5igus t\u00fchistada oma tellimus 30 p\u00e4eva jooksul alates kauba k\u00e4ttesaamise kuup\u00e4evast ilma p\u00f5hjendusi esitamata. T\u00fchistamisperiood on 30 p\u00e4eva alates kuup\u00e4evast, mil teie v\u00f5i kolmas isik, kes ei ole teie m\u00e4\u00e4ratud vedaja, on kauba vastu v\u00f5tnud. Tellimuse t\u00fchistamise \u00f5iguse kasutamiseks peate meid oma otsusest teavitama e-posti teel selge avaldusega. Saates selge s\u00f5numi aadressil: hello@metaltale.com. <\/p><h2><strong>Raha tagastamine<\/strong><\/h2><p>Me tagastame teie raha hiljemalt 30 p\u00e4eva jooksul p\u00e4rast tagastatud kauba k\u00e4ttesaamist. Me kasutame samu maksevahendeid, mida kasutasite tellimuse tegemiseks, ja te ei pea sellise tagasimaksmise eest maksma.<\/p><h2><strong>Tagastamistingimused<\/strong><\/h2><p>Te v\u00f5ite toote tagastada, kui:<\/p><ul><li>Ostetud viimase 30 p\u00e4eva jooksul.<\/li><li>Toode on originaalpakendis.<\/li><\/ul><h3><strong>Tagastamisele mittekuuluvad kaubad:<\/strong><\/h3><ul><li>Kaubad teie spetsifikatsioonide j\u00e4rgi v\u00f5i kohandatud.<\/li><li>kaubad, mis oma olemuselt ei sobi tagastamiseks (nt aegunud kaubad).<\/li><li>Kaubad, mis on p\u00e4rast tarnimist lahtipakitud ja mida ei saa tervislikel v\u00f5i h\u00fcgieenilistel p\u00f5hjustel tagastada.<\/li><li>Kaubad, mis on p\u00e4rast tarnimist eristamatult segunenud teiste kaupadega.<\/li><\/ul><p>Me j\u00e4tame endale \u00f5iguse keelduda omal \u00e4ran\u00e4gemisel selliste kaupade tagastamisest, mis ei vasta \u00fclaltoodud tagastamistingimustele.<\/p><h2><strong>Kaupade tagastamine<\/strong><\/h2><p>Te vastutate kauba meile tagastamisega seotud kulude ja riski eest. Te peate saatma kauba Vilniuse, Vytenio g. 50B. Me ei saa vastutada kahjustatud v\u00f5i kaotatud kauba eest tagastamisel, seega soovitame kasutada kindlustatud ja j\u00e4lgitavat postiteenust.   <\/p><h2><strong>Kingitused<\/strong><\/h2><p>Kui toode oli m\u00e4rgitud kingitusena ja saadeti otse teile, saate tagastatud toote v\u00e4\u00e4rtusele vastava kinkekrediidi. Kinkekaart saadetakse teile tagastatud toote k\u00e4ttesaamisel.<\/p><p>Kui toode ei olnud m\u00e4rgitud kingitusena v\u00f5i kui annetaja oli saatnud tellimuse endale hilisemaks \u00fcleandmiseks, tagastame annetajale raha.<\/p><h2><strong>V\u00f5tke meiega \u00fchendust<\/strong><\/h2><p>Kui teil on k\u00fcsimusi meie tagastus- ja tagasimaksepoliitika kohta, v\u00f5tke meiega \u00fchendust aadressil. E-post: hello@metaltale.com. <\/p>\n\t\t\t\t\t<\/div>\n\t\t\t\t\t\t<\/div>\n\t\t\t\t<\/div>\n\t\t\t\t\t<\/div>\n\t\t<\/div>\n\t\t\t\t\t<\/div>\n\t\t<\/section>\n\t\t\t\t<\/div>\n\t\t","protected":false},"excerpt":{"rendered":"<p>Tellimuse t\u00fchistamine Teil on \u00f5igus t\u00fchistada oma tellimus 30 p\u00e4eva jooksul alates kauba k\u00e4ttesaamise kuup\u00e4evast ilma p\u00f5hjendusi esitamata. T\u00fchistamisperiood on<\/p>\n","protected":false},"author":2,"featured_media":0,"parent":0,"menu_order":0,"comment_status":"closed","ping_status":"closed","template":"","meta":{"_acf_changed":false,"pmpro_default_level":"","footnotes":""},"class_list":["post-132607","page","type-page","status-publish","hentry","pmpro-has-access"],"acf":[],"yoast_head":"<!-- This site is optimized with the Yoast SEO plugin v24.9 - https:\/\/yoast.com\/wordpress\/plugins\/seo\/ -->\n<title>Vahetus- ja tagastus\u00f5igus | Metaltale.com<\/title>\n<meta name=\"description\" content=\"Metaltale&#039;i vahetus- ja tagastamispoliitika. Praktilised k\u00e4sitsi valmistatud metallesemed kaasaegsetesse, luksuslikesse interj\u00f6\u00f6ridesse.\" \/>\n<meta name=\"robots\" content=\"index, follow, max-snippet:-1, max-image-preview:large, max-video-preview:-1\" \/>\n<link rel=\"canonical\" href=\"https:\/\/metaltale.com\/et\/vahetus-ja-tagastamispoliitika\/\" \/>\n<meta property=\"og:locale\" content=\"et_EE\" \/>\n<meta property=\"og:type\" content=\"article\" \/>\n<meta property=\"og:title\" content=\"Vahetus- ja tagastus\u00f5igus | Metaltale.com\" \/>\n<meta property=\"og:description\" content=\"Metaltale&#039;i vahetus- ja tagastamispoliitika. Praktilised k\u00e4sitsi valmistatud metallesemed kaasaegsetesse, luksuslikesse interj\u00f6\u00f6ridesse.\" \/>\n<meta property=\"og:url\" content=\"https:\/\/metaltale.com\/et\/vahetus-ja-tagastamispoliitika\/\" \/>\n<meta property=\"og:site_name\" content=\"MetalTale.com\" \/>\n<meta property=\"article:modified_time\" content=\"2024-05-30T18:16:08+00:00\" \/>\n<meta name=\"twitter:card\" content=\"summary_large_image\" \/>\n<meta name=\"twitter:label1\" content=\"Est. reading time\" \/>\n\t<meta name=\"twitter:data1\" content=\"1 minut\" \/>\n<script type=\"application\/ld+json\" class=\"yoast-schema-graph\">{\"@context\":\"https:\/\/schema.org\",\"@graph\":[{\"@type\":\"WebPage\",\"@id\":\"https:\/\/metaltale.com\/et\/vahetus-ja-tagastamispoliitika\/\",\"url\":\"https:\/\/metaltale.com\/et\/vahetus-ja-tagastamispoliitika\/\",\"name\":\"Vahetus- ja tagastus\u00f5igus | Metaltale.com\",\"isPartOf\":{\"@id\":\"https:\/\/metaltale.com\/et\/#website\"},\"datePublished\":\"2023-11-07T06:20:05+00:00\",\"dateModified\":\"2024-05-30T18:16:08+00:00\",\"description\":\"Metaltale'i vahetus- ja tagastamispoliitika. Praktilised k\u00e4sitsi valmistatud metallesemed kaasaegsetesse, luksuslikesse interj\u00f6\u00f6ridesse.\",\"breadcrumb\":{\"@id\":\"https:\/\/metaltale.com\/et\/vahetus-ja-tagastamispoliitika\/#breadcrumb\"},\"inLanguage\":\"et\",\"potentialAction\":[{\"@type\":\"ReadAction\",\"target\":[\"https:\/\/metaltale.com\/et\/vahetus-ja-tagastamispoliitika\/\"]}]},{\"@type\":\"BreadcrumbList\",\"@id\":\"https:\/\/metaltale.com\/et\/vahetus-ja-tagastamispoliitika\/#breadcrumb\",\"itemListElement\":[{\"@type\":\"ListItem\",\"position\":1,\"name\":\"Home\",\"item\":\"https:\/\/metaltale.com\/et\/kodu\/\"},{\"@type\":\"ListItem\",\"position\":2,\"name\":\"Vahetus- ja tagastamispoliitika\"}]},{\"@type\":\"WebSite\",\"@id\":\"https:\/\/metaltale.com\/et\/#website\",\"url\":\"https:\/\/metaltale.com\/et\/\",\"name\":\"Metaltale.com\",\"description\":\"\",\"potentialAction\":[{\"@type\":\"SearchAction\",\"target\":{\"@type\":\"EntryPoint\",\"urlTemplate\":\"https:\/\/metaltale.com\/et\/?s={search_term_string}\"},\"query-input\":{\"@type\":\"PropertyValueSpecification\",\"valueRequired\":true,\"valueName\":\"search_term_string\"}}],\"inLanguage\":\"et\"}]}<\/script>\n<!-- \/ Yoast SEO plugin. -->","yoast_head_json":{"title":"Vahetus- ja tagastus\u00f5igus | Metaltale.com","description":"Metaltale'i vahetus- ja tagastamispoliitika. Praktilised k\u00e4sitsi valmistatud metallesemed kaasaegsetesse, luksuslikesse interj\u00f6\u00f6ridesse.","robots":{"index":"index","follow":"follow","max-snippet":"max-snippet:-1","max-image-preview":"max-image-preview:large","max-video-preview":"max-video-preview:-1"},"canonical":"https:\/\/metaltale.com\/et\/vahetus-ja-tagastamispoliitika\/","og_locale":"et_EE","og_type":"article","og_title":"Vahetus- ja tagastus\u00f5igus | Metaltale.com","og_description":"Metaltale'i vahetus- ja tagastamispoliitika. Praktilised k\u00e4sitsi valmistatud metallesemed kaasaegsetesse, luksuslikesse interj\u00f6\u00f6ridesse.","og_url":"https:\/\/metaltale.com\/et\/vahetus-ja-tagastamispoliitika\/","og_site_name":"MetalTale.com","article_modified_time":"2024-05-30T18:16:08+00:00","twitter_card":"summary_large_image","twitter_misc":{"Est. reading time":"1 minut"},"schema":{"@context":"https:\/\/schema.org","@graph":[{"@type":"WebPage","@id":"https:\/\/metaltale.com\/et\/vahetus-ja-tagastamispoliitika\/","url":"https:\/\/metaltale.com\/et\/vahetus-ja-tagastamispoliitika\/","name":"Vahetus- ja tagastus\u00f5igus | Metaltale.com","isPartOf":{"@id":"https:\/\/metaltale.com\/et\/#website"},"datePublished":"2023-11-07T06:20:05+00:00","dateModified":"2024-05-30T18:16:08+00:00","description":"Metaltale'i vahetus- ja tagastamispoliitika. Praktilised k\u00e4sitsi valmistatud metallesemed kaasaegsetesse, luksuslikesse interj\u00f6\u00f6ridesse.","breadcrumb":{"@id":"https:\/\/metaltale.com\/et\/vahetus-ja-tagastamispoliitika\/#breadcrumb"},"inLanguage":"et","potentialAction":[{"@type":"ReadAction","target":["https:\/\/metaltale.com\/et\/vahetus-ja-tagastamispoliitika\/"]}]},{"@type":"BreadcrumbList","@id":"https:\/\/metaltale.com\/et\/vahetus-ja-tagastamispoliitika\/#breadcrumb","itemListElement":[{"@type":"ListItem","position":1,"name":"Home","item":"https:\/\/metaltale.com\/et\/kodu\/"},{"@type":"ListItem","position":2,"name":"Vahetus- ja tagastamispoliitika"}]},{"@type":"WebSite","@id":"https:\/\/metaltale.com\/et\/#website","url":"https:\/\/metaltale.com\/et\/","name":"Metaltale.com","description":"","potentialAction":[{"@type":"SearchAction","target":{"@type":"EntryPoint","urlTemplate":"https:\/\/metaltale.com\/et\/?s={search_term_string}"},"query-input":{"@type":"PropertyValueSpecification","valueRequired":true,"valueName":"search_term_string"}}],"inLanguage":"et"}]}},"_links":{"self":[{"href":"https:\/\/metaltale.com\/et\/wp-json\/wp\/v2\/pages\/132607","targetHints":{"allow":["GET"]}}],"collection":[{"href":"https:\/\/metaltale.com\/et\/wp-json\/wp\/v2\/pages"}],"about":[{"href":"https:\/\/metaltale.com\/et\/wp-json\/wp\/v2\/types\/page"}],"author":[{"embeddable":true,"href":"https:\/\/metaltale.com\/et\/wp-json\/wp\/v2\/users\/2"}],"replies":[{"embeddable":true,"href":"https:\/\/metaltale.com\/et\/wp-json\/wp\/v2\/comments?post=132607"}],"version-history":[{"count":1,"href":"https:\/\/metaltale.com\/et\/wp-json\/wp\/v2\/pages\/132607\/revisions"}],"predecessor-version":[{"id":132608,"href":"https:\/\/metaltale.com\/et\/wp-json\/wp\/v2\/pages\/132607\/revisions\/132608"}],"wp:attachment":[{"href":"https:\/\/metaltale.com\/et\/wp-json\/wp\/v2\/media?parent=132607"}],"curies":[{"name":"wp","href":"https:\/\/api.w.org\/{rel}","templated":true}]}}