{"id":132604,"date":"2021-10-12T15:51:09","date_gmt":"2021-10-12T13:51:09","guid":{"rendered":"https:\/\/metaltale.com\/meie-kohta\/"},"modified":"2024-05-30T20:35:37","modified_gmt":"2024-05-30T18:35:37","slug":"meie-kohta","status":"publish","type":"page","link":"https:\/\/metaltale.com\/et\/meie-kohta\/","title":{"rendered":"Meie kohta"},"content":{"rendered":"\t\t<div data-elementor-type=\"wp-page\" data-elementor-id=\"132604\" class=\"elementor elementor-132604 elementor-4400\">\n\t\t\t\t\t\t<section class=\"wd-negative-gap elementor-section elementor-top-section elementor-element elementor-element-9a07050 elementor-reverse-tablet elementor-reverse-mobile elementor-section-boxed elementor-section-height-default elementor-section-height-default\" data-id=\"9a07050\" data-element_type=\"section\">\n\t\t\t\t\t\t<div class=\"elementor-container elementor-column-gap-default\">\n\t\t\t\t\t<div class=\"elementor-column elementor-col-50 elementor-top-column elementor-element elementor-element-4b5630d\" data-id=\"4b5630d\" data-element_type=\"column\">\n\t\t\t<div class=\"elementor-widget-wrap elementor-element-populated\">\n\t\t\t\t\t\t<div class=\"elementor-element elementor-element-7178aac elementor-widget__width-initial elementor-widget elementor-widget-wd_text_block\" data-id=\"7178aac\" data-element_type=\"widget\" data-widget_type=\"wd_text_block.default\">\n\t\t\t\t<div class=\"elementor-widget-container\">\n\t\t\t\t\t\t\t<div class=\"wd-text-block reset-last-child text-left color-title\">\n\t\t\t\n\t\t\tEksklusiivne ni\u0161\u0161, mida te ei leia igas k\u00fclalistemajas.\nRustikaline ja vintage interj\u00f6\u00f6r annab rahu ja vaikuse tunde, mida tavaliselt leiab maal.\nNeile, kes soovivad s\u00e4ilitada natuke linnaatmosf\u00e4\u00e4ri, pakume t\u00f6\u00f6stuslikku sisekujundust.\nUnistuste kodud muinasjuttudest on k\u00e4eulatuses.   \n\t\t\t\t\t<\/div>\n\t\t\t\t\t\t<\/div>\n\t\t\t\t<\/div>\n\t\t\t\t\t<\/div>\n\t\t<\/div>\n\t\t\t\t<div class=\"elementor-column elementor-col-50 elementor-top-column elementor-element elementor-element-7ac9ae1\" data-id=\"7ac9ae1\" data-element_type=\"column\">\n\t\t\t<div class=\"elementor-widget-wrap elementor-element-populated\">\n\t\t\t\t\t\t<div class=\"elementor-element elementor-element-59466f7 elementor-widget__width-initial elementor-widget elementor-widget-wd_image_or_svg\" data-id=\"59466f7\" data-element_type=\"widget\" data-widget_type=\"wd_image_or_svg.default\">\n\t\t\t\t<div class=\"elementor-widget-container\">\n\t\t\t\t\t\n\t\t<div class=\"wd-image text-center\">\n\t\t\t\t\t\t\t\t<img fetchpriority=\"high\" decoding=\"async\" width=\"800\" height=\"800\" src=\"https:\/\/metaltale.com\/wp-content\/uploads\/2024\/03\/4aab5faf-d3f3-4fd9-acea-16079d3badd3.jpg\" class=\"attachment-full size-full\" alt=\"\" srcset=\"https:\/\/metaltale.com\/wp-content\/uploads\/2024\/03\/4aab5faf-d3f3-4fd9-acea-16079d3badd3.jpg 800w, https:\/\/metaltale.com\/wp-content\/uploads\/2024\/03\/4aab5faf-d3f3-4fd9-acea-16079d3badd3-300x300.jpg 300w, https:\/\/metaltale.com\/wp-content\/uploads\/2024\/03\/4aab5faf-d3f3-4fd9-acea-16079d3badd3-150x150.jpg 150w, https:\/\/metaltale.com\/wp-content\/uploads\/2024\/03\/4aab5faf-d3f3-4fd9-acea-16079d3badd3-768x768.jpg 768w, https:\/\/metaltale.com\/wp-content\/uploads\/2024\/03\/4aab5faf-d3f3-4fd9-acea-16079d3badd3-430x430.jpg 430w, https:\/\/metaltale.com\/wp-content\/uploads\/2024\/03\/4aab5faf-d3f3-4fd9-acea-16079d3badd3-700x700.jpg 700w\" sizes=\"(max-width: 800px) 100vw, 800px\" \/>\t\t\t\t\t<\/div>\n\n\t\t\t\t\t\t<\/div>\n\t\t\t\t<\/div>\n\t\t\t\t\t<\/div>\n\t\t<\/div>\n\t\t\t\t\t<\/div>\n\t\t<\/section>\n\t\t\t\t<section class=\"wd-negative-gap elementor-section elementor-top-section elementor-element elementor-element-8564158 elementor-reverse-tablet elementor-reverse-mobile elementor-section-boxed elementor-section-height-default elementor-section-height-default\" data-id=\"8564158\" data-element_type=\"section\">\n\t\t\t\t\t\t<div class=\"elementor-container elementor-column-gap-default\">\n\t\t\t\t\t<div class=\"elementor-column elementor-col-50 elementor-top-column elementor-element elementor-element-e63a274\" data-id=\"e63a274\" data-element_type=\"column\">\n\t\t\t<div class=\"elementor-widget-wrap elementor-element-populated\">\n\t\t\t\t\t\t<div class=\"elementor-element elementor-element-e7ae090 elementor-widget__width-initial elementor-widget elementor-widget-wd_image_or_svg\" data-id=\"e7ae090\" data-element_type=\"widget\" data-widget_type=\"wd_image_or_svg.default\">\n\t\t\t\t<div class=\"elementor-widget-container\">\n\t\t\t\t\t\n\t\t<div class=\"wd-image text-center\">\n\t\t\t\t\t\t\t\t<img decoding=\"async\" width=\"756\" height=\"798\" src=\"https:\/\/metaltale.com\/wp-content\/uploads\/2023\/09\/PotPlayerMini64_z8x4hK4wlJ.png\" class=\"attachment-full size-full\" alt=\"\" srcset=\"https:\/\/metaltale.com\/wp-content\/uploads\/2023\/09\/PotPlayerMini64_z8x4hK4wlJ.png 756w, https:\/\/metaltale.com\/wp-content\/uploads\/2023\/09\/PotPlayerMini64_z8x4hK4wlJ-150x158.png 150w, https:\/\/metaltale.com\/wp-content\/uploads\/2023\/09\/PotPlayerMini64_z8x4hK4wlJ-700x739.png 700w, https:\/\/metaltale.com\/wp-content\/uploads\/2023\/09\/PotPlayerMini64_z8x4hK4wlJ-284x300.png 284w\" sizes=\"(max-width: 756px) 100vw, 756px\" \/>\t\t\t\t\t<\/div>\n\n\t\t\t\t\t\t<\/div>\n\t\t\t\t<\/div>\n\t\t\t\t\t<\/div>\n\t\t<\/div>\n\t\t\t\t<div class=\"elementor-column elementor-col-50 elementor-top-column elementor-element elementor-element-7577eae\" data-id=\"7577eae\" data-element_type=\"column\">\n\t\t\t<div class=\"elementor-widget-wrap elementor-element-populated\">\n\t\t\t\t\t\t<div class=\"elementor-element elementor-element-44ebbda elementor-widget__width-initial elementor-widget elementor-widget-wd_text_block\" data-id=\"44ebbda\" data-element_type=\"widget\" data-widget_type=\"wd_text_block.default\">\n\t\t\t\t<div class=\"elementor-widget-container\">\n\t\t\t\t\t\t\t<div class=\"wd-text-block reset-last-child text-left color-title\">\n\t\t\t\n\t\t\t<p>\"Ma veetsin suurema osa oma elust maal ja kui ma kolisin linna, tundsin ma looduses rahu ja vaikuse puudust.\nSeep\u00e4rast asutasin \u00e4ri, mis on t\u00e4is vintage- ja maal\u00e4hedast l\u00f5\u00f5gastust.\nSee oli tulemus enam kui 10-aastasest tutvumisest metalliga, selle t\u00f6\u00f6tlemisest ja materjali uurimisest.\nUsun, et iga\u00fcks saab luua oma unistuste kodu, kodu, mis annab p\u00e4rast t\u00f6\u00f6p\u00e4eva rahulolu ja tugeva puhkuse tunde.\nOlen alati valmis n\u00f5ustama v\u00f5i pakkuma k\u00f5ige mugavamat, sobivaimat varianti teie rahuliku kodu jaoks.\"    <\/p><p>Andrius<\/p>\n\t\t\t\t\t<\/div>\n\t\t\t\t\t\t<\/div>\n\t\t\t\t<\/div>\n\t\t\t\t\t<\/div>\n\t\t<\/div>\n\t\t\t\t\t<\/div>\n\t\t<\/section>\n\t\t\t\t<\/div>\n\t\t","protected":false},"excerpt":{"rendered":"<p>Eksklusiivne ni\u0161\u0161, mida te ei leia igas k\u00fclalistemajas. Rustikaline ja vintage interj\u00f6\u00f6r annab rahu ja vaikuse tunde, mida tavaliselt leiab<\/p>\n","protected":false},"author":1,"featured_media":0,"parent":0,"menu_order":0,"comment_status":"closed","ping_status":"closed","template":"","meta":{"_acf_changed":false,"pmpro_default_level":"","footnotes":""},"class_list":["post-132604","page","type-page","status-publish","hentry","pmpro-has-access"],"acf":[],"yoast_head":"<!-- This site is optimized with the Yoast SEO plugin v24.9 - https:\/\/yoast.com\/wordpress\/plugins\/seo\/ -->\n<title>Meist | Metaltale.com<\/title>\n<meta name=\"description\" content=\"Praktilised k\u00e4sitsi valmistatud metallesemed kaasaegsetesse, luksuslikesse interj\u00f6\u00f6ridesse.\" \/>\n<meta name=\"robots\" content=\"index, follow, max-snippet:-1, max-image-preview:large, max-video-preview:-1\" \/>\n<link rel=\"canonical\" href=\"https:\/\/metaltale.com\/et\/meie-kohta\/\" \/>\n<meta property=\"og:locale\" content=\"et_EE\" \/>\n<meta property=\"og:type\" content=\"article\" \/>\n<meta property=\"og:title\" content=\"Meist | Metaltale.com\" \/>\n<meta property=\"og:description\" content=\"Praktilised k\u00e4sitsi valmistatud metallesemed kaasaegsetesse, luksuslikesse interj\u00f6\u00f6ridesse.\" \/>\n<meta property=\"og:url\" content=\"https:\/\/metaltale.com\/et\/meie-kohta\/\" \/>\n<meta property=\"og:site_name\" content=\"MetalTale.com\" \/>\n<meta property=\"article:modified_time\" content=\"2024-05-30T18:35:37+00:00\" \/>\n<meta property=\"og:image\" content=\"https:\/\/metaltale.com\/wp-content\/uploads\/2024\/03\/4aab5faf-d3f3-4fd9-acea-16079d3badd3.jpg\" \/>\n<meta name=\"twitter:card\" content=\"summary_large_image\" \/>\n<meta name=\"twitter:label1\" content=\"Est. reading time\" \/>\n\t<meta name=\"twitter:data1\" content=\"2 minutit\" \/>\n<script type=\"application\/ld+json\" class=\"yoast-schema-graph\">{\"@context\":\"https:\/\/schema.org\",\"@graph\":[{\"@type\":\"WebPage\",\"@id\":\"https:\/\/metaltale.com\/et\/meie-kohta\/\",\"url\":\"https:\/\/metaltale.com\/et\/meie-kohta\/\",\"name\":\"Meist | Metaltale.com\",\"isPartOf\":{\"@id\":\"https:\/\/metaltale.com\/et\/#website\"},\"primaryImageOfPage\":{\"@id\":\"https:\/\/metaltale.com\/et\/meie-kohta\/#primaryimage\"},\"image\":{\"@id\":\"https:\/\/metaltale.com\/et\/meie-kohta\/#primaryimage\"},\"thumbnailUrl\":\"https:\/\/metaltale.com\/wp-content\/uploads\/2024\/03\/4aab5faf-d3f3-4fd9-acea-16079d3badd3.jpg\",\"datePublished\":\"2021-10-12T13:51:09+00:00\",\"dateModified\":\"2024-05-30T18:35:37+00:00\",\"description\":\"Praktilised k\u00e4sitsi valmistatud metallesemed kaasaegsetesse, luksuslikesse interj\u00f6\u00f6ridesse.\",\"breadcrumb\":{\"@id\":\"https:\/\/metaltale.com\/et\/meie-kohta\/#breadcrumb\"},\"inLanguage\":\"et\",\"potentialAction\":[{\"@type\":\"ReadAction\",\"target\":[\"https:\/\/metaltale.com\/et\/meie-kohta\/\"]}]},{\"@type\":\"ImageObject\",\"inLanguage\":\"et\",\"@id\":\"https:\/\/metaltale.com\/et\/meie-kohta\/#primaryimage\",\"url\":\"https:\/\/metaltale.com\/wp-content\/uploads\/2024\/03\/4aab5faf-d3f3-4fd9-acea-16079d3badd3.jpg\",\"contentUrl\":\"https:\/\/metaltale.com\/wp-content\/uploads\/2024\/03\/4aab5faf-d3f3-4fd9-acea-16079d3badd3.jpg\"},{\"@type\":\"BreadcrumbList\",\"@id\":\"https:\/\/metaltale.com\/et\/meie-kohta\/#breadcrumb\",\"itemListElement\":[{\"@type\":\"ListItem\",\"position\":1,\"name\":\"Home\",\"item\":\"https:\/\/metaltale.com\/et\/kodu\/\"},{\"@type\":\"ListItem\",\"position\":2,\"name\":\"Meie kohta\"}]},{\"@type\":\"WebSite\",\"@id\":\"https:\/\/metaltale.com\/et\/#website\",\"url\":\"https:\/\/metaltale.com\/et\/\",\"name\":\"Metaltale.com\",\"description\":\"\",\"potentialAction\":[{\"@type\":\"SearchAction\",\"target\":{\"@type\":\"EntryPoint\",\"urlTemplate\":\"https:\/\/metaltale.com\/et\/?s={search_term_string}\"},\"query-input\":{\"@type\":\"PropertyValueSpecification\",\"valueRequired\":true,\"valueName\":\"search_term_string\"}}],\"inLanguage\":\"et\"}]}<\/script>\n<!-- \/ Yoast SEO plugin. -->","yoast_head_json":{"title":"Meist | Metaltale.com","description":"Praktilised k\u00e4sitsi valmistatud metallesemed kaasaegsetesse, luksuslikesse interj\u00f6\u00f6ridesse.","robots":{"index":"index","follow":"follow","max-snippet":"max-snippet:-1","max-image-preview":"max-image-preview:large","max-video-preview":"max-video-preview:-1"},"canonical":"https:\/\/metaltale.com\/et\/meie-kohta\/","og_locale":"et_EE","og_type":"article","og_title":"Meist | Metaltale.com","og_description":"Praktilised k\u00e4sitsi valmistatud metallesemed kaasaegsetesse, luksuslikesse interj\u00f6\u00f6ridesse.","og_url":"https:\/\/metaltale.com\/et\/meie-kohta\/","og_site_name":"MetalTale.com","article_modified_time":"2024-05-30T18:35:37+00:00","og_image":[{"url":"https:\/\/metaltale.com\/wp-content\/uploads\/2024\/03\/4aab5faf-d3f3-4fd9-acea-16079d3badd3.jpg","type":"","width":"","height":""}],"twitter_card":"summary_large_image","twitter_misc":{"Est. reading time":"2 minutit"},"schema":{"@context":"https:\/\/schema.org","@graph":[{"@type":"WebPage","@id":"https:\/\/metaltale.com\/et\/meie-kohta\/","url":"https:\/\/metaltale.com\/et\/meie-kohta\/","name":"Meist | Metaltale.com","isPartOf":{"@id":"https:\/\/metaltale.com\/et\/#website"},"primaryImageOfPage":{"@id":"https:\/\/metaltale.com\/et\/meie-kohta\/#primaryimage"},"image":{"@id":"https:\/\/metaltale.com\/et\/meie-kohta\/#primaryimage"},"thumbnailUrl":"https:\/\/metaltale.com\/wp-content\/uploads\/2024\/03\/4aab5faf-d3f3-4fd9-acea-16079d3badd3.jpg","datePublished":"2021-10-12T13:51:09+00:00","dateModified":"2024-05-30T18:35:37+00:00","description":"Praktilised k\u00e4sitsi valmistatud metallesemed kaasaegsetesse, luksuslikesse interj\u00f6\u00f6ridesse.","breadcrumb":{"@id":"https:\/\/metaltale.com\/et\/meie-kohta\/#breadcrumb"},"inLanguage":"et","potentialAction":[{"@type":"ReadAction","target":["https:\/\/metaltale.com\/et\/meie-kohta\/"]}]},{"@type":"ImageObject","inLanguage":"et","@id":"https:\/\/metaltale.com\/et\/meie-kohta\/#primaryimage","url":"https:\/\/metaltale.com\/wp-content\/uploads\/2024\/03\/4aab5faf-d3f3-4fd9-acea-16079d3badd3.jpg","contentUrl":"https:\/\/metaltale.com\/wp-content\/uploads\/2024\/03\/4aab5faf-d3f3-4fd9-acea-16079d3badd3.jpg"},{"@type":"BreadcrumbList","@id":"https:\/\/metaltale.com\/et\/meie-kohta\/#breadcrumb","itemListElement":[{"@type":"ListItem","position":1,"name":"Home","item":"https:\/\/metaltale.com\/et\/kodu\/"},{"@type":"ListItem","position":2,"name":"Meie kohta"}]},{"@type":"WebSite","@id":"https:\/\/metaltale.com\/et\/#website","url":"https:\/\/metaltale.com\/et\/","name":"Metaltale.com","description":"","potentialAction":[{"@type":"SearchAction","target":{"@type":"EntryPoint","urlTemplate":"https:\/\/metaltale.com\/et\/?s={search_term_string}"},"query-input":{"@type":"PropertyValueSpecification","valueRequired":true,"valueName":"search_term_string"}}],"inLanguage":"et"}]}},"_links":{"self":[{"href":"https:\/\/metaltale.com\/et\/wp-json\/wp\/v2\/pages\/132604","targetHints":{"allow":["GET"]}}],"collection":[{"href":"https:\/\/metaltale.com\/et\/wp-json\/wp\/v2\/pages"}],"about":[{"href":"https:\/\/metaltale.com\/et\/wp-json\/wp\/v2\/types\/page"}],"author":[{"embeddable":true,"href":"https:\/\/metaltale.com\/et\/wp-json\/wp\/v2\/users\/1"}],"replies":[{"embeddable":true,"href":"https:\/\/metaltale.com\/et\/wp-json\/wp\/v2\/comments?post=132604"}],"version-history":[{"count":1,"href":"https:\/\/metaltale.com\/et\/wp-json\/wp\/v2\/pages\/132604\/revisions"}],"predecessor-version":[{"id":132605,"href":"https:\/\/metaltale.com\/et\/wp-json\/wp\/v2\/pages\/132604\/revisions\/132605"}],"wp:attachment":[{"href":"https:\/\/metaltale.com\/et\/wp-json\/wp\/v2\/media?parent=132604"}],"curies":[{"name":"wp","href":"https:\/\/api.w.org\/{rel}","templated":true}]}}