{"id":132379,"date":"2023-08-29T17:41:41","date_gmt":"2023-08-29T15:41:41","guid":{"rendered":"https:\/\/metaltale.com\/checkout\/"},"modified":"2024-05-30T20:36:04","modified_gmt":"2024-05-30T18:36:04","slug":"checkout","status":"publish","type":"page","link":"https:\/\/metaltale.com\/et\/checkout\/","title":{"rendered":"Maksmine"},"content":{"rendered":"<div class=\"woocommerce\"><\/div>","protected":false},"excerpt":{"rendered":"","protected":false},"author":1,"featured_media":0,"parent":0,"menu_order":0,"comment_status":"closed","ping_status":"closed","template":"","meta":{"_acf_changed":false,"pmpro_default_level":"","footnotes":""},"class_list":["post-132379","page","type-page","status-publish","hentry","pmpro-has-access"],"acf":[],"yoast_head":"<!-- This site is optimized with the Yoast SEO plugin v24.9 - https:\/\/yoast.com\/wordpress\/plugins\/seo\/ -->\n<title>Maksmine | Metaltale.com<\/title>\n<meta name=\"description\" content=\"Metaltale maksetingimused. Praktilised k\u00e4sitsi valmistatud metallesemed kaasaegsetesse, luksuslikesse interj\u00f6\u00f6ridesse.\" \/>\n<meta name=\"robots\" content=\"index, follow, max-snippet:-1, max-image-preview:large, max-video-preview:-1\" \/>\n<link rel=\"canonical\" href=\"https:\/\/metaltale.com\/et\/checkout\/\" \/>\n<meta property=\"og:locale\" content=\"et_EE\" \/>\n<meta property=\"og:type\" content=\"article\" \/>\n<meta property=\"og:title\" content=\"Maksmine | Metaltale.com\" \/>\n<meta property=\"og:description\" content=\"Metaltale maksetingimused. Praktilised k\u00e4sitsi valmistatud metallesemed kaasaegsetesse, luksuslikesse interj\u00f6\u00f6ridesse.\" \/>\n<meta property=\"og:url\" content=\"https:\/\/metaltale.com\/et\/checkout\/\" \/>\n<meta property=\"og:site_name\" content=\"MetalTale.com\" \/>\n<meta property=\"article:modified_time\" content=\"2024-05-30T18:36:04+00:00\" \/>\n<meta name=\"twitter:card\" content=\"summary_large_image\" \/>\n<meta name=\"twitter:label1\" content=\"Est. reading time\" \/>\n\t<meta name=\"twitter:data1\" content=\"1 minut\" \/>\n<script type=\"application\/ld+json\" class=\"yoast-schema-graph\">{\"@context\":\"https:\/\/schema.org\",\"@graph\":[{\"@type\":\"WebPage\",\"@id\":\"https:\/\/metaltale.com\/et\/checkout\/\",\"url\":\"https:\/\/metaltale.com\/et\/checkout\/\",\"name\":\"Maksmine | Metaltale.com\",\"isPartOf\":{\"@id\":\"https:\/\/metaltale.com\/et\/#website\"},\"datePublished\":\"2023-08-29T15:41:41+00:00\",\"dateModified\":\"2024-05-30T18:36:04+00:00\",\"description\":\"Metaltale maksetingimused. Praktilised k\u00e4sitsi valmistatud metallesemed kaasaegsetesse, luksuslikesse interj\u00f6\u00f6ridesse.\",\"breadcrumb\":{\"@id\":\"https:\/\/metaltale.com\/et\/checkout\/#breadcrumb\"},\"inLanguage\":\"et\",\"potentialAction\":[{\"@type\":\"ReadAction\",\"target\":[\"https:\/\/metaltale.com\/et\/checkout\/\"]}]},{\"@type\":\"BreadcrumbList\",\"@id\":\"https:\/\/metaltale.com\/et\/checkout\/#breadcrumb\",\"itemListElement\":[{\"@type\":\"ListItem\",\"position\":1,\"name\":\"Home\",\"item\":\"https:\/\/metaltale.com\/et\/kodu\/\"},{\"@type\":\"ListItem\",\"position\":2,\"name\":\"Maksmine\"}]},{\"@type\":\"WebSite\",\"@id\":\"https:\/\/metaltale.com\/et\/#website\",\"url\":\"https:\/\/metaltale.com\/et\/\",\"name\":\"Metaltale.com\",\"description\":\"\",\"potentialAction\":[{\"@type\":\"SearchAction\",\"target\":{\"@type\":\"EntryPoint\",\"urlTemplate\":\"https:\/\/metaltale.com\/et\/?s={search_term_string}\"},\"query-input\":{\"@type\":\"PropertyValueSpecification\",\"valueRequired\":true,\"valueName\":\"search_term_string\"}}],\"inLanguage\":\"et\"}]}<\/script>\n<!-- \/ Yoast SEO plugin. -->","yoast_head_json":{"title":"Maksmine | Metaltale.com","description":"Metaltale maksetingimused. Praktilised k\u00e4sitsi valmistatud metallesemed kaasaegsetesse, luksuslikesse interj\u00f6\u00f6ridesse.","robots":{"index":"index","follow":"follow","max-snippet":"max-snippet:-1","max-image-preview":"max-image-preview:large","max-video-preview":"max-video-preview:-1"},"canonical":"https:\/\/metaltale.com\/et\/checkout\/","og_locale":"et_EE","og_type":"article","og_title":"Maksmine | Metaltale.com","og_description":"Metaltale maksetingimused. Praktilised k\u00e4sitsi valmistatud metallesemed kaasaegsetesse, luksuslikesse interj\u00f6\u00f6ridesse.","og_url":"https:\/\/metaltale.com\/et\/checkout\/","og_site_name":"MetalTale.com","article_modified_time":"2024-05-30T18:36:04+00:00","twitter_card":"summary_large_image","twitter_misc":{"Est. reading time":"1 minut"},"schema":{"@context":"https:\/\/schema.org","@graph":[{"@type":"WebPage","@id":"https:\/\/metaltale.com\/et\/checkout\/","url":"https:\/\/metaltale.com\/et\/checkout\/","name":"Maksmine | Metaltale.com","isPartOf":{"@id":"https:\/\/metaltale.com\/et\/#website"},"datePublished":"2023-08-29T15:41:41+00:00","dateModified":"2024-05-30T18:36:04+00:00","description":"Metaltale maksetingimused. Praktilised k\u00e4sitsi valmistatud metallesemed kaasaegsetesse, luksuslikesse interj\u00f6\u00f6ridesse.","breadcrumb":{"@id":"https:\/\/metaltale.com\/et\/checkout\/#breadcrumb"},"inLanguage":"et","potentialAction":[{"@type":"ReadAction","target":["https:\/\/metaltale.com\/et\/checkout\/"]}]},{"@type":"BreadcrumbList","@id":"https:\/\/metaltale.com\/et\/checkout\/#breadcrumb","itemListElement":[{"@type":"ListItem","position":1,"name":"Home","item":"https:\/\/metaltale.com\/et\/kodu\/"},{"@type":"ListItem","position":2,"name":"Maksmine"}]},{"@type":"WebSite","@id":"https:\/\/metaltale.com\/et\/#website","url":"https:\/\/metaltale.com\/et\/","name":"Metaltale.com","description":"","potentialAction":[{"@type":"SearchAction","target":{"@type":"EntryPoint","urlTemplate":"https:\/\/metaltale.com\/et\/?s={search_term_string}"},"query-input":{"@type":"PropertyValueSpecification","valueRequired":true,"valueName":"search_term_string"}}],"inLanguage":"et"}]}},"_links":{"self":[{"href":"https:\/\/metaltale.com\/et\/wp-json\/wp\/v2\/pages\/132379","targetHints":{"allow":["GET"]}}],"collection":[{"href":"https:\/\/metaltale.com\/et\/wp-json\/wp\/v2\/pages"}],"about":[{"href":"https:\/\/metaltale.com\/et\/wp-json\/wp\/v2\/types\/page"}],"author":[{"embeddable":true,"href":"https:\/\/metaltale.com\/et\/wp-json\/wp\/v2\/users\/1"}],"replies":[{"embeddable":true,"href":"https:\/\/metaltale.com\/et\/wp-json\/wp\/v2\/comments?post=132379"}],"version-history":[{"count":1,"href":"https:\/\/metaltale.com\/et\/wp-json\/wp\/v2\/pages\/132379\/revisions"}],"predecessor-version":[{"id":132606,"href":"https:\/\/metaltale.com\/et\/wp-json\/wp\/v2\/pages\/132379\/revisions\/132606"}],"wp:attachment":[{"href":"https:\/\/metaltale.com\/et\/wp-json\/wp\/v2\/media?parent=132379"}],"curies":[{"name":"wp","href":"https:\/\/api.w.org\/{rel}","templated":true}]}}