{"id":53894,"date":"2024-01-19T21:17:16","date_gmt":"2024-01-19T19:17:16","guid":{"rendered":"https:\/\/metaltale.com\/?post_type=product&#038;p=53894"},"modified":"2026-03-31T01:05:01","modified_gmt":"2026-03-30T23:05:01","slug":"stumdomu-duru-sistema-podkowa-spk","status":"publish","type":"product","link":"https:\/\/metaltale.com\/en\/produktas\/stumdomu-duru-sistema-podkowa-spk\/","title":{"rendered":"Stumdom\u0173 dur\u0173 sistema PODKOWA SPK"},"content":{"rendered":"<p><strong>Med\u017eiaga<\/strong>\u00a0Plienas<br \/>\n<strong>Bendras ilgis [cm]<\/strong> 200<br \/>\n<strong>Montavimas<\/strong>\u00a0Prie sienos<br \/>\n<strong>Spalva<\/strong>\u00a0Juodas<\/p>\n<p><strong>Rinkin\u012f sudaro:<\/strong><\/p>\n<ul>\n<li>metalin\u0117 b\u0117gin\u0117 vedan\u010dioji 200 cm (2 x 100 cm)<\/li>\n<li>dekoratyviniai guoliniai ratukai (2 vnt.)<\/li>\n<li>tarpin\u0117s \u012fvor\u0117s (5 vnt.)<\/li>\n<li>horizontal\u016bs (2 vnt.) ir vertikal\u016bs (2 vnt.) ribotuvai<\/li>\n<li>grind\u0173 vediklis (1 vnt.)<\/li>\n<li>pilnas tvirtinimo komplektas: var\u017etai, medsraig\u010diai ir pover\u017el\u0117s<\/li>\n<\/ul>\n<p><strong>Produkto savyb\u0117s:<\/strong><\/p>\n<p>si\u016bloma sistema skirta vienguboms stumdomoms durims, montuojama prie sienos<\/p>\n<p>modelis pritaikytas medin\u0117ms, plok\u0161tin\u0117ms ir plieniniame r\u0117me montuojamoms stumdomoms durims, kuri\u0173 svoris nevir\u0161ija 110 kg, o storis \u2013 30\u201345 mm<\/p>\n<p>guoliuotas ratukas u\u017etikrina lengv\u0105 ir tyl\u0173 dur\u0173 slydim\u0105<\/p>\n<p>komplekte esantis grind\u0173 vediklis su apkaba montuojamas prie grind\u0173, tinkamas tiek frezuotoms, tiek nefrez. durims<\/p>\n<p>penki montavimo ta\u0161kai garantuoja stabilum\u0105, saugum\u0105 ir sistemos ilgaam\u017ei\u0161kum\u0105<\/p>\n<p>komplekte esan\u010diais var\u017etais galima montuoti tiek prie medini\u0173 konstrukcij\u0173, tiek prie m\u016bro sien\u0173<\/p>\n<p>sistema pasi\u017eymi itin paprastu ir intuityviu montavimu<\/p>\n<p>kruop\u0161ti siunt\u0173 kontrol\u0117 bei auk\u0161\u010diausia pakavimo kokyb\u0117 u\u017etikrina pirk\u0117jo pasitenkinim\u0105<\/p>\n<p><strong>Papildoma informacija:<\/strong><br \/>\n\u0160i b\u0117gin\u0117 sistema puikiai tiks kabinetams, nam\u0173 svetain\u0117ms ar sand\u0117liukams. Tamsi spalva suteikia elegancijos ir leid\u017eia lengvai priderinti prie rustikinio, tradicinio ar modernaus interjero. Pasagos formos ratukai patiks visiems \u0161iuolaikinio dizaino gerb\u0117jams. Produktas jungia stabilum\u0105 ir tvirt\u0105 konstrukcij\u0105 su patikrintu sprendimu. Auk\u0161\u010diausios kokyb\u0117s milteliniu b\u016bdu da\u017eytas plienas, guoliuoti ratukai ir penki montavimo ta\u0161kai u\u017etikrina sistemos ilgaam\u017ei\u0161kum\u0105 bei patikimum\u0105.<\/p>\n","protected":false},"excerpt":{"rendered":"<p>Med\u017eiaga\u00a0Plienas Bendras ilgis [cm] 200 Montavimas\u00a0Prie sienos Spalva\u00a0Juodas Rinkin\u012f sudaro: metalin\u0117 b\u0117gin\u0117 vedan\u010dioji 200 cm (2 x 100 cm) dekoratyviniai<\/p>\n","protected":false},"featured_media":142043,"comment_status":"open","ping_status":"closed","template":"","meta":{"_acf_changed":false,"pmpro_default_level":""},"product_brand":[],"product_cat":[113,219],"product_tag":[],"class_list":{"0":"post-53894","1":"product","2":"type-product","3":"status-publish","4":"has-post-thumbnail","6":"product_cat-stumdomos-durys-ir-priedai","7":"product_cat-stumdomu-duru-sistemos","8":"pmpro-has-access","10":"first","11":"instock","12":"shipping-taxable","13":"purchasable","14":"product-type-simple"},"acf":[],"yoast_head":"<!-- This site is optimized with the Yoast SEO plugin v24.9 - https:\/\/yoast.com\/wordpress\/plugins\/seo\/ -->\n<title>Stumdom\u0173 dur\u0173 sistema PODKOWA SPK - MetalTale.com<\/title>\n<meta name=\"robots\" content=\"index, follow, max-snippet:-1, max-image-preview:large, max-video-preview:-1\" \/>\n<link rel=\"canonical\" href=\"https:\/\/metaltale.com\/en\/produktas\/stumdomu-duru-sistema-podkowa-spk\/\" \/>\n<meta property=\"og:locale\" content=\"en_US\" \/>\n<meta property=\"og:type\" content=\"article\" \/>\n<meta property=\"og:title\" content=\"Stumdom\u0173 dur\u0173 sistema PODKOWA SPK - MetalTale.com\" \/>\n<meta property=\"og:description\" content=\"Med\u017eiaga\u00a0Plienas Bendras ilgis [cm] 200 Montavimas\u00a0Prie sienos Spalva\u00a0Juodas Rinkin\u012f sudaro: metalin\u0117 b\u0117gin\u0117 vedan\u010dioji 200 cm (2 x 100 cm) dekoratyviniai\" \/>\n<meta property=\"og:url\" content=\"https:\/\/metaltale.com\/en\/produktas\/stumdomu-duru-sistema-podkowa-spk\/\" \/>\n<meta property=\"og:site_name\" content=\"MetalTale.com\" \/>\n<meta property=\"article:modified_time\" content=\"2026-03-30T23:05:01+00:00\" \/>\n<meta property=\"og:image\" content=\"http:\/\/metaltale.com\/wp-content\/uploads\/2024\/01\/prowadnica-do-drzwi-czarna-5223.jpg\" \/>\n\t<meta property=\"og:image:width\" content=\"800\" \/>\n\t<meta property=\"og:image:height\" content=\"800\" \/>\n\t<meta property=\"og:image:type\" content=\"image\/jpeg\" \/>\n<meta name=\"twitter:card\" content=\"summary_large_image\" \/>\n<meta name=\"twitter:label1\" content=\"Est. reading time\" \/>\n\t<meta name=\"twitter:data1\" content=\"2 minutes\" \/>\n<script type=\"application\/ld+json\" class=\"yoast-schema-graph\">{\"@context\":\"https:\/\/schema.org\",\"@graph\":[{\"@type\":\"WebPage\",\"@id\":\"https:\/\/metaltale.com\/en\/produktas\/stumdomu-duru-sistema-podkowa-spk\/\",\"url\":\"https:\/\/metaltale.com\/en\/produktas\/stumdomu-duru-sistema-podkowa-spk\/\",\"name\":\"Stumdom\u0173 dur\u0173 sistema PODKOWA SPK - MetalTale.com\",\"isPartOf\":{\"@id\":\"https:\/\/metaltale.com\/en\/#website\"},\"primaryImageOfPage\":{\"@id\":\"https:\/\/metaltale.com\/en\/produktas\/stumdomu-duru-sistema-podkowa-spk\/#primaryimage\"},\"image\":{\"@id\":\"https:\/\/metaltale.com\/en\/produktas\/stumdomu-duru-sistema-podkowa-spk\/#primaryimage\"},\"thumbnailUrl\":\"https:\/\/metaltale.com\/wp-content\/uploads\/2024\/01\/prowadnica-do-drzwi-czarna-5223.jpg\",\"datePublished\":\"2024-01-19T19:17:16+00:00\",\"dateModified\":\"2026-03-30T23:05:01+00:00\",\"breadcrumb\":{\"@id\":\"https:\/\/metaltale.com\/en\/produktas\/stumdomu-duru-sistema-podkowa-spk\/#breadcrumb\"},\"inLanguage\":\"en-US\",\"potentialAction\":[{\"@type\":\"ReadAction\",\"target\":[\"https:\/\/metaltale.com\/en\/produktas\/stumdomu-duru-sistema-podkowa-spk\/\"]}]},{\"@type\":\"ImageObject\",\"inLanguage\":\"en-US\",\"@id\":\"https:\/\/metaltale.com\/en\/produktas\/stumdomu-duru-sistema-podkowa-spk\/#primaryimage\",\"url\":\"https:\/\/metaltale.com\/wp-content\/uploads\/2024\/01\/prowadnica-do-drzwi-czarna-5223.jpg\",\"contentUrl\":\"https:\/\/metaltale.com\/wp-content\/uploads\/2024\/01\/prowadnica-do-drzwi-czarna-5223.jpg\",\"width\":800,\"height\":800,\"caption\":\"Stumdom\u0173 dur\u0173 sistema PODKOWA SPK\"},{\"@type\":\"BreadcrumbList\",\"@id\":\"https:\/\/metaltale.com\/en\/produktas\/stumdomu-duru-sistema-podkowa-spk\/#breadcrumb\",\"itemListElement\":[{\"@type\":\"ListItem\",\"position\":1,\"name\":\"Home\",\"item\":\"https:\/\/metaltale.com\/en\/home-decor\/\"},{\"@type\":\"ListItem\",\"position\":2,\"name\":\"Shop\",\"item\":\"https:\/\/metaltale.com\/en\/shop\/\"},{\"@type\":\"ListItem\",\"position\":3,\"name\":\"Stumdom\u0173 dur\u0173 sistema PODKOWA SPK\"}]},{\"@type\":\"WebSite\",\"@id\":\"https:\/\/metaltale.com\/en\/#website\",\"url\":\"https:\/\/metaltale.com\/en\/\",\"name\":\"Metaltale.com\",\"description\":\"\",\"potentialAction\":[{\"@type\":\"SearchAction\",\"target\":{\"@type\":\"EntryPoint\",\"urlTemplate\":\"https:\/\/metaltale.com\/en\/?s={search_term_string}\"},\"query-input\":{\"@type\":\"PropertyValueSpecification\",\"valueRequired\":true,\"valueName\":\"search_term_string\"}}],\"inLanguage\":\"en-US\"}]}<\/script>\n<!-- \/ Yoast SEO plugin. -->","yoast_head_json":{"title":"Stumdom\u0173 dur\u0173 sistema PODKOWA SPK - MetalTale.com","robots":{"index":"index","follow":"follow","max-snippet":"max-snippet:-1","max-image-preview":"max-image-preview:large","max-video-preview":"max-video-preview:-1"},"canonical":"https:\/\/metaltale.com\/en\/produktas\/stumdomu-duru-sistema-podkowa-spk\/","og_locale":"en_US","og_type":"article","og_title":"Stumdom\u0173 dur\u0173 sistema PODKOWA SPK - MetalTale.com","og_description":"Med\u017eiaga\u00a0Plienas Bendras ilgis [cm] 200 Montavimas\u00a0Prie sienos Spalva\u00a0Juodas Rinkin\u012f sudaro: metalin\u0117 b\u0117gin\u0117 vedan\u010dioji 200 cm (2 x 100 cm) dekoratyviniai","og_url":"https:\/\/metaltale.com\/en\/produktas\/stumdomu-duru-sistema-podkowa-spk\/","og_site_name":"MetalTale.com","article_modified_time":"2026-03-30T23:05:01+00:00","og_image":[{"width":800,"height":800,"url":"http:\/\/metaltale.com\/wp-content\/uploads\/2024\/01\/prowadnica-do-drzwi-czarna-5223.jpg","type":"image\/jpeg"}],"twitter_card":"summary_large_image","twitter_misc":{"Est. reading time":"2 minutes"},"schema":{"@context":"https:\/\/schema.org","@graph":[{"@type":"WebPage","@id":"https:\/\/metaltale.com\/en\/produktas\/stumdomu-duru-sistema-podkowa-spk\/","url":"https:\/\/metaltale.com\/en\/produktas\/stumdomu-duru-sistema-podkowa-spk\/","name":"Stumdom\u0173 dur\u0173 sistema PODKOWA SPK - MetalTale.com","isPartOf":{"@id":"https:\/\/metaltale.com\/en\/#website"},"primaryImageOfPage":{"@id":"https:\/\/metaltale.com\/en\/produktas\/stumdomu-duru-sistema-podkowa-spk\/#primaryimage"},"image":{"@id":"https:\/\/metaltale.com\/en\/produktas\/stumdomu-duru-sistema-podkowa-spk\/#primaryimage"},"thumbnailUrl":"https:\/\/metaltale.com\/wp-content\/uploads\/2024\/01\/prowadnica-do-drzwi-czarna-5223.jpg","datePublished":"2024-01-19T19:17:16+00:00","dateModified":"2026-03-30T23:05:01+00:00","breadcrumb":{"@id":"https:\/\/metaltale.com\/en\/produktas\/stumdomu-duru-sistema-podkowa-spk\/#breadcrumb"},"inLanguage":"en-US","potentialAction":[{"@type":"ReadAction","target":["https:\/\/metaltale.com\/en\/produktas\/stumdomu-duru-sistema-podkowa-spk\/"]}]},{"@type":"ImageObject","inLanguage":"en-US","@id":"https:\/\/metaltale.com\/en\/produktas\/stumdomu-duru-sistema-podkowa-spk\/#primaryimage","url":"https:\/\/metaltale.com\/wp-content\/uploads\/2024\/01\/prowadnica-do-drzwi-czarna-5223.jpg","contentUrl":"https:\/\/metaltale.com\/wp-content\/uploads\/2024\/01\/prowadnica-do-drzwi-czarna-5223.jpg","width":800,"height":800,"caption":"Stumdom\u0173 dur\u0173 sistema PODKOWA SPK"},{"@type":"BreadcrumbList","@id":"https:\/\/metaltale.com\/en\/produktas\/stumdomu-duru-sistema-podkowa-spk\/#breadcrumb","itemListElement":[{"@type":"ListItem","position":1,"name":"Home","item":"https:\/\/metaltale.com\/en\/home-decor\/"},{"@type":"ListItem","position":2,"name":"Shop","item":"https:\/\/metaltale.com\/en\/shop\/"},{"@type":"ListItem","position":3,"name":"Stumdom\u0173 dur\u0173 sistema PODKOWA SPK"}]},{"@type":"WebSite","@id":"https:\/\/metaltale.com\/en\/#website","url":"https:\/\/metaltale.com\/en\/","name":"Metaltale.com","description":"","potentialAction":[{"@type":"SearchAction","target":{"@type":"EntryPoint","urlTemplate":"https:\/\/metaltale.com\/en\/?s={search_term_string}"},"query-input":{"@type":"PropertyValueSpecification","valueRequired":true,"valueName":"search_term_string"}}],"inLanguage":"en-US"}]}},"_links":{"self":[{"href":"https:\/\/metaltale.com\/en\/wp-json\/wp\/v2\/product\/53894","targetHints":{"allow":["GET"]}}],"collection":[{"href":"https:\/\/metaltale.com\/en\/wp-json\/wp\/v2\/product"}],"about":[{"href":"https:\/\/metaltale.com\/en\/wp-json\/wp\/v2\/types\/product"}],"replies":[{"embeddable":true,"href":"https:\/\/metaltale.com\/en\/wp-json\/wp\/v2\/comments?post=53894"}],"version-history":[{"count":3,"href":"https:\/\/metaltale.com\/en\/wp-json\/wp\/v2\/product\/53894\/revisions"}],"predecessor-version":[{"id":142048,"href":"https:\/\/metaltale.com\/en\/wp-json\/wp\/v2\/product\/53894\/revisions\/142048"}],"wp:featuredmedia":[{"embeddable":true,"href":"https:\/\/metaltale.com\/en\/wp-json\/wp\/v2\/media\/142043"}],"wp:attachment":[{"href":"https:\/\/metaltale.com\/en\/wp-json\/wp\/v2\/media?parent=53894"}],"wp:term":[{"taxonomy":"product_brand","embeddable":true,"href":"https:\/\/metaltale.com\/en\/wp-json\/wp\/v2\/product_brand?post=53894"},{"taxonomy":"product_cat","embeddable":true,"href":"https:\/\/metaltale.com\/en\/wp-json\/wp\/v2\/product_cat?post=53894"},{"taxonomy":"product_tag","embeddable":true,"href":"https:\/\/metaltale.com\/en\/wp-json\/wp\/v2\/product_tag?post=53894"}],"curies":[{"name":"wp","href":"https:\/\/api.w.org\/{rel}","templated":true}]}}