{"id":53415,"date":"2024-01-19T21:10:14","date_gmt":"2024-01-19T19:10:14","guid":{"rendered":"https:\/\/metaltale.com\/?post_type=product&#038;p=53415"},"modified":"2026-03-30T01:03:51","modified_gmt":"2026-03-29T23:03:51","slug":"stumdomu-duru-sistema-metalines-durims-kolo-freim","status":"publish","type":"product","link":"https:\/\/metaltale.com\/en\/produktas\/stumdomu-duru-sistema-metalines-durims-kolo-freim\/","title":{"rendered":"Stumdom\u0173 dur\u0173 sistema metalin\u0117s durims KO\u0141O FREIM"},"content":{"rendered":"<p><strong>Med\u017eiaga<\/strong>\u00a0Metalas<br \/>\n<strong>Bendras ilgis [cm]<\/strong>\u00a0200<br \/>\n<strong>Montavimas<\/strong>\u00a0Prie sienos<br \/>\n<strong>Spalva<\/strong>\u00a0Juoda<br \/>\n<strong>Papildoma informacija<\/strong> Si\u016blomos sistemos negalima naudoti su 03 dur\u0173 pritrauk\u0117ju.<\/p>\n<p><strong>Rinkin\u012f sudaro:<\/strong><\/p>\n<ul>\n<li>metalin\u0117 b\u0117gel\u0117 200 cm (2 \u00d7 100 cm)<\/li>\n<li>dekoratyviniai guoliuoti ratukai (2 vnt.)<\/li>\n<li>tarpin\u0117s (5 vnt.)<\/li>\n<li>horizontal\u016bs ribotuvai (2 vnt.) ir vertikal\u016bs ribotuvai (2 vnt.)<\/li>\n<li>grind\u0173 vedlys (1 vnt.)<\/li>\n<li>montavimo komplektas: var\u017etai, savisriegiai ir pover\u017el\u0117s<\/li>\n<\/ul>\n<p><strong>Produkto savyb\u0117s:<\/strong><\/p>\n<p>pasi\u016blymas apima vienv\u0117ri\u0173 stumdom\u0173 dur\u0173 sistem\u0105, montuojam\u0105 prie sienos<\/p>\n<p>modelis skirtas stumdomoms stiklin\u0117ms durims<\/p>\n<p>atlikti dinaminiai testai patvirtino auk\u0161\u010diausi\u0105 kokyb\u0119 ir saugum\u0105<\/p>\n<p>komplekte yra apatinis vedlys, montuojamas prie grind\u0173<\/p>\n<p>horizontal\u016bs ribotuvai b\u0117gelio galuose, apatinis vedlys bei vertikal\u016bs ribotuvai po b\u0117geliu stabilizuoja duris ir apsaugo nuo nukritimo nuo b\u0117gelio<\/p>\n<p>penki montavimo ta\u0161kai garantuoja sistemos stabilum\u0105, saugum\u0105 ir ilgaam\u017ei\u0161kum\u0105<\/p>\n<p>komplekte yra var\u017etai, leid\u017eiantys montuoti tiek medin\u0117se konstrukcijose, tiek m\u016briniuose sienose<\/p>\n<p>sistema pasi\u017eymi itin paprastu ir intuityviu montavimu<\/p>\n<p>kruop\u0161ti siunt\u0173 kontrol\u0117 ir auk\u0161\u010diausios kokyb\u0117s pakavimas u\u017etikrina klient\u0173 pasitenkinim\u0105<\/p>\n<p><strong>Apie produkt\u0105:<\/strong><\/p>\n<p>Si\u016blomi b\u0117geliai juodos spalvos turi universal\u0173 dizain\u0105, tinkant\u012f bet kokio tipo interjerui. Stumdom\u0173 dur\u0173 sistemos \u2013 tai modern\u016bs sprendimai, kurie kartu su tradiciniu ir stilingu interjero dizainu kuria harmoning\u0105 visum\u0105. Si\u016blomi b\u0117geliai skirti ne tik pramoninio ir loft stiliaus entuziastams, bet ir moderni\u0173 sprendim\u0173 m\u0117g\u0117jams. Produktas sujungia stabilum\u0105, tvirt\u0105 konstrukcij\u0105 su paprasta ir patikrinta sistema. Stumdom\u0173 dur\u0173 b\u0117geliai \u2013 idealus praktinio sprendimo ir esteti\u0161ko dizaino derinys.<\/p>\n<p>&nbsp;<\/p>\n","protected":false},"excerpt":{"rendered":"<p>Med\u017eiaga\u00a0Metalas Bendras ilgis [cm]\u00a0200 Montavimas\u00a0Prie sienos Spalva\u00a0Juoda Papildoma informacija Si\u016blomos sistemos negalima naudoti su 03 dur\u0173 pritrauk\u0117ju. Rinkin\u012f sudaro: metalin\u0117<\/p>\n","protected":false},"featured_media":141928,"comment_status":"open","ping_status":"closed","template":"","meta":{"_acf_changed":false,"pmpro_default_level":""},"product_brand":[],"product_cat":[113,219],"product_tag":[],"class_list":{"0":"post-53415","1":"product","2":"type-product","3":"status-publish","4":"has-post-thumbnail","6":"product_cat-stumdomos-durys-ir-priedai","7":"product_cat-stumdomu-duru-sistemos","8":"pmpro-has-access","10":"first","11":"instock","12":"shipping-taxable","13":"purchasable","14":"product-type-simple"},"acf":[],"yoast_head":"<!-- This site is optimized with the Yoast SEO plugin v24.9 - https:\/\/yoast.com\/wordpress\/plugins\/seo\/ -->\n<title>Stumdom\u0173 dur\u0173 sistema metalin\u0117s durims KO\u0141O FREIM - MetalTale.com<\/title>\n<meta name=\"robots\" content=\"index, follow, max-snippet:-1, max-image-preview:large, max-video-preview:-1\" \/>\n<link rel=\"canonical\" href=\"https:\/\/metaltale.com\/en\/produktas\/stumdomu-duru-sistema-metalines-durims-kolo-freim\/\" \/>\n<meta property=\"og:locale\" content=\"en_US\" \/>\n<meta property=\"og:type\" content=\"article\" \/>\n<meta property=\"og:title\" content=\"Stumdom\u0173 dur\u0173 sistema metalin\u0117s durims KO\u0141O FREIM - MetalTale.com\" \/>\n<meta property=\"og:description\" content=\"Med\u017eiaga\u00a0Metalas Bendras ilgis [cm]\u00a0200 Montavimas\u00a0Prie sienos Spalva\u00a0Juoda Papildoma informacija Si\u016blomos sistemos negalima naudoti su 03 dur\u0173 pritrauk\u0117ju. Rinkin\u012f sudaro: metalin\u0117\" \/>\n<meta property=\"og:url\" content=\"https:\/\/metaltale.com\/en\/produktas\/stumdomu-duru-sistema-metalines-durims-kolo-freim\/\" \/>\n<meta property=\"og:site_name\" content=\"MetalTale.com\" \/>\n<meta property=\"article:modified_time\" content=\"2026-03-29T23:03:51+00:00\" \/>\n<meta property=\"og:image\" content=\"http:\/\/metaltale.com\/wp-content\/uploads\/2024\/01\/prowadnica-do-drzwi-przesuwnych-szklanych-588.jpg\" \/>\n\t<meta property=\"og:image:width\" content=\"800\" \/>\n\t<meta property=\"og:image:height\" content=\"800\" \/>\n\t<meta property=\"og:image:type\" content=\"image\/jpeg\" \/>\n<meta name=\"twitter:card\" content=\"summary_large_image\" \/>\n<meta name=\"twitter:label1\" content=\"Est. reading time\" \/>\n\t<meta name=\"twitter:data1\" content=\"2 minutes\" \/>\n<script type=\"application\/ld+json\" class=\"yoast-schema-graph\">{\"@context\":\"https:\/\/schema.org\",\"@graph\":[{\"@type\":\"WebPage\",\"@id\":\"https:\/\/metaltale.com\/en\/produktas\/stumdomu-duru-sistema-metalines-durims-kolo-freim\/\",\"url\":\"https:\/\/metaltale.com\/en\/produktas\/stumdomu-duru-sistema-metalines-durims-kolo-freim\/\",\"name\":\"Stumdom\u0173 dur\u0173 sistema metalin\u0117s durims KO\u0141O FREIM - MetalTale.com\",\"isPartOf\":{\"@id\":\"https:\/\/metaltale.com\/en\/#website\"},\"primaryImageOfPage\":{\"@id\":\"https:\/\/metaltale.com\/en\/produktas\/stumdomu-duru-sistema-metalines-durims-kolo-freim\/#primaryimage\"},\"image\":{\"@id\":\"https:\/\/metaltale.com\/en\/produktas\/stumdomu-duru-sistema-metalines-durims-kolo-freim\/#primaryimage\"},\"thumbnailUrl\":\"https:\/\/metaltale.com\/wp-content\/uploads\/2024\/01\/prowadnica-do-drzwi-przesuwnych-szklanych-588.jpg\",\"datePublished\":\"2024-01-19T19:10:14+00:00\",\"dateModified\":\"2026-03-29T23:03:51+00:00\",\"breadcrumb\":{\"@id\":\"https:\/\/metaltale.com\/en\/produktas\/stumdomu-duru-sistema-metalines-durims-kolo-freim\/#breadcrumb\"},\"inLanguage\":\"en-US\",\"potentialAction\":[{\"@type\":\"ReadAction\",\"target\":[\"https:\/\/metaltale.com\/en\/produktas\/stumdomu-duru-sistema-metalines-durims-kolo-freim\/\"]}]},{\"@type\":\"ImageObject\",\"inLanguage\":\"en-US\",\"@id\":\"https:\/\/metaltale.com\/en\/produktas\/stumdomu-duru-sistema-metalines-durims-kolo-freim\/#primaryimage\",\"url\":\"https:\/\/metaltale.com\/wp-content\/uploads\/2024\/01\/prowadnica-do-drzwi-przesuwnych-szklanych-588.jpg\",\"contentUrl\":\"https:\/\/metaltale.com\/wp-content\/uploads\/2024\/01\/prowadnica-do-drzwi-przesuwnych-szklanych-588.jpg\",\"width\":800,\"height\":800,\"caption\":\"Stumdom\u0173 dur\u0173 sistema metalin\u0117s durims KO\u0141O FREIM\"},{\"@type\":\"BreadcrumbList\",\"@id\":\"https:\/\/metaltale.com\/en\/produktas\/stumdomu-duru-sistema-metalines-durims-kolo-freim\/#breadcrumb\",\"itemListElement\":[{\"@type\":\"ListItem\",\"position\":1,\"name\":\"Home\",\"item\":\"https:\/\/metaltale.com\/en\/home-decor\/\"},{\"@type\":\"ListItem\",\"position\":2,\"name\":\"Shop\",\"item\":\"https:\/\/metaltale.com\/en\/shop\/\"},{\"@type\":\"ListItem\",\"position\":3,\"name\":\"Stumdom\u0173 dur\u0173 sistema metalin\u0117s durims KO\u0141O FREIM\"}]},{\"@type\":\"WebSite\",\"@id\":\"https:\/\/metaltale.com\/en\/#website\",\"url\":\"https:\/\/metaltale.com\/en\/\",\"name\":\"Metaltale.com\",\"description\":\"\",\"potentialAction\":[{\"@type\":\"SearchAction\",\"target\":{\"@type\":\"EntryPoint\",\"urlTemplate\":\"https:\/\/metaltale.com\/en\/?s={search_term_string}\"},\"query-input\":{\"@type\":\"PropertyValueSpecification\",\"valueRequired\":true,\"valueName\":\"search_term_string\"}}],\"inLanguage\":\"en-US\"}]}<\/script>\n<!-- \/ Yoast SEO plugin. -->","yoast_head_json":{"title":"Stumdom\u0173 dur\u0173 sistema metalin\u0117s durims KO\u0141O FREIM - MetalTale.com","robots":{"index":"index","follow":"follow","max-snippet":"max-snippet:-1","max-image-preview":"max-image-preview:large","max-video-preview":"max-video-preview:-1"},"canonical":"https:\/\/metaltale.com\/en\/produktas\/stumdomu-duru-sistema-metalines-durims-kolo-freim\/","og_locale":"en_US","og_type":"article","og_title":"Stumdom\u0173 dur\u0173 sistema metalin\u0117s durims KO\u0141O FREIM - MetalTale.com","og_description":"Med\u017eiaga\u00a0Metalas Bendras ilgis [cm]\u00a0200 Montavimas\u00a0Prie sienos Spalva\u00a0Juoda Papildoma informacija Si\u016blomos sistemos negalima naudoti su 03 dur\u0173 pritrauk\u0117ju. Rinkin\u012f sudaro: metalin\u0117","og_url":"https:\/\/metaltale.com\/en\/produktas\/stumdomu-duru-sistema-metalines-durims-kolo-freim\/","og_site_name":"MetalTale.com","article_modified_time":"2026-03-29T23:03:51+00:00","og_image":[{"width":800,"height":800,"url":"http:\/\/metaltale.com\/wp-content\/uploads\/2024\/01\/prowadnica-do-drzwi-przesuwnych-szklanych-588.jpg","type":"image\/jpeg"}],"twitter_card":"summary_large_image","twitter_misc":{"Est. reading time":"2 minutes"},"schema":{"@context":"https:\/\/schema.org","@graph":[{"@type":"WebPage","@id":"https:\/\/metaltale.com\/en\/produktas\/stumdomu-duru-sistema-metalines-durims-kolo-freim\/","url":"https:\/\/metaltale.com\/en\/produktas\/stumdomu-duru-sistema-metalines-durims-kolo-freim\/","name":"Stumdom\u0173 dur\u0173 sistema metalin\u0117s durims KO\u0141O FREIM - MetalTale.com","isPartOf":{"@id":"https:\/\/metaltale.com\/en\/#website"},"primaryImageOfPage":{"@id":"https:\/\/metaltale.com\/en\/produktas\/stumdomu-duru-sistema-metalines-durims-kolo-freim\/#primaryimage"},"image":{"@id":"https:\/\/metaltale.com\/en\/produktas\/stumdomu-duru-sistema-metalines-durims-kolo-freim\/#primaryimage"},"thumbnailUrl":"https:\/\/metaltale.com\/wp-content\/uploads\/2024\/01\/prowadnica-do-drzwi-przesuwnych-szklanych-588.jpg","datePublished":"2024-01-19T19:10:14+00:00","dateModified":"2026-03-29T23:03:51+00:00","breadcrumb":{"@id":"https:\/\/metaltale.com\/en\/produktas\/stumdomu-duru-sistema-metalines-durims-kolo-freim\/#breadcrumb"},"inLanguage":"en-US","potentialAction":[{"@type":"ReadAction","target":["https:\/\/metaltale.com\/en\/produktas\/stumdomu-duru-sistema-metalines-durims-kolo-freim\/"]}]},{"@type":"ImageObject","inLanguage":"en-US","@id":"https:\/\/metaltale.com\/en\/produktas\/stumdomu-duru-sistema-metalines-durims-kolo-freim\/#primaryimage","url":"https:\/\/metaltale.com\/wp-content\/uploads\/2024\/01\/prowadnica-do-drzwi-przesuwnych-szklanych-588.jpg","contentUrl":"https:\/\/metaltale.com\/wp-content\/uploads\/2024\/01\/prowadnica-do-drzwi-przesuwnych-szklanych-588.jpg","width":800,"height":800,"caption":"Stumdom\u0173 dur\u0173 sistema metalin\u0117s durims KO\u0141O FREIM"},{"@type":"BreadcrumbList","@id":"https:\/\/metaltale.com\/en\/produktas\/stumdomu-duru-sistema-metalines-durims-kolo-freim\/#breadcrumb","itemListElement":[{"@type":"ListItem","position":1,"name":"Home","item":"https:\/\/metaltale.com\/en\/home-decor\/"},{"@type":"ListItem","position":2,"name":"Shop","item":"https:\/\/metaltale.com\/en\/shop\/"},{"@type":"ListItem","position":3,"name":"Stumdom\u0173 dur\u0173 sistema metalin\u0117s durims KO\u0141O FREIM"}]},{"@type":"WebSite","@id":"https:\/\/metaltale.com\/en\/#website","url":"https:\/\/metaltale.com\/en\/","name":"Metaltale.com","description":"","potentialAction":[{"@type":"SearchAction","target":{"@type":"EntryPoint","urlTemplate":"https:\/\/metaltale.com\/en\/?s={search_term_string}"},"query-input":{"@type":"PropertyValueSpecification","valueRequired":true,"valueName":"search_term_string"}}],"inLanguage":"en-US"}]}},"_links":{"self":[{"href":"https:\/\/metaltale.com\/en\/wp-json\/wp\/v2\/product\/53415","targetHints":{"allow":["GET"]}}],"collection":[{"href":"https:\/\/metaltale.com\/en\/wp-json\/wp\/v2\/product"}],"about":[{"href":"https:\/\/metaltale.com\/en\/wp-json\/wp\/v2\/types\/product"}],"replies":[{"embeddable":true,"href":"https:\/\/metaltale.com\/en\/wp-json\/wp\/v2\/comments?post=53415"}],"version-history":[{"count":3,"href":"https:\/\/metaltale.com\/en\/wp-json\/wp\/v2\/product\/53415\/revisions"}],"predecessor-version":[{"id":141933,"href":"https:\/\/metaltale.com\/en\/wp-json\/wp\/v2\/product\/53415\/revisions\/141933"}],"wp:featuredmedia":[{"embeddable":true,"href":"https:\/\/metaltale.com\/en\/wp-json\/wp\/v2\/media\/141928"}],"wp:attachment":[{"href":"https:\/\/metaltale.com\/en\/wp-json\/wp\/v2\/media?parent=53415"}],"wp:term":[{"taxonomy":"product_brand","embeddable":true,"href":"https:\/\/metaltale.com\/en\/wp-json\/wp\/v2\/product_brand?post=53415"},{"taxonomy":"product_cat","embeddable":true,"href":"https:\/\/metaltale.com\/en\/wp-json\/wp\/v2\/product_cat?post=53415"},{"taxonomy":"product_tag","embeddable":true,"href":"https:\/\/metaltale.com\/en\/wp-json\/wp\/v2\/product_tag?post=53415"}],"curies":[{"name":"wp","href":"https:\/\/api.w.org\/{rel}","templated":true}]}}