{"id":51956,"date":"2024-01-19T20:48:48","date_gmt":"2024-01-19T18:48:48","guid":{"rendered":"https:\/\/metaltale.com\/?post_type=product&#038;p=51956"},"modified":"2026-04-18T01:00:09","modified_gmt":"2026-04-17T23:00:09","slug":"stumdomu-duru-sistema-wheel-on-hanger-black","status":"publish","type":"product","link":"https:\/\/metaltale.com\/en\/produktas\/stumdomu-duru-sistema-wheel-on-hanger-black\/","title":{"rendered":"Stumdom\u0173 dur\u0173 sistema WHEEL ON HANGER BLACK"},"content":{"rendered":"<p><strong>Med\u017eiaga<\/strong>\u00a0Metalas, plastikas<br \/>\n<strong>Bendras ilgis [cm]<\/strong>\u00a0200<br \/>\n<strong>Montavimas<\/strong>\u00a0Prie sienos<br \/>\n<strong>Spalva<\/strong> Juoda<\/p>\n<p>Rinkin\u012f sudaro:<\/p>\n<ul>\n<li>metalin\u0117 b\u0117gel\u0117 200 cm (2 x 100 cm)<\/li>\n<li>dekoratyviniai guoliuoti ratukai (2 vnt.)<\/li>\n<li>tarpin\u0117s (5 vnt.)<\/li>\n<li>horizontal\u016bs ribotuvai (2 vnt.) ir vertikal\u016bs ribotuvai (2 vnt.)<\/li>\n<li>grind\u0173 vedlys (2 vnt.)<\/li>\n<li>montavimo komplektas: var\u017etai, savisriegiai ir pover\u017el\u0117s<\/li>\n<\/ul>\n<p>Produkto savyb\u0117s:<\/p>\n<ul>\n<li>pasi\u016blymas apima vienv\u0117ri\u0173 stumdom\u0173 dur\u0173 sistem\u0105, montuojam\u0105 prie sienos<\/li>\n<li>modelis skirtas stumdomoms medin\u0117ms arba plok\u0161t\u0117s durims, kuri\u0173 svoris nevir\u0161ija 110 kg, storis \u2013 30\u201345 mm<\/li>\n<li>sistema negali b\u016bti naudojama medin\u0117ms durims su metaliniu r\u0117mu arba stiklin\u0117ms durims<\/li>\n<li>atlikti dinamini\u0173 apkrov\u0173 (110 kg) testai patvirtino auk\u0161\u010diausi\u0105 kokyb\u0119 ir saugum\u0105<\/li>\n<li>negalima naudoti dvigubo 03 savidarymo mechanizmo<\/li>\n<li>guoliuotas ratukas u\u017etikrina lengv\u0105 ir tyl\u0173 stumdym\u0105<\/li>\n<li>rinkin\u012f sudaro 200 cm ilgio b\u0117gel\u0117 ir apatinis vedlys T tipo (B-002) bei U tipo, montuojamas prie grind\u0173<\/li>\n<li>horizontal\u016bs ribotuvai b\u0117gelio galuose, apatinis vedlys ir vertikal\u016bs ribotuvai po b\u0117geliu stabilizuoja duris ir apsaugo nuo nukritimo nuo b\u0117gelio<\/li>\n<li>apatinis vedlys tinka durims su frezu arba be jo<\/li>\n<li>penki montavimo ta\u0161kai garantuoja stabilum\u0105, saugum\u0105 ir ilgaam\u017ei\u0161kum\u0105<\/li>\n<li>komplekte yra var\u017etai, leid\u017eiantys montuoti tiek medin\u0117se konstrukcijose, tiek m\u016briniuose sienose<\/li>\n<li>sistema pasi\u017eymi itin paprastu ir intuityviu montavimu<\/li>\n<li>kruop\u0161ti siunt\u0173 kontrol\u0117 ir auk\u0161\u010diausios kokyb\u0117s pakavimas garantuoja klient\u0173 pasitenkinim\u0105<\/li>\n<\/ul>\n<p>Apie produkt\u0105:<\/p>\n<p>Modelis i\u0161siskiria ratuk\u0173 montavimu ant vir\u0161utin\u0117s dur\u0173 kra\u0161tin\u0117s, tod\u0117l durys lieka visi\u0161kai matomos. Ratukas sukurtas pagal senovini\u0173, praleid\u017eiam\u0173 rat\u0173 model\u012f. WHEEL ON HANGER stumdom\u0173j\u0173 dur\u0173 sistema \u2013 paprastas ir prakti\u0161kas b\u016bdas pakeisti nam\u0173 ar buto interjer\u0105. Patikima konstrukcija, auk\u0161\u010diausios kokyb\u0117s med\u017eiagos ir precizi\u0161kas gaminimas u\u017etikrina ilgalaik\u012f naudojim\u0105. Pasi\u016blyta stumdom\u0173j\u0173 dur\u0173 sistema \u2013 tai dizaino ir patikimo, auk\u0161tos kokyb\u0117s veikimo derinys.<\/p>\n","protected":false},"excerpt":{"rendered":"<p>Med\u017eiaga\u00a0Metalas, plastikas Bendras ilgis [cm]\u00a0200 Montavimas\u00a0Prie sienos Spalva Juoda Rinkin\u012f sudaro: metalin\u0117 b\u0117gel\u0117 200 cm (2 x 100 cm) dekoratyviniai<\/p>\n","protected":false},"featured_media":141549,"comment_status":"open","ping_status":"closed","template":"","meta":{"_acf_changed":false,"pmpro_default_level":""},"product_brand":[],"product_cat":[113,219],"product_tag":[],"class_list":{"0":"post-51956","1":"product","2":"type-product","3":"status-publish","4":"has-post-thumbnail","6":"product_cat-stumdomos-durys-ir-priedai","7":"product_cat-stumdomu-duru-sistemos","8":"pmpro-has-access","10":"first","11":"instock","12":"shipping-taxable","13":"purchasable","14":"product-type-simple"},"acf":[],"yoast_head":"<!-- This site is optimized with the Yoast SEO plugin v24.9 - https:\/\/yoast.com\/wordpress\/plugins\/seo\/ -->\n<title>Stumdom\u0173 dur\u0173 sistema WHEEL ON HANGER BLACK - MetalTale.com<\/title>\n<meta name=\"robots\" content=\"index, follow, max-snippet:-1, max-image-preview:large, max-video-preview:-1\" \/>\n<link rel=\"canonical\" href=\"https:\/\/metaltale.com\/en\/produktas\/stumdomu-duru-sistema-wheel-on-hanger-black\/\" \/>\n<meta property=\"og:locale\" content=\"en_US\" \/>\n<meta property=\"og:type\" content=\"article\" \/>\n<meta property=\"og:title\" content=\"Stumdom\u0173 dur\u0173 sistema WHEEL ON HANGER BLACK - MetalTale.com\" \/>\n<meta property=\"og:description\" content=\"Med\u017eiaga\u00a0Metalas, plastikas Bendras ilgis [cm]\u00a0200 Montavimas\u00a0Prie sienos Spalva Juoda Rinkin\u012f sudaro: metalin\u0117 b\u0117gel\u0117 200 cm (2 x 100 cm) dekoratyviniai\" \/>\n<meta property=\"og:url\" content=\"https:\/\/metaltale.com\/en\/produktas\/stumdomu-duru-sistema-wheel-on-hanger-black\/\" \/>\n<meta property=\"og:site_name\" content=\"MetalTale.com\" \/>\n<meta property=\"article:modified_time\" content=\"2026-04-17T23:00:09+00:00\" \/>\n<meta property=\"og:image\" content=\"http:\/\/metaltale.com\/wp-content\/uploads\/2024\/01\/prowadnica-do-drzwi-przesuwnych-wewnetrznych-kolo-na-wieszaku-78333.jpg\" \/>\n\t<meta property=\"og:image:width\" content=\"800\" \/>\n\t<meta property=\"og:image:height\" content=\"800\" \/>\n\t<meta property=\"og:image:type\" content=\"image\/jpeg\" \/>\n<meta name=\"twitter:card\" content=\"summary_large_image\" \/>\n<meta name=\"twitter:label1\" content=\"Est. reading time\" \/>\n\t<meta name=\"twitter:data1\" content=\"2 minutes\" \/>\n<script type=\"application\/ld+json\" class=\"yoast-schema-graph\">{\"@context\":\"https:\/\/schema.org\",\"@graph\":[{\"@type\":\"WebPage\",\"@id\":\"https:\/\/metaltale.com\/en\/produktas\/stumdomu-duru-sistema-wheel-on-hanger-black\/\",\"url\":\"https:\/\/metaltale.com\/en\/produktas\/stumdomu-duru-sistema-wheel-on-hanger-black\/\",\"name\":\"Stumdom\u0173 dur\u0173 sistema WHEEL ON HANGER BLACK - MetalTale.com\",\"isPartOf\":{\"@id\":\"https:\/\/metaltale.com\/en\/#website\"},\"primaryImageOfPage\":{\"@id\":\"https:\/\/metaltale.com\/en\/produktas\/stumdomu-duru-sistema-wheel-on-hanger-black\/#primaryimage\"},\"image\":{\"@id\":\"https:\/\/metaltale.com\/en\/produktas\/stumdomu-duru-sistema-wheel-on-hanger-black\/#primaryimage\"},\"thumbnailUrl\":\"https:\/\/metaltale.com\/wp-content\/uploads\/2024\/01\/prowadnica-do-drzwi-przesuwnych-wewnetrznych-kolo-na-wieszaku-78333.jpg\",\"datePublished\":\"2024-01-19T18:48:48+00:00\",\"dateModified\":\"2026-04-17T23:00:09+00:00\",\"breadcrumb\":{\"@id\":\"https:\/\/metaltale.com\/en\/produktas\/stumdomu-duru-sistema-wheel-on-hanger-black\/#breadcrumb\"},\"inLanguage\":\"en-US\",\"potentialAction\":[{\"@type\":\"ReadAction\",\"target\":[\"https:\/\/metaltale.com\/en\/produktas\/stumdomu-duru-sistema-wheel-on-hanger-black\/\"]}]},{\"@type\":\"ImageObject\",\"inLanguage\":\"en-US\",\"@id\":\"https:\/\/metaltale.com\/en\/produktas\/stumdomu-duru-sistema-wheel-on-hanger-black\/#primaryimage\",\"url\":\"https:\/\/metaltale.com\/wp-content\/uploads\/2024\/01\/prowadnica-do-drzwi-przesuwnych-wewnetrznych-kolo-na-wieszaku-78333.jpg\",\"contentUrl\":\"https:\/\/metaltale.com\/wp-content\/uploads\/2024\/01\/prowadnica-do-drzwi-przesuwnych-wewnetrznych-kolo-na-wieszaku-78333.jpg\",\"width\":800,\"height\":800,\"caption\":\"Stumdom\u0173 dur\u0173 sistema WHEEL ON HANGER BLACK\"},{\"@type\":\"BreadcrumbList\",\"@id\":\"https:\/\/metaltale.com\/en\/produktas\/stumdomu-duru-sistema-wheel-on-hanger-black\/#breadcrumb\",\"itemListElement\":[{\"@type\":\"ListItem\",\"position\":1,\"name\":\"Home\",\"item\":\"https:\/\/metaltale.com\/en\/home-decor\/\"},{\"@type\":\"ListItem\",\"position\":2,\"name\":\"Shop\",\"item\":\"https:\/\/metaltale.com\/en\/shop\/\"},{\"@type\":\"ListItem\",\"position\":3,\"name\":\"Stumdom\u0173 dur\u0173 sistema WHEEL ON HANGER BLACK\"}]},{\"@type\":\"WebSite\",\"@id\":\"https:\/\/metaltale.com\/en\/#website\",\"url\":\"https:\/\/metaltale.com\/en\/\",\"name\":\"Metaltale.com\",\"description\":\"\",\"potentialAction\":[{\"@type\":\"SearchAction\",\"target\":{\"@type\":\"EntryPoint\",\"urlTemplate\":\"https:\/\/metaltale.com\/en\/?s={search_term_string}\"},\"query-input\":{\"@type\":\"PropertyValueSpecification\",\"valueRequired\":true,\"valueName\":\"search_term_string\"}}],\"inLanguage\":\"en-US\"}]}<\/script>\n<!-- \/ Yoast SEO plugin. -->","yoast_head_json":{"title":"Stumdom\u0173 dur\u0173 sistema WHEEL ON HANGER BLACK - MetalTale.com","robots":{"index":"index","follow":"follow","max-snippet":"max-snippet:-1","max-image-preview":"max-image-preview:large","max-video-preview":"max-video-preview:-1"},"canonical":"https:\/\/metaltale.com\/en\/produktas\/stumdomu-duru-sistema-wheel-on-hanger-black\/","og_locale":"en_US","og_type":"article","og_title":"Stumdom\u0173 dur\u0173 sistema WHEEL ON HANGER BLACK - MetalTale.com","og_description":"Med\u017eiaga\u00a0Metalas, plastikas Bendras ilgis [cm]\u00a0200 Montavimas\u00a0Prie sienos Spalva Juoda Rinkin\u012f sudaro: metalin\u0117 b\u0117gel\u0117 200 cm (2 x 100 cm) dekoratyviniai","og_url":"https:\/\/metaltale.com\/en\/produktas\/stumdomu-duru-sistema-wheel-on-hanger-black\/","og_site_name":"MetalTale.com","article_modified_time":"2026-04-17T23:00:09+00:00","og_image":[{"width":800,"height":800,"url":"http:\/\/metaltale.com\/wp-content\/uploads\/2024\/01\/prowadnica-do-drzwi-przesuwnych-wewnetrznych-kolo-na-wieszaku-78333.jpg","type":"image\/jpeg"}],"twitter_card":"summary_large_image","twitter_misc":{"Est. reading time":"2 minutes"},"schema":{"@context":"https:\/\/schema.org","@graph":[{"@type":"WebPage","@id":"https:\/\/metaltale.com\/en\/produktas\/stumdomu-duru-sistema-wheel-on-hanger-black\/","url":"https:\/\/metaltale.com\/en\/produktas\/stumdomu-duru-sistema-wheel-on-hanger-black\/","name":"Stumdom\u0173 dur\u0173 sistema WHEEL ON HANGER BLACK - MetalTale.com","isPartOf":{"@id":"https:\/\/metaltale.com\/en\/#website"},"primaryImageOfPage":{"@id":"https:\/\/metaltale.com\/en\/produktas\/stumdomu-duru-sistema-wheel-on-hanger-black\/#primaryimage"},"image":{"@id":"https:\/\/metaltale.com\/en\/produktas\/stumdomu-duru-sistema-wheel-on-hanger-black\/#primaryimage"},"thumbnailUrl":"https:\/\/metaltale.com\/wp-content\/uploads\/2024\/01\/prowadnica-do-drzwi-przesuwnych-wewnetrznych-kolo-na-wieszaku-78333.jpg","datePublished":"2024-01-19T18:48:48+00:00","dateModified":"2026-04-17T23:00:09+00:00","breadcrumb":{"@id":"https:\/\/metaltale.com\/en\/produktas\/stumdomu-duru-sistema-wheel-on-hanger-black\/#breadcrumb"},"inLanguage":"en-US","potentialAction":[{"@type":"ReadAction","target":["https:\/\/metaltale.com\/en\/produktas\/stumdomu-duru-sistema-wheel-on-hanger-black\/"]}]},{"@type":"ImageObject","inLanguage":"en-US","@id":"https:\/\/metaltale.com\/en\/produktas\/stumdomu-duru-sistema-wheel-on-hanger-black\/#primaryimage","url":"https:\/\/metaltale.com\/wp-content\/uploads\/2024\/01\/prowadnica-do-drzwi-przesuwnych-wewnetrznych-kolo-na-wieszaku-78333.jpg","contentUrl":"https:\/\/metaltale.com\/wp-content\/uploads\/2024\/01\/prowadnica-do-drzwi-przesuwnych-wewnetrznych-kolo-na-wieszaku-78333.jpg","width":800,"height":800,"caption":"Stumdom\u0173 dur\u0173 sistema WHEEL ON HANGER BLACK"},{"@type":"BreadcrumbList","@id":"https:\/\/metaltale.com\/en\/produktas\/stumdomu-duru-sistema-wheel-on-hanger-black\/#breadcrumb","itemListElement":[{"@type":"ListItem","position":1,"name":"Home","item":"https:\/\/metaltale.com\/en\/home-decor\/"},{"@type":"ListItem","position":2,"name":"Shop","item":"https:\/\/metaltale.com\/en\/shop\/"},{"@type":"ListItem","position":3,"name":"Stumdom\u0173 dur\u0173 sistema WHEEL ON HANGER BLACK"}]},{"@type":"WebSite","@id":"https:\/\/metaltale.com\/en\/#website","url":"https:\/\/metaltale.com\/en\/","name":"Metaltale.com","description":"","potentialAction":[{"@type":"SearchAction","target":{"@type":"EntryPoint","urlTemplate":"https:\/\/metaltale.com\/en\/?s={search_term_string}"},"query-input":{"@type":"PropertyValueSpecification","valueRequired":true,"valueName":"search_term_string"}}],"inLanguage":"en-US"}]}},"_links":{"self":[{"href":"https:\/\/metaltale.com\/en\/wp-json\/wp\/v2\/product\/51956","targetHints":{"allow":["GET"]}}],"collection":[{"href":"https:\/\/metaltale.com\/en\/wp-json\/wp\/v2\/product"}],"about":[{"href":"https:\/\/metaltale.com\/en\/wp-json\/wp\/v2\/types\/product"}],"replies":[{"embeddable":true,"href":"https:\/\/metaltale.com\/en\/wp-json\/wp\/v2\/comments?post=51956"}],"version-history":[{"count":2,"href":"https:\/\/metaltale.com\/en\/wp-json\/wp\/v2\/product\/51956\/revisions"}],"predecessor-version":[{"id":141553,"href":"https:\/\/metaltale.com\/en\/wp-json\/wp\/v2\/product\/51956\/revisions\/141553"}],"wp:featuredmedia":[{"embeddable":true,"href":"https:\/\/metaltale.com\/en\/wp-json\/wp\/v2\/media\/141549"}],"wp:attachment":[{"href":"https:\/\/metaltale.com\/en\/wp-json\/wp\/v2\/media?parent=51956"}],"wp:term":[{"taxonomy":"product_brand","embeddable":true,"href":"https:\/\/metaltale.com\/en\/wp-json\/wp\/v2\/product_brand?post=51956"},{"taxonomy":"product_cat","embeddable":true,"href":"https:\/\/metaltale.com\/en\/wp-json\/wp\/v2\/product_cat?post=51956"},{"taxonomy":"product_tag","embeddable":true,"href":"https:\/\/metaltale.com\/en\/wp-json\/wp\/v2\/product_tag?post=51956"}],"curies":[{"name":"wp","href":"https:\/\/api.w.org\/{rel}","templated":true}]}}