{"id":51952,"date":"2024-01-19T20:48:48","date_gmt":"2024-01-19T18:48:48","guid":{"rendered":"https:\/\/metaltale.com\/?post_type=product&#038;p=51952"},"modified":"2026-03-27T01:01:08","modified_gmt":"2026-03-26T23:01:08","slug":"stumdomu-duru-sistema-vintage-black","status":"publish","type":"product","link":"https:\/\/metaltale.com\/en\/produktas\/stumdomu-duru-sistema-vintage-black\/","title":{"rendered":"Stumdom\u0173 dur\u0173 sistema VINTAGE BLACK"},"content":{"rendered":"<p><strong>Med\u017eiaga<\/strong>\u00a0Plienas<br \/>\n<strong>Bendras ilgis [cm]<\/strong>\u00a0200<br \/>\n<strong>Montavimas<\/strong>\u00a0Prie sienos<br \/>\n<strong>Spalva<\/strong>\u00a0Juoda<br \/>\n<strong>Papildoma informacija<\/strong> Sistema skirta durims, kuri\u0173 storis ne ma\u017eesnis kaip 35 mm, be plieninio r\u0117mo.<\/p>\n<p>Rinkin\u012f sudaro:<\/p>\n<ul>\n<li>metalin\u0117 b\u0117gel\u0117 400 cm (4 x 100 cm)<\/li>\n<li>dekoratyviniai guoliuoti ratukai (4 vnt.)<\/li>\n<li>tarpin\u0117s (10 vnt.)<\/li>\n<li>horizontal\u016bs ribotuvai (4 vnt.) ir vertikal\u016bs ribotuvai (4 vnt.)<\/li>\n<li>grind\u0173 vedlys (2 vnt.)<\/li>\n<li>lubinis laikiklis viengubam b\u0117geliui (10 vnt.)<\/li>\n<li>b\u0117geli\u0173 jungtis slankiosioms durims (1 vnt.)<\/li>\n<\/ul>\n<p>Produkto savyb\u0117s:<\/p>\n<p>pasi\u016blymas apima dviv\u0117ri\u0173 stumdom\u0173 dur\u0173 sistem\u0105, montuojam\u0105 prie lub\u0173<\/p>\n<p>modelis skirtas stumdomoms medin\u0117ms arba plok\u0161t\u0117s durims, kuri\u0173 svoris nevir\u0161ija 110 kg, storis 35\u201345 mm<\/p>\n<p>atlikti dinamini\u0173 apkrov\u0173 (110 kg) testai patvirtino auk\u0161\u010diausi\u0105 kokyb\u0119 ir saugum\u0105<\/p>\n<p>guoliuotas ratukas u\u017etikrina lengv\u0105 ir tyl\u0173 stumdym\u0105<\/p>\n<p>komplekte yra apatinis vedlys su laikikliu, montuojamas prie grind\u0173, tinka durims su frezu arba be jo<\/p>\n<p>penki montavimo ta\u0161kai garantuoja stabilum\u0105, saugum\u0105 ir ilgaam\u017ei\u0161kum\u0105<\/p>\n<p>horizontal\u016bs ribotuvai b\u0117gelio galuose, apatinis vedlys ir vertikal\u016bs ribotuvai po b\u0117geliu stabilizuoja duris visose plok\u0161tumose ir apsaugo nuo nukritimo nuo b\u0117gelio<\/p>\n<p>sistema pasi\u017eymi itin paprastu ir intuityviu montavimu<\/p>\n<p>kruop\u0161ti siunt\u0173 kontrol\u0117 ir auk\u0161\u010diausios kokyb\u0117s pakavimas garantuoja klient\u0173 pasitenkinim\u0105<\/p>\n<p>Apie produkt\u0105:<\/p>\n<p>Juodos spalvos stumdom\u0173j\u0173 dur\u0173 b\u0117geliai \u2013 puikus pasirinkimas nepriklausomai nuo interjero stiliaus. Derindami auk\u0161t\u0105 kokyb\u0119 ir prakti\u0161kum\u0105, jie puikiai atrodo tiek moderniame, lofto, tiek labiau puo\u0161niame interjere. Tamsi\u0173 stumdom\u0173j\u0173 sistem\u0173 privalumas \u2013 universalumas. Paprastos \u0105\u017euolin\u0117s durys atrodys itin eleganti\u0161kai, o dur\u0173 var\u010dios su metaline r\u0117mu suteiks interjerui charakterio. Kelios sistemos konfig\u016bracijos leid\u017eia pasirinkti techniniu po\u017ei\u016briu tinkamiausi\u0105 variant\u0105.<\/p>\n<p>Rinkinys neapima lubini\u0173 tvirtinimo var\u017et\u0173 \u2013 j\u0173 pasirinkim\u0105 rekomenduojama pasikonsultuoti su specialistu, atsi\u017evelgiant \u012f lub\u0173 med\u017eiag\u0105.<\/p>\n<p>Modelis i\u0161siskiria ratuk\u0173 montavimu ant vir\u0161utin\u0117s dur\u0173 kra\u0161tin\u0117s, tod\u0117l durys lieka visi\u0161kai matomos. Ratukas sukurtas pagal senovini\u0173 praleid\u017eiam\u0173 rat\u0173 model\u012f. VINTAGE stumdom\u0173j\u0173 dur\u0173 sistema \u2013 paprastas ir prakti\u0161kas b\u016bdas pakeisti nam\u0173 ar buto interjer\u0105. Patikima konstrukcija, auk\u0161\u010diausios kokyb\u0117s med\u017eiagos ir precizi\u0161kas gaminimas u\u017etikrina ilgalaik\u012f naudojim\u0105. Pasi\u016blyta stumdom\u0173j\u0173 dur\u0173 sistema \u2013 tai dizaino ir patikimo, auk\u0161tos kokyb\u0117s veikimo derinys.<\/p>\n<p>Rinkinys neapima lubini\u0173 tvirtinimo var\u017et\u0173 \u2013 j\u0173 pasirinkim\u0105 rekomenduojama pasikonsultuoti su specialistu, atsi\u017evelgiant \u012f lub\u0173 med\u017eiag\u0105.<\/p>\n","protected":false},"excerpt":{"rendered":"<p>Med\u017eiaga\u00a0Plienas Bendras ilgis [cm]\u00a0200 Montavimas\u00a0Prie sienos Spalva\u00a0Juoda Papildoma informacija Sistema skirta durims, kuri\u0173 storis ne ma\u017eesnis kaip 35 mm, be<\/p>\n","protected":false},"featured_media":141499,"comment_status":"open","ping_status":"closed","template":"","meta":{"_acf_changed":false,"pmpro_default_level":""},"product_brand":[],"product_cat":[113,219],"product_tag":[],"class_list":{"0":"post-51952","1":"product","2":"type-product","3":"status-publish","4":"has-post-thumbnail","6":"product_cat-stumdomos-durys-ir-priedai","7":"product_cat-stumdomu-duru-sistemos","8":"pmpro-has-access","10":"first","11":"outofstock","12":"shipping-taxable","13":"purchasable","14":"product-type-simple"},"acf":[],"yoast_head":"<!-- This site is optimized with the Yoast SEO plugin v24.9 - https:\/\/yoast.com\/wordpress\/plugins\/seo\/ -->\n<title>Stumdom\u0173 dur\u0173 sistema VINTAGE BLACK - MetalTale.com<\/title>\n<meta name=\"robots\" content=\"index, follow, max-snippet:-1, max-image-preview:large, max-video-preview:-1\" \/>\n<link rel=\"canonical\" href=\"https:\/\/metaltale.com\/en\/produktas\/stumdomu-duru-sistema-vintage-black\/\" \/>\n<meta property=\"og:locale\" content=\"en_US\" \/>\n<meta property=\"og:type\" content=\"article\" \/>\n<meta property=\"og:title\" content=\"Stumdom\u0173 dur\u0173 sistema VINTAGE BLACK - MetalTale.com\" \/>\n<meta property=\"og:description\" content=\"Med\u017eiaga\u00a0Plienas Bendras ilgis [cm]\u00a0200 Montavimas\u00a0Prie sienos Spalva\u00a0Juoda Papildoma informacija Sistema skirta durims, kuri\u0173 storis ne ma\u017eesnis kaip 35 mm, be\" \/>\n<meta property=\"og:url\" content=\"https:\/\/metaltale.com\/en\/produktas\/stumdomu-duru-sistema-vintage-black\/\" \/>\n<meta property=\"og:site_name\" content=\"MetalTale.com\" \/>\n<meta property=\"article:modified_time\" content=\"2026-03-26T23:01:08+00:00\" \/>\n<meta property=\"og:image\" content=\"http:\/\/metaltale.com\/wp-content\/uploads\/2024\/01\/drzwi-przesuwne-do-wnetrza-vintage-756_1_1.jpg\" \/>\n\t<meta property=\"og:image:width\" content=\"800\" \/>\n\t<meta property=\"og:image:height\" content=\"800\" \/>\n\t<meta property=\"og:image:type\" content=\"image\/jpeg\" \/>\n<meta name=\"twitter:card\" content=\"summary_large_image\" \/>\n<meta name=\"twitter:label1\" content=\"Est. reading time\" \/>\n\t<meta name=\"twitter:data1\" content=\"2 minutes\" \/>\n<script type=\"application\/ld+json\" class=\"yoast-schema-graph\">{\"@context\":\"https:\/\/schema.org\",\"@graph\":[{\"@type\":\"WebPage\",\"@id\":\"https:\/\/metaltale.com\/en\/produktas\/stumdomu-duru-sistema-vintage-black\/\",\"url\":\"https:\/\/metaltale.com\/en\/produktas\/stumdomu-duru-sistema-vintage-black\/\",\"name\":\"Stumdom\u0173 dur\u0173 sistema VINTAGE BLACK - MetalTale.com\",\"isPartOf\":{\"@id\":\"https:\/\/metaltale.com\/en\/#website\"},\"primaryImageOfPage\":{\"@id\":\"https:\/\/metaltale.com\/en\/produktas\/stumdomu-duru-sistema-vintage-black\/#primaryimage\"},\"image\":{\"@id\":\"https:\/\/metaltale.com\/en\/produktas\/stumdomu-duru-sistema-vintage-black\/#primaryimage\"},\"thumbnailUrl\":\"https:\/\/metaltale.com\/wp-content\/uploads\/2024\/01\/drzwi-przesuwne-do-wnetrza-vintage-756_1_1.jpg\",\"datePublished\":\"2024-01-19T18:48:48+00:00\",\"dateModified\":\"2026-03-26T23:01:08+00:00\",\"breadcrumb\":{\"@id\":\"https:\/\/metaltale.com\/en\/produktas\/stumdomu-duru-sistema-vintage-black\/#breadcrumb\"},\"inLanguage\":\"en-US\",\"potentialAction\":[{\"@type\":\"ReadAction\",\"target\":[\"https:\/\/metaltale.com\/en\/produktas\/stumdomu-duru-sistema-vintage-black\/\"]}]},{\"@type\":\"ImageObject\",\"inLanguage\":\"en-US\",\"@id\":\"https:\/\/metaltale.com\/en\/produktas\/stumdomu-duru-sistema-vintage-black\/#primaryimage\",\"url\":\"https:\/\/metaltale.com\/wp-content\/uploads\/2024\/01\/drzwi-przesuwne-do-wnetrza-vintage-756_1_1.jpg\",\"contentUrl\":\"https:\/\/metaltale.com\/wp-content\/uploads\/2024\/01\/drzwi-przesuwne-do-wnetrza-vintage-756_1_1.jpg\",\"width\":800,\"height\":800,\"caption\":\"Stumdom\u0173 dur\u0173 sistema VINTAGE BLACK\"},{\"@type\":\"BreadcrumbList\",\"@id\":\"https:\/\/metaltale.com\/en\/produktas\/stumdomu-duru-sistema-vintage-black\/#breadcrumb\",\"itemListElement\":[{\"@type\":\"ListItem\",\"position\":1,\"name\":\"Home\",\"item\":\"https:\/\/metaltale.com\/en\/home-decor\/\"},{\"@type\":\"ListItem\",\"position\":2,\"name\":\"Shop\",\"item\":\"https:\/\/metaltale.com\/en\/shop\/\"},{\"@type\":\"ListItem\",\"position\":3,\"name\":\"Stumdom\u0173 dur\u0173 sistema VINTAGE BLACK\"}]},{\"@type\":\"WebSite\",\"@id\":\"https:\/\/metaltale.com\/en\/#website\",\"url\":\"https:\/\/metaltale.com\/en\/\",\"name\":\"Metaltale.com\",\"description\":\"\",\"potentialAction\":[{\"@type\":\"SearchAction\",\"target\":{\"@type\":\"EntryPoint\",\"urlTemplate\":\"https:\/\/metaltale.com\/en\/?s={search_term_string}\"},\"query-input\":{\"@type\":\"PropertyValueSpecification\",\"valueRequired\":true,\"valueName\":\"search_term_string\"}}],\"inLanguage\":\"en-US\"}]}<\/script>\n<!-- \/ Yoast SEO plugin. -->","yoast_head_json":{"title":"Stumdom\u0173 dur\u0173 sistema VINTAGE BLACK - MetalTale.com","robots":{"index":"index","follow":"follow","max-snippet":"max-snippet:-1","max-image-preview":"max-image-preview:large","max-video-preview":"max-video-preview:-1"},"canonical":"https:\/\/metaltale.com\/en\/produktas\/stumdomu-duru-sistema-vintage-black\/","og_locale":"en_US","og_type":"article","og_title":"Stumdom\u0173 dur\u0173 sistema VINTAGE BLACK - MetalTale.com","og_description":"Med\u017eiaga\u00a0Plienas Bendras ilgis [cm]\u00a0200 Montavimas\u00a0Prie sienos Spalva\u00a0Juoda Papildoma informacija Sistema skirta durims, kuri\u0173 storis ne ma\u017eesnis kaip 35 mm, be","og_url":"https:\/\/metaltale.com\/en\/produktas\/stumdomu-duru-sistema-vintage-black\/","og_site_name":"MetalTale.com","article_modified_time":"2026-03-26T23:01:08+00:00","og_image":[{"width":800,"height":800,"url":"http:\/\/metaltale.com\/wp-content\/uploads\/2024\/01\/drzwi-przesuwne-do-wnetrza-vintage-756_1_1.jpg","type":"image\/jpeg"}],"twitter_card":"summary_large_image","twitter_misc":{"Est. reading time":"2 minutes"},"schema":{"@context":"https:\/\/schema.org","@graph":[{"@type":"WebPage","@id":"https:\/\/metaltale.com\/en\/produktas\/stumdomu-duru-sistema-vintage-black\/","url":"https:\/\/metaltale.com\/en\/produktas\/stumdomu-duru-sistema-vintage-black\/","name":"Stumdom\u0173 dur\u0173 sistema VINTAGE BLACK - MetalTale.com","isPartOf":{"@id":"https:\/\/metaltale.com\/en\/#website"},"primaryImageOfPage":{"@id":"https:\/\/metaltale.com\/en\/produktas\/stumdomu-duru-sistema-vintage-black\/#primaryimage"},"image":{"@id":"https:\/\/metaltale.com\/en\/produktas\/stumdomu-duru-sistema-vintage-black\/#primaryimage"},"thumbnailUrl":"https:\/\/metaltale.com\/wp-content\/uploads\/2024\/01\/drzwi-przesuwne-do-wnetrza-vintage-756_1_1.jpg","datePublished":"2024-01-19T18:48:48+00:00","dateModified":"2026-03-26T23:01:08+00:00","breadcrumb":{"@id":"https:\/\/metaltale.com\/en\/produktas\/stumdomu-duru-sistema-vintage-black\/#breadcrumb"},"inLanguage":"en-US","potentialAction":[{"@type":"ReadAction","target":["https:\/\/metaltale.com\/en\/produktas\/stumdomu-duru-sistema-vintage-black\/"]}]},{"@type":"ImageObject","inLanguage":"en-US","@id":"https:\/\/metaltale.com\/en\/produktas\/stumdomu-duru-sistema-vintage-black\/#primaryimage","url":"https:\/\/metaltale.com\/wp-content\/uploads\/2024\/01\/drzwi-przesuwne-do-wnetrza-vintage-756_1_1.jpg","contentUrl":"https:\/\/metaltale.com\/wp-content\/uploads\/2024\/01\/drzwi-przesuwne-do-wnetrza-vintage-756_1_1.jpg","width":800,"height":800,"caption":"Stumdom\u0173 dur\u0173 sistema VINTAGE BLACK"},{"@type":"BreadcrumbList","@id":"https:\/\/metaltale.com\/en\/produktas\/stumdomu-duru-sistema-vintage-black\/#breadcrumb","itemListElement":[{"@type":"ListItem","position":1,"name":"Home","item":"https:\/\/metaltale.com\/en\/home-decor\/"},{"@type":"ListItem","position":2,"name":"Shop","item":"https:\/\/metaltale.com\/en\/shop\/"},{"@type":"ListItem","position":3,"name":"Stumdom\u0173 dur\u0173 sistema VINTAGE BLACK"}]},{"@type":"WebSite","@id":"https:\/\/metaltale.com\/en\/#website","url":"https:\/\/metaltale.com\/en\/","name":"Metaltale.com","description":"","potentialAction":[{"@type":"SearchAction","target":{"@type":"EntryPoint","urlTemplate":"https:\/\/metaltale.com\/en\/?s={search_term_string}"},"query-input":{"@type":"PropertyValueSpecification","valueRequired":true,"valueName":"search_term_string"}}],"inLanguage":"en-US"}]}},"_links":{"self":[{"href":"https:\/\/metaltale.com\/en\/wp-json\/wp\/v2\/product\/51952","targetHints":{"allow":["GET"]}}],"collection":[{"href":"https:\/\/metaltale.com\/en\/wp-json\/wp\/v2\/product"}],"about":[{"href":"https:\/\/metaltale.com\/en\/wp-json\/wp\/v2\/types\/product"}],"replies":[{"embeddable":true,"href":"https:\/\/metaltale.com\/en\/wp-json\/wp\/v2\/comments?post=51952"}],"version-history":[{"count":2,"href":"https:\/\/metaltale.com\/en\/wp-json\/wp\/v2\/product\/51952\/revisions"}],"predecessor-version":[{"id":141503,"href":"https:\/\/metaltale.com\/en\/wp-json\/wp\/v2\/product\/51952\/revisions\/141503"}],"wp:featuredmedia":[{"embeddable":true,"href":"https:\/\/metaltale.com\/en\/wp-json\/wp\/v2\/media\/141499"}],"wp:attachment":[{"href":"https:\/\/metaltale.com\/en\/wp-json\/wp\/v2\/media?parent=51952"}],"wp:term":[{"taxonomy":"product_brand","embeddable":true,"href":"https:\/\/metaltale.com\/en\/wp-json\/wp\/v2\/product_brand?post=51952"},{"taxonomy":"product_cat","embeddable":true,"href":"https:\/\/metaltale.com\/en\/wp-json\/wp\/v2\/product_cat?post=51952"},{"taxonomy":"product_tag","embeddable":true,"href":"https:\/\/metaltale.com\/en\/wp-json\/wp\/v2\/product_tag?post=51952"}],"curies":[{"name":"wp","href":"https:\/\/api.w.org\/{rel}","templated":true}]}}