{"id":43018,"date":"2024-02-13T15:29:04","date_gmt":"2024-02-13T13:29:04","guid":{"rendered":"http:\/\/metaltale.com\/produktas\/dekoratyviniai-buteliu-kamstukai-12\/"},"modified":"2024-10-31T22:03:32","modified_gmt":"2024-10-31T20:03:32","slug":"fc-barcelona-dekoratyvinis-metalinis-sieninis-dangtelis","status":"publish","type":"product","link":"https:\/\/metaltale.com\/en\/produktas\/fc-barcelona-dekoratyvinis-metalinis-sieninis-dangtelis\/","title":{"rendered":"FC BARCELONA dekoratyvinis metalinis sieninis dangtelis"},"content":{"rendered":"<div class=\"prod_data\"><strong>Modelis<\/strong> FJ.JHBC.2303 <br \/><strong>EAN.<\/strong> 5907772070222 <br \/><strong>Motyvas<\/strong> Sportas <br \/><strong>Gylis (cm)<\/strong> 4 <br \/><strong>Bendras skersmuo (cm)<\/strong> 35 <br \/><strong>Med\u017eiaga<\/strong> Plienas <br \/><strong>Formos<\/strong> Apvalus <br \/><strong>Orientacijos<\/strong> Universalus <\/p>\n<p>Metalinis dekoratyvinis dangtelis, skirtas pakabinti u\u017e gaminio gale esan\u010dios ranken\u0117l\u0117s. Jis pagamintas naudojant auk\u0161\u010diausios kokyb\u0117s spaud\u0105, tod\u0117l yra atsparus \u0161viesai ir saulei. \u0160velnus kra\u0161t\u0173 i\u0161lenkimas u\u017etikrina saug\u0173 naudojim\u0105. Dangtelis papildomai padengtas laku, kuris apsaugo j\u012f nuo trinties. Metalinis dekoratyvinis dangtelis tinka tiek retro, tiek vinta\u017einiam interjerui.<\/p>\n<p>Ant gaminio yra FC BARCELONA logotipas.<\/p>\n<p>Kepur\u0117l\u0117 puikiai tiks baruose, restoranuose ar kavin\u0117se.<br \/>Metalinis dangtelis yra originali dovanos id\u0117ja sporto m\u0117g\u0117jams.<\/p>\n<\/div>\n","protected":false},"excerpt":{"rendered":"<p>Modelis FJ.JHBC.2303 EAN. 5907772070222 Motyvas Sportas Gylis (cm) 4 Bendras skersmuo (cm) 35 Med\u017eiaga Plienas Formos Apvalus Orientacijos Universalus Metalinis<\/p>\n","protected":false},"featured_media":43019,"comment_status":"open","ping_status":"closed","template":"","meta":{"_acf_changed":false,"pmpro_default_level":""},"product_brand":[],"product_cat":[206],"product_tag":[],"class_list":{"0":"post-43018","1":"product","2":"type-product","3":"status-publish","4":"has-post-thumbnail","6":"product_cat-dekoratyviniai-buteliu-kamstukai","7":"pmpro-has-access","9":"first","10":"outofstock","11":"shipping-taxable","12":"purchasable","13":"product-type-simple"},"acf":[],"yoast_head":"<!-- This site is optimized with the Yoast SEO plugin v24.9 - https:\/\/yoast.com\/wordpress\/plugins\/seo\/ -->\n<title>FC BARCELONA dekoratyvinis metalinis sieninis dangtelis - MetalTale.com<\/title>\n<meta name=\"robots\" content=\"index, follow, max-snippet:-1, max-image-preview:large, max-video-preview:-1\" \/>\n<link rel=\"canonical\" href=\"https:\/\/metaltale.com\/en\/produktas\/fc-barcelona-dekoratyvinis-metalinis-sieninis-dangtelis\/\" \/>\n<meta property=\"og:locale\" content=\"en_US\" \/>\n<meta property=\"og:type\" content=\"article\" \/>\n<meta property=\"og:title\" content=\"FC BARCELONA dekoratyvinis metalinis sieninis dangtelis - MetalTale.com\" \/>\n<meta property=\"og:description\" content=\"Modelis FJ.JHBC.2303 EAN. 5907772070222 Motyvas Sportas Gylis (cm) 4 Bendras skersmuo (cm) 35 Med\u017eiaga Plienas Formos Apvalus Orientacijos Universalus Metalinis\" \/>\n<meta property=\"og:url\" content=\"https:\/\/metaltale.com\/en\/produktas\/fc-barcelona-dekoratyvinis-metalinis-sieninis-dangtelis\/\" \/>\n<meta property=\"og:site_name\" content=\"MetalTale.com\" \/>\n<meta property=\"article:modified_time\" content=\"2024-10-31T20:03:32+00:00\" \/>\n<meta property=\"og:image\" content=\"http:\/\/metaltale.com\/wp-content\/uploads\/2023\/11\/Dekoratyviniai-butelix173-kamx161tukai-14.jpg\" \/>\n\t<meta property=\"og:image:width\" content=\"800\" \/>\n\t<meta property=\"og:image:height\" content=\"800\" \/>\n\t<meta property=\"og:image:type\" content=\"image\/jpeg\" \/>\n<meta name=\"twitter:card\" content=\"summary_large_image\" \/>\n<meta name=\"twitter:label1\" content=\"Est. reading time\" \/>\n\t<meta name=\"twitter:data1\" content=\"1 minute\" \/>\n<script type=\"application\/ld+json\" class=\"yoast-schema-graph\">{\"@context\":\"https:\/\/schema.org\",\"@graph\":[{\"@type\":\"WebPage\",\"@id\":\"https:\/\/metaltale.com\/en\/produktas\/fc-barcelona-dekoratyvinis-metalinis-sieninis-dangtelis\/\",\"url\":\"https:\/\/metaltale.com\/en\/produktas\/fc-barcelona-dekoratyvinis-metalinis-sieninis-dangtelis\/\",\"name\":\"FC BARCELONA dekoratyvinis metalinis sieninis dangtelis - MetalTale.com\",\"isPartOf\":{\"@id\":\"https:\/\/metaltale.com\/en\/#website\"},\"primaryImageOfPage\":{\"@id\":\"https:\/\/metaltale.com\/en\/produktas\/fc-barcelona-dekoratyvinis-metalinis-sieninis-dangtelis\/#primaryimage\"},\"image\":{\"@id\":\"https:\/\/metaltale.com\/en\/produktas\/fc-barcelona-dekoratyvinis-metalinis-sieninis-dangtelis\/#primaryimage\"},\"thumbnailUrl\":\"https:\/\/metaltale.com\/wp-content\/uploads\/2023\/11\/Dekoratyviniai-butelix173-kamx161tukai-14.jpg\",\"datePublished\":\"2024-02-13T13:29:04+00:00\",\"dateModified\":\"2024-10-31T20:03:32+00:00\",\"breadcrumb\":{\"@id\":\"https:\/\/metaltale.com\/en\/produktas\/fc-barcelona-dekoratyvinis-metalinis-sieninis-dangtelis\/#breadcrumb\"},\"inLanguage\":\"en-US\",\"potentialAction\":[{\"@type\":\"ReadAction\",\"target\":[\"https:\/\/metaltale.com\/en\/produktas\/fc-barcelona-dekoratyvinis-metalinis-sieninis-dangtelis\/\"]}]},{\"@type\":\"ImageObject\",\"inLanguage\":\"en-US\",\"@id\":\"https:\/\/metaltale.com\/en\/produktas\/fc-barcelona-dekoratyvinis-metalinis-sieninis-dangtelis\/#primaryimage\",\"url\":\"https:\/\/metaltale.com\/wp-content\/uploads\/2023\/11\/Dekoratyviniai-butelix173-kamx161tukai-14.jpg\",\"contentUrl\":\"https:\/\/metaltale.com\/wp-content\/uploads\/2023\/11\/Dekoratyviniai-butelix173-kamx161tukai-14.jpg\",\"width\":800,\"height\":800},{\"@type\":\"BreadcrumbList\",\"@id\":\"https:\/\/metaltale.com\/en\/produktas\/fc-barcelona-dekoratyvinis-metalinis-sieninis-dangtelis\/#breadcrumb\",\"itemListElement\":[{\"@type\":\"ListItem\",\"position\":1,\"name\":\"Home\",\"item\":\"https:\/\/metaltale.com\/en\/home-decor\/\"},{\"@type\":\"ListItem\",\"position\":2,\"name\":\"Shop\",\"item\":\"https:\/\/metaltale.com\/en\/shop\/\"},{\"@type\":\"ListItem\",\"position\":3,\"name\":\"FC BARCELONA dekoratyvinis metalinis sieninis dangtelis\"}]},{\"@type\":\"WebSite\",\"@id\":\"https:\/\/metaltale.com\/en\/#website\",\"url\":\"https:\/\/metaltale.com\/en\/\",\"name\":\"Metaltale.com\",\"description\":\"\",\"potentialAction\":[{\"@type\":\"SearchAction\",\"target\":{\"@type\":\"EntryPoint\",\"urlTemplate\":\"https:\/\/metaltale.com\/en\/?s={search_term_string}\"},\"query-input\":{\"@type\":\"PropertyValueSpecification\",\"valueRequired\":true,\"valueName\":\"search_term_string\"}}],\"inLanguage\":\"en-US\"}]}<\/script>\n<!-- \/ Yoast SEO plugin. -->","yoast_head_json":{"title":"FC BARCELONA dekoratyvinis metalinis sieninis dangtelis - MetalTale.com","robots":{"index":"index","follow":"follow","max-snippet":"max-snippet:-1","max-image-preview":"max-image-preview:large","max-video-preview":"max-video-preview:-1"},"canonical":"https:\/\/metaltale.com\/en\/produktas\/fc-barcelona-dekoratyvinis-metalinis-sieninis-dangtelis\/","og_locale":"en_US","og_type":"article","og_title":"FC BARCELONA dekoratyvinis metalinis sieninis dangtelis - MetalTale.com","og_description":"Modelis FJ.JHBC.2303 EAN. 5907772070222 Motyvas Sportas Gylis (cm) 4 Bendras skersmuo (cm) 35 Med\u017eiaga Plienas Formos Apvalus Orientacijos Universalus Metalinis","og_url":"https:\/\/metaltale.com\/en\/produktas\/fc-barcelona-dekoratyvinis-metalinis-sieninis-dangtelis\/","og_site_name":"MetalTale.com","article_modified_time":"2024-10-31T20:03:32+00:00","og_image":[{"width":800,"height":800,"url":"http:\/\/metaltale.com\/wp-content\/uploads\/2023\/11\/Dekoratyviniai-butelix173-kamx161tukai-14.jpg","type":"image\/jpeg"}],"twitter_card":"summary_large_image","twitter_misc":{"Est. reading time":"1 minute"},"schema":{"@context":"https:\/\/schema.org","@graph":[{"@type":"WebPage","@id":"https:\/\/metaltale.com\/en\/produktas\/fc-barcelona-dekoratyvinis-metalinis-sieninis-dangtelis\/","url":"https:\/\/metaltale.com\/en\/produktas\/fc-barcelona-dekoratyvinis-metalinis-sieninis-dangtelis\/","name":"FC BARCELONA dekoratyvinis metalinis sieninis dangtelis - MetalTale.com","isPartOf":{"@id":"https:\/\/metaltale.com\/en\/#website"},"primaryImageOfPage":{"@id":"https:\/\/metaltale.com\/en\/produktas\/fc-barcelona-dekoratyvinis-metalinis-sieninis-dangtelis\/#primaryimage"},"image":{"@id":"https:\/\/metaltale.com\/en\/produktas\/fc-barcelona-dekoratyvinis-metalinis-sieninis-dangtelis\/#primaryimage"},"thumbnailUrl":"https:\/\/metaltale.com\/wp-content\/uploads\/2023\/11\/Dekoratyviniai-butelix173-kamx161tukai-14.jpg","datePublished":"2024-02-13T13:29:04+00:00","dateModified":"2024-10-31T20:03:32+00:00","breadcrumb":{"@id":"https:\/\/metaltale.com\/en\/produktas\/fc-barcelona-dekoratyvinis-metalinis-sieninis-dangtelis\/#breadcrumb"},"inLanguage":"en-US","potentialAction":[{"@type":"ReadAction","target":["https:\/\/metaltale.com\/en\/produktas\/fc-barcelona-dekoratyvinis-metalinis-sieninis-dangtelis\/"]}]},{"@type":"ImageObject","inLanguage":"en-US","@id":"https:\/\/metaltale.com\/en\/produktas\/fc-barcelona-dekoratyvinis-metalinis-sieninis-dangtelis\/#primaryimage","url":"https:\/\/metaltale.com\/wp-content\/uploads\/2023\/11\/Dekoratyviniai-butelix173-kamx161tukai-14.jpg","contentUrl":"https:\/\/metaltale.com\/wp-content\/uploads\/2023\/11\/Dekoratyviniai-butelix173-kamx161tukai-14.jpg","width":800,"height":800},{"@type":"BreadcrumbList","@id":"https:\/\/metaltale.com\/en\/produktas\/fc-barcelona-dekoratyvinis-metalinis-sieninis-dangtelis\/#breadcrumb","itemListElement":[{"@type":"ListItem","position":1,"name":"Home","item":"https:\/\/metaltale.com\/en\/home-decor\/"},{"@type":"ListItem","position":2,"name":"Shop","item":"https:\/\/metaltale.com\/en\/shop\/"},{"@type":"ListItem","position":3,"name":"FC BARCELONA dekoratyvinis metalinis sieninis dangtelis"}]},{"@type":"WebSite","@id":"https:\/\/metaltale.com\/en\/#website","url":"https:\/\/metaltale.com\/en\/","name":"Metaltale.com","description":"","potentialAction":[{"@type":"SearchAction","target":{"@type":"EntryPoint","urlTemplate":"https:\/\/metaltale.com\/en\/?s={search_term_string}"},"query-input":{"@type":"PropertyValueSpecification","valueRequired":true,"valueName":"search_term_string"}}],"inLanguage":"en-US"}]}},"_links":{"self":[{"href":"https:\/\/metaltale.com\/en\/wp-json\/wp\/v2\/product\/43018","targetHints":{"allow":["GET"]}}],"collection":[{"href":"https:\/\/metaltale.com\/en\/wp-json\/wp\/v2\/product"}],"about":[{"href":"https:\/\/metaltale.com\/en\/wp-json\/wp\/v2\/types\/product"}],"replies":[{"embeddable":true,"href":"https:\/\/metaltale.com\/en\/wp-json\/wp\/v2\/comments?post=43018"}],"version-history":[{"count":2,"href":"https:\/\/metaltale.com\/en\/wp-json\/wp\/v2\/product\/43018\/revisions"}],"predecessor-version":[{"id":46735,"href":"https:\/\/metaltale.com\/en\/wp-json\/wp\/v2\/product\/43018\/revisions\/46735"}],"wp:featuredmedia":[{"embeddable":true,"href":"https:\/\/metaltale.com\/en\/wp-json\/wp\/v2\/media\/43019"}],"wp:attachment":[{"href":"https:\/\/metaltale.com\/en\/wp-json\/wp\/v2\/media?parent=43018"}],"wp:term":[{"taxonomy":"product_brand","embeddable":true,"href":"https:\/\/metaltale.com\/en\/wp-json\/wp\/v2\/product_brand?post=43018"},{"taxonomy":"product_cat","embeddable":true,"href":"https:\/\/metaltale.com\/en\/wp-json\/wp\/v2\/product_cat?post=43018"},{"taxonomy":"product_tag","embeddable":true,"href":"https:\/\/metaltale.com\/en\/wp-json\/wp\/v2\/product_tag?post=43018"}],"curies":[{"name":"wp","href":"https:\/\/api.w.org\/{rel}","templated":true}]}}