{"id":140493,"date":"2024-01-27T08:05:05","date_gmt":"2024-01-27T06:05:05","guid":{"rendered":"https:\/\/metaltale.com\/produktas\/wooden-sliding-doors-in-oak-szpros\/"},"modified":"2024-01-27T08:05:05","modified_gmt":"2024-01-27T06:05:05","slug":"wooden-sliding-doors-in-oak-szpros","status":"publish","type":"product","link":"https:\/\/metaltale.com\/en\/product\/wooden-sliding-doors-in-oak-szpros\/","title":{"rendered":"Wooden sliding doors in oak SZPROS"},"content":{"rendered":"<div class=\"prod_data\">Model SZS <br \/>Material Oak wood, Steel, Glass <br \/>Thickness (cm) 3.2 <br \/>Overall height (cm) 210 <br \/>Overall width (cm) 100 <br \/><strong>Glass type<\/strong> Toughened  <br \/><strong>Finish<\/strong> Oiled, untreated  <br \/>ADDITIONAL INFORMATION The offer is for one door panel only and does not include the sliding system and other accessories. <\/p>\n<hr>\n<p>&#8211; sliding doors made of wood, steel and glass<br \/>&#8211; The glued oak frame (usually made of two boards) ensures the stability of the sash<br \/>&#8211; the metal grille is a decorative element and also supports the glass panels<br \/>&#8211; two tempered glass units with the joint masked by a horizontal muntin strip<br \/>&#8211; slight cracks and knots in the oak carcass due to the nature of the raw material<br \/>&#8211; the door design allows the use of almost any sliding door system<br \/>&#8211; model without bottom profile<br \/>&#8211; the offer applies to the door leaf only and does not include the sliding system or other accessories<br \/>&#8211; For the bottom guides that match the model we offer, see &#8220;Related Products&#8221; below<\/p>\n<hr>\n<p>How to transform a classic interior by combining modernity, loft and classics? The answer is Szpros &#8211; an oak sliding door with a wooden frame made of glued planks surrounded by toughened glass and&#8230; Spros. The robust and reliable construction guarantees trouble-free use for decades, while the toughened glass is synonymous with safety. The stylish combination of wood, glass and metal has a timeless character. Loft interiors get a touch of warmth from the natural raw material &#8211; oak wood. Modern arrangements are given a touch of classical elegance. Safe and subdued rooms &#8211; a touch of modernity and subtle industrial flair. The shallow cracks and knots &#8211; characteristic of natural wood &#8211; are an asset of oak products. Sliding glass doors may not be suitable for the bathroom, but they are certainly a great way to separate the dining room from the kitchen or the designer wardrobe from the bedroom. The model presents exceptionally well<\/p>\n<hr>\n<p>**The offer is for doors only and does not include the sliding system and other accessories.<\/p>\n<\/div>\n","protected":false},"excerpt":{"rendered":"<p>Model SZS Material Oak wood, Steel, Glass Thickness (cm) 3.2 Overall height (cm) 210 Overall width (cm) 100 Glass type<\/p>\n","protected":false},"featured_media":142749,"comment_status":"open","ping_status":"closed","template":"","meta":{"_acf_changed":false,"pmpro_default_level":""},"product_brand":[],"product_cat":[23926,23935,23919,23925],"product_tag":[],"class_list":{"0":"post-140493","1":"product","2":"type-product","3":"status-publish","4":"has-post-thumbnail","6":"product_cat-glass-sliding-doors","7":"product_cat-oak-sliding-doors","8":"product_cat-sliding-door-systems","9":"product_cat-sliding-doors-en","10":"pmpro-has-access","12":"first","13":"instock","14":"shipping-taxable","15":"purchasable","16":"product-type-variable"},"acf":[],"yoast_head":"<!-- This site is optimized with the Yoast SEO plugin v24.9 - https:\/\/yoast.com\/wordpress\/plugins\/seo\/ -->\n<title>Wooden sliding doors in oak SZPROS - MetalTale.com<\/title>\n<meta name=\"robots\" content=\"index, follow, max-snippet:-1, max-image-preview:large, max-video-preview:-1\" \/>\n<link rel=\"canonical\" href=\"https:\/\/metaltale.com\/en\/product\/wooden-sliding-doors-in-oak-szpros\/\" \/>\n<meta property=\"og:locale\" content=\"en_US\" \/>\n<meta property=\"og:type\" content=\"article\" \/>\n<meta property=\"og:title\" content=\"Wooden sliding doors in oak SZPROS - MetalTale.com\" \/>\n<meta property=\"og:description\" content=\"Model SZS Material Oak wood, Steel, Glass Thickness (cm) 3.2 Overall height (cm) 210 Overall width (cm) 100 Glass type\" \/>\n<meta property=\"og:url\" content=\"https:\/\/metaltale.com\/en\/product\/wooden-sliding-doors-in-oak-szpros\/\" \/>\n<meta property=\"og:site_name\" content=\"MetalTale.com\" \/>\n<meta property=\"og:image\" content=\"http:\/\/metaltale.com\/wp-content\/uploads\/2024\/01\/drzwi-przesuwne-drewniane-do-salonu-8436.jpg\" \/>\n\t<meta property=\"og:image:width\" content=\"800\" \/>\n\t<meta property=\"og:image:height\" content=\"800\" \/>\n\t<meta property=\"og:image:type\" content=\"image\/jpeg\" \/>\n<meta name=\"twitter:card\" content=\"summary_large_image\" \/>\n<meta name=\"twitter:label1\" content=\"Est. reading time\" \/>\n\t<meta name=\"twitter:data1\" content=\"2 minutes\" \/>\n<script type=\"application\/ld+json\" class=\"yoast-schema-graph\">{\"@context\":\"https:\/\/schema.org\",\"@graph\":[{\"@type\":\"WebPage\",\"@id\":\"https:\/\/metaltale.com\/en\/product\/wooden-sliding-doors-in-oak-szpros\/\",\"url\":\"https:\/\/metaltale.com\/en\/product\/wooden-sliding-doors-in-oak-szpros\/\",\"name\":\"Wooden sliding doors in oak SZPROS - MetalTale.com\",\"isPartOf\":{\"@id\":\"https:\/\/metaltale.com\/en\/#website\"},\"primaryImageOfPage\":{\"@id\":\"https:\/\/metaltale.com\/en\/product\/wooden-sliding-doors-in-oak-szpros\/#primaryimage\"},\"image\":{\"@id\":\"https:\/\/metaltale.com\/en\/product\/wooden-sliding-doors-in-oak-szpros\/#primaryimage\"},\"thumbnailUrl\":\"https:\/\/metaltale.com\/wp-content\/uploads\/2024\/01\/drzwi-przesuwne-drewniane-do-salonu-8436.jpg\",\"datePublished\":\"2024-01-27T06:05:05+00:00\",\"breadcrumb\":{\"@id\":\"https:\/\/metaltale.com\/en\/product\/wooden-sliding-doors-in-oak-szpros\/#breadcrumb\"},\"inLanguage\":\"en-US\",\"potentialAction\":[{\"@type\":\"ReadAction\",\"target\":[\"https:\/\/metaltale.com\/en\/product\/wooden-sliding-doors-in-oak-szpros\/\"]}]},{\"@type\":\"ImageObject\",\"inLanguage\":\"en-US\",\"@id\":\"https:\/\/metaltale.com\/en\/product\/wooden-sliding-doors-in-oak-szpros\/#primaryimage\",\"url\":\"https:\/\/metaltale.com\/wp-content\/uploads\/2024\/01\/drzwi-przesuwne-drewniane-do-salonu-8436.jpg\",\"contentUrl\":\"https:\/\/metaltale.com\/wp-content\/uploads\/2024\/01\/drzwi-przesuwne-drewniane-do-salonu-8436.jpg\",\"width\":800,\"height\":800,\"caption\":\"\u0104\u017euolin\u0119s stiklin\u0117s stumdomos durys SZPROS ruda alyva\"},{\"@type\":\"BreadcrumbList\",\"@id\":\"https:\/\/metaltale.com\/en\/product\/wooden-sliding-doors-in-oak-szpros\/#breadcrumb\",\"itemListElement\":[{\"@type\":\"ListItem\",\"position\":1,\"name\":\"Home\",\"item\":\"https:\/\/metaltale.com\/en\/home-decor\/\"},{\"@type\":\"ListItem\",\"position\":2,\"name\":\"Shop\",\"item\":\"https:\/\/metaltale.com\/en\/shop\/\"},{\"@type\":\"ListItem\",\"position\":3,\"name\":\"Wooden sliding doors in oak SZPROS\"}]},{\"@type\":\"WebSite\",\"@id\":\"https:\/\/metaltale.com\/en\/#website\",\"url\":\"https:\/\/metaltale.com\/en\/\",\"name\":\"Metaltale.com\",\"description\":\"\",\"potentialAction\":[{\"@type\":\"SearchAction\",\"target\":{\"@type\":\"EntryPoint\",\"urlTemplate\":\"https:\/\/metaltale.com\/en\/?s={search_term_string}\"},\"query-input\":{\"@type\":\"PropertyValueSpecification\",\"valueRequired\":true,\"valueName\":\"search_term_string\"}}],\"inLanguage\":\"en-US\"}]}<\/script>\n<!-- \/ Yoast SEO plugin. -->","yoast_head_json":{"title":"Wooden sliding doors in oak SZPROS - MetalTale.com","robots":{"index":"index","follow":"follow","max-snippet":"max-snippet:-1","max-image-preview":"max-image-preview:large","max-video-preview":"max-video-preview:-1"},"canonical":"https:\/\/metaltale.com\/en\/product\/wooden-sliding-doors-in-oak-szpros\/","og_locale":"en_US","og_type":"article","og_title":"Wooden sliding doors in oak SZPROS - MetalTale.com","og_description":"Model SZS Material Oak wood, Steel, Glass Thickness (cm) 3.2 Overall height (cm) 210 Overall width (cm) 100 Glass type","og_url":"https:\/\/metaltale.com\/en\/product\/wooden-sliding-doors-in-oak-szpros\/","og_site_name":"MetalTale.com","og_image":[{"width":800,"height":800,"url":"http:\/\/metaltale.com\/wp-content\/uploads\/2024\/01\/drzwi-przesuwne-drewniane-do-salonu-8436.jpg","type":"image\/jpeg"}],"twitter_card":"summary_large_image","twitter_misc":{"Est. reading time":"2 minutes"},"schema":{"@context":"https:\/\/schema.org","@graph":[{"@type":"WebPage","@id":"https:\/\/metaltale.com\/en\/product\/wooden-sliding-doors-in-oak-szpros\/","url":"https:\/\/metaltale.com\/en\/product\/wooden-sliding-doors-in-oak-szpros\/","name":"Wooden sliding doors in oak SZPROS - MetalTale.com","isPartOf":{"@id":"https:\/\/metaltale.com\/en\/#website"},"primaryImageOfPage":{"@id":"https:\/\/metaltale.com\/en\/product\/wooden-sliding-doors-in-oak-szpros\/#primaryimage"},"image":{"@id":"https:\/\/metaltale.com\/en\/product\/wooden-sliding-doors-in-oak-szpros\/#primaryimage"},"thumbnailUrl":"https:\/\/metaltale.com\/wp-content\/uploads\/2024\/01\/drzwi-przesuwne-drewniane-do-salonu-8436.jpg","datePublished":"2024-01-27T06:05:05+00:00","breadcrumb":{"@id":"https:\/\/metaltale.com\/en\/product\/wooden-sliding-doors-in-oak-szpros\/#breadcrumb"},"inLanguage":"en-US","potentialAction":[{"@type":"ReadAction","target":["https:\/\/metaltale.com\/en\/product\/wooden-sliding-doors-in-oak-szpros\/"]}]},{"@type":"ImageObject","inLanguage":"en-US","@id":"https:\/\/metaltale.com\/en\/product\/wooden-sliding-doors-in-oak-szpros\/#primaryimage","url":"https:\/\/metaltale.com\/wp-content\/uploads\/2024\/01\/drzwi-przesuwne-drewniane-do-salonu-8436.jpg","contentUrl":"https:\/\/metaltale.com\/wp-content\/uploads\/2024\/01\/drzwi-przesuwne-drewniane-do-salonu-8436.jpg","width":800,"height":800,"caption":"\u0104\u017euolin\u0119s stiklin\u0117s stumdomos durys SZPROS ruda alyva"},{"@type":"BreadcrumbList","@id":"https:\/\/metaltale.com\/en\/product\/wooden-sliding-doors-in-oak-szpros\/#breadcrumb","itemListElement":[{"@type":"ListItem","position":1,"name":"Home","item":"https:\/\/metaltale.com\/en\/home-decor\/"},{"@type":"ListItem","position":2,"name":"Shop","item":"https:\/\/metaltale.com\/en\/shop\/"},{"@type":"ListItem","position":3,"name":"Wooden sliding doors in oak SZPROS"}]},{"@type":"WebSite","@id":"https:\/\/metaltale.com\/en\/#website","url":"https:\/\/metaltale.com\/en\/","name":"Metaltale.com","description":"","potentialAction":[{"@type":"SearchAction","target":{"@type":"EntryPoint","urlTemplate":"https:\/\/metaltale.com\/en\/?s={search_term_string}"},"query-input":{"@type":"PropertyValueSpecification","valueRequired":true,"valueName":"search_term_string"}}],"inLanguage":"en-US"}]}},"_links":{"self":[{"href":"https:\/\/metaltale.com\/en\/wp-json\/wp\/v2\/product\/140493","targetHints":{"allow":["GET"]}}],"collection":[{"href":"https:\/\/metaltale.com\/en\/wp-json\/wp\/v2\/product"}],"about":[{"href":"https:\/\/metaltale.com\/en\/wp-json\/wp\/v2\/types\/product"}],"replies":[{"embeddable":true,"href":"https:\/\/metaltale.com\/en\/wp-json\/wp\/v2\/comments?post=140493"}],"version-history":[{"count":0,"href":"https:\/\/metaltale.com\/en\/wp-json\/wp\/v2\/product\/140493\/revisions"}],"wp:featuredmedia":[{"embeddable":true,"href":"https:\/\/metaltale.com\/en\/wp-json\/wp\/v2\/media\/142749"}],"wp:attachment":[{"href":"https:\/\/metaltale.com\/en\/wp-json\/wp\/v2\/media?parent=140493"}],"wp:term":[{"taxonomy":"product_brand","embeddable":true,"href":"https:\/\/metaltale.com\/en\/wp-json\/wp\/v2\/product_brand?post=140493"},{"taxonomy":"product_cat","embeddable":true,"href":"https:\/\/metaltale.com\/en\/wp-json\/wp\/v2\/product_cat?post=140493"},{"taxonomy":"product_tag","embeddable":true,"href":"https:\/\/metaltale.com\/en\/wp-json\/wp\/v2\/product_tag?post=140493"}],"curies":[{"name":"wp","href":"https:\/\/api.w.org\/{rel}","templated":true}]}}