{"id":139117,"date":"2024-02-13T13:53:38","date_gmt":"2024-02-13T11:53:38","guid":{"rendered":"https:\/\/metaltale.com\/produktas\/fabric-wooden-sliding-doors-with-steel-frames-2\/"},"modified":"2024-02-13T13:53:38","modified_gmt":"2024-02-13T11:53:38","slug":"fabric-wooden-sliding-doors-with-steel-frames-2","status":"publish","type":"product","link":"https:\/\/metaltale.com\/en\/product\/fabric-wooden-sliding-doors-with-steel-frames-2\/","title":{"rendered":"FABRIC wooden sliding doors with steel frames"},"content":{"rendered":"<div class=\"prod_data\"><strong>Model<\/strong> FOR. DRZ.2Z  <br \/><strong>EAN.<\/strong>  5907772071069  <br \/>Material Pine wood, Steel <br \/>Thickness (cm) 4 <br \/>Overall height (cm) 210 <br \/>Overall width (cm) 100 <br \/><strong>Weight (kg)<\/strong> 37  <br \/><strong>Finish<\/strong> Unfinished \/ painted  <br \/>ADDITIONAL INFORMATION The offer is for one door panel only and does not include the sliding system and other accessories. <\/p>\n<hr>\n<p>The Fabric sliding door is for those who appreciate the simplicity of concrete.<\/p>\n<p>Fabric doors are made of pine, with their massive planks arranged vertically and the outer half of the door inside the frame forming an asymmetrical composition, creating a precise and decisive composition that will delight any user. The door surface, with its perceptible wood grain, adds character and solidity, while the texture and knots visible on the planks emphasise the natural texture of the wood.<\/p>\n<p>The Fabric sliding door is constructed with a steel frame made of two corner brackets surrounding 20&#215;20 mm boards. The inner side of the sliding door is secured with flat bars with visible welds and rivets to unify the structure. In addition, the frame has a visible sanding that gives the door an original and unique look. The way the individual elements are arranged prevents the door from warping.<\/p>\n<p>Fabric wooden sliding doors add a unique and original character to your interior, are practical and easy to install, have a decorative function, and their robust construction ensures that they can be used for many years.<\/p>\n<p>Wooden fabric doors are suitable for any interior, from modern to traditional rustic, industrial or loft style.<\/p>\n<p>The standard door size is 100 cm x 210 cm, 4 cm thick and supplied untreated.<br \/>The versatility of the Fabric Sliding Door makes it ideal for doorways of 70 cm, 80 cm and 90 cm.<\/p>\n<p>Bottom guides suitable for FABRIC sliding doors can be found under the Related Products tab below.<\/p>\n<p>*A product that is painted and\/or manufactured in a size other than 100&#215;210 cm is a non-standard product and cannot be returned in accordance with Article 38(3) of the Consumer Rights Act.<\/p>\n<hr>\n<p>**The offer is for doors only and does not include sliding system and other accessories.<br \/>***Please note that this model cannot be used with hinged sliding door systems (&#8220;Vintage&#8221;, &#8220;Wheel On Hanger&#8221;).<\/p>\n<hr>\n<\/div>\n","protected":false},"excerpt":{"rendered":"<p>Model FOR. DRZ.2Z EAN. 5907772071069 Material Pine wood, Steel Thickness (cm) 4 Overall height (cm) 210 Overall width (cm) 100<\/p>\n","protected":false},"featured_media":142577,"comment_status":"open","ping_status":"closed","template":"","meta":{"_acf_changed":false,"pmpro_default_level":""},"product_brand":[],"product_cat":[23919,23925,23936],"product_tag":[],"class_list":{"0":"post-139117","1":"product","2":"type-product","3":"status-publish","4":"has-post-thumbnail","6":"product_cat-sliding-door-systems","7":"product_cat-sliding-doors-en","8":"product_cat-sliding-doors-in-metal-frame","9":"pmpro-has-access","11":"first","12":"instock","13":"shipping-taxable","14":"purchasable","15":"product-type-simple"},"acf":[],"yoast_head":"<!-- This site is optimized with the Yoast SEO plugin v24.9 - https:\/\/yoast.com\/wordpress\/plugins\/seo\/ -->\n<title>FABRIC wooden sliding doors with steel frames - MetalTale.com<\/title>\n<meta name=\"robots\" content=\"index, follow, max-snippet:-1, max-image-preview:large, max-video-preview:-1\" \/>\n<link rel=\"canonical\" href=\"https:\/\/metaltale.com\/en\/product\/fabric-wooden-sliding-doors-with-steel-frames-2\/\" \/>\n<meta property=\"og:locale\" content=\"en_US\" \/>\n<meta property=\"og:type\" content=\"article\" \/>\n<meta property=\"og:title\" content=\"FABRIC wooden sliding doors with steel frames - MetalTale.com\" \/>\n<meta property=\"og:description\" content=\"Model FOR. DRZ.2Z EAN. 5907772071069 Material Pine wood, Steel Thickness (cm) 4 Overall height (cm) 210 Overall width (cm) 100\" \/>\n<meta property=\"og:url\" content=\"https:\/\/metaltale.com\/en\/product\/fabric-wooden-sliding-doors-with-steel-frames-2\/\" \/>\n<meta property=\"og:site_name\" content=\"MetalTale.com\" \/>\n<meta property=\"og:image\" content=\"http:\/\/metaltale.com\/wp-content\/uploads\/2024\/02\/sosnowe-drzwi-811_1_1.jpg\" \/>\n\t<meta property=\"og:image:width\" content=\"800\" \/>\n\t<meta property=\"og:image:height\" content=\"800\" \/>\n\t<meta property=\"og:image:type\" content=\"image\/jpeg\" \/>\n<meta name=\"twitter:card\" content=\"summary_large_image\" \/>\n<meta name=\"twitter:label1\" content=\"Est. reading time\" \/>\n\t<meta name=\"twitter:data1\" content=\"2 minutes\" \/>\n<script type=\"application\/ld+json\" class=\"yoast-schema-graph\">{\"@context\":\"https:\/\/schema.org\",\"@graph\":[{\"@type\":\"WebPage\",\"@id\":\"https:\/\/metaltale.com\/en\/product\/fabric-wooden-sliding-doors-with-steel-frames-2\/\",\"url\":\"https:\/\/metaltale.com\/en\/product\/fabric-wooden-sliding-doors-with-steel-frames-2\/\",\"name\":\"FABRIC wooden sliding doors with steel frames - MetalTale.com\",\"isPartOf\":{\"@id\":\"https:\/\/metaltale.com\/en\/#website\"},\"primaryImageOfPage\":{\"@id\":\"https:\/\/metaltale.com\/en\/product\/fabric-wooden-sliding-doors-with-steel-frames-2\/#primaryimage\"},\"image\":{\"@id\":\"https:\/\/metaltale.com\/en\/product\/fabric-wooden-sliding-doors-with-steel-frames-2\/#primaryimage\"},\"thumbnailUrl\":\"https:\/\/metaltale.com\/wp-content\/uploads\/2024\/02\/sosnowe-drzwi-811_1_1.jpg\",\"datePublished\":\"2024-02-13T11:53:38+00:00\",\"breadcrumb\":{\"@id\":\"https:\/\/metaltale.com\/en\/product\/fabric-wooden-sliding-doors-with-steel-frames-2\/#breadcrumb\"},\"inLanguage\":\"en-US\",\"potentialAction\":[{\"@type\":\"ReadAction\",\"target\":[\"https:\/\/metaltale.com\/en\/product\/fabric-wooden-sliding-doors-with-steel-frames-2\/\"]}]},{\"@type\":\"ImageObject\",\"inLanguage\":\"en-US\",\"@id\":\"https:\/\/metaltale.com\/en\/product\/fabric-wooden-sliding-doors-with-steel-frames-2\/#primaryimage\",\"url\":\"https:\/\/metaltale.com\/wp-content\/uploads\/2024\/02\/sosnowe-drzwi-811_1_1.jpg\",\"contentUrl\":\"https:\/\/metaltale.com\/wp-content\/uploads\/2024\/02\/sosnowe-drzwi-811_1_1.jpg\",\"width\":800,\"height\":800,\"caption\":\"Pu\u0161in\u0117s stumdomos durys su plieniniais r\u0117mais FABRIC sendintos rudos\"},{\"@type\":\"BreadcrumbList\",\"@id\":\"https:\/\/metaltale.com\/en\/product\/fabric-wooden-sliding-doors-with-steel-frames-2\/#breadcrumb\",\"itemListElement\":[{\"@type\":\"ListItem\",\"position\":1,\"name\":\"Home\",\"item\":\"https:\/\/metaltale.com\/en\/home-decor\/\"},{\"@type\":\"ListItem\",\"position\":2,\"name\":\"Shop\",\"item\":\"https:\/\/metaltale.com\/en\/shop\/\"},{\"@type\":\"ListItem\",\"position\":3,\"name\":\"FABRIC wooden sliding doors with steel frames\"}]},{\"@type\":\"WebSite\",\"@id\":\"https:\/\/metaltale.com\/en\/#website\",\"url\":\"https:\/\/metaltale.com\/en\/\",\"name\":\"Metaltale.com\",\"description\":\"\",\"potentialAction\":[{\"@type\":\"SearchAction\",\"target\":{\"@type\":\"EntryPoint\",\"urlTemplate\":\"https:\/\/metaltale.com\/en\/?s={search_term_string}\"},\"query-input\":{\"@type\":\"PropertyValueSpecification\",\"valueRequired\":true,\"valueName\":\"search_term_string\"}}],\"inLanguage\":\"en-US\"}]}<\/script>\n<!-- \/ Yoast SEO plugin. -->","yoast_head_json":{"title":"FABRIC wooden sliding doors with steel frames - MetalTale.com","robots":{"index":"index","follow":"follow","max-snippet":"max-snippet:-1","max-image-preview":"max-image-preview:large","max-video-preview":"max-video-preview:-1"},"canonical":"https:\/\/metaltale.com\/en\/product\/fabric-wooden-sliding-doors-with-steel-frames-2\/","og_locale":"en_US","og_type":"article","og_title":"FABRIC wooden sliding doors with steel frames - MetalTale.com","og_description":"Model FOR. DRZ.2Z EAN. 5907772071069 Material Pine wood, Steel Thickness (cm) 4 Overall height (cm) 210 Overall width (cm) 100","og_url":"https:\/\/metaltale.com\/en\/product\/fabric-wooden-sliding-doors-with-steel-frames-2\/","og_site_name":"MetalTale.com","og_image":[{"width":800,"height":800,"url":"http:\/\/metaltale.com\/wp-content\/uploads\/2024\/02\/sosnowe-drzwi-811_1_1.jpg","type":"image\/jpeg"}],"twitter_card":"summary_large_image","twitter_misc":{"Est. reading time":"2 minutes"},"schema":{"@context":"https:\/\/schema.org","@graph":[{"@type":"WebPage","@id":"https:\/\/metaltale.com\/en\/product\/fabric-wooden-sliding-doors-with-steel-frames-2\/","url":"https:\/\/metaltale.com\/en\/product\/fabric-wooden-sliding-doors-with-steel-frames-2\/","name":"FABRIC wooden sliding doors with steel frames - MetalTale.com","isPartOf":{"@id":"https:\/\/metaltale.com\/en\/#website"},"primaryImageOfPage":{"@id":"https:\/\/metaltale.com\/en\/product\/fabric-wooden-sliding-doors-with-steel-frames-2\/#primaryimage"},"image":{"@id":"https:\/\/metaltale.com\/en\/product\/fabric-wooden-sliding-doors-with-steel-frames-2\/#primaryimage"},"thumbnailUrl":"https:\/\/metaltale.com\/wp-content\/uploads\/2024\/02\/sosnowe-drzwi-811_1_1.jpg","datePublished":"2024-02-13T11:53:38+00:00","breadcrumb":{"@id":"https:\/\/metaltale.com\/en\/product\/fabric-wooden-sliding-doors-with-steel-frames-2\/#breadcrumb"},"inLanguage":"en-US","potentialAction":[{"@type":"ReadAction","target":["https:\/\/metaltale.com\/en\/product\/fabric-wooden-sliding-doors-with-steel-frames-2\/"]}]},{"@type":"ImageObject","inLanguage":"en-US","@id":"https:\/\/metaltale.com\/en\/product\/fabric-wooden-sliding-doors-with-steel-frames-2\/#primaryimage","url":"https:\/\/metaltale.com\/wp-content\/uploads\/2024\/02\/sosnowe-drzwi-811_1_1.jpg","contentUrl":"https:\/\/metaltale.com\/wp-content\/uploads\/2024\/02\/sosnowe-drzwi-811_1_1.jpg","width":800,"height":800,"caption":"Pu\u0161in\u0117s stumdomos durys su plieniniais r\u0117mais FABRIC sendintos rudos"},{"@type":"BreadcrumbList","@id":"https:\/\/metaltale.com\/en\/product\/fabric-wooden-sliding-doors-with-steel-frames-2\/#breadcrumb","itemListElement":[{"@type":"ListItem","position":1,"name":"Home","item":"https:\/\/metaltale.com\/en\/home-decor\/"},{"@type":"ListItem","position":2,"name":"Shop","item":"https:\/\/metaltale.com\/en\/shop\/"},{"@type":"ListItem","position":3,"name":"FABRIC wooden sliding doors with steel frames"}]},{"@type":"WebSite","@id":"https:\/\/metaltale.com\/en\/#website","url":"https:\/\/metaltale.com\/en\/","name":"Metaltale.com","description":"","potentialAction":[{"@type":"SearchAction","target":{"@type":"EntryPoint","urlTemplate":"https:\/\/metaltale.com\/en\/?s={search_term_string}"},"query-input":{"@type":"PropertyValueSpecification","valueRequired":true,"valueName":"search_term_string"}}],"inLanguage":"en-US"}]}},"_links":{"self":[{"href":"https:\/\/metaltale.com\/en\/wp-json\/wp\/v2\/product\/139117","targetHints":{"allow":["GET"]}}],"collection":[{"href":"https:\/\/metaltale.com\/en\/wp-json\/wp\/v2\/product"}],"about":[{"href":"https:\/\/metaltale.com\/en\/wp-json\/wp\/v2\/types\/product"}],"replies":[{"embeddable":true,"href":"https:\/\/metaltale.com\/en\/wp-json\/wp\/v2\/comments?post=139117"}],"version-history":[{"count":0,"href":"https:\/\/metaltale.com\/en\/wp-json\/wp\/v2\/product\/139117\/revisions"}],"wp:featuredmedia":[{"embeddable":true,"href":"https:\/\/metaltale.com\/en\/wp-json\/wp\/v2\/media\/142577"}],"wp:attachment":[{"href":"https:\/\/metaltale.com\/en\/wp-json\/wp\/v2\/media?parent=139117"}],"wp:term":[{"taxonomy":"product_brand","embeddable":true,"href":"https:\/\/metaltale.com\/en\/wp-json\/wp\/v2\/product_brand?post=139117"},{"taxonomy":"product_cat","embeddable":true,"href":"https:\/\/metaltale.com\/en\/wp-json\/wp\/v2\/product_cat?post=139117"},{"taxonomy":"product_tag","embeddable":true,"href":"https:\/\/metaltale.com\/en\/wp-json\/wp\/v2\/product_tag?post=139117"}],"curies":[{"name":"wp","href":"https:\/\/api.w.org\/{rel}","templated":true}]}}