{"id":139086,"date":"2024-02-13T13:53:38","date_gmt":"2024-02-13T11:53:38","guid":{"rendered":"https:\/\/metaltale.com\/produktas\/wooden-sliding-door-in-steel-frame-zet\/"},"modified":"2024-02-13T13:53:38","modified_gmt":"2024-02-13T11:53:38","slug":"wooden-sliding-door-in-steel-frame-zet","status":"publish","type":"product","link":"https:\/\/metaltale.com\/en\/product\/wooden-sliding-door-in-steel-frame-zet\/","title":{"rendered":"Wooden sliding door in steel frame ZET"},"content":{"rendered":"<div class=\"prod_data\"><strong>Model<\/strong> FOR. DRZ.1ZS  <br \/>Material Pine wood, Steel <br \/>Thickness (cm) 4 <br \/>Overall height (cm) 210 <br \/>Overall width (cm) 100 <br \/><strong>Weight (kg)<\/strong> 37  <br \/><strong>Finish<\/strong> Unfinished \/ painted  <br \/>ADDITIONAL INFORMATION The offer is for one door panel only and does not include the sliding system and other accessories. <\/p>\n<hr>\n<p>The Z sliding door is an offer for those who appreciate simplicity in concrete.<\/p>\n<p>Sliding door Z is made of pine. The massive planks are arranged vertically and the outer side of the door is made up of planks that form a Z in the frame. The whole is a precise and decisive layout that will delight every user. The door surface, with its perceptible wood grain, adds character and solidity, while the rings and knots visible on the boards emphasise the natural texture of the wood.<\/p>\n<p>The Z sliding door is constructed with a steel frame made of a closed profile 20&#215;20 mm. The inner side of the sliding door is fixed with flat bars with visible welds and rivets to unify the structure. In addition, the frame has a visible sanding that gives the door an original and unique look. The way the individual elements are arranged prevents the door from warping.<\/p>\n<p>Wooden Z-shaped sliding doors add uniqueness and originality to interiors, are practical, easy to install and have a decorative function. Their robust construction ensures that they can be used for many years.<\/p>\n<p>Wooden Z-shaped doors fit into any interior, from modern to traditional country, industrial or loft style.<\/p>\n<p>The standard door size is 100 cm x 210 cm, 4 cm thick and supplied untreated.<br \/>Thanks to its versatility, the Z sliding door is ideal for doorways of 70 cm, 80 cm and 90 cm.<\/p>\n<p>Bottom guides suitable for ZET sliding doors can be found under &#8220;Related Products&#8221; below<\/p>\n<p>*According to Article 38 of the Consumer Rights Act. 3 p. a product dyed and\/or manufactured in a size other than 100&#215;210 cm is a non-standard product and is non-returnable.<\/p>\n<hr>\n<p>**The offer is for doors only and does not include sliding system and other accessories.<br \/>***Please note that this model cannot be used with hinged sliding door systems (&#8220;Vintage&#8221;, &#8220;Wheel On Hanger&#8221;).<\/p>\n<hr>\n<\/div>\n","protected":false},"excerpt":{"rendered":"<p>Model FOR. DRZ.1ZS Material Pine wood, Steel Thickness (cm) 4 Overall height (cm) 210 Overall width (cm) 100 Weight (kg)<\/p>\n","protected":false},"featured_media":142603,"comment_status":"open","ping_status":"closed","template":"","meta":{"_acf_changed":false,"pmpro_default_level":""},"product_brand":[],"product_cat":[23919,23925,23936],"product_tag":[],"class_list":{"0":"post-139086","1":"product","2":"type-product","3":"status-publish","4":"has-post-thumbnail","6":"product_cat-sliding-door-systems","7":"product_cat-sliding-doors-en","8":"product_cat-sliding-doors-in-metal-frame","9":"pmpro-has-access","11":"first","12":"instock","13":"shipping-taxable","14":"purchasable","15":"product-type-simple"},"acf":[],"yoast_head":"<!-- This site is optimized with the Yoast SEO plugin v24.9 - https:\/\/yoast.com\/wordpress\/plugins\/seo\/ -->\n<title>Wooden sliding door in steel frame ZET - MetalTale.com<\/title>\n<meta name=\"robots\" content=\"index, follow, max-snippet:-1, max-image-preview:large, max-video-preview:-1\" \/>\n<link rel=\"canonical\" href=\"https:\/\/metaltale.com\/en\/product\/wooden-sliding-door-in-steel-frame-zet\/\" \/>\n<meta property=\"og:locale\" content=\"en_US\" \/>\n<meta property=\"og:type\" content=\"article\" \/>\n<meta property=\"og:title\" content=\"Wooden sliding door in steel frame ZET - MetalTale.com\" \/>\n<meta property=\"og:description\" content=\"Model FOR. DRZ.1ZS Material Pine wood, Steel Thickness (cm) 4 Overall height (cm) 210 Overall width (cm) 100 Weight (kg)\" \/>\n<meta property=\"og:url\" content=\"https:\/\/metaltale.com\/en\/product\/wooden-sliding-door-in-steel-frame-zet\/\" \/>\n<meta property=\"og:site_name\" content=\"MetalTale.com\" \/>\n<meta property=\"og:image\" content=\"http:\/\/metaltale.com\/wp-content\/uploads\/2024\/02\/drzwi-w-ramie-stalowej-765_1.jpg\" \/>\n\t<meta property=\"og:image:width\" content=\"800\" \/>\n\t<meta property=\"og:image:height\" content=\"800\" \/>\n\t<meta property=\"og:image:type\" content=\"image\/jpeg\" \/>\n<meta name=\"twitter:card\" content=\"summary_large_image\" \/>\n<meta name=\"twitter:label1\" content=\"Est. reading time\" \/>\n\t<meta name=\"twitter:data1\" content=\"2 minutes\" \/>\n<script type=\"application\/ld+json\" class=\"yoast-schema-graph\">{\"@context\":\"https:\/\/schema.org\",\"@graph\":[{\"@type\":\"WebPage\",\"@id\":\"https:\/\/metaltale.com\/en\/product\/wooden-sliding-door-in-steel-frame-zet\/\",\"url\":\"https:\/\/metaltale.com\/en\/product\/wooden-sliding-door-in-steel-frame-zet\/\",\"name\":\"Wooden sliding door in steel frame ZET - MetalTale.com\",\"isPartOf\":{\"@id\":\"https:\/\/metaltale.com\/en\/#website\"},\"primaryImageOfPage\":{\"@id\":\"https:\/\/metaltale.com\/en\/product\/wooden-sliding-door-in-steel-frame-zet\/#primaryimage\"},\"image\":{\"@id\":\"https:\/\/metaltale.com\/en\/product\/wooden-sliding-door-in-steel-frame-zet\/#primaryimage\"},\"thumbnailUrl\":\"https:\/\/metaltale.com\/wp-content\/uploads\/2024\/02\/drzwi-w-ramie-stalowej-765_1.jpg\",\"datePublished\":\"2024-02-13T11:53:38+00:00\",\"breadcrumb\":{\"@id\":\"https:\/\/metaltale.com\/en\/product\/wooden-sliding-door-in-steel-frame-zet\/#breadcrumb\"},\"inLanguage\":\"en-US\",\"potentialAction\":[{\"@type\":\"ReadAction\",\"target\":[\"https:\/\/metaltale.com\/en\/product\/wooden-sliding-door-in-steel-frame-zet\/\"]}]},{\"@type\":\"ImageObject\",\"inLanguage\":\"en-US\",\"@id\":\"https:\/\/metaltale.com\/en\/product\/wooden-sliding-door-in-steel-frame-zet\/#primaryimage\",\"url\":\"https:\/\/metaltale.com\/wp-content\/uploads\/2024\/02\/drzwi-w-ramie-stalowej-765_1.jpg\",\"contentUrl\":\"https:\/\/metaltale.com\/wp-content\/uploads\/2024\/02\/drzwi-w-ramie-stalowej-765_1.jpg\",\"width\":800,\"height\":800,\"caption\":\"Pu\u0161in\u0117s stumdomos durys su plieniniais r\u0117mais ZET pilkos\"},{\"@type\":\"BreadcrumbList\",\"@id\":\"https:\/\/metaltale.com\/en\/product\/wooden-sliding-door-in-steel-frame-zet\/#breadcrumb\",\"itemListElement\":[{\"@type\":\"ListItem\",\"position\":1,\"name\":\"Home\",\"item\":\"https:\/\/metaltale.com\/en\/home-decor\/\"},{\"@type\":\"ListItem\",\"position\":2,\"name\":\"Shop\",\"item\":\"https:\/\/metaltale.com\/en\/shop\/\"},{\"@type\":\"ListItem\",\"position\":3,\"name\":\"Wooden sliding door in steel frame ZET\"}]},{\"@type\":\"WebSite\",\"@id\":\"https:\/\/metaltale.com\/en\/#website\",\"url\":\"https:\/\/metaltale.com\/en\/\",\"name\":\"Metaltale.com\",\"description\":\"\",\"potentialAction\":[{\"@type\":\"SearchAction\",\"target\":{\"@type\":\"EntryPoint\",\"urlTemplate\":\"https:\/\/metaltale.com\/en\/?s={search_term_string}\"},\"query-input\":{\"@type\":\"PropertyValueSpecification\",\"valueRequired\":true,\"valueName\":\"search_term_string\"}}],\"inLanguage\":\"en-US\"}]}<\/script>\n<!-- \/ Yoast SEO plugin. -->","yoast_head_json":{"title":"Wooden sliding door in steel frame ZET - MetalTale.com","robots":{"index":"index","follow":"follow","max-snippet":"max-snippet:-1","max-image-preview":"max-image-preview:large","max-video-preview":"max-video-preview:-1"},"canonical":"https:\/\/metaltale.com\/en\/product\/wooden-sliding-door-in-steel-frame-zet\/","og_locale":"en_US","og_type":"article","og_title":"Wooden sliding door in steel frame ZET - MetalTale.com","og_description":"Model FOR. DRZ.1ZS Material Pine wood, Steel Thickness (cm) 4 Overall height (cm) 210 Overall width (cm) 100 Weight (kg)","og_url":"https:\/\/metaltale.com\/en\/product\/wooden-sliding-door-in-steel-frame-zet\/","og_site_name":"MetalTale.com","og_image":[{"width":800,"height":800,"url":"http:\/\/metaltale.com\/wp-content\/uploads\/2024\/02\/drzwi-w-ramie-stalowej-765_1.jpg","type":"image\/jpeg"}],"twitter_card":"summary_large_image","twitter_misc":{"Est. reading time":"2 minutes"},"schema":{"@context":"https:\/\/schema.org","@graph":[{"@type":"WebPage","@id":"https:\/\/metaltale.com\/en\/product\/wooden-sliding-door-in-steel-frame-zet\/","url":"https:\/\/metaltale.com\/en\/product\/wooden-sliding-door-in-steel-frame-zet\/","name":"Wooden sliding door in steel frame ZET - MetalTale.com","isPartOf":{"@id":"https:\/\/metaltale.com\/en\/#website"},"primaryImageOfPage":{"@id":"https:\/\/metaltale.com\/en\/product\/wooden-sliding-door-in-steel-frame-zet\/#primaryimage"},"image":{"@id":"https:\/\/metaltale.com\/en\/product\/wooden-sliding-door-in-steel-frame-zet\/#primaryimage"},"thumbnailUrl":"https:\/\/metaltale.com\/wp-content\/uploads\/2024\/02\/drzwi-w-ramie-stalowej-765_1.jpg","datePublished":"2024-02-13T11:53:38+00:00","breadcrumb":{"@id":"https:\/\/metaltale.com\/en\/product\/wooden-sliding-door-in-steel-frame-zet\/#breadcrumb"},"inLanguage":"en-US","potentialAction":[{"@type":"ReadAction","target":["https:\/\/metaltale.com\/en\/product\/wooden-sliding-door-in-steel-frame-zet\/"]}]},{"@type":"ImageObject","inLanguage":"en-US","@id":"https:\/\/metaltale.com\/en\/product\/wooden-sliding-door-in-steel-frame-zet\/#primaryimage","url":"https:\/\/metaltale.com\/wp-content\/uploads\/2024\/02\/drzwi-w-ramie-stalowej-765_1.jpg","contentUrl":"https:\/\/metaltale.com\/wp-content\/uploads\/2024\/02\/drzwi-w-ramie-stalowej-765_1.jpg","width":800,"height":800,"caption":"Pu\u0161in\u0117s stumdomos durys su plieniniais r\u0117mais ZET pilkos"},{"@type":"BreadcrumbList","@id":"https:\/\/metaltale.com\/en\/product\/wooden-sliding-door-in-steel-frame-zet\/#breadcrumb","itemListElement":[{"@type":"ListItem","position":1,"name":"Home","item":"https:\/\/metaltale.com\/en\/home-decor\/"},{"@type":"ListItem","position":2,"name":"Shop","item":"https:\/\/metaltale.com\/en\/shop\/"},{"@type":"ListItem","position":3,"name":"Wooden sliding door in steel frame ZET"}]},{"@type":"WebSite","@id":"https:\/\/metaltale.com\/en\/#website","url":"https:\/\/metaltale.com\/en\/","name":"Metaltale.com","description":"","potentialAction":[{"@type":"SearchAction","target":{"@type":"EntryPoint","urlTemplate":"https:\/\/metaltale.com\/en\/?s={search_term_string}"},"query-input":{"@type":"PropertyValueSpecification","valueRequired":true,"valueName":"search_term_string"}}],"inLanguage":"en-US"}]}},"_links":{"self":[{"href":"https:\/\/metaltale.com\/en\/wp-json\/wp\/v2\/product\/139086","targetHints":{"allow":["GET"]}}],"collection":[{"href":"https:\/\/metaltale.com\/en\/wp-json\/wp\/v2\/product"}],"about":[{"href":"https:\/\/metaltale.com\/en\/wp-json\/wp\/v2\/types\/product"}],"replies":[{"embeddable":true,"href":"https:\/\/metaltale.com\/en\/wp-json\/wp\/v2\/comments?post=139086"}],"version-history":[{"count":0,"href":"https:\/\/metaltale.com\/en\/wp-json\/wp\/v2\/product\/139086\/revisions"}],"wp:featuredmedia":[{"embeddable":true,"href":"https:\/\/metaltale.com\/en\/wp-json\/wp\/v2\/media\/142603"}],"wp:attachment":[{"href":"https:\/\/metaltale.com\/en\/wp-json\/wp\/v2\/media?parent=139086"}],"wp:term":[{"taxonomy":"product_brand","embeddable":true,"href":"https:\/\/metaltale.com\/en\/wp-json\/wp\/v2\/product_brand?post=139086"},{"taxonomy":"product_cat","embeddable":true,"href":"https:\/\/metaltale.com\/en\/wp-json\/wp\/v2\/product_cat?post=139086"},{"taxonomy":"product_tag","embeddable":true,"href":"https:\/\/metaltale.com\/en\/wp-json\/wp\/v2\/product_tag?post=139086"}],"curies":[{"name":"wp","href":"https:\/\/api.w.org\/{rel}","templated":true}]}}