{"id":138990,"date":"2024-02-13T13:57:04","date_gmt":"2024-02-13T11:57:04","guid":{"rendered":"https:\/\/metaltale.com\/produktas\/furniture-hinge-chester-left-black\/"},"modified":"2024-02-13T13:57:04","modified_gmt":"2024-02-13T11:57:04","slug":"furniture-hinge-chester-left-black","status":"publish","type":"product","link":"https:\/\/metaltale.com\/en\/product\/furniture-hinge-chester-left-black\/","title":{"rendered":"Furniture hinge CHESTER left, black"},"content":{"rendered":"<div class=\"prod_data\">\n<p><strong>Model<\/strong> AG.516-3<br \/>\nMaterial Metal<br \/>\n<strong>Plotis (cm)<\/strong> 4.1<br \/>\n<strong>Auk\u0161tis (cm)<\/strong> 6<br \/>\nMounting screws Yes<br \/>\n<strong>Colour<\/strong> Black<\/p>\n<p>&#8211; gaminys, skirtas montuoti bald\u0173 i\u0161or\u0117je<\/p>\n<p>&#8211; kairiojo arba de\u0161iniojo vyrio pasirinkimas (\u017eym\u0117jimas rei\u0161kia montavim\u0105 u\u017e baldo rib\u0173)<\/p>\n<hr>\n<p>Dekoratyvinis lankstas, suteikiantis interjerui subtili\u0105 retro atmosfer\u0105. Stiebas su subtiliu dekoratyviniu elementu galuose pagauna atkreipia d\u0117mes\u012f ir pabr\u0117\u017eia kiekvienos spintel\u0117s gro\u017e\u012f.<\/p>\n<\/div>\n","protected":false},"excerpt":{"rendered":"<p>Model AG.516-3 Material Metal Plotis (cm) 4.1 Auk\u0161tis (cm) 6 Mounting screws Yes Colour Black &#8211; gaminys, skirtas montuoti bald\u0173<\/p>\n","protected":false},"featured_media":82701,"comment_status":"open","ping_status":"closed","template":"","meta":{"_acf_changed":false,"pmpro_default_level":""},"product_brand":[],"product_cat":[23941,23940],"product_tag":[],"class_list":{"0":"post-138990","1":"product","2":"type-product","3":"status-publish","4":"has-post-thumbnail","6":"product_cat-furniture-hinges","7":"product_cat-men","8":"pmpro-has-access","10":"first","11":"instock","12":"shipping-taxable","13":"purchasable","14":"product-type-simple"},"acf":[],"yoast_head":"<!-- This site is optimized with the Yoast SEO plugin v24.9 - https:\/\/yoast.com\/wordpress\/plugins\/seo\/ -->\n<title>Furniture hinge CHESTER left, black - MetalTale.com<\/title>\n<meta name=\"robots\" content=\"index, follow, max-snippet:-1, max-image-preview:large, max-video-preview:-1\" \/>\n<link rel=\"canonical\" href=\"https:\/\/metaltale.com\/en\/product\/furniture-hinge-chester-left-black\/\" \/>\n<meta property=\"og:locale\" content=\"en_US\" \/>\n<meta property=\"og:type\" content=\"article\" \/>\n<meta property=\"og:title\" content=\"Furniture hinge CHESTER left, black - MetalTale.com\" \/>\n<meta property=\"og:description\" content=\"Model AG.516-3 Material Metal Plotis (cm) 4.1 Auk\u0161tis (cm) 6 Mounting screws Yes Colour Black &#8211; gaminys, skirtas montuoti bald\u0173\" \/>\n<meta property=\"og:url\" content=\"https:\/\/metaltale.com\/en\/product\/furniture-hinge-chester-left-black\/\" \/>\n<meta property=\"og:site_name\" content=\"MetalTale.com\" \/>\n<meta name=\"twitter:card\" content=\"summary_large_image\" \/>\n<script type=\"application\/ld+json\" class=\"yoast-schema-graph\">{\"@context\":\"https:\/\/schema.org\",\"@graph\":[{\"@type\":\"WebPage\",\"@id\":\"https:\/\/metaltale.com\/en\/product\/furniture-hinge-chester-left-black\/\",\"url\":\"https:\/\/metaltale.com\/en\/product\/furniture-hinge-chester-left-black\/\",\"name\":\"Furniture hinge CHESTER left, black - MetalTale.com\",\"isPartOf\":{\"@id\":\"https:\/\/metaltale.com\/en\/#website\"},\"primaryImageOfPage\":{\"@id\":\"https:\/\/metaltale.com\/en\/product\/furniture-hinge-chester-left-black\/#primaryimage\"},\"image\":{\"@id\":\"https:\/\/metaltale.com\/en\/product\/furniture-hinge-chester-left-black\/#primaryimage\"},\"thumbnailUrl\":\"https:\/\/metaltale.com\/wp-content\/uploads\/2023\/10\/Vyris-CHESTER-LEFT-Juodas.jpg\",\"datePublished\":\"2024-02-13T11:57:04+00:00\",\"breadcrumb\":{\"@id\":\"https:\/\/metaltale.com\/en\/product\/furniture-hinge-chester-left-black\/#breadcrumb\"},\"inLanguage\":\"en-US\",\"potentialAction\":[{\"@type\":\"ReadAction\",\"target\":[\"https:\/\/metaltale.com\/en\/product\/furniture-hinge-chester-left-black\/\"]}]},{\"@type\":\"ImageObject\",\"inLanguage\":\"en-US\",\"@id\":\"https:\/\/metaltale.com\/en\/product\/furniture-hinge-chester-left-black\/#primaryimage\",\"url\":\"https:\/\/metaltale.com\/wp-content\/uploads\/2023\/10\/Vyris-CHESTER-LEFT-Juodas.jpg\",\"contentUrl\":\"https:\/\/metaltale.com\/wp-content\/uploads\/2023\/10\/Vyris-CHESTER-LEFT-Juodas.jpg\",\"width\":800,\"height\":800,\"caption\":\"Bald\u0173 lankstas CHESTER de\u0161inysis, juoda\"},{\"@type\":\"BreadcrumbList\",\"@id\":\"https:\/\/metaltale.com\/en\/product\/furniture-hinge-chester-left-black\/#breadcrumb\",\"itemListElement\":[{\"@type\":\"ListItem\",\"position\":1,\"name\":\"Home\",\"item\":\"https:\/\/metaltale.com\/en\/home-decor\/\"},{\"@type\":\"ListItem\",\"position\":2,\"name\":\"Shop\",\"item\":\"https:\/\/metaltale.com\/en\/shop\/\"},{\"@type\":\"ListItem\",\"position\":3,\"name\":\"Furniture hinge CHESTER left, black\"}]},{\"@type\":\"WebSite\",\"@id\":\"https:\/\/metaltale.com\/en\/#website\",\"url\":\"https:\/\/metaltale.com\/en\/\",\"name\":\"Metaltale.com\",\"description\":\"\",\"potentialAction\":[{\"@type\":\"SearchAction\",\"target\":{\"@type\":\"EntryPoint\",\"urlTemplate\":\"https:\/\/metaltale.com\/en\/?s={search_term_string}\"},\"query-input\":{\"@type\":\"PropertyValueSpecification\",\"valueRequired\":true,\"valueName\":\"search_term_string\"}}],\"inLanguage\":\"en-US\"}]}<\/script>\n<!-- \/ Yoast SEO plugin. -->","yoast_head_json":{"title":"Furniture hinge CHESTER left, black - MetalTale.com","robots":{"index":"index","follow":"follow","max-snippet":"max-snippet:-1","max-image-preview":"max-image-preview:large","max-video-preview":"max-video-preview:-1"},"canonical":"https:\/\/metaltale.com\/en\/product\/furniture-hinge-chester-left-black\/","og_locale":"en_US","og_type":"article","og_title":"Furniture hinge CHESTER left, black - MetalTale.com","og_description":"Model AG.516-3 Material Metal Plotis (cm) 4.1 Auk\u0161tis (cm) 6 Mounting screws Yes Colour Black &#8211; gaminys, skirtas montuoti bald\u0173","og_url":"https:\/\/metaltale.com\/en\/product\/furniture-hinge-chester-left-black\/","og_site_name":"MetalTale.com","twitter_card":"summary_large_image","schema":{"@context":"https:\/\/schema.org","@graph":[{"@type":"WebPage","@id":"https:\/\/metaltale.com\/en\/product\/furniture-hinge-chester-left-black\/","url":"https:\/\/metaltale.com\/en\/product\/furniture-hinge-chester-left-black\/","name":"Furniture hinge CHESTER left, black - MetalTale.com","isPartOf":{"@id":"https:\/\/metaltale.com\/en\/#website"},"primaryImageOfPage":{"@id":"https:\/\/metaltale.com\/en\/product\/furniture-hinge-chester-left-black\/#primaryimage"},"image":{"@id":"https:\/\/metaltale.com\/en\/product\/furniture-hinge-chester-left-black\/#primaryimage"},"thumbnailUrl":"https:\/\/metaltale.com\/wp-content\/uploads\/2023\/10\/Vyris-CHESTER-LEFT-Juodas.jpg","datePublished":"2024-02-13T11:57:04+00:00","breadcrumb":{"@id":"https:\/\/metaltale.com\/en\/product\/furniture-hinge-chester-left-black\/#breadcrumb"},"inLanguage":"en-US","potentialAction":[{"@type":"ReadAction","target":["https:\/\/metaltale.com\/en\/product\/furniture-hinge-chester-left-black\/"]}]},{"@type":"ImageObject","inLanguage":"en-US","@id":"https:\/\/metaltale.com\/en\/product\/furniture-hinge-chester-left-black\/#primaryimage","url":"https:\/\/metaltale.com\/wp-content\/uploads\/2023\/10\/Vyris-CHESTER-LEFT-Juodas.jpg","contentUrl":"https:\/\/metaltale.com\/wp-content\/uploads\/2023\/10\/Vyris-CHESTER-LEFT-Juodas.jpg","width":800,"height":800,"caption":"Bald\u0173 lankstas CHESTER de\u0161inysis, juoda"},{"@type":"BreadcrumbList","@id":"https:\/\/metaltale.com\/en\/product\/furniture-hinge-chester-left-black\/#breadcrumb","itemListElement":[{"@type":"ListItem","position":1,"name":"Home","item":"https:\/\/metaltale.com\/en\/home-decor\/"},{"@type":"ListItem","position":2,"name":"Shop","item":"https:\/\/metaltale.com\/en\/shop\/"},{"@type":"ListItem","position":3,"name":"Furniture hinge CHESTER left, black"}]},{"@type":"WebSite","@id":"https:\/\/metaltale.com\/en\/#website","url":"https:\/\/metaltale.com\/en\/","name":"Metaltale.com","description":"","potentialAction":[{"@type":"SearchAction","target":{"@type":"EntryPoint","urlTemplate":"https:\/\/metaltale.com\/en\/?s={search_term_string}"},"query-input":{"@type":"PropertyValueSpecification","valueRequired":true,"valueName":"search_term_string"}}],"inLanguage":"en-US"}]}},"_links":{"self":[{"href":"https:\/\/metaltale.com\/en\/wp-json\/wp\/v2\/product\/138990","targetHints":{"allow":["GET"]}}],"collection":[{"href":"https:\/\/metaltale.com\/en\/wp-json\/wp\/v2\/product"}],"about":[{"href":"https:\/\/metaltale.com\/en\/wp-json\/wp\/v2\/types\/product"}],"replies":[{"embeddable":true,"href":"https:\/\/metaltale.com\/en\/wp-json\/wp\/v2\/comments?post=138990"}],"version-history":[{"count":0,"href":"https:\/\/metaltale.com\/en\/wp-json\/wp\/v2\/product\/138990\/revisions"}],"wp:featuredmedia":[{"embeddable":true,"href":"https:\/\/metaltale.com\/en\/wp-json\/wp\/v2\/media\/82701"}],"wp:attachment":[{"href":"https:\/\/metaltale.com\/en\/wp-json\/wp\/v2\/media?parent=138990"}],"wp:term":[{"taxonomy":"product_brand","embeddable":true,"href":"https:\/\/metaltale.com\/en\/wp-json\/wp\/v2\/product_brand?post=138990"},{"taxonomy":"product_cat","embeddable":true,"href":"https:\/\/metaltale.com\/en\/wp-json\/wp\/v2\/product_cat?post=138990"},{"taxonomy":"product_tag","embeddable":true,"href":"https:\/\/metaltale.com\/en\/wp-json\/wp\/v2\/product_tag?post=138990"}],"curies":[{"name":"wp","href":"https:\/\/api.w.org\/{rel}","templated":true}]}}