{"id":137933,"date":"2024-02-13T14:31:04","date_gmt":"2024-02-13T12:31:04","guid":{"rendered":"https:\/\/metaltale.com\/produktas\/metal-decorative-panel-coca-cola-cold\/"},"modified":"2024-02-13T14:31:04","modified_gmt":"2024-02-13T12:31:04","slug":"metal-decorative-panel-coca-cola-cold","status":"publish","type":"product","link":"https:\/\/metaltale.com\/en\/product\/metal-decorative-panel-coca-cola-cold\/","title":{"rendered":"Metal decorative panel COCA-COLA COLD"},"content":{"rendered":"<div class=\"prod_data\"><strong>Model<\/strong> IN.10012  <br \/><strong>EAN.<\/strong>  5907772077160  <br \/><strong>Width (cm)<\/strong> 30  <br \/><strong>Height (cm)<\/strong> 20  <br \/><strong>Material<\/strong> Steel  <br \/><strong>Shapes<\/strong> Rectangular  <br \/><strong>Orientation<\/strong> Horizontal  <br \/><strong>Room<\/strong> Bar, restaurant  <br \/><strong>Motif<\/strong> Drinks  <\/p>\n<p>Rectangular metal plate. The poster is coated with high abrasion paint and protected with an anti-wear varnish. The original wall decoration resembles an advertising signboard. The subtle signs of ageing visible on the surface of the steel plate add to its authentic and retro character. The plate is fixed with delicate fixing holes.<\/p>\n<p>The product features a Coca-Cola bottle and the Coca-Cola logo and slogan &#8220;Ice cold &#8211; enjoy that fresh new feeling&#8221;.  <\/p>\n<p>Retro \u017eenklas puikiai tiks namams, ta\u010diau jis taip pat puikiai atrodys baruose, restoranuose ir kavin\u0117se.  <br \/>A metal poster is an original gift idea.<\/p>\n<\/div>\n","protected":false},"excerpt":{"rendered":"<p>Model IN.10012 EAN. 5907772077160 Width (cm) 30 Height (cm) 20 Material Steel Shapes Rectangular Orientation Horizontal Room Bar, restaurant Motif<\/p>\n","protected":false},"featured_media":70052,"comment_status":"open","ping_status":"closed","template":"","meta":{"_acf_changed":false,"pmpro_default_level":""},"product_brand":[],"product_cat":[23902],"product_tag":[],"class_list":{"0":"post-137933","1":"product","2":"type-product","3":"status-publish","4":"has-post-thumbnail","6":"product_cat-decorations","7":"pmpro-has-access","9":"first","10":"instock","11":"shipping-taxable","12":"purchasable","13":"product-type-simple"},"acf":[],"yoast_head":"<!-- This site is optimized with the Yoast SEO plugin v24.9 - https:\/\/yoast.com\/wordpress\/plugins\/seo\/ -->\n<title>Metal decorative panel COCA-COLA COLD - MetalTale.com<\/title>\n<meta name=\"robots\" content=\"index, follow, max-snippet:-1, max-image-preview:large, max-video-preview:-1\" \/>\n<link rel=\"canonical\" href=\"https:\/\/metaltale.com\/en\/product\/metal-decorative-panel-coca-cola-cold\/\" \/>\n<meta property=\"og:locale\" content=\"en_US\" \/>\n<meta property=\"og:type\" content=\"article\" \/>\n<meta property=\"og:title\" content=\"Metal decorative panel COCA-COLA COLD - MetalTale.com\" \/>\n<meta property=\"og:description\" content=\"Model IN.10012 EAN. 5907772077160 Width (cm) 30 Height (cm) 20 Material Steel Shapes Rectangular Orientation Horizontal Room Bar, restaurant Motif\" \/>\n<meta property=\"og:url\" content=\"https:\/\/metaltale.com\/en\/product\/metal-decorative-panel-coca-cola-cold\/\" \/>\n<meta property=\"og:site_name\" content=\"MetalTale.com\" \/>\n<meta name=\"twitter:card\" content=\"summary_large_image\" \/>\n<meta name=\"twitter:label1\" content=\"Est. reading time\" \/>\n\t<meta name=\"twitter:data1\" content=\"1 minute\" \/>\n<script type=\"application\/ld+json\" class=\"yoast-schema-graph\">{\"@context\":\"https:\/\/schema.org\",\"@graph\":[{\"@type\":\"WebPage\",\"@id\":\"https:\/\/metaltale.com\/en\/product\/metal-decorative-panel-coca-cola-cold\/\",\"url\":\"https:\/\/metaltale.com\/en\/product\/metal-decorative-panel-coca-cola-cold\/\",\"name\":\"Metal decorative panel COCA-COLA COLD - MetalTale.com\",\"isPartOf\":{\"@id\":\"https:\/\/metaltale.com\/en\/#website\"},\"primaryImageOfPage\":{\"@id\":\"https:\/\/metaltale.com\/en\/product\/metal-decorative-panel-coca-cola-cold\/#primaryimage\"},\"image\":{\"@id\":\"https:\/\/metaltale.com\/en\/product\/metal-decorative-panel-coca-cola-cold\/#primaryimage\"},\"thumbnailUrl\":\"https:\/\/metaltale.com\/wp-content\/uploads\/2023\/09\/Metalinx117-dekoratyvinx117-plokx161tx117-COCA-COLA-COLD.jpg\",\"datePublished\":\"2024-02-13T12:31:04+00:00\",\"breadcrumb\":{\"@id\":\"https:\/\/metaltale.com\/en\/product\/metal-decorative-panel-coca-cola-cold\/#breadcrumb\"},\"inLanguage\":\"en-US\",\"potentialAction\":[{\"@type\":\"ReadAction\",\"target\":[\"https:\/\/metaltale.com\/en\/product\/metal-decorative-panel-coca-cola-cold\/\"]}]},{\"@type\":\"ImageObject\",\"inLanguage\":\"en-US\",\"@id\":\"https:\/\/metaltale.com\/en\/product\/metal-decorative-panel-coca-cola-cold\/#primaryimage\",\"url\":\"https:\/\/metaltale.com\/wp-content\/uploads\/2023\/09\/Metalinx117-dekoratyvinx117-plokx161tx117-COCA-COLA-COLD.jpg\",\"contentUrl\":\"https:\/\/metaltale.com\/wp-content\/uploads\/2023\/09\/Metalinx117-dekoratyvinx117-plokx161tx117-COCA-COLA-COLD.jpg\",\"width\":800,\"height\":800},{\"@type\":\"BreadcrumbList\",\"@id\":\"https:\/\/metaltale.com\/en\/product\/metal-decorative-panel-coca-cola-cold\/#breadcrumb\",\"itemListElement\":[{\"@type\":\"ListItem\",\"position\":1,\"name\":\"Home\",\"item\":\"https:\/\/metaltale.com\/en\/home-decor\/\"},{\"@type\":\"ListItem\",\"position\":2,\"name\":\"Shop\",\"item\":\"https:\/\/metaltale.com\/en\/shop\/\"},{\"@type\":\"ListItem\",\"position\":3,\"name\":\"Metal decorative panel COCA-COLA COLD\"}]},{\"@type\":\"WebSite\",\"@id\":\"https:\/\/metaltale.com\/en\/#website\",\"url\":\"https:\/\/metaltale.com\/en\/\",\"name\":\"Metaltale.com\",\"description\":\"\",\"potentialAction\":[{\"@type\":\"SearchAction\",\"target\":{\"@type\":\"EntryPoint\",\"urlTemplate\":\"https:\/\/metaltale.com\/en\/?s={search_term_string}\"},\"query-input\":{\"@type\":\"PropertyValueSpecification\",\"valueRequired\":true,\"valueName\":\"search_term_string\"}}],\"inLanguage\":\"en-US\"}]}<\/script>\n<!-- \/ Yoast SEO plugin. -->","yoast_head_json":{"title":"Metal decorative panel COCA-COLA COLD - MetalTale.com","robots":{"index":"index","follow":"follow","max-snippet":"max-snippet:-1","max-image-preview":"max-image-preview:large","max-video-preview":"max-video-preview:-1"},"canonical":"https:\/\/metaltale.com\/en\/product\/metal-decorative-panel-coca-cola-cold\/","og_locale":"en_US","og_type":"article","og_title":"Metal decorative panel COCA-COLA COLD - MetalTale.com","og_description":"Model IN.10012 EAN. 5907772077160 Width (cm) 30 Height (cm) 20 Material Steel Shapes Rectangular Orientation Horizontal Room Bar, restaurant Motif","og_url":"https:\/\/metaltale.com\/en\/product\/metal-decorative-panel-coca-cola-cold\/","og_site_name":"MetalTale.com","twitter_card":"summary_large_image","twitter_misc":{"Est. reading time":"1 minute"},"schema":{"@context":"https:\/\/schema.org","@graph":[{"@type":"WebPage","@id":"https:\/\/metaltale.com\/en\/product\/metal-decorative-panel-coca-cola-cold\/","url":"https:\/\/metaltale.com\/en\/product\/metal-decorative-panel-coca-cola-cold\/","name":"Metal decorative panel COCA-COLA COLD - MetalTale.com","isPartOf":{"@id":"https:\/\/metaltale.com\/en\/#website"},"primaryImageOfPage":{"@id":"https:\/\/metaltale.com\/en\/product\/metal-decorative-panel-coca-cola-cold\/#primaryimage"},"image":{"@id":"https:\/\/metaltale.com\/en\/product\/metal-decorative-panel-coca-cola-cold\/#primaryimage"},"thumbnailUrl":"https:\/\/metaltale.com\/wp-content\/uploads\/2023\/09\/Metalinx117-dekoratyvinx117-plokx161tx117-COCA-COLA-COLD.jpg","datePublished":"2024-02-13T12:31:04+00:00","breadcrumb":{"@id":"https:\/\/metaltale.com\/en\/product\/metal-decorative-panel-coca-cola-cold\/#breadcrumb"},"inLanguage":"en-US","potentialAction":[{"@type":"ReadAction","target":["https:\/\/metaltale.com\/en\/product\/metal-decorative-panel-coca-cola-cold\/"]}]},{"@type":"ImageObject","inLanguage":"en-US","@id":"https:\/\/metaltale.com\/en\/product\/metal-decorative-panel-coca-cola-cold\/#primaryimage","url":"https:\/\/metaltale.com\/wp-content\/uploads\/2023\/09\/Metalinx117-dekoratyvinx117-plokx161tx117-COCA-COLA-COLD.jpg","contentUrl":"https:\/\/metaltale.com\/wp-content\/uploads\/2023\/09\/Metalinx117-dekoratyvinx117-plokx161tx117-COCA-COLA-COLD.jpg","width":800,"height":800},{"@type":"BreadcrumbList","@id":"https:\/\/metaltale.com\/en\/product\/metal-decorative-panel-coca-cola-cold\/#breadcrumb","itemListElement":[{"@type":"ListItem","position":1,"name":"Home","item":"https:\/\/metaltale.com\/en\/home-decor\/"},{"@type":"ListItem","position":2,"name":"Shop","item":"https:\/\/metaltale.com\/en\/shop\/"},{"@type":"ListItem","position":3,"name":"Metal decorative panel COCA-COLA COLD"}]},{"@type":"WebSite","@id":"https:\/\/metaltale.com\/en\/#website","url":"https:\/\/metaltale.com\/en\/","name":"Metaltale.com","description":"","potentialAction":[{"@type":"SearchAction","target":{"@type":"EntryPoint","urlTemplate":"https:\/\/metaltale.com\/en\/?s={search_term_string}"},"query-input":{"@type":"PropertyValueSpecification","valueRequired":true,"valueName":"search_term_string"}}],"inLanguage":"en-US"}]}},"_links":{"self":[{"href":"https:\/\/metaltale.com\/en\/wp-json\/wp\/v2\/product\/137933","targetHints":{"allow":["GET"]}}],"collection":[{"href":"https:\/\/metaltale.com\/en\/wp-json\/wp\/v2\/product"}],"about":[{"href":"https:\/\/metaltale.com\/en\/wp-json\/wp\/v2\/types\/product"}],"replies":[{"embeddable":true,"href":"https:\/\/metaltale.com\/en\/wp-json\/wp\/v2\/comments?post=137933"}],"version-history":[{"count":0,"href":"https:\/\/metaltale.com\/en\/wp-json\/wp\/v2\/product\/137933\/revisions"}],"wp:featuredmedia":[{"embeddable":true,"href":"https:\/\/metaltale.com\/en\/wp-json\/wp\/v2\/media\/70052"}],"wp:attachment":[{"href":"https:\/\/metaltale.com\/en\/wp-json\/wp\/v2\/media?parent=137933"}],"wp:term":[{"taxonomy":"product_brand","embeddable":true,"href":"https:\/\/metaltale.com\/en\/wp-json\/wp\/v2\/product_brand?post=137933"},{"taxonomy":"product_cat","embeddable":true,"href":"https:\/\/metaltale.com\/en\/wp-json\/wp\/v2\/product_cat?post=137933"},{"taxonomy":"product_tag","embeddable":true,"href":"https:\/\/metaltale.com\/en\/wp-json\/wp\/v2\/product_tag?post=137933"}],"curies":[{"name":"wp","href":"https:\/\/api.w.org\/{rel}","templated":true}]}}