{"id":135272,"date":"2024-02-13T15:17:46","date_gmt":"2024-02-13T13:17:46","guid":{"rendered":"https:\/\/metaltale.com\/produktas\/extra-track-set-for-sliding-door-systems-02-ngb-100cm\/"},"modified":"2024-02-13T15:17:46","modified_gmt":"2024-02-13T13:17:46","slug":"extra-track-set-for-sliding-door-systems-02-ngb-100cm","status":"publish","type":"product","link":"https:\/\/metaltale.com\/en\/product\/extra-track-set-for-sliding-door-systems-02-ngb-100cm\/","title":{"rendered":"Extra track set for sliding door systems 02-NGB 100cm"},"content":{"rendered":"<div class=\"prod_data\"><strong>Model<\/strong> SE10002. NGB  <br \/><strong>EAN.<\/strong>  5905369902017  <br \/><strong>Material<\/strong> Steel  <br \/><strong>Total length [cm]<\/strong> 100  <br \/><strong>Thickness (cm)<\/strong> 0.6  <br \/>Overall height (cm) 4 <br \/><strong>Colour<\/strong> Black  <\/p>\n<p>&#8211; 100cm long rail, gaskets and fixing screws<br \/>&#8211; non-invasive click coupling &#8211; no need to drill on the run<br \/>&#8211; Assembly without rail connection<br \/>&#8211; powder-coated product &#8211; colour fastness and scratch resistance<br \/>&#8211; Includes installation equipment<\/p>\n<hr>\n<p>An additional rail allows the treadmill to be extended by 100 cm. Assembly does not require the use of a connector &#8211; it is done in a jigsaw fashion. The proposed product must be fitted between two rail parts from the main set.  <\/p>\n<hr>\n<\/div>\n","protected":false},"excerpt":{"rendered":"<p>Model SE10002. NGB EAN. 5905369902017 Material Steel Total length [cm] 100 Thickness (cm) 0.6 Overall height (cm) 4 Colour Black<\/p>\n","protected":false},"featured_media":75035,"comment_status":"open","ping_status":"closed","template":"","meta":{"_acf_changed":false,"pmpro_default_level":""},"product_brand":[],"product_cat":[23985,23919],"product_tag":[],"class_list":{"0":"post-135272","1":"product","2":"type-product","3":"status-publish","4":"has-post-thumbnail","6":"product_cat-sliding-door-accessories","7":"product_cat-sliding-door-systems","8":"pmpro-has-access","10":"first","11":"instock","12":"shipping-taxable","13":"purchasable","14":"product-type-simple"},"acf":[],"yoast_head":"<!-- This site is optimized with the Yoast SEO plugin v24.9 - https:\/\/yoast.com\/wordpress\/plugins\/seo\/ -->\n<title>Extra track set for sliding door systems 02-NGB 100cm - MetalTale.com<\/title>\n<meta name=\"robots\" content=\"index, follow, max-snippet:-1, max-image-preview:large, max-video-preview:-1\" \/>\n<link rel=\"canonical\" href=\"https:\/\/metaltale.com\/en\/product\/extra-track-set-for-sliding-door-systems-02-ngb-100cm\/\" \/>\n<meta property=\"og:locale\" content=\"en_US\" \/>\n<meta property=\"og:type\" content=\"article\" \/>\n<meta property=\"og:title\" content=\"Extra track set for sliding door systems 02-NGB 100cm - MetalTale.com\" \/>\n<meta property=\"og:description\" content=\"Model SE10002. NGB EAN. 5905369902017 Material Steel Total length [cm] 100 Thickness (cm) 0.6 Overall height (cm) 4 Colour Black\" \/>\n<meta property=\"og:url\" content=\"https:\/\/metaltale.com\/en\/product\/extra-track-set-for-sliding-door-systems-02-ngb-100cm\/\" \/>\n<meta property=\"og:site_name\" content=\"MetalTale.com\" \/>\n<meta property=\"og:image\" content=\"http:\/\/metaltale.com\/wp-content\/uploads\/2023\/09\/Papildomx173-bx117gix173-komplektas-stumdomx173-durx173-sistemoms-02-NGB-100cm.jpg\" \/>\n\t<meta property=\"og:image:width\" content=\"800\" \/>\n\t<meta property=\"og:image:height\" content=\"800\" \/>\n\t<meta property=\"og:image:type\" content=\"image\/jpeg\" \/>\n<meta name=\"twitter:card\" content=\"summary_large_image\" \/>\n<script type=\"application\/ld+json\" class=\"yoast-schema-graph\">{\"@context\":\"https:\/\/schema.org\",\"@graph\":[{\"@type\":\"WebPage\",\"@id\":\"https:\/\/metaltale.com\/en\/product\/extra-track-set-for-sliding-door-systems-02-ngb-100cm\/\",\"url\":\"https:\/\/metaltale.com\/en\/product\/extra-track-set-for-sliding-door-systems-02-ngb-100cm\/\",\"name\":\"Extra track set for sliding door systems 02-NGB 100cm - MetalTale.com\",\"isPartOf\":{\"@id\":\"https:\/\/metaltale.com\/en\/#website\"},\"primaryImageOfPage\":{\"@id\":\"https:\/\/metaltale.com\/en\/product\/extra-track-set-for-sliding-door-systems-02-ngb-100cm\/#primaryimage\"},\"image\":{\"@id\":\"https:\/\/metaltale.com\/en\/product\/extra-track-set-for-sliding-door-systems-02-ngb-100cm\/#primaryimage\"},\"thumbnailUrl\":\"https:\/\/metaltale.com\/wp-content\/uploads\/2023\/09\/Papildomx173-bx117gix173-komplektas-stumdomx173-durx173-sistemoms-02-NGB-100cm.jpg\",\"datePublished\":\"2024-02-13T13:17:46+00:00\",\"breadcrumb\":{\"@id\":\"https:\/\/metaltale.com\/en\/product\/extra-track-set-for-sliding-door-systems-02-ngb-100cm\/#breadcrumb\"},\"inLanguage\":\"en-US\",\"potentialAction\":[{\"@type\":\"ReadAction\",\"target\":[\"https:\/\/metaltale.com\/en\/product\/extra-track-set-for-sliding-door-systems-02-ngb-100cm\/\"]}]},{\"@type\":\"ImageObject\",\"inLanguage\":\"en-US\",\"@id\":\"https:\/\/metaltale.com\/en\/product\/extra-track-set-for-sliding-door-systems-02-ngb-100cm\/#primaryimage\",\"url\":\"https:\/\/metaltale.com\/wp-content\/uploads\/2023\/09\/Papildomx173-bx117gix173-komplektas-stumdomx173-durx173-sistemoms-02-NGB-100cm.jpg\",\"contentUrl\":\"https:\/\/metaltale.com\/wp-content\/uploads\/2023\/09\/Papildomx173-bx117gix173-komplektas-stumdomx173-durx173-sistemoms-02-NGB-100cm.jpg\",\"width\":800,\"height\":800,\"caption\":\"Papildom\u0173 b\u0117gi\u0173 komplektas stumdom\u0173 dur\u0173 sistemoms 02-NGB 100cm\"},{\"@type\":\"BreadcrumbList\",\"@id\":\"https:\/\/metaltale.com\/en\/product\/extra-track-set-for-sliding-door-systems-02-ngb-100cm\/#breadcrumb\",\"itemListElement\":[{\"@type\":\"ListItem\",\"position\":1,\"name\":\"Home\",\"item\":\"https:\/\/metaltale.com\/en\/home-decor\/\"},{\"@type\":\"ListItem\",\"position\":2,\"name\":\"Shop\",\"item\":\"https:\/\/metaltale.com\/en\/shop\/\"},{\"@type\":\"ListItem\",\"position\":3,\"name\":\"Extra track set for sliding door systems 02-NGB 100cm\"}]},{\"@type\":\"WebSite\",\"@id\":\"https:\/\/metaltale.com\/en\/#website\",\"url\":\"https:\/\/metaltale.com\/en\/\",\"name\":\"Metaltale.com\",\"description\":\"\",\"potentialAction\":[{\"@type\":\"SearchAction\",\"target\":{\"@type\":\"EntryPoint\",\"urlTemplate\":\"https:\/\/metaltale.com\/en\/?s={search_term_string}\"},\"query-input\":{\"@type\":\"PropertyValueSpecification\",\"valueRequired\":true,\"valueName\":\"search_term_string\"}}],\"inLanguage\":\"en-US\"}]}<\/script>\n<!-- \/ Yoast SEO plugin. -->","yoast_head_json":{"title":"Extra track set for sliding door systems 02-NGB 100cm - MetalTale.com","robots":{"index":"index","follow":"follow","max-snippet":"max-snippet:-1","max-image-preview":"max-image-preview:large","max-video-preview":"max-video-preview:-1"},"canonical":"https:\/\/metaltale.com\/en\/product\/extra-track-set-for-sliding-door-systems-02-ngb-100cm\/","og_locale":"en_US","og_type":"article","og_title":"Extra track set for sliding door systems 02-NGB 100cm - MetalTale.com","og_description":"Model SE10002. NGB EAN. 5905369902017 Material Steel Total length [cm] 100 Thickness (cm) 0.6 Overall height (cm) 4 Colour Black","og_url":"https:\/\/metaltale.com\/en\/product\/extra-track-set-for-sliding-door-systems-02-ngb-100cm\/","og_site_name":"MetalTale.com","og_image":[{"width":800,"height":800,"url":"http:\/\/metaltale.com\/wp-content\/uploads\/2023\/09\/Papildomx173-bx117gix173-komplektas-stumdomx173-durx173-sistemoms-02-NGB-100cm.jpg","type":"image\/jpeg"}],"twitter_card":"summary_large_image","schema":{"@context":"https:\/\/schema.org","@graph":[{"@type":"WebPage","@id":"https:\/\/metaltale.com\/en\/product\/extra-track-set-for-sliding-door-systems-02-ngb-100cm\/","url":"https:\/\/metaltale.com\/en\/product\/extra-track-set-for-sliding-door-systems-02-ngb-100cm\/","name":"Extra track set for sliding door systems 02-NGB 100cm - MetalTale.com","isPartOf":{"@id":"https:\/\/metaltale.com\/en\/#website"},"primaryImageOfPage":{"@id":"https:\/\/metaltale.com\/en\/product\/extra-track-set-for-sliding-door-systems-02-ngb-100cm\/#primaryimage"},"image":{"@id":"https:\/\/metaltale.com\/en\/product\/extra-track-set-for-sliding-door-systems-02-ngb-100cm\/#primaryimage"},"thumbnailUrl":"https:\/\/metaltale.com\/wp-content\/uploads\/2023\/09\/Papildomx173-bx117gix173-komplektas-stumdomx173-durx173-sistemoms-02-NGB-100cm.jpg","datePublished":"2024-02-13T13:17:46+00:00","breadcrumb":{"@id":"https:\/\/metaltale.com\/en\/product\/extra-track-set-for-sliding-door-systems-02-ngb-100cm\/#breadcrumb"},"inLanguage":"en-US","potentialAction":[{"@type":"ReadAction","target":["https:\/\/metaltale.com\/en\/product\/extra-track-set-for-sliding-door-systems-02-ngb-100cm\/"]}]},{"@type":"ImageObject","inLanguage":"en-US","@id":"https:\/\/metaltale.com\/en\/product\/extra-track-set-for-sliding-door-systems-02-ngb-100cm\/#primaryimage","url":"https:\/\/metaltale.com\/wp-content\/uploads\/2023\/09\/Papildomx173-bx117gix173-komplektas-stumdomx173-durx173-sistemoms-02-NGB-100cm.jpg","contentUrl":"https:\/\/metaltale.com\/wp-content\/uploads\/2023\/09\/Papildomx173-bx117gix173-komplektas-stumdomx173-durx173-sistemoms-02-NGB-100cm.jpg","width":800,"height":800,"caption":"Papildom\u0173 b\u0117gi\u0173 komplektas stumdom\u0173 dur\u0173 sistemoms 02-NGB 100cm"},{"@type":"BreadcrumbList","@id":"https:\/\/metaltale.com\/en\/product\/extra-track-set-for-sliding-door-systems-02-ngb-100cm\/#breadcrumb","itemListElement":[{"@type":"ListItem","position":1,"name":"Home","item":"https:\/\/metaltale.com\/en\/home-decor\/"},{"@type":"ListItem","position":2,"name":"Shop","item":"https:\/\/metaltale.com\/en\/shop\/"},{"@type":"ListItem","position":3,"name":"Extra track set for sliding door systems 02-NGB 100cm"}]},{"@type":"WebSite","@id":"https:\/\/metaltale.com\/en\/#website","url":"https:\/\/metaltale.com\/en\/","name":"Metaltale.com","description":"","potentialAction":[{"@type":"SearchAction","target":{"@type":"EntryPoint","urlTemplate":"https:\/\/metaltale.com\/en\/?s={search_term_string}"},"query-input":{"@type":"PropertyValueSpecification","valueRequired":true,"valueName":"search_term_string"}}],"inLanguage":"en-US"}]}},"_links":{"self":[{"href":"https:\/\/metaltale.com\/en\/wp-json\/wp\/v2\/product\/135272","targetHints":{"allow":["GET"]}}],"collection":[{"href":"https:\/\/metaltale.com\/en\/wp-json\/wp\/v2\/product"}],"about":[{"href":"https:\/\/metaltale.com\/en\/wp-json\/wp\/v2\/types\/product"}],"replies":[{"embeddable":true,"href":"https:\/\/metaltale.com\/en\/wp-json\/wp\/v2\/comments?post=135272"}],"version-history":[{"count":0,"href":"https:\/\/metaltale.com\/en\/wp-json\/wp\/v2\/product\/135272\/revisions"}],"wp:featuredmedia":[{"embeddable":true,"href":"https:\/\/metaltale.com\/en\/wp-json\/wp\/v2\/media\/75035"}],"wp:attachment":[{"href":"https:\/\/metaltale.com\/en\/wp-json\/wp\/v2\/media?parent=135272"}],"wp:term":[{"taxonomy":"product_brand","embeddable":true,"href":"https:\/\/metaltale.com\/en\/wp-json\/wp\/v2\/product_brand?post=135272"},{"taxonomy":"product_cat","embeddable":true,"href":"https:\/\/metaltale.com\/en\/wp-json\/wp\/v2\/product_cat?post=135272"},{"taxonomy":"product_tag","embeddable":true,"href":"https:\/\/metaltale.com\/en\/wp-json\/wp\/v2\/product_tag?post=135272"}],"curies":[{"name":"wp","href":"https:\/\/api.w.org\/{rel}","templated":true}]}}