{"id":134729,"date":"2024-02-13T14:51:46","date_gmt":"2024-02-13T12:51:46","guid":{"rendered":"https:\/\/metaltale.com\/produktas\/decorative-metal-plaque-krikstatevis-2\/"},"modified":"2024-02-13T14:51:46","modified_gmt":"2024-02-13T12:51:46","slug":"decorative-metal-plaque-krikstatevis-2","status":"publish","type":"product","link":"https:\/\/metaltale.com\/en\/product\/decorative-metal-plaque-krikstatevis-2\/","title":{"rendered":"Decorative metal plaque KRIK\u0160TAT\u0116VIS 2"},"content":{"rendered":"<div class=\"prod_data\"><strong>Model<\/strong> IN.40499  <br \/><strong>EAN.<\/strong>  5905369910166  <br \/><strong>Orientation<\/strong> Vertical  <br \/><strong>Room<\/strong> Bar, caf\u00e9, teen room  <br \/><strong>Motif<\/strong> Videos  <br \/><strong>Material<\/strong> Steel  <br \/><strong>Width (cm)<\/strong> 20  <br \/><strong>Height (cm)<\/strong> 30  <br \/><strong>Shapes<\/strong> Rectangular  <\/p>\n<p>The decorative panel is made of metal. The poster was made of the highest quality material and additionally coated with a scratch-resistant varnish. Stable fixing of the panel is possible thanks to small holes in each corner of the product. Rounded corners guarantee safety of use. The subtle signs of ageing visible on the surface of the steel plate give it a retro character. The white and black colours only reinforce the ageing effect, which gives it an authentic look.  <\/p>\n<p>The plate shows the poster for the film THE CROSSWALKER.<\/p>\n<p>The panel will work in both retro and vintage interiors. It will be an original decoration in caf\u00e9s, restaurants or bars.<br \/>A metal poster is also a great gift idea, especially for film lovers.<\/p>\n<\/div>\n","protected":false},"excerpt":{"rendered":"<p>Model IN.40499 EAN. 5905369910166 Orientation Vertical Room Bar, caf\u00e9, teen room Motif Videos Material Steel Width (cm) 20 Height (cm)<\/p>\n","protected":false},"featured_media":72938,"comment_status":"open","ping_status":"closed","template":"","meta":{"_acf_changed":false,"pmpro_default_level":""},"product_brand":[],"product_cat":[23902],"product_tag":[],"class_list":{"0":"post-134729","1":"product","2":"type-product","3":"status-publish","4":"has-post-thumbnail","6":"product_cat-decorations","7":"pmpro-has-access","9":"first","10":"instock","11":"shipping-taxable","12":"purchasable","13":"product-type-simple"},"acf":[],"yoast_head":"<!-- This site is optimized with the Yoast SEO plugin v24.9 - https:\/\/yoast.com\/wordpress\/plugins\/seo\/ -->\n<title>Decorative metal plaque KRIK\u0160TAT\u0116VIS 2 - MetalTale.com<\/title>\n<meta name=\"robots\" content=\"index, follow, max-snippet:-1, max-image-preview:large, max-video-preview:-1\" \/>\n<link rel=\"canonical\" href=\"https:\/\/metaltale.com\/en\/product\/decorative-metal-plaque-krikstatevis-2\/\" \/>\n<meta property=\"og:locale\" content=\"en_US\" \/>\n<meta property=\"og:type\" content=\"article\" \/>\n<meta property=\"og:title\" content=\"Decorative metal plaque KRIK\u0160TAT\u0116VIS 2 - MetalTale.com\" \/>\n<meta property=\"og:description\" content=\"Model IN.40499 EAN. 5905369910166 Orientation Vertical Room Bar, caf\u00e9, teen room Motif Videos Material Steel Width (cm) 20 Height (cm)\" \/>\n<meta property=\"og:url\" content=\"https:\/\/metaltale.com\/en\/product\/decorative-metal-plaque-krikstatevis-2\/\" \/>\n<meta property=\"og:site_name\" content=\"MetalTale.com\" \/>\n<meta name=\"twitter:card\" content=\"summary_large_image\" \/>\n<meta name=\"twitter:label1\" content=\"Est. reading time\" \/>\n\t<meta name=\"twitter:data1\" content=\"1 minute\" \/>\n<script type=\"application\/ld+json\" class=\"yoast-schema-graph\">{\"@context\":\"https:\/\/schema.org\",\"@graph\":[{\"@type\":\"WebPage\",\"@id\":\"https:\/\/metaltale.com\/en\/product\/decorative-metal-plaque-krikstatevis-2\/\",\"url\":\"https:\/\/metaltale.com\/en\/product\/decorative-metal-plaque-krikstatevis-2\/\",\"name\":\"Decorative metal plaque KRIK\u0160TAT\u0116VIS 2 - MetalTale.com\",\"isPartOf\":{\"@id\":\"https:\/\/metaltale.com\/en\/#website\"},\"primaryImageOfPage\":{\"@id\":\"https:\/\/metaltale.com\/en\/product\/decorative-metal-plaque-krikstatevis-2\/#primaryimage\"},\"image\":{\"@id\":\"https:\/\/metaltale.com\/en\/product\/decorative-metal-plaque-krikstatevis-2\/#primaryimage\"},\"thumbnailUrl\":\"https:\/\/metaltale.com\/wp-content\/uploads\/2023\/09\/Tabliczka-dekoracyjna-metalowa-KRIKx160TATx116VIS-2-scaled.jpg\",\"datePublished\":\"2024-02-13T12:51:46+00:00\",\"breadcrumb\":{\"@id\":\"https:\/\/metaltale.com\/en\/product\/decorative-metal-plaque-krikstatevis-2\/#breadcrumb\"},\"inLanguage\":\"en-US\",\"potentialAction\":[{\"@type\":\"ReadAction\",\"target\":[\"https:\/\/metaltale.com\/en\/product\/decorative-metal-plaque-krikstatevis-2\/\"]}]},{\"@type\":\"ImageObject\",\"inLanguage\":\"en-US\",\"@id\":\"https:\/\/metaltale.com\/en\/product\/decorative-metal-plaque-krikstatevis-2\/#primaryimage\",\"url\":\"https:\/\/metaltale.com\/wp-content\/uploads\/2023\/09\/Tabliczka-dekoracyjna-metalowa-KRIKx160TATx116VIS-2-scaled.jpg\",\"contentUrl\":\"https:\/\/metaltale.com\/wp-content\/uploads\/2023\/09\/Tabliczka-dekoracyjna-metalowa-KRIKx160TATx116VIS-2-scaled.jpg\",\"width\":2560,\"height\":2560},{\"@type\":\"BreadcrumbList\",\"@id\":\"https:\/\/metaltale.com\/en\/product\/decorative-metal-plaque-krikstatevis-2\/#breadcrumb\",\"itemListElement\":[{\"@type\":\"ListItem\",\"position\":1,\"name\":\"Home\",\"item\":\"https:\/\/metaltale.com\/en\/home-decor\/\"},{\"@type\":\"ListItem\",\"position\":2,\"name\":\"Shop\",\"item\":\"https:\/\/metaltale.com\/en\/shop\/\"},{\"@type\":\"ListItem\",\"position\":3,\"name\":\"Decorative metal plaque KRIK\u0160TAT\u0116VIS 2\"}]},{\"@type\":\"WebSite\",\"@id\":\"https:\/\/metaltale.com\/en\/#website\",\"url\":\"https:\/\/metaltale.com\/en\/\",\"name\":\"Metaltale.com\",\"description\":\"\",\"potentialAction\":[{\"@type\":\"SearchAction\",\"target\":{\"@type\":\"EntryPoint\",\"urlTemplate\":\"https:\/\/metaltale.com\/en\/?s={search_term_string}\"},\"query-input\":{\"@type\":\"PropertyValueSpecification\",\"valueRequired\":true,\"valueName\":\"search_term_string\"}}],\"inLanguage\":\"en-US\"}]}<\/script>\n<!-- \/ Yoast SEO plugin. -->","yoast_head_json":{"title":"Decorative metal plaque KRIK\u0160TAT\u0116VIS 2 - MetalTale.com","robots":{"index":"index","follow":"follow","max-snippet":"max-snippet:-1","max-image-preview":"max-image-preview:large","max-video-preview":"max-video-preview:-1"},"canonical":"https:\/\/metaltale.com\/en\/product\/decorative-metal-plaque-krikstatevis-2\/","og_locale":"en_US","og_type":"article","og_title":"Decorative metal plaque KRIK\u0160TAT\u0116VIS 2 - MetalTale.com","og_description":"Model IN.40499 EAN. 5905369910166 Orientation Vertical Room Bar, caf\u00e9, teen room Motif Videos Material Steel Width (cm) 20 Height (cm)","og_url":"https:\/\/metaltale.com\/en\/product\/decorative-metal-plaque-krikstatevis-2\/","og_site_name":"MetalTale.com","twitter_card":"summary_large_image","twitter_misc":{"Est. reading time":"1 minute"},"schema":{"@context":"https:\/\/schema.org","@graph":[{"@type":"WebPage","@id":"https:\/\/metaltale.com\/en\/product\/decorative-metal-plaque-krikstatevis-2\/","url":"https:\/\/metaltale.com\/en\/product\/decorative-metal-plaque-krikstatevis-2\/","name":"Decorative metal plaque KRIK\u0160TAT\u0116VIS 2 - MetalTale.com","isPartOf":{"@id":"https:\/\/metaltale.com\/en\/#website"},"primaryImageOfPage":{"@id":"https:\/\/metaltale.com\/en\/product\/decorative-metal-plaque-krikstatevis-2\/#primaryimage"},"image":{"@id":"https:\/\/metaltale.com\/en\/product\/decorative-metal-plaque-krikstatevis-2\/#primaryimage"},"thumbnailUrl":"https:\/\/metaltale.com\/wp-content\/uploads\/2023\/09\/Tabliczka-dekoracyjna-metalowa-KRIKx160TATx116VIS-2-scaled.jpg","datePublished":"2024-02-13T12:51:46+00:00","breadcrumb":{"@id":"https:\/\/metaltale.com\/en\/product\/decorative-metal-plaque-krikstatevis-2\/#breadcrumb"},"inLanguage":"en-US","potentialAction":[{"@type":"ReadAction","target":["https:\/\/metaltale.com\/en\/product\/decorative-metal-plaque-krikstatevis-2\/"]}]},{"@type":"ImageObject","inLanguage":"en-US","@id":"https:\/\/metaltale.com\/en\/product\/decorative-metal-plaque-krikstatevis-2\/#primaryimage","url":"https:\/\/metaltale.com\/wp-content\/uploads\/2023\/09\/Tabliczka-dekoracyjna-metalowa-KRIKx160TATx116VIS-2-scaled.jpg","contentUrl":"https:\/\/metaltale.com\/wp-content\/uploads\/2023\/09\/Tabliczka-dekoracyjna-metalowa-KRIKx160TATx116VIS-2-scaled.jpg","width":2560,"height":2560},{"@type":"BreadcrumbList","@id":"https:\/\/metaltale.com\/en\/product\/decorative-metal-plaque-krikstatevis-2\/#breadcrumb","itemListElement":[{"@type":"ListItem","position":1,"name":"Home","item":"https:\/\/metaltale.com\/en\/home-decor\/"},{"@type":"ListItem","position":2,"name":"Shop","item":"https:\/\/metaltale.com\/en\/shop\/"},{"@type":"ListItem","position":3,"name":"Decorative metal plaque KRIK\u0160TAT\u0116VIS 2"}]},{"@type":"WebSite","@id":"https:\/\/metaltale.com\/en\/#website","url":"https:\/\/metaltale.com\/en\/","name":"Metaltale.com","description":"","potentialAction":[{"@type":"SearchAction","target":{"@type":"EntryPoint","urlTemplate":"https:\/\/metaltale.com\/en\/?s={search_term_string}"},"query-input":{"@type":"PropertyValueSpecification","valueRequired":true,"valueName":"search_term_string"}}],"inLanguage":"en-US"}]}},"_links":{"self":[{"href":"https:\/\/metaltale.com\/en\/wp-json\/wp\/v2\/product\/134729","targetHints":{"allow":["GET"]}}],"collection":[{"href":"https:\/\/metaltale.com\/en\/wp-json\/wp\/v2\/product"}],"about":[{"href":"https:\/\/metaltale.com\/en\/wp-json\/wp\/v2\/types\/product"}],"replies":[{"embeddable":true,"href":"https:\/\/metaltale.com\/en\/wp-json\/wp\/v2\/comments?post=134729"}],"version-history":[{"count":0,"href":"https:\/\/metaltale.com\/en\/wp-json\/wp\/v2\/product\/134729\/revisions"}],"wp:featuredmedia":[{"embeddable":true,"href":"https:\/\/metaltale.com\/en\/wp-json\/wp\/v2\/media\/72938"}],"wp:attachment":[{"href":"https:\/\/metaltale.com\/en\/wp-json\/wp\/v2\/media?parent=134729"}],"wp:term":[{"taxonomy":"product_brand","embeddable":true,"href":"https:\/\/metaltale.com\/en\/wp-json\/wp\/v2\/product_brand?post=134729"},{"taxonomy":"product_cat","embeddable":true,"href":"https:\/\/metaltale.com\/en\/wp-json\/wp\/v2\/product_cat?post=134729"},{"taxonomy":"product_tag","embeddable":true,"href":"https:\/\/metaltale.com\/en\/wp-json\/wp\/v2\/product_tag?post=134729"}],"curies":[{"name":"wp","href":"https:\/\/api.w.org\/{rel}","templated":true}]}}