{"id":134683,"date":"2024-02-13T13:19:42","date_gmt":"2024-02-13T11:19:42","guid":{"rendered":"https:\/\/metaltale.com\/produktas\/sliding-door-closer-double-03\/"},"modified":"2024-02-13T13:19:42","modified_gmt":"2024-02-13T11:19:42","slug":"sliding-door-closer-double-03","status":"publish","type":"product","link":"https:\/\/metaltale.com\/en\/product\/sliding-door-closer-double-03\/","title":{"rendered":"Sliding door closer DOUBLE 03"},"content":{"rendered":"<div class=\"prod_data\">\n<p><strong>The<\/strong> SAVE <strong>model<\/strong>. SCS. PR 03<br \/>\n<strong>EAN.<\/strong>  5907772071465<br \/>\n<strong>Material<\/strong> Polymer<br \/>\nColour Black<br \/>\nInstallation instructions Download<\/p>\n<p>&#8211; mounting on the rail side of the wall, non-invasive &#8211; no drilling required<br \/>\n&#8211; Set includes: left and right retarder, 2 bars for mounting on the door, 2 sets of fixing screws<br \/>\n&#8211; the guide rail shall be a flat bar<br \/>\n&#8211; Maximum door leaf weight: 120kg<br \/>\n&#8211; the proposed model <strong>is not compatible with<\/strong> large roller guides (WHEEL ON PACKAGE, MAINSAIL, WHEEL)<\/p>\n<hr>\n<p>The offer includes an automatic double self-closing machine for sliding doors. Using only one complete system can lead to several technical options:<\/p>\n<p>&#8211; deceleration and closing system for one door clip for the closing position (using only one decelerator)<br \/>\n&#8211; deceleration and closing system for single door clips, working in both directions: open and closed (using the two decelerators included in the set)<br \/>\n&#8211; deceleration and closing system for double-contact sliding doors designed to be closed or opened,<br \/>\n&#8211; deceleration and closing system for double-leaf doors in the closed position<\/p>\n<hr>\n<\/div>\n","protected":false},"excerpt":{"rendered":"<p>The SAVE model. SCS. PR 03 EAN. 5907772071465 Material Polymer Colour Black Installation instructions Download &#8211; mounting on the rail<\/p>\n","protected":false},"featured_media":65699,"comment_status":"open","ping_status":"closed","template":"","meta":{"_acf_changed":false,"pmpro_default_level":""},"product_brand":[],"product_cat":[23985,23919],"product_tag":[],"class_list":{"0":"post-134683","1":"product","2":"type-product","3":"status-publish","4":"has-post-thumbnail","6":"product_cat-sliding-door-accessories","7":"product_cat-sliding-door-systems","8":"pmpro-has-access","10":"first","11":"instock","12":"shipping-taxable","13":"purchasable","14":"product-type-simple"},"acf":[],"yoast_head":"<!-- This site is optimized with the Yoast SEO plugin v24.9 - https:\/\/yoast.com\/wordpress\/plugins\/seo\/ -->\n<title>Sliding door closer DOUBLE 03 - MetalTale.com<\/title>\n<meta name=\"robots\" content=\"index, follow, max-snippet:-1, max-image-preview:large, max-video-preview:-1\" \/>\n<link rel=\"canonical\" href=\"https:\/\/metaltale.com\/en\/product\/sliding-door-closer-double-03\/\" \/>\n<meta property=\"og:locale\" content=\"en_US\" \/>\n<meta property=\"og:type\" content=\"article\" \/>\n<meta property=\"og:title\" content=\"Sliding door closer DOUBLE 03 - MetalTale.com\" \/>\n<meta property=\"og:description\" content=\"The SAVE model. SCS. PR 03 EAN. 5907772071465 Material Polymer Colour Black Installation instructions Download &#8211; mounting on the rail\" \/>\n<meta property=\"og:url\" content=\"https:\/\/metaltale.com\/en\/product\/sliding-door-closer-double-03\/\" \/>\n<meta property=\"og:site_name\" content=\"MetalTale.com\" \/>\n<meta property=\"og:image\" content=\"http:\/\/metaltale.com\/wp-content\/uploads\/2023\/09\/Savaime-ux17Esidaranti-max161ina-DOUBLE-03.jpg\" \/>\n\t<meta property=\"og:image:width\" content=\"800\" \/>\n\t<meta property=\"og:image:height\" content=\"800\" \/>\n\t<meta property=\"og:image:type\" content=\"image\/jpeg\" \/>\n<meta name=\"twitter:card\" content=\"summary_large_image\" \/>\n<meta name=\"twitter:label1\" content=\"Est. reading time\" \/>\n\t<meta name=\"twitter:data1\" content=\"1 minute\" \/>\n<script type=\"application\/ld+json\" class=\"yoast-schema-graph\">{\"@context\":\"https:\/\/schema.org\",\"@graph\":[{\"@type\":\"WebPage\",\"@id\":\"https:\/\/metaltale.com\/en\/product\/sliding-door-closer-double-03\/\",\"url\":\"https:\/\/metaltale.com\/en\/product\/sliding-door-closer-double-03\/\",\"name\":\"Sliding door closer DOUBLE 03 - MetalTale.com\",\"isPartOf\":{\"@id\":\"https:\/\/metaltale.com\/en\/#website\"},\"primaryImageOfPage\":{\"@id\":\"https:\/\/metaltale.com\/en\/product\/sliding-door-closer-double-03\/#primaryimage\"},\"image\":{\"@id\":\"https:\/\/metaltale.com\/en\/product\/sliding-door-closer-double-03\/#primaryimage\"},\"thumbnailUrl\":\"https:\/\/metaltale.com\/wp-content\/uploads\/2023\/09\/Savaime-ux17Esidaranti-max161ina-DOUBLE-03.jpg\",\"datePublished\":\"2024-02-13T11:19:42+00:00\",\"breadcrumb\":{\"@id\":\"https:\/\/metaltale.com\/en\/product\/sliding-door-closer-double-03\/#breadcrumb\"},\"inLanguage\":\"en-US\",\"potentialAction\":[{\"@type\":\"ReadAction\",\"target\":[\"https:\/\/metaltale.com\/en\/product\/sliding-door-closer-double-03\/\"]}]},{\"@type\":\"ImageObject\",\"inLanguage\":\"en-US\",\"@id\":\"https:\/\/metaltale.com\/en\/product\/sliding-door-closer-double-03\/#primaryimage\",\"url\":\"https:\/\/metaltale.com\/wp-content\/uploads\/2023\/09\/Savaime-ux17Esidaranti-max161ina-DOUBLE-03.jpg\",\"contentUrl\":\"https:\/\/metaltale.com\/wp-content\/uploads\/2023\/09\/Savaime-ux17Esidaranti-max161ina-DOUBLE-03.jpg\",\"width\":800,\"height\":800,\"caption\":\"Stumdom\u0173j\u0173 dur\u0173 pritrauk\u0117jas DOUBLE 03\"},{\"@type\":\"BreadcrumbList\",\"@id\":\"https:\/\/metaltale.com\/en\/product\/sliding-door-closer-double-03\/#breadcrumb\",\"itemListElement\":[{\"@type\":\"ListItem\",\"position\":1,\"name\":\"Home\",\"item\":\"https:\/\/metaltale.com\/en\/home-decor\/\"},{\"@type\":\"ListItem\",\"position\":2,\"name\":\"Shop\",\"item\":\"https:\/\/metaltale.com\/en\/shop\/\"},{\"@type\":\"ListItem\",\"position\":3,\"name\":\"Sliding door closer DOUBLE 03\"}]},{\"@type\":\"WebSite\",\"@id\":\"https:\/\/metaltale.com\/en\/#website\",\"url\":\"https:\/\/metaltale.com\/en\/\",\"name\":\"Metaltale.com\",\"description\":\"\",\"potentialAction\":[{\"@type\":\"SearchAction\",\"target\":{\"@type\":\"EntryPoint\",\"urlTemplate\":\"https:\/\/metaltale.com\/en\/?s={search_term_string}\"},\"query-input\":{\"@type\":\"PropertyValueSpecification\",\"valueRequired\":true,\"valueName\":\"search_term_string\"}}],\"inLanguage\":\"en-US\"}]}<\/script>\n<!-- \/ Yoast SEO plugin. -->","yoast_head_json":{"title":"Sliding door closer DOUBLE 03 - MetalTale.com","robots":{"index":"index","follow":"follow","max-snippet":"max-snippet:-1","max-image-preview":"max-image-preview:large","max-video-preview":"max-video-preview:-1"},"canonical":"https:\/\/metaltale.com\/en\/product\/sliding-door-closer-double-03\/","og_locale":"en_US","og_type":"article","og_title":"Sliding door closer DOUBLE 03 - MetalTale.com","og_description":"The SAVE model. SCS. PR 03 EAN. 5907772071465 Material Polymer Colour Black Installation instructions Download &#8211; mounting on the rail","og_url":"https:\/\/metaltale.com\/en\/product\/sliding-door-closer-double-03\/","og_site_name":"MetalTale.com","og_image":[{"width":800,"height":800,"url":"http:\/\/metaltale.com\/wp-content\/uploads\/2023\/09\/Savaime-ux17Esidaranti-max161ina-DOUBLE-03.jpg","type":"image\/jpeg"}],"twitter_card":"summary_large_image","twitter_misc":{"Est. reading time":"1 minute"},"schema":{"@context":"https:\/\/schema.org","@graph":[{"@type":"WebPage","@id":"https:\/\/metaltale.com\/en\/product\/sliding-door-closer-double-03\/","url":"https:\/\/metaltale.com\/en\/product\/sliding-door-closer-double-03\/","name":"Sliding door closer DOUBLE 03 - MetalTale.com","isPartOf":{"@id":"https:\/\/metaltale.com\/en\/#website"},"primaryImageOfPage":{"@id":"https:\/\/metaltale.com\/en\/product\/sliding-door-closer-double-03\/#primaryimage"},"image":{"@id":"https:\/\/metaltale.com\/en\/product\/sliding-door-closer-double-03\/#primaryimage"},"thumbnailUrl":"https:\/\/metaltale.com\/wp-content\/uploads\/2023\/09\/Savaime-ux17Esidaranti-max161ina-DOUBLE-03.jpg","datePublished":"2024-02-13T11:19:42+00:00","breadcrumb":{"@id":"https:\/\/metaltale.com\/en\/product\/sliding-door-closer-double-03\/#breadcrumb"},"inLanguage":"en-US","potentialAction":[{"@type":"ReadAction","target":["https:\/\/metaltale.com\/en\/product\/sliding-door-closer-double-03\/"]}]},{"@type":"ImageObject","inLanguage":"en-US","@id":"https:\/\/metaltale.com\/en\/product\/sliding-door-closer-double-03\/#primaryimage","url":"https:\/\/metaltale.com\/wp-content\/uploads\/2023\/09\/Savaime-ux17Esidaranti-max161ina-DOUBLE-03.jpg","contentUrl":"https:\/\/metaltale.com\/wp-content\/uploads\/2023\/09\/Savaime-ux17Esidaranti-max161ina-DOUBLE-03.jpg","width":800,"height":800,"caption":"Stumdom\u0173j\u0173 dur\u0173 pritrauk\u0117jas DOUBLE 03"},{"@type":"BreadcrumbList","@id":"https:\/\/metaltale.com\/en\/product\/sliding-door-closer-double-03\/#breadcrumb","itemListElement":[{"@type":"ListItem","position":1,"name":"Home","item":"https:\/\/metaltale.com\/en\/home-decor\/"},{"@type":"ListItem","position":2,"name":"Shop","item":"https:\/\/metaltale.com\/en\/shop\/"},{"@type":"ListItem","position":3,"name":"Sliding door closer DOUBLE 03"}]},{"@type":"WebSite","@id":"https:\/\/metaltale.com\/en\/#website","url":"https:\/\/metaltale.com\/en\/","name":"Metaltale.com","description":"","potentialAction":[{"@type":"SearchAction","target":{"@type":"EntryPoint","urlTemplate":"https:\/\/metaltale.com\/en\/?s={search_term_string}"},"query-input":{"@type":"PropertyValueSpecification","valueRequired":true,"valueName":"search_term_string"}}],"inLanguage":"en-US"}]}},"_links":{"self":[{"href":"https:\/\/metaltale.com\/en\/wp-json\/wp\/v2\/product\/134683","targetHints":{"allow":["GET"]}}],"collection":[{"href":"https:\/\/metaltale.com\/en\/wp-json\/wp\/v2\/product"}],"about":[{"href":"https:\/\/metaltale.com\/en\/wp-json\/wp\/v2\/types\/product"}],"replies":[{"embeddable":true,"href":"https:\/\/metaltale.com\/en\/wp-json\/wp\/v2\/comments?post=134683"}],"version-history":[{"count":0,"href":"https:\/\/metaltale.com\/en\/wp-json\/wp\/v2\/product\/134683\/revisions"}],"wp:featuredmedia":[{"embeddable":true,"href":"https:\/\/metaltale.com\/en\/wp-json\/wp\/v2\/media\/65699"}],"wp:attachment":[{"href":"https:\/\/metaltale.com\/en\/wp-json\/wp\/v2\/media?parent=134683"}],"wp:term":[{"taxonomy":"product_brand","embeddable":true,"href":"https:\/\/metaltale.com\/en\/wp-json\/wp\/v2\/product_brand?post=134683"},{"taxonomy":"product_cat","embeddable":true,"href":"https:\/\/metaltale.com\/en\/wp-json\/wp\/v2\/product_cat?post=134683"},{"taxonomy":"product_tag","embeddable":true,"href":"https:\/\/metaltale.com\/en\/wp-json\/wp\/v2\/product_tag?post=134683"}],"curies":[{"name":"wp","href":"https:\/\/api.w.org\/{rel}","templated":true}]}}