{"id":134680,"date":"2024-02-13T13:19:42","date_gmt":"2024-02-13T11:19:42","guid":{"rendered":"https:\/\/metaltale.com\/produktas\/sliding-door-closer-single-01\/"},"modified":"2024-02-13T13:19:42","modified_gmt":"2024-02-13T11:19:42","slug":"sliding-door-closer-single-01","status":"publish","type":"product","link":"https:\/\/metaltale.com\/en\/product\/sliding-door-closer-single-01\/","title":{"rendered":"Sliding door closer SINGLE 01"},"content":{"rendered":"<div class=\"prod_data\"><strong>The<\/strong> SAVE <strong>model<\/strong>. SCS. PR01  <br \/><strong>EAN.<\/strong>  5907772071489  <br \/><strong>Material<\/strong> Polymer  <br \/><strong>Colour<\/strong> Black  <br \/><strong>Installation instructions<\/strong> Download  <\/p>\n<p>Automatic sliding door closer.<br \/>this model of door closer is not connected to the sliding system rail and is mounted directly on the wall.  <br \/>the self-closing device is universal (right, left) and can be used for all doors weighing up to 120 kg.<\/p>\n<p>With such a door closer or self-closing device, we can create a sliding system that slows down when the door is moved to the closing position, and also automatically tensions the door until it closes completely.<\/p>\n<p>the system consists of:<br \/>1 deceleration element<br \/>1 pc. a pull bar attached to the door<br \/>1 pc. fixing screws<\/p>\n<p><strong>A door closer is included free of charge with the purchase of any door and any door guide.<\/strong><\/p>\n<\/div>\n","protected":false},"excerpt":{"rendered":"<p>The SAVE model. SCS. PR01 EAN. 5907772071489 Material Polymer Colour Black Installation instructions Download Automatic sliding door closer.this model of<\/p>\n","protected":false},"featured_media":65717,"comment_status":"open","ping_status":"closed","template":"","meta":{"_acf_changed":false,"pmpro_default_level":""},"product_brand":[],"product_cat":[23985,23919],"product_tag":[],"class_list":{"0":"post-134680","1":"product","2":"type-product","3":"status-publish","4":"has-post-thumbnail","6":"product_cat-sliding-door-accessories","7":"product_cat-sliding-door-systems","8":"pmpro-has-access","10":"first","11":"outofstock","12":"shipping-taxable","13":"purchasable","14":"product-type-simple"},"acf":[],"yoast_head":"<!-- This site is optimized with the Yoast SEO plugin v24.9 - https:\/\/yoast.com\/wordpress\/plugins\/seo\/ -->\n<title>Sliding door closer SINGLE 01 - MetalTale.com<\/title>\n<meta name=\"robots\" content=\"index, follow, max-snippet:-1, max-image-preview:large, max-video-preview:-1\" \/>\n<link rel=\"canonical\" href=\"https:\/\/metaltale.com\/en\/product\/sliding-door-closer-single-01\/\" \/>\n<meta property=\"og:locale\" content=\"en_US\" \/>\n<meta property=\"og:type\" content=\"article\" \/>\n<meta property=\"og:title\" content=\"Sliding door closer SINGLE 01 - MetalTale.com\" \/>\n<meta property=\"og:description\" content=\"The SAVE model. SCS. PR01 EAN. 5907772071489 Material Polymer Colour Black Installation instructions Download Automatic sliding door closer.this model of\" \/>\n<meta property=\"og:url\" content=\"https:\/\/metaltale.com\/en\/product\/sliding-door-closer-single-01\/\" \/>\n<meta property=\"og:site_name\" content=\"MetalTale.com\" \/>\n<meta property=\"og:image\" content=\"http:\/\/metaltale.com\/wp-content\/uploads\/2023\/09\/Savaime-ux17Esidaranti-max161ina-SINGLE-01.jpg\" \/>\n\t<meta property=\"og:image:width\" content=\"800\" \/>\n\t<meta property=\"og:image:height\" content=\"800\" \/>\n\t<meta property=\"og:image:type\" content=\"image\/jpeg\" \/>\n<meta name=\"twitter:card\" content=\"summary_large_image\" \/>\n<meta name=\"twitter:label1\" content=\"Est. reading time\" \/>\n\t<meta name=\"twitter:data1\" content=\"1 minute\" \/>\n<script type=\"application\/ld+json\" class=\"yoast-schema-graph\">{\"@context\":\"https:\/\/schema.org\",\"@graph\":[{\"@type\":\"WebPage\",\"@id\":\"https:\/\/metaltale.com\/en\/product\/sliding-door-closer-single-01\/\",\"url\":\"https:\/\/metaltale.com\/en\/product\/sliding-door-closer-single-01\/\",\"name\":\"Sliding door closer SINGLE 01 - MetalTale.com\",\"isPartOf\":{\"@id\":\"https:\/\/metaltale.com\/en\/#website\"},\"primaryImageOfPage\":{\"@id\":\"https:\/\/metaltale.com\/en\/product\/sliding-door-closer-single-01\/#primaryimage\"},\"image\":{\"@id\":\"https:\/\/metaltale.com\/en\/product\/sliding-door-closer-single-01\/#primaryimage\"},\"thumbnailUrl\":\"https:\/\/metaltale.com\/wp-content\/uploads\/2023\/09\/Savaime-ux17Esidaranti-max161ina-SINGLE-01.jpg\",\"datePublished\":\"2024-02-13T11:19:42+00:00\",\"breadcrumb\":{\"@id\":\"https:\/\/metaltale.com\/en\/product\/sliding-door-closer-single-01\/#breadcrumb\"},\"inLanguage\":\"en-US\",\"potentialAction\":[{\"@type\":\"ReadAction\",\"target\":[\"https:\/\/metaltale.com\/en\/product\/sliding-door-closer-single-01\/\"]}]},{\"@type\":\"ImageObject\",\"inLanguage\":\"en-US\",\"@id\":\"https:\/\/metaltale.com\/en\/product\/sliding-door-closer-single-01\/#primaryimage\",\"url\":\"https:\/\/metaltale.com\/wp-content\/uploads\/2023\/09\/Savaime-ux17Esidaranti-max161ina-SINGLE-01.jpg\",\"contentUrl\":\"https:\/\/metaltale.com\/wp-content\/uploads\/2023\/09\/Savaime-ux17Esidaranti-max161ina-SINGLE-01.jpg\",\"width\":800,\"height\":800,\"caption\":\"Stumdom\u0173 dur\u0173 pritrauk\u0117jas SINGLE 01\"},{\"@type\":\"BreadcrumbList\",\"@id\":\"https:\/\/metaltale.com\/en\/product\/sliding-door-closer-single-01\/#breadcrumb\",\"itemListElement\":[{\"@type\":\"ListItem\",\"position\":1,\"name\":\"Home\",\"item\":\"https:\/\/metaltale.com\/en\/home-decor\/\"},{\"@type\":\"ListItem\",\"position\":2,\"name\":\"Shop\",\"item\":\"https:\/\/metaltale.com\/en\/shop\/\"},{\"@type\":\"ListItem\",\"position\":3,\"name\":\"Sliding door closer SINGLE 01\"}]},{\"@type\":\"WebSite\",\"@id\":\"https:\/\/metaltale.com\/en\/#website\",\"url\":\"https:\/\/metaltale.com\/en\/\",\"name\":\"Metaltale.com\",\"description\":\"\",\"potentialAction\":[{\"@type\":\"SearchAction\",\"target\":{\"@type\":\"EntryPoint\",\"urlTemplate\":\"https:\/\/metaltale.com\/en\/?s={search_term_string}\"},\"query-input\":{\"@type\":\"PropertyValueSpecification\",\"valueRequired\":true,\"valueName\":\"search_term_string\"}}],\"inLanguage\":\"en-US\"}]}<\/script>\n<!-- \/ Yoast SEO plugin. -->","yoast_head_json":{"title":"Sliding door closer SINGLE 01 - MetalTale.com","robots":{"index":"index","follow":"follow","max-snippet":"max-snippet:-1","max-image-preview":"max-image-preview:large","max-video-preview":"max-video-preview:-1"},"canonical":"https:\/\/metaltale.com\/en\/product\/sliding-door-closer-single-01\/","og_locale":"en_US","og_type":"article","og_title":"Sliding door closer SINGLE 01 - MetalTale.com","og_description":"The SAVE model. SCS. PR01 EAN. 5907772071489 Material Polymer Colour Black Installation instructions Download Automatic sliding door closer.this model of","og_url":"https:\/\/metaltale.com\/en\/product\/sliding-door-closer-single-01\/","og_site_name":"MetalTale.com","og_image":[{"width":800,"height":800,"url":"http:\/\/metaltale.com\/wp-content\/uploads\/2023\/09\/Savaime-ux17Esidaranti-max161ina-SINGLE-01.jpg","type":"image\/jpeg"}],"twitter_card":"summary_large_image","twitter_misc":{"Est. reading time":"1 minute"},"schema":{"@context":"https:\/\/schema.org","@graph":[{"@type":"WebPage","@id":"https:\/\/metaltale.com\/en\/product\/sliding-door-closer-single-01\/","url":"https:\/\/metaltale.com\/en\/product\/sliding-door-closer-single-01\/","name":"Sliding door closer SINGLE 01 - MetalTale.com","isPartOf":{"@id":"https:\/\/metaltale.com\/en\/#website"},"primaryImageOfPage":{"@id":"https:\/\/metaltale.com\/en\/product\/sliding-door-closer-single-01\/#primaryimage"},"image":{"@id":"https:\/\/metaltale.com\/en\/product\/sliding-door-closer-single-01\/#primaryimage"},"thumbnailUrl":"https:\/\/metaltale.com\/wp-content\/uploads\/2023\/09\/Savaime-ux17Esidaranti-max161ina-SINGLE-01.jpg","datePublished":"2024-02-13T11:19:42+00:00","breadcrumb":{"@id":"https:\/\/metaltale.com\/en\/product\/sliding-door-closer-single-01\/#breadcrumb"},"inLanguage":"en-US","potentialAction":[{"@type":"ReadAction","target":["https:\/\/metaltale.com\/en\/product\/sliding-door-closer-single-01\/"]}]},{"@type":"ImageObject","inLanguage":"en-US","@id":"https:\/\/metaltale.com\/en\/product\/sliding-door-closer-single-01\/#primaryimage","url":"https:\/\/metaltale.com\/wp-content\/uploads\/2023\/09\/Savaime-ux17Esidaranti-max161ina-SINGLE-01.jpg","contentUrl":"https:\/\/metaltale.com\/wp-content\/uploads\/2023\/09\/Savaime-ux17Esidaranti-max161ina-SINGLE-01.jpg","width":800,"height":800,"caption":"Stumdom\u0173 dur\u0173 pritrauk\u0117jas SINGLE 01"},{"@type":"BreadcrumbList","@id":"https:\/\/metaltale.com\/en\/product\/sliding-door-closer-single-01\/#breadcrumb","itemListElement":[{"@type":"ListItem","position":1,"name":"Home","item":"https:\/\/metaltale.com\/en\/home-decor\/"},{"@type":"ListItem","position":2,"name":"Shop","item":"https:\/\/metaltale.com\/en\/shop\/"},{"@type":"ListItem","position":3,"name":"Sliding door closer SINGLE 01"}]},{"@type":"WebSite","@id":"https:\/\/metaltale.com\/en\/#website","url":"https:\/\/metaltale.com\/en\/","name":"Metaltale.com","description":"","potentialAction":[{"@type":"SearchAction","target":{"@type":"EntryPoint","urlTemplate":"https:\/\/metaltale.com\/en\/?s={search_term_string}"},"query-input":{"@type":"PropertyValueSpecification","valueRequired":true,"valueName":"search_term_string"}}],"inLanguage":"en-US"}]}},"_links":{"self":[{"href":"https:\/\/metaltale.com\/en\/wp-json\/wp\/v2\/product\/134680","targetHints":{"allow":["GET"]}}],"collection":[{"href":"https:\/\/metaltale.com\/en\/wp-json\/wp\/v2\/product"}],"about":[{"href":"https:\/\/metaltale.com\/en\/wp-json\/wp\/v2\/types\/product"}],"replies":[{"embeddable":true,"href":"https:\/\/metaltale.com\/en\/wp-json\/wp\/v2\/comments?post=134680"}],"version-history":[{"count":0,"href":"https:\/\/metaltale.com\/en\/wp-json\/wp\/v2\/product\/134680\/revisions"}],"wp:featuredmedia":[{"embeddable":true,"href":"https:\/\/metaltale.com\/en\/wp-json\/wp\/v2\/media\/65717"}],"wp:attachment":[{"href":"https:\/\/metaltale.com\/en\/wp-json\/wp\/v2\/media?parent=134680"}],"wp:term":[{"taxonomy":"product_brand","embeddable":true,"href":"https:\/\/metaltale.com\/en\/wp-json\/wp\/v2\/product_brand?post=134680"},{"taxonomy":"product_cat","embeddable":true,"href":"https:\/\/metaltale.com\/en\/wp-json\/wp\/v2\/product_cat?post=134680"},{"taxonomy":"product_tag","embeddable":true,"href":"https:\/\/metaltale.com\/en\/wp-json\/wp\/v2\/product_tag?post=134680"}],"curies":[{"name":"wp","href":"https:\/\/api.w.org\/{rel}","templated":true}]}}