{"id":134678,"date":"2024-02-13T13:19:42","date_gmt":"2024-02-13T11:19:42","guid":{"rendered":"https:\/\/metaltale.com\/produktas\/sliding-door-bottom-guides-a-018-2\/"},"modified":"2024-02-13T13:19:42","modified_gmt":"2024-02-13T11:19:42","slug":"sliding-door-bottom-guides-a-018-2","status":"publish","type":"product","link":"https:\/\/metaltale.com\/en\/product\/sliding-door-bottom-guides-a-018-2\/","title":{"rendered":"Sliding door bottom guides A-018"},"content":{"rendered":"<div class=\"prod_data\"><strong>Model<\/strong> SAU. R04-BK. NGBXX  <br \/><strong>Material<\/strong> Steel, plastic  <br \/><strong>Colour<\/strong> White, black, silver  <br \/><strong>Quantity per set<\/strong> 1 pc.  <\/p>\n<p>&#8211; adjustable roller wall guide  <br \/>&#8211; roller on bearing<br \/>&#8211; the product on a boom fixed to the wall<br \/>&#8211; the chain stabilises the sliding door in the front plane, guaranteeing safe use<br \/>&#8211; the product, thanks to the roller, guarantees that the lower part of the door is free of any traces of slipping<br \/>&#8211; made of high quality plastic\/steel for a long service life<br \/>&#8211; the guide can be used for doors with or without bottom cutter<br \/>&#8211; the product features simple and intuitive assembly<br \/>&#8211; wall fixing prevents the need to interfere with panels, floor joists or tiles<br \/>&#8211; can be used for any type of sliding door, whether made of natural wood, board or steel<\/p>\n<hr>\n<p>The massive, silent and practical lower chain guarantees total comfort. The design makes it very versatile. It is ideal for doors in spacious industrial areas. It is also suitable for all loft, rustic and modern interiors.<\/p>\n<hr>\n<\/div>\n","protected":false},"excerpt":{"rendered":"<p>Model SAU. R04-BK. NGBXX Material Steel, plastic Colour White, black, silver Quantity per set 1 pc. &#8211; adjustable roller wall<\/p>\n","protected":false},"featured_media":141462,"comment_status":"open","ping_status":"closed","template":"","meta":{"_acf_changed":false,"pmpro_default_level":""},"product_brand":[],"product_cat":[23919],"product_tag":[],"class_list":{"0":"post-134678","1":"product","2":"type-product","3":"status-publish","4":"has-post-thumbnail","6":"product_cat-sliding-door-systems","7":"pmpro-has-access","9":"first","10":"instock","11":"shipping-taxable","12":"purchasable","13":"product-type-simple"},"acf":[],"yoast_head":"<!-- This site is optimized with the Yoast SEO plugin v24.9 - https:\/\/yoast.com\/wordpress\/plugins\/seo\/ -->\n<title>Sliding door bottom guides A-018 - MetalTale.com<\/title>\n<meta name=\"robots\" content=\"index, follow, max-snippet:-1, max-image-preview:large, max-video-preview:-1\" \/>\n<link rel=\"canonical\" href=\"https:\/\/metaltale.com\/en\/product\/sliding-door-bottom-guides-a-018-2\/\" \/>\n<meta property=\"og:locale\" content=\"en_US\" \/>\n<meta property=\"og:type\" content=\"article\" \/>\n<meta property=\"og:title\" content=\"Sliding door bottom guides A-018 - MetalTale.com\" \/>\n<meta property=\"og:description\" content=\"Model SAU. R04-BK. NGBXX Material Steel, plastic Colour White, black, silver Quantity per set 1 pc. &#8211; adjustable roller wall\" \/>\n<meta property=\"og:url\" content=\"https:\/\/metaltale.com\/en\/product\/sliding-door-bottom-guides-a-018-2\/\" \/>\n<meta property=\"og:site_name\" content=\"MetalTale.com\" \/>\n<meta property=\"og:image\" content=\"http:\/\/metaltale.com\/wp-content\/uploads\/2024\/02\/prowadnik-dolny-do-drzwi-przesuwnych-2582.jpg\" \/>\n\t<meta property=\"og:image:width\" content=\"800\" \/>\n\t<meta property=\"og:image:height\" content=\"800\" \/>\n\t<meta property=\"og:image:type\" content=\"image\/jpeg\" \/>\n<meta name=\"twitter:card\" content=\"summary_large_image\" \/>\n<meta name=\"twitter:label1\" content=\"Est. reading time\" \/>\n\t<meta name=\"twitter:data1\" content=\"1 minute\" \/>\n<script type=\"application\/ld+json\" class=\"yoast-schema-graph\">{\"@context\":\"https:\/\/schema.org\",\"@graph\":[{\"@type\":\"WebPage\",\"@id\":\"https:\/\/metaltale.com\/en\/product\/sliding-door-bottom-guides-a-018-2\/\",\"url\":\"https:\/\/metaltale.com\/en\/product\/sliding-door-bottom-guides-a-018-2\/\",\"name\":\"Sliding door bottom guides A-018 - MetalTale.com\",\"isPartOf\":{\"@id\":\"https:\/\/metaltale.com\/en\/#website\"},\"primaryImageOfPage\":{\"@id\":\"https:\/\/metaltale.com\/en\/product\/sliding-door-bottom-guides-a-018-2\/#primaryimage\"},\"image\":{\"@id\":\"https:\/\/metaltale.com\/en\/product\/sliding-door-bottom-guides-a-018-2\/#primaryimage\"},\"thumbnailUrl\":\"https:\/\/metaltale.com\/wp-content\/uploads\/2024\/02\/prowadnik-dolny-do-drzwi-przesuwnych-2582.jpg\",\"datePublished\":\"2024-02-13T11:19:42+00:00\",\"breadcrumb\":{\"@id\":\"https:\/\/metaltale.com\/en\/product\/sliding-door-bottom-guides-a-018-2\/#breadcrumb\"},\"inLanguage\":\"en-US\",\"potentialAction\":[{\"@type\":\"ReadAction\",\"target\":[\"https:\/\/metaltale.com\/en\/product\/sliding-door-bottom-guides-a-018-2\/\"]}]},{\"@type\":\"ImageObject\",\"inLanguage\":\"en-US\",\"@id\":\"https:\/\/metaltale.com\/en\/product\/sliding-door-bottom-guides-a-018-2\/#primaryimage\",\"url\":\"https:\/\/metaltale.com\/wp-content\/uploads\/2024\/02\/prowadnik-dolny-do-drzwi-przesuwnych-2582.jpg\",\"contentUrl\":\"https:\/\/metaltale.com\/wp-content\/uploads\/2024\/02\/prowadnik-dolny-do-drzwi-przesuwnych-2582.jpg\",\"width\":800,\"height\":800,\"caption\":\"Stumdom\u0173 dur\u0173 kreipian\u010dioji\"},{\"@type\":\"BreadcrumbList\",\"@id\":\"https:\/\/metaltale.com\/en\/product\/sliding-door-bottom-guides-a-018-2\/#breadcrumb\",\"itemListElement\":[{\"@type\":\"ListItem\",\"position\":1,\"name\":\"Home\",\"item\":\"https:\/\/metaltale.com\/en\/home-decor\/\"},{\"@type\":\"ListItem\",\"position\":2,\"name\":\"Shop\",\"item\":\"https:\/\/metaltale.com\/en\/shop\/\"},{\"@type\":\"ListItem\",\"position\":3,\"name\":\"Sliding door bottom guides A-018\"}]},{\"@type\":\"WebSite\",\"@id\":\"https:\/\/metaltale.com\/en\/#website\",\"url\":\"https:\/\/metaltale.com\/en\/\",\"name\":\"Metaltale.com\",\"description\":\"\",\"potentialAction\":[{\"@type\":\"SearchAction\",\"target\":{\"@type\":\"EntryPoint\",\"urlTemplate\":\"https:\/\/metaltale.com\/en\/?s={search_term_string}\"},\"query-input\":{\"@type\":\"PropertyValueSpecification\",\"valueRequired\":true,\"valueName\":\"search_term_string\"}}],\"inLanguage\":\"en-US\"}]}<\/script>\n<!-- \/ Yoast SEO plugin. -->","yoast_head_json":{"title":"Sliding door bottom guides A-018 - MetalTale.com","robots":{"index":"index","follow":"follow","max-snippet":"max-snippet:-1","max-image-preview":"max-image-preview:large","max-video-preview":"max-video-preview:-1"},"canonical":"https:\/\/metaltale.com\/en\/product\/sliding-door-bottom-guides-a-018-2\/","og_locale":"en_US","og_type":"article","og_title":"Sliding door bottom guides A-018 - MetalTale.com","og_description":"Model SAU. R04-BK. NGBXX Material Steel, plastic Colour White, black, silver Quantity per set 1 pc. &#8211; adjustable roller wall","og_url":"https:\/\/metaltale.com\/en\/product\/sliding-door-bottom-guides-a-018-2\/","og_site_name":"MetalTale.com","og_image":[{"width":800,"height":800,"url":"http:\/\/metaltale.com\/wp-content\/uploads\/2024\/02\/prowadnik-dolny-do-drzwi-przesuwnych-2582.jpg","type":"image\/jpeg"}],"twitter_card":"summary_large_image","twitter_misc":{"Est. reading time":"1 minute"},"schema":{"@context":"https:\/\/schema.org","@graph":[{"@type":"WebPage","@id":"https:\/\/metaltale.com\/en\/product\/sliding-door-bottom-guides-a-018-2\/","url":"https:\/\/metaltale.com\/en\/product\/sliding-door-bottom-guides-a-018-2\/","name":"Sliding door bottom guides A-018 - MetalTale.com","isPartOf":{"@id":"https:\/\/metaltale.com\/en\/#website"},"primaryImageOfPage":{"@id":"https:\/\/metaltale.com\/en\/product\/sliding-door-bottom-guides-a-018-2\/#primaryimage"},"image":{"@id":"https:\/\/metaltale.com\/en\/product\/sliding-door-bottom-guides-a-018-2\/#primaryimage"},"thumbnailUrl":"https:\/\/metaltale.com\/wp-content\/uploads\/2024\/02\/prowadnik-dolny-do-drzwi-przesuwnych-2582.jpg","datePublished":"2024-02-13T11:19:42+00:00","breadcrumb":{"@id":"https:\/\/metaltale.com\/en\/product\/sliding-door-bottom-guides-a-018-2\/#breadcrumb"},"inLanguage":"en-US","potentialAction":[{"@type":"ReadAction","target":["https:\/\/metaltale.com\/en\/product\/sliding-door-bottom-guides-a-018-2\/"]}]},{"@type":"ImageObject","inLanguage":"en-US","@id":"https:\/\/metaltale.com\/en\/product\/sliding-door-bottom-guides-a-018-2\/#primaryimage","url":"https:\/\/metaltale.com\/wp-content\/uploads\/2024\/02\/prowadnik-dolny-do-drzwi-przesuwnych-2582.jpg","contentUrl":"https:\/\/metaltale.com\/wp-content\/uploads\/2024\/02\/prowadnik-dolny-do-drzwi-przesuwnych-2582.jpg","width":800,"height":800,"caption":"Stumdom\u0173 dur\u0173 kreipian\u010dioji"},{"@type":"BreadcrumbList","@id":"https:\/\/metaltale.com\/en\/product\/sliding-door-bottom-guides-a-018-2\/#breadcrumb","itemListElement":[{"@type":"ListItem","position":1,"name":"Home","item":"https:\/\/metaltale.com\/en\/home-decor\/"},{"@type":"ListItem","position":2,"name":"Shop","item":"https:\/\/metaltale.com\/en\/shop\/"},{"@type":"ListItem","position":3,"name":"Sliding door bottom guides A-018"}]},{"@type":"WebSite","@id":"https:\/\/metaltale.com\/en\/#website","url":"https:\/\/metaltale.com\/en\/","name":"Metaltale.com","description":"","potentialAction":[{"@type":"SearchAction","target":{"@type":"EntryPoint","urlTemplate":"https:\/\/metaltale.com\/en\/?s={search_term_string}"},"query-input":{"@type":"PropertyValueSpecification","valueRequired":true,"valueName":"search_term_string"}}],"inLanguage":"en-US"}]}},"_links":{"self":[{"href":"https:\/\/metaltale.com\/en\/wp-json\/wp\/v2\/product\/134678","targetHints":{"allow":["GET"]}}],"collection":[{"href":"https:\/\/metaltale.com\/en\/wp-json\/wp\/v2\/product"}],"about":[{"href":"https:\/\/metaltale.com\/en\/wp-json\/wp\/v2\/types\/product"}],"replies":[{"embeddable":true,"href":"https:\/\/metaltale.com\/en\/wp-json\/wp\/v2\/comments?post=134678"}],"version-history":[{"count":0,"href":"https:\/\/metaltale.com\/en\/wp-json\/wp\/v2\/product\/134678\/revisions"}],"wp:featuredmedia":[{"embeddable":true,"href":"https:\/\/metaltale.com\/en\/wp-json\/wp\/v2\/media\/141462"}],"wp:attachment":[{"href":"https:\/\/metaltale.com\/en\/wp-json\/wp\/v2\/media?parent=134678"}],"wp:term":[{"taxonomy":"product_brand","embeddable":true,"href":"https:\/\/metaltale.com\/en\/wp-json\/wp\/v2\/product_brand?post=134678"},{"taxonomy":"product_cat","embeddable":true,"href":"https:\/\/metaltale.com\/en\/wp-json\/wp\/v2\/product_cat?post=134678"},{"taxonomy":"product_tag","embeddable":true,"href":"https:\/\/metaltale.com\/en\/wp-json\/wp\/v2\/product_tag?post=134678"}],"curies":[{"name":"wp","href":"https:\/\/api.w.org\/{rel}","templated":true}]}}