{"id":134658,"date":"2024-02-13T13:19:42","date_gmt":"2024-02-13T11:19:42","guid":{"rendered":"https:\/\/metaltale.com\/produktas\/bottom-rails-for-sliding-doors-b-007-033\/"},"modified":"2024-02-13T13:19:42","modified_gmt":"2024-02-13T11:19:42","slug":"bottom-rails-for-sliding-doors-b-007-033","status":"publish","type":"product","link":"https:\/\/metaltale.com\/en\/product\/bottom-rails-for-sliding-doors-b-007-033\/","title":{"rendered":"Bottom rails for sliding doors B-007\/033"},"content":{"rendered":"<div class=\"prod_data\"><strong>The<\/strong> SAVE <strong>model<\/strong>. FGXX  <br \/><strong>Material<\/strong> Polymer  <br \/><strong>Mounting screws<\/strong> Yes  <br \/><strong>Colour<\/strong> Black  <br \/><strong>Quantity per set<\/strong> 1 pc.  <\/p>\n<p>&#8211; floor guide, including adjustable<br \/>&#8211; the product stabilises the sliding door in the frontal plane, guaranteeing safe use<br \/>&#8211; thanks to the two independent components, the product can be used for doors of any thickness<br \/>&#8211; made of high quality plastic\/aluminium for a long service life<br \/>&#8211; the guide can be used for doors with or without bottom cutter<br \/>&#8211; the product features simple and intuitive assembly<br \/>&#8211; can be used for any type of sliding door, whether made of natural wood, board or steel<\/p>\n<hr>\n<p>A very simple but practical lower chain. Its design makes it a very versatile solution. It will be used for all types of doors, whether loft, rustic or modern, regardless of their thickness.<\/p>\n<\/p>\n<\/div>\n","protected":false},"excerpt":{"rendered":"<p>The SAVE model. FGXX Material Polymer Mounting screws Yes Colour Black Quantity per set 1 pc. &#8211; floor guide, including<\/p>\n","protected":false},"featured_media":65654,"comment_status":"open","ping_status":"closed","template":"","meta":{"_acf_changed":false,"pmpro_default_level":""},"product_brand":[],"product_cat":[23919],"product_tag":[],"class_list":{"0":"post-134658","1":"product","2":"type-product","3":"status-publish","4":"has-post-thumbnail","6":"product_cat-sliding-door-systems","7":"pmpro-has-access","9":"first","10":"instock","11":"shipping-taxable","12":"purchasable","13":"product-type-simple"},"acf":[],"yoast_head":"<!-- This site is optimized with the Yoast SEO plugin v24.9 - https:\/\/yoast.com\/wordpress\/plugins\/seo\/ -->\n<title>Bottom rails for sliding doors B-007\/033 - MetalTale.com<\/title>\n<meta name=\"robots\" content=\"index, follow, max-snippet:-1, max-image-preview:large, max-video-preview:-1\" \/>\n<link rel=\"canonical\" href=\"https:\/\/metaltale.com\/en\/product\/bottom-rails-for-sliding-doors-b-007-033\/\" \/>\n<meta property=\"og:locale\" content=\"en_US\" \/>\n<meta property=\"og:type\" content=\"article\" \/>\n<meta property=\"og:title\" content=\"Bottom rails for sliding doors B-007\/033 - MetalTale.com\" \/>\n<meta property=\"og:description\" content=\"The SAVE model. FGXX Material Polymer Mounting screws Yes Colour Black Quantity per set 1 pc. &#8211; floor guide, including\" \/>\n<meta property=\"og:url\" content=\"https:\/\/metaltale.com\/en\/product\/bottom-rails-for-sliding-doors-b-007-033\/\" \/>\n<meta property=\"og:site_name\" content=\"MetalTale.com\" \/>\n<meta property=\"og:image\" content=\"http:\/\/metaltale.com\/wp-content\/uploads\/2023\/09\/Prowadnik-B-007.jpg\" \/>\n\t<meta property=\"og:image:width\" content=\"800\" \/>\n\t<meta property=\"og:image:height\" content=\"800\" \/>\n\t<meta property=\"og:image:type\" content=\"image\/jpeg\" \/>\n<meta name=\"twitter:card\" content=\"summary_large_image\" \/>\n<meta name=\"twitter:label1\" content=\"Est. reading time\" \/>\n\t<meta name=\"twitter:data1\" content=\"1 minute\" \/>\n<script type=\"application\/ld+json\" class=\"yoast-schema-graph\">{\"@context\":\"https:\/\/schema.org\",\"@graph\":[{\"@type\":\"WebPage\",\"@id\":\"https:\/\/metaltale.com\/en\/product\/bottom-rails-for-sliding-doors-b-007-033\/\",\"url\":\"https:\/\/metaltale.com\/en\/product\/bottom-rails-for-sliding-doors-b-007-033\/\",\"name\":\"Bottom rails for sliding doors B-007\/033 - MetalTale.com\",\"isPartOf\":{\"@id\":\"https:\/\/metaltale.com\/en\/#website\"},\"primaryImageOfPage\":{\"@id\":\"https:\/\/metaltale.com\/en\/product\/bottom-rails-for-sliding-doors-b-007-033\/#primaryimage\"},\"image\":{\"@id\":\"https:\/\/metaltale.com\/en\/product\/bottom-rails-for-sliding-doors-b-007-033\/#primaryimage\"},\"thumbnailUrl\":\"https:\/\/metaltale.com\/wp-content\/uploads\/2023\/09\/Prowadnik-B-007.jpg\",\"datePublished\":\"2024-02-13T11:19:42+00:00\",\"breadcrumb\":{\"@id\":\"https:\/\/metaltale.com\/en\/product\/bottom-rails-for-sliding-doors-b-007-033\/#breadcrumb\"},\"inLanguage\":\"en-US\",\"potentialAction\":[{\"@type\":\"ReadAction\",\"target\":[\"https:\/\/metaltale.com\/en\/product\/bottom-rails-for-sliding-doors-b-007-033\/\"]}]},{\"@type\":\"ImageObject\",\"inLanguage\":\"en-US\",\"@id\":\"https:\/\/metaltale.com\/en\/product\/bottom-rails-for-sliding-doors-b-007-033\/#primaryimage\",\"url\":\"https:\/\/metaltale.com\/wp-content\/uploads\/2023\/09\/Prowadnik-B-007.jpg\",\"contentUrl\":\"https:\/\/metaltale.com\/wp-content\/uploads\/2023\/09\/Prowadnik-B-007.jpg\",\"width\":800,\"height\":800,\"caption\":\"Stumdom\u0173 dur\u0173 apatiniai b\u0117geliai B-007\"},{\"@type\":\"BreadcrumbList\",\"@id\":\"https:\/\/metaltale.com\/en\/product\/bottom-rails-for-sliding-doors-b-007-033\/#breadcrumb\",\"itemListElement\":[{\"@type\":\"ListItem\",\"position\":1,\"name\":\"Home\",\"item\":\"https:\/\/metaltale.com\/en\/home-decor\/\"},{\"@type\":\"ListItem\",\"position\":2,\"name\":\"Shop\",\"item\":\"https:\/\/metaltale.com\/en\/shop\/\"},{\"@type\":\"ListItem\",\"position\":3,\"name\":\"Bottom rails for sliding doors B-007\/033\"}]},{\"@type\":\"WebSite\",\"@id\":\"https:\/\/metaltale.com\/en\/#website\",\"url\":\"https:\/\/metaltale.com\/en\/\",\"name\":\"Metaltale.com\",\"description\":\"\",\"potentialAction\":[{\"@type\":\"SearchAction\",\"target\":{\"@type\":\"EntryPoint\",\"urlTemplate\":\"https:\/\/metaltale.com\/en\/?s={search_term_string}\"},\"query-input\":{\"@type\":\"PropertyValueSpecification\",\"valueRequired\":true,\"valueName\":\"search_term_string\"}}],\"inLanguage\":\"en-US\"}]}<\/script>\n<!-- \/ Yoast SEO plugin. -->","yoast_head_json":{"title":"Bottom rails for sliding doors B-007\/033 - MetalTale.com","robots":{"index":"index","follow":"follow","max-snippet":"max-snippet:-1","max-image-preview":"max-image-preview:large","max-video-preview":"max-video-preview:-1"},"canonical":"https:\/\/metaltale.com\/en\/product\/bottom-rails-for-sliding-doors-b-007-033\/","og_locale":"en_US","og_type":"article","og_title":"Bottom rails for sliding doors B-007\/033 - MetalTale.com","og_description":"The SAVE model. FGXX Material Polymer Mounting screws Yes Colour Black Quantity per set 1 pc. &#8211; floor guide, including","og_url":"https:\/\/metaltale.com\/en\/product\/bottom-rails-for-sliding-doors-b-007-033\/","og_site_name":"MetalTale.com","og_image":[{"width":800,"height":800,"url":"http:\/\/metaltale.com\/wp-content\/uploads\/2023\/09\/Prowadnik-B-007.jpg","type":"image\/jpeg"}],"twitter_card":"summary_large_image","twitter_misc":{"Est. reading time":"1 minute"},"schema":{"@context":"https:\/\/schema.org","@graph":[{"@type":"WebPage","@id":"https:\/\/metaltale.com\/en\/product\/bottom-rails-for-sliding-doors-b-007-033\/","url":"https:\/\/metaltale.com\/en\/product\/bottom-rails-for-sliding-doors-b-007-033\/","name":"Bottom rails for sliding doors B-007\/033 - MetalTale.com","isPartOf":{"@id":"https:\/\/metaltale.com\/en\/#website"},"primaryImageOfPage":{"@id":"https:\/\/metaltale.com\/en\/product\/bottom-rails-for-sliding-doors-b-007-033\/#primaryimage"},"image":{"@id":"https:\/\/metaltale.com\/en\/product\/bottom-rails-for-sliding-doors-b-007-033\/#primaryimage"},"thumbnailUrl":"https:\/\/metaltale.com\/wp-content\/uploads\/2023\/09\/Prowadnik-B-007.jpg","datePublished":"2024-02-13T11:19:42+00:00","breadcrumb":{"@id":"https:\/\/metaltale.com\/en\/product\/bottom-rails-for-sliding-doors-b-007-033\/#breadcrumb"},"inLanguage":"en-US","potentialAction":[{"@type":"ReadAction","target":["https:\/\/metaltale.com\/en\/product\/bottom-rails-for-sliding-doors-b-007-033\/"]}]},{"@type":"ImageObject","inLanguage":"en-US","@id":"https:\/\/metaltale.com\/en\/product\/bottom-rails-for-sliding-doors-b-007-033\/#primaryimage","url":"https:\/\/metaltale.com\/wp-content\/uploads\/2023\/09\/Prowadnik-B-007.jpg","contentUrl":"https:\/\/metaltale.com\/wp-content\/uploads\/2023\/09\/Prowadnik-B-007.jpg","width":800,"height":800,"caption":"Stumdom\u0173 dur\u0173 apatiniai b\u0117geliai B-007"},{"@type":"BreadcrumbList","@id":"https:\/\/metaltale.com\/en\/product\/bottom-rails-for-sliding-doors-b-007-033\/#breadcrumb","itemListElement":[{"@type":"ListItem","position":1,"name":"Home","item":"https:\/\/metaltale.com\/en\/home-decor\/"},{"@type":"ListItem","position":2,"name":"Shop","item":"https:\/\/metaltale.com\/en\/shop\/"},{"@type":"ListItem","position":3,"name":"Bottom rails for sliding doors B-007\/033"}]},{"@type":"WebSite","@id":"https:\/\/metaltale.com\/en\/#website","url":"https:\/\/metaltale.com\/en\/","name":"Metaltale.com","description":"","potentialAction":[{"@type":"SearchAction","target":{"@type":"EntryPoint","urlTemplate":"https:\/\/metaltale.com\/en\/?s={search_term_string}"},"query-input":{"@type":"PropertyValueSpecification","valueRequired":true,"valueName":"search_term_string"}}],"inLanguage":"en-US"}]}},"_links":{"self":[{"href":"https:\/\/metaltale.com\/en\/wp-json\/wp\/v2\/product\/134658","targetHints":{"allow":["GET"]}}],"collection":[{"href":"https:\/\/metaltale.com\/en\/wp-json\/wp\/v2\/product"}],"about":[{"href":"https:\/\/metaltale.com\/en\/wp-json\/wp\/v2\/types\/product"}],"replies":[{"embeddable":true,"href":"https:\/\/metaltale.com\/en\/wp-json\/wp\/v2\/comments?post=134658"}],"version-history":[{"count":0,"href":"https:\/\/metaltale.com\/en\/wp-json\/wp\/v2\/product\/134658\/revisions"}],"wp:featuredmedia":[{"embeddable":true,"href":"https:\/\/metaltale.com\/en\/wp-json\/wp\/v2\/media\/65654"}],"wp:attachment":[{"href":"https:\/\/metaltale.com\/en\/wp-json\/wp\/v2\/media?parent=134658"}],"wp:term":[{"taxonomy":"product_brand","embeddable":true,"href":"https:\/\/metaltale.com\/en\/wp-json\/wp\/v2\/product_brand?post=134658"},{"taxonomy":"product_cat","embeddable":true,"href":"https:\/\/metaltale.com\/en\/wp-json\/wp\/v2\/product_cat?post=134658"},{"taxonomy":"product_tag","embeddable":true,"href":"https:\/\/metaltale.com\/en\/wp-json\/wp\/v2\/product_tag?post=134658"}],"curies":[{"name":"wp","href":"https:\/\/api.w.org\/{rel}","templated":true}]}}